{"id":49322,"date":"2024-03-23T16:51:44","date_gmt":"2024-03-23T16:51:44","guid":{"rendered":"https:\/\/www.kenncoat.com\/TR\/?post_type=product&#038;p=49322"},"modified":"2024-06-12T13:14:44","modified_gmt":"2024-06-12T13:14:44","slug":"press-binder","status":"publish","type":"product","link":"https:\/\/www.kenncoat.com\/TR\/product\/press-binder\/","title":{"rendered":"PRESS B\u0130NDER"},"content":{"rendered":"\t\t<div data-elementor-type=\"product-post\" data-elementor-id=\"49322\" class=\"elementor elementor-49322\" data-elementor-post-type=\"product\">\n\t\t\t\t<div class=\"elementor-element elementor-element-25b8cf2d e-flex e-con-boxed e-con e-parent\" data-id=\"25b8cf2d\" data-element_type=\"container\" data-settings=\"{&quot;content_width&quot;:&quot;boxed&quot;}\" data-core-v316-plus=\"true\">\n\t\t\t\t\t<div class=\"e-con-inner\">\n\t\t\t\t<div class=\"elementor-element elementor-element-6d9c5794 elementor-widget elementor-widget-text-editor\" data-id=\"6d9c5794\" data-element_type=\"widget\" data-widget_type=\"text-editor.default\">\n\t\t\t\t<div class=\"elementor-widget-container\">\n\t\t\t<style>\/*! elementor - v3.19.0 - 28-02-2024 *\/\n.elementor-widget-text-editor.elementor-drop-cap-view-stacked .elementor-drop-cap{background-color:#69727d;color:#fff}.elementor-widget-text-editor.elementor-drop-cap-view-framed .elementor-drop-cap{color:#69727d;border:3px solid;background-color:transparent}.elementor-widget-text-editor:not(.elementor-drop-cap-view-default) .elementor-drop-cap{margin-top:8px}.elementor-widget-text-editor:not(.elementor-drop-cap-view-default) .elementor-drop-cap-letter{width:1em;height:1em}.elementor-widget-text-editor .elementor-drop-cap{float:left;text-align:center;line-height:1;font-size:50px}.elementor-widget-text-editor .elementor-drop-cap-letter{display:inline-block}<\/style>\t\t\t\t<p>\u2022 Voleybol, Basketbol, Tenis kortu zeminleri,<\/p><p>\u2022 \u00c7ok Ama\u00e7l\u0131 spor salonlar\u0131,<\/p><p>\u2022 Fitnes ve GYM Merkezleri,<\/p><p>\u2022 \u00c7ocuk oyun alanlar\u0131,<\/p><p>\u2022 Binalarda ses yal\u0131t\u0131m\u0131 i\u00e7in beton \u00fcst\u00fc veya alt\u0131 uygulama,<\/p><p>\u2022 At\u0131\u015f poligonlar\u0131,<\/p><p>\u2022 Rehabilitasyon ve kondisyon merkezleri,<\/p><p>\u2022 Anaokulu ve kre\u015fler,<\/p><p>\u2022 Ah\u0131r ve padoklar i\u00e7in hayvan yata\u011f\u0131,<\/p><p>\u2022 Y\u00fcr\u00fcy\u00fc\u015f ve bisiklet yollar\u0131,<\/p><p>\u2022 Islak zeminler.<\/p><p>Malzeme, MDI bazl\u0131 bir prepolimerdir ve solvent i\u00e7ermez. Esnek uygulamalar i\u00e7in form\u00fcle edilmi\u015ftir ve kal\u0131plarda nem, bas\u0131n\u00e7 ve \u0131s\u0131 ile k\u00fcrlenir.<\/p><p><\/p><p class=\"product-description\"><\/p><p><\/p><p>Spor zeminleri ve \u00e7ocuk oyun alanlar\u0131 gibi uygulamalarda, kau\u00e7uk karo yap\u0131m\u0131nda kullan\u0131l\u0131r.<\/p>\t\t\t\t\t\t<\/div>\n\t\t\t\t<\/div>\n\t\t\t\t\t<\/div>\n\t\t\t\t<\/div>\n\t\t<div class=\"elementor-element elementor-element-298c3c2 e-con-full e-flex e-con e-parent\" data-id=\"298c3c2\" data-element_type=\"container\" data-settings=\"{&quot;content_width&quot;:&quot;full&quot;}\" data-core-v316-plus=\"true\">\n\t\t\t\t<div class=\"elementor-element elementor-element-957a19c elementor-widget elementor-widget-tm-ele-accordion\" data-id=\"957a19c\" data-element_type=\"widget\" data-widget_type=\"tm-ele-accordion.skin-gradient\">\n\t\t\t\t<div class=\"elementor-widget-container\">\n\t\t\t\t\t<div id=\"accordion-holder-453035\" class=\"tm-accordion skin-gradient\">\r\n\t\r\n  <div class=\"card active\">\r\n    <div class=\"card-header p-0\" id=\"heading861\">\r\n      <h5 class=\"title \" data-bs-toggle=\"collapse\" data-bs-target=\"#collapse861\" aria-expanded=\"true\" aria-controls=\"collapse861\">\r\n        <span class=\"text\">\u00dcr\u00fcn bilgileri<\/span>\r\n        <span class=\"accordion-controls-icon\"><svg class=\"e-font-icon-svg e-fas-chevron-down\" viewBox=\"0 0 448 512\" xmlns=\"http:\/\/www.w3.org\/2000\/svg\"><path d=\"M207.029 381.476L12.686 187.132c-9.373-9.373-9.373-24.569 0-33.941l22.667-22.667c9.357-9.357 24.522-9.375 33.901-.04L224 284.505l154.745-154.021c9.379-9.335 24.544-9.317 33.901.04l22.667 22.667c9.373 9.373 9.373 24.569 0 33.941L240.971 381.476c-9.373 9.372-24.569 9.372-33.942 0z\"><\/path><\/svg><\/span>\r\n      <\/h5>\r\n    <\/div>\r\n    <div id=\"collapse861\" class=\"collapse show\" aria-labelledby=\"heading861\" data-bs-parent=\"#accordion-holder-453035\">\r\n      <div class=\"card-body\">\r\n        <div class=\"tab-pane fade show active\" id=\"nav-home\" role=\"tabpanel\" aria-labelledby=\"nav-home-tab\"><p><strong>Renk<\/strong><\/p><p>Sar\u0131<\/p><p><strong>Yo\u011funluk<\/strong><\/p><p>1,1 gr\/cm\u00b3<\/p><p><strong>Viskozite<\/strong><\/p><p>4500-5500 cps<\/p><p><\/p><p><strong>NCO<\/strong><\/p><p>% 9,5-10,5<\/p><\/div><p>Ambalaj - 225 kg varil<\/p>      <\/div>\r\n    <\/div>\r\n  <\/div>\r\n\r\n  <div class=\"card \">\r\n    <div class=\"card-header p-0\" id=\"heading862\">\r\n      <h5 class=\"title collapsed\" data-bs-toggle=\"collapse\" data-bs-target=\"#collapse862\" aria-expanded=\"false\" aria-controls=\"collapse862\">\r\n        <span class=\"text\">Uygulama<\/span>\r\n        <span class=\"accordion-controls-icon\"><svg class=\"e-font-icon-svg e-fas-chevron-down\" viewBox=\"0 0 448 512\" xmlns=\"http:\/\/www.w3.org\/2000\/svg\"><path d=\"M207.029 381.476L12.686 187.132c-9.373-9.373-9.373-24.569 0-33.941l22.667-22.667c9.357-9.357 24.522-9.375 33.901-.04L224 284.505l154.745-154.021c9.379-9.335 24.544-9.317 33.901.04l22.667 22.667c9.373 9.373 9.373 24.569 0 33.941L240.971 381.476c-9.373 9.372-24.569 9.372-33.942 0z\"><\/path><\/svg><\/span>\r\n      <\/h5>\r\n    <\/div>\r\n    <div id=\"collapse862\" class=\"collapse \" aria-labelledby=\"heading862\" data-bs-parent=\"#accordion-holder-453035\">\r\n      <div class=\"card-body\">\r\n        <p>Malzeme temin edildi\u011fi \u015fekilde kullan\u0131lmal\u0131 ve kuru \/ temiz kau\u00e7uk gran\u00fcllerle kar\u0131\u015ft\u0131r\u0131lmal\u0131d\u0131r. Kar\u0131\u015f\u0131mda \u00f6nerilen ba\u011flay\u0131c\u0131 miktar\u0131, kau\u00e7uk gran\u00fcllerin a\u011f\u0131rl\u0131k\u00e7a% 5'idir.<br \/>Ba\u011flay\u0131c\u0131 ve gran\u00fcller, t\u00fcm gran\u00fcller homojen bir \u015fekilde \u0131slanana kadar temiz ve kuru bir kapta mekanik olarak kar\u0131\u015ft\u0131r\u0131lmal\u0131d\u0131r. Daha sonra kar\u0131\u015f\u0131m 150 \u00b0 C'ye kadar \u0131s\u0131t\u0131lm\u0131\u015f kal\u0131ba aktar\u0131l\u0131r. Kau\u00e7uk gran\u00fcllerin kal\u0131nl\u0131\u011f\u0131na ve tipine ba\u011fl\u0131 olarak kal\u0131plama ko\u015fullar\u0131 de\u011fi\u015ftirilebilir. Genellikle kar\u0131\u015f\u0131m, 1000-1500 psi'lik bas\u0131n\u00e7 alt\u0131nda yakla\u015f\u0131k 5-15 dakika \u0131s\u0131t\u0131l\u0131r.<\/p>      <\/div>\r\n    <\/div>\r\n  <\/div>\r\n\r\n  <div class=\"card \">\r\n    <div class=\"card-header p-0\" id=\"heading863\">\r\n      <h5 class=\"title collapsed\" data-bs-toggle=\"collapse\" data-bs-target=\"#collapse863\" aria-expanded=\"false\" aria-controls=\"collapse863\">\r\n        <span class=\"text\">Uyar\u0131lar ve \u00f6neriler<\/span>\r\n        <span class=\"accordion-controls-icon\"><svg class=\"e-font-icon-svg e-fas-chevron-down\" viewBox=\"0 0 448 512\" xmlns=\"http:\/\/www.w3.org\/2000\/svg\"><path d=\"M207.029 381.476L12.686 187.132c-9.373-9.373-9.373-24.569 0-33.941l22.667-22.667c9.357-9.357 24.522-9.375 33.901-.04L224 284.505l154.745-154.021c9.379-9.335 24.544-9.317 33.901.04l22.667 22.667c9.373 9.373 9.373 24.569 0 33.941L240.971 381.476c-9.373 9.372-24.569 9.372-33.942 0z\"><\/path><\/svg><\/span>\r\n      <\/h5>\r\n    <\/div>\r\n    <div id=\"collapse863\" class=\"collapse \" aria-labelledby=\"heading863\" data-bs-parent=\"#accordion-holder-453035\">\r\n      <div class=\"card-body\">\r\n              <\/div>\r\n    <\/div>\r\n  <\/div>\r\n\r\n  <div class=\"card \">\r\n    <div class=\"card-header p-0\" id=\"heading864\">\r\n      <h5 class=\"title collapsed\" data-bs-toggle=\"collapse\" data-bs-target=\"#collapse864\" aria-expanded=\"false\" aria-controls=\"collapse864\">\r\n        <span class=\"text\">Teknik dok\u00fcmanlar<\/span>\r\n        <span class=\"accordion-controls-icon\"><svg class=\"e-font-icon-svg e-fas-chevron-down\" viewBox=\"0 0 448 512\" xmlns=\"http:\/\/www.w3.org\/2000\/svg\"><path d=\"M207.029 381.476L12.686 187.132c-9.373-9.373-9.373-24.569 0-33.941l22.667-22.667c9.357-9.357 24.522-9.375 33.901-.04L224 284.505l154.745-154.021c9.379-9.335 24.544-9.317 33.901.04l22.667 22.667c9.373 9.373 9.373 24.569 0 33.941L240.971 381.476c-9.373 9.372-24.569 9.372-33.942 0z\"><\/path><\/svg><\/span>\r\n      <\/h5>\r\n    <\/div>\r\n    <div id=\"collapse864\" class=\"collapse \" aria-labelledby=\"heading864\" data-bs-parent=\"#accordion-holder-453035\">\r\n      <div class=\"card-body\">\r\n              <\/div>\r\n    <\/div>\r\n  <\/div>\r\n\t\t<\/div>\r\n\t\t\t<\/div>\n\t\t\t\t<\/div>\n\t\t\t\t<\/div>\n\t\t\t\t<\/div>\n\t\t","protected":false},"excerpt":{"rendered":"<p><span>Spor zeminleri ve \u00e7ocuk oyun alanlar\u0131 gibi uygulamalarda, kau\u00e7uk karo yap\u0131m\u0131nda kullan\u0131l\u0131r.<\/span><\/p>\n","protected":false},"featured_media":49383,"template":"","meta":{"om_disable_all_campaigns":false},"product_cat":[62],"product_tag":[],"_links":{"self":[{"href":"https:\/\/www.kenncoat.com\/TR\/wp-json\/wp\/v2\/product\/49322"}],"collection":[{"href":"https:\/\/www.kenncoat.com\/TR\/wp-json\/wp\/v2\/product"}],"about":[{"href":"https:\/\/www.kenncoat.com\/TR\/wp-json\/wp\/v2\/types\/product"}],"version-history":[{"count":11,"href":"https:\/\/www.kenncoat.com\/TR\/wp-json\/wp\/v2\/product\/49322\/revisions"}],"predecessor-version":[{"id":49817,"href":"https:\/\/www.kenncoat.com\/TR\/wp-json\/wp\/v2\/product\/49322\/revisions\/49817"}],"wp:featuredmedia":[{"embeddable":true,"href":"https:\/\/www.kenncoat.com\/TR\/wp-json\/wp\/v2\/media\/49383"}],"wp:attachment":[{"href":"https:\/\/www.kenncoat.com\/TR\/wp-json\/wp\/v2\/media?parent=49322"}],"wp:term":[{"taxonomy":"product_cat","embeddable":true,"href":"https:\/\/www.kenncoat.com\/TR\/wp-json\/wp\/v2\/product_cat?post=49322"},{"taxonomy":"product_tag","embeddable":true,"href":"https:\/\/www.kenncoat.com\/TR\/wp-json\/wp\/v2\/product_tag?post=49322"}],"curies":[{"name":"wp","href":"https:\/\/api.w.org\/{rel}","templated":true}]}}