{"id":49321,"date":"2024-03-23T16:51:42","date_gmt":"2024-03-23T16:51:42","guid":{"rendered":"https:\/\/www.kenncoat.com\/TR\/?post_type=product&#038;p=49321"},"modified":"2024-06-12T13:15:09","modified_gmt":"2024-06-12T13:15:09","slug":"outdoor-self-levelling","status":"publish","type":"product","link":"https:\/\/www.kenncoat.com\/TR\/product\/outdoor-self-levelling\/","title":{"rendered":"OUTDOOR SELF LEVELLING"},"content":{"rendered":"\t\t<div data-elementor-type=\"product-post\" data-elementor-id=\"49321\" class=\"elementor elementor-49321\" data-elementor-post-type=\"product\">\n\t\t\t\t<div class=\"elementor-element elementor-element-25b8cf2d e-flex e-con-boxed e-con e-parent\" data-id=\"25b8cf2d\" data-element_type=\"container\" data-settings=\"{&quot;content_width&quot;:&quot;boxed&quot;}\" data-core-v316-plus=\"true\">\n\t\t\t\t\t<div class=\"e-con-inner\">\n\t\t\t\t<div class=\"elementor-element elementor-element-6d9c5794 elementor-widget elementor-widget-text-editor\" data-id=\"6d9c5794\" data-element_type=\"widget\" data-widget_type=\"text-editor.default\">\n\t\t\t\t<div class=\"elementor-widget-container\">\n\t\t\t<style>\/*! elementor - v3.19.0 - 28-02-2024 *\/\n.elementor-widget-text-editor.elementor-drop-cap-view-stacked .elementor-drop-cap{background-color:#69727d;color:#fff}.elementor-widget-text-editor.elementor-drop-cap-view-framed .elementor-drop-cap{color:#69727d;border:3px solid;background-color:transparent}.elementor-widget-text-editor:not(.elementor-drop-cap-view-default) .elementor-drop-cap{margin-top:8px}.elementor-widget-text-editor:not(.elementor-drop-cap-view-default) .elementor-drop-cap-letter{width:1em;height:1em}.elementor-widget-text-editor .elementor-drop-cap{float:left;text-align:center;line-height:1;font-size:50px}.elementor-widget-text-editor .elementor-drop-cap-letter{display:inline-block}<\/style>\t\t\t\t<p><span>\u00c7ift bile\u015fenli, \u00e7\u00f6z\u00fcc\u00fc i\u00e7ermeyen, poli\u00fcretan bazl\u0131, kendili\u011finden yay\u0131lan, anti statik, d\u0131\u015f mekan uygulamalar\u0131nda kullan\u0131lan bir malzemedir.<\/span><\/p><p>\u00c7ift Komponentli<\/p><p>Kendili\u011finden yay\u0131lan antistatik<\/p><p>Su ge\u00e7irmeyen<\/p><p>Kimyasal ve a\u015f\u0131nmaya kar\u015f\u0131 dayan\u0131kl\u0131<\/p><p>Zemine esneklik kazand\u0131rmak amac\u0131yla kullan\u0131lan kaplama malzemesidir.<\/p>\t\t\t\t\t\t<\/div>\n\t\t\t\t<\/div>\n\t\t\t\t\t<\/div>\n\t\t\t\t<\/div>\n\t\t<div class=\"elementor-element elementor-element-298c3c2 e-con-full e-flex e-con e-parent\" data-id=\"298c3c2\" data-element_type=\"container\" data-settings=\"{&quot;content_width&quot;:&quot;full&quot;}\" data-core-v316-plus=\"true\">\n\t\t\t\t<div class=\"elementor-element elementor-element-957a19c elementor-widget elementor-widget-tm-ele-accordion\" data-id=\"957a19c\" data-element_type=\"widget\" data-widget_type=\"tm-ele-accordion.skin-gradient\">\n\t\t\t\t<div class=\"elementor-widget-container\">\n\t\t\t\t\t<div id=\"accordion-holder-175640\" class=\"tm-accordion skin-gradient\">\r\n\t\r\n  <div class=\"card active\">\r\n    <div class=\"card-header p-0\" id=\"heading211\">\r\n      <h5 class=\"title \" data-bs-toggle=\"collapse\" data-bs-target=\"#collapse211\" aria-expanded=\"true\" aria-controls=\"collapse211\">\r\n        <span class=\"text\">\u00dcr\u00fcn bilgileri<\/span>\r\n        <span class=\"accordion-controls-icon\"><svg class=\"e-font-icon-svg e-fas-chevron-down\" viewBox=\"0 0 448 512\" xmlns=\"http:\/\/www.w3.org\/2000\/svg\"><path d=\"M207.029 381.476L12.686 187.132c-9.373-9.373-9.373-24.569 0-33.941l22.667-22.667c9.357-9.357 24.522-9.375 33.901-.04L224 284.505l154.745-154.021c9.379-9.335 24.544-9.317 33.901.04l22.667 22.667c9.373 9.373 9.373 24.569 0 33.941L240.971 381.476c-9.373 9.372-24.569 9.372-33.942 0z\"><\/path><\/svg><\/span>\r\n      <\/h5>\r\n    <\/div>\r\n    <div id=\"collapse211\" class=\"collapse show\" aria-labelledby=\"heading211\" data-bs-parent=\"#accordion-holder-175640\">\r\n      <div class=\"card-body\">\r\n        <p><strong>Renk-\u00a0<\/strong>\u00c7e\u015fitli renklerde<br \/><strong>Yo\u011funluk-\u00a0<\/strong>1,15-1,17 kg \/ L<br \/><strong>Viskozite (23C)-\u00a0<\/strong>2000-2500 cP<br \/><strong>Kar\u0131\u015f\u0131m oran\u0131 (k\u00fctlece)-\u00a0<\/strong>5\/4<br \/><strong>Sertlik (Shore A)-\u00a0<\/strong>65-70<br \/><strong>Uygulama zaman\u0131 ve s\u0131cakl\u0131\u011f\u0131-<\/strong>10-30 dk ve 10-25\u00b0 C<br \/><strong>Dokunma Kurumas\u0131-\u00a0<\/strong>6-8 saat<br \/><strong>Is\u0131ya Dayan\u0131kl\u0131l\u0131k-\u00a0<\/strong>Yakla\u015f\u0131k 100\u00b0C (K\u00fcrlenmi\u015f \u00fcr\u00fcn)<\/p><p>450 kg metal varil ambalaj setler halinde<\/p>      <\/div>\r\n    <\/div>\r\n  <\/div>\r\n\r\n  <div class=\"card \">\r\n    <div class=\"card-header p-0\" id=\"heading212\">\r\n      <h5 class=\"title collapsed\" data-bs-toggle=\"collapse\" data-bs-target=\"#collapse212\" aria-expanded=\"false\" aria-controls=\"collapse212\">\r\n        <span class=\"text\">Uygulama<\/span>\r\n        <span class=\"accordion-controls-icon\"><svg class=\"e-font-icon-svg e-fas-chevron-down\" viewBox=\"0 0 448 512\" xmlns=\"http:\/\/www.w3.org\/2000\/svg\"><path d=\"M207.029 381.476L12.686 187.132c-9.373-9.373-9.373-24.569 0-33.941l22.667-22.667c9.357-9.357 24.522-9.375 33.901-.04L224 284.505l154.745-154.021c9.379-9.335 24.544-9.317 33.901.04l22.667 22.667c9.373 9.373 9.373 24.569 0 33.941L240.971 381.476c-9.373 9.372-24.569 9.372-33.942 0z\"><\/path><\/svg><\/span>\r\n      <\/h5>\r\n    <\/div>\r\n    <div id=\"collapse212\" class=\"collapse \" aria-labelledby=\"heading212\" data-bs-parent=\"#accordion-holder-175640\">\r\n      <div class=\"card-body\">\r\n        <p><strong>Kar\u0131\u015f\u0131m oran\u0131-<\/strong> 5 kg A ve 4 kg B<br \/><strong>Kar\u0131\u015f\u0131m \u00d6mr\u00fc-<\/strong> 15-40 dk (Hava ve nem \u015fartlar\u0131na g\u00f6re de\u011fi\u015fir.)<br \/><strong>Uygulama Y\u00f6ntemleri-<\/strong> \u00c7ek\u00e7ek veya mala<br \/><strong>Ekipman Temizli\u011fi-<\/strong> Etil asetat, b\u00fctil asetat veya sel\u00fclozik tiner kullan\u0131l\u0131r.<br \/><strong>Y\u00fczey Haz\u0131rl\u0131\u011f\u0131-<\/strong> Zemin temiz, kuru, toz ve ya\u011fdan ar\u0131nd\u0131r\u0131lm\u0131\u015f, tamirat\u0131 yap\u0131lm\u0131\u015f e\u011fer beton \u00fczerine uygulanacaksa beton minimum 22 g\u00fcn \u00f6nce at\u0131lm\u0131\u015f olmal\u0131d\u0131r.<br \/><strong>Uygulama \u015eartlar\u0131-<\/strong> Uygulama y\u00fczeyinde nem, toz, kir, pas ve ya\u011f olmamal\u0131d\u0131r.<br \/>Kar\u0131\u015ft\u0131r\u0131lm\u0131\u015f olan malzemenin t\u00fcm\u00fc kullan\u0131m s\u00fcresi i\u00e7inde t\u00fcketilmelidir.<br \/><strong>Uygulama Prosed\u00fcr\u00fc-<\/strong> Uygulama s\u0131ras\u0131nda a\u015fa\u011f\u0131daki kurallara uyulmas\u0131 tavsiye edilir.<br \/>22,5 birim A komponenti ile 18 birim B komponenti yava\u015f devirli bir kar\u0131\u015ft\u0131r\u0131c\u0131yla en az 2 dakika\u00a0kar\u0131\u015ft\u0131r\u0131lmal\u0131d\u0131r. Malzemeler b\u00f6l\u00fcnmeden tamam\u0131 kullan\u0131lmal\u0131d\u0131r.<br \/>Sertle\u015ftirici tek seferde ve tamam\u0131 kullan\u0131ld\u0131ktan sonra kapa\u011f\u0131 s\u0131k\u0131ca kapat\u0131lmal\u0131d\u0131r.<br \/>Uygulama i\u00e7in \u00e7ek\u00e7ek veya mala kullan\u0131lmal\u0131d\u0131r.<br \/>8-10 saat s\u00fcre ile sudan korunmas\u0131 gerekir.<\/p>      <\/div>\r\n    <\/div>\r\n  <\/div>\r\n\r\n  <div class=\"card \">\r\n    <div class=\"card-header p-0\" id=\"heading213\">\r\n      <h5 class=\"title collapsed\" data-bs-toggle=\"collapse\" data-bs-target=\"#collapse213\" aria-expanded=\"false\" aria-controls=\"collapse213\">\r\n        <span class=\"text\">Uyar\u0131lar ve \u00f6neriler<\/span>\r\n        <span class=\"accordion-controls-icon\"><svg class=\"e-font-icon-svg e-fas-chevron-down\" viewBox=\"0 0 448 512\" xmlns=\"http:\/\/www.w3.org\/2000\/svg\"><path d=\"M207.029 381.476L12.686 187.132c-9.373-9.373-9.373-24.569 0-33.941l22.667-22.667c9.357-9.357 24.522-9.375 33.901-.04L224 284.505l154.745-154.021c9.379-9.335 24.544-9.317 33.901.04l22.667 22.667c9.373 9.373 9.373 24.569 0 33.941L240.971 381.476c-9.373 9.372-24.569 9.372-33.942 0z\"><\/path><\/svg><\/span>\r\n      <\/h5>\r\n    <\/div>\r\n    <div id=\"collapse213\" class=\"collapse \" aria-labelledby=\"heading213\" data-bs-parent=\"#accordion-holder-175640\">\r\n      <div class=\"card-body\">\r\n              <\/div>\r\n    <\/div>\r\n  <\/div>\r\n\r\n  <div class=\"card \">\r\n    <div class=\"card-header p-0\" id=\"heading214\">\r\n      <h5 class=\"title collapsed\" data-bs-toggle=\"collapse\" data-bs-target=\"#collapse214\" aria-expanded=\"false\" aria-controls=\"collapse214\">\r\n        <span class=\"text\">Teknik dok\u00fcmanlar<\/span>\r\n        <span class=\"accordion-controls-icon\"><svg class=\"e-font-icon-svg e-fas-chevron-down\" viewBox=\"0 0 448 512\" xmlns=\"http:\/\/www.w3.org\/2000\/svg\"><path d=\"M207.029 381.476L12.686 187.132c-9.373-9.373-9.373-24.569 0-33.941l22.667-22.667c9.357-9.357 24.522-9.375 33.901-.04L224 284.505l154.745-154.021c9.379-9.335 24.544-9.317 33.901.04l22.667 22.667c9.373 9.373 9.373 24.569 0 33.941L240.971 381.476c-9.373 9.372-24.569 9.372-33.942 0z\"><\/path><\/svg><\/span>\r\n      <\/h5>\r\n    <\/div>\r\n    <div id=\"collapse214\" class=\"collapse \" aria-labelledby=\"heading214\" data-bs-parent=\"#accordion-holder-175640\">\r\n      <div class=\"card-body\">\r\n              <\/div>\r\n    <\/div>\r\n  <\/div>\r\n\t\t<\/div>\r\n\t\t\t<\/div>\n\t\t\t\t<\/div>\n\t\t\t\t<\/div>\n\t\t\t\t<\/div>\n\t\t","protected":false},"excerpt":{"rendered":"<p><span>\u00c7ift bile\u015fenli, \u00e7\u00f6z\u00fcc\u00fc i\u00e7ermeyen, poli\u00fcretan bazl\u0131, kendili\u011finden yay\u0131lan, anti statik, d\u0131\u015f mekan uygulamalar\u0131nda kullan\u0131lan bir malzemedir.<\/span><\/p>\n","protected":false},"featured_media":49378,"template":"","meta":{"om_disable_all_campaigns":false},"product_cat":[62],"product_tag":[],"_links":{"self":[{"href":"https:\/\/www.kenncoat.com\/TR\/wp-json\/wp\/v2\/product\/49321"}],"collection":[{"href":"https:\/\/www.kenncoat.com\/TR\/wp-json\/wp\/v2\/product"}],"about":[{"href":"https:\/\/www.kenncoat.com\/TR\/wp-json\/wp\/v2\/types\/product"}],"version-history":[{"count":11,"href":"https:\/\/www.kenncoat.com\/TR\/wp-json\/wp\/v2\/product\/49321\/revisions"}],"predecessor-version":[{"id":49820,"href":"https:\/\/www.kenncoat.com\/TR\/wp-json\/wp\/v2\/product\/49321\/revisions\/49820"}],"wp:featuredmedia":[{"embeddable":true,"href":"https:\/\/www.kenncoat.com\/TR\/wp-json\/wp\/v2\/media\/49378"}],"wp:attachment":[{"href":"https:\/\/www.kenncoat.com\/TR\/wp-json\/wp\/v2\/media?parent=49321"}],"wp:term":[{"taxonomy":"product_cat","embeddable":true,"href":"https:\/\/www.kenncoat.com\/TR\/wp-json\/wp\/v2\/product_cat?post=49321"},{"taxonomy":"product_tag","embeddable":true,"href":"https:\/\/www.kenncoat.com\/TR\/wp-json\/wp\/v2\/product_tag?post=49321"}],"curies":[{"name":"wp","href":"https:\/\/api.w.org\/{rel}","templated":true}]}}