{"id":49318,"date":"2024-03-23T16:51:38","date_gmt":"2024-03-23T16:51:38","guid":{"rendered":"https:\/\/www.kenncoat.com\/TR\/?post_type=product&#038;p=49318"},"modified":"2024-06-12T13:16:49","modified_gmt":"2024-06-12T13:16:49","slug":"poliuretan-eko-yapistirici","status":"publish","type":"product","link":"https:\/\/www.kenncoat.com\/TR\/product\/poliuretan-eko-yapistirici\/","title":{"rendered":"POL\u0130\u00dcRETAN EKO YAPI\u015eTIRICI"},"content":{"rendered":"\t\t<div data-elementor-type=\"product-post\" data-elementor-id=\"49318\" class=\"elementor elementor-49318\" data-elementor-post-type=\"product\">\n\t\t\t\t<div class=\"elementor-element elementor-element-25b8cf2d e-flex e-con-boxed e-con e-parent\" data-id=\"25b8cf2d\" data-element_type=\"container\" data-settings=\"{&quot;content_width&quot;:&quot;boxed&quot;}\" data-core-v316-plus=\"true\">\n\t\t\t\t\t<div class=\"e-con-inner\">\n\t\t\t\t<div class=\"elementor-element elementor-element-6d9c5794 elementor-widget elementor-widget-text-editor\" data-id=\"6d9c5794\" data-element_type=\"widget\" data-widget_type=\"text-editor.default\">\n\t\t\t\t<div class=\"elementor-widget-container\">\n\t\t\t<style>\/*! elementor - v3.19.0 - 28-02-2024 *\/\n.elementor-widget-text-editor.elementor-drop-cap-view-stacked .elementor-drop-cap{background-color:#69727d;color:#fff}.elementor-widget-text-editor.elementor-drop-cap-view-framed .elementor-drop-cap{color:#69727d;border:3px solid;background-color:transparent}.elementor-widget-text-editor:not(.elementor-drop-cap-view-default) .elementor-drop-cap{margin-top:8px}.elementor-widget-text-editor:not(.elementor-drop-cap-view-default) .elementor-drop-cap-letter{width:1em;height:1em}.elementor-widget-text-editor .elementor-drop-cap{float:left;text-align:center;line-height:1;font-size:50px}.elementor-widget-text-editor .elementor-drop-cap-letter{display:inline-block}<\/style>\t\t\t\t<p><span>Kenncoat Poli\u00fcretan Eko Yap\u0131\u015ft\u0131r\u0131c\u0131, \u00e7ift bile\u015fenli, \u00e7\u00f6z\u00fcc\u00fc i\u00e7ermeyen, poli\u00fcretan bazl\u0131 ekonomik yap\u0131\u015ft\u0131r\u0131c\u0131d\u0131r. \u00c7im hal\u0131,kau\u00e7uk karo,kau\u00e7uk\u00a0rulo, ve Pvc malzemelerin\u00a0yap\u0131\u015ft\u0131r\u0131lmas\u0131nda kullan\u0131lmaktad\u0131r.<\/span><\/p>\t\t\t\t\t\t<\/div>\n\t\t\t\t<\/div>\n\t\t\t\t\t<\/div>\n\t\t\t\t<\/div>\n\t\t<div class=\"elementor-element elementor-element-298c3c2 e-con-full e-flex e-con e-parent\" data-id=\"298c3c2\" data-element_type=\"container\" data-settings=\"{&quot;content_width&quot;:&quot;full&quot;}\" data-core-v316-plus=\"true\">\n\t\t\t\t<div class=\"elementor-element elementor-element-957a19c elementor-widget elementor-widget-tm-ele-accordion\" data-id=\"957a19c\" data-element_type=\"widget\" data-widget_type=\"tm-ele-accordion.skin-gradient\">\n\t\t\t\t<div class=\"elementor-widget-container\">\n\t\t\t\t\t<div id=\"accordion-holder-667614\" class=\"tm-accordion skin-gradient\">\r\n\t\r\n  <div class=\"card active\">\r\n    <div class=\"card-header p-0\" id=\"heading341\">\r\n      <h5 class=\"title \" data-bs-toggle=\"collapse\" data-bs-target=\"#collapse341\" aria-expanded=\"true\" aria-controls=\"collapse341\">\r\n        <span class=\"text\">\u00dcr\u00fcn bilgileri<\/span>\r\n        <span class=\"accordion-controls-icon\"><svg class=\"e-font-icon-svg e-fas-chevron-down\" viewBox=\"0 0 448 512\" xmlns=\"http:\/\/www.w3.org\/2000\/svg\"><path d=\"M207.029 381.476L12.686 187.132c-9.373-9.373-9.373-24.569 0-33.941l22.667-22.667c9.357-9.357 24.522-9.375 33.901-.04L224 284.505l154.745-154.021c9.379-9.335 24.544-9.317 33.901.04l22.667 22.667c9.373 9.373 9.373 24.569 0 33.941L240.971 381.476c-9.373 9.372-24.569 9.372-33.942 0z\"><\/path><\/svg><\/span>\r\n      <\/h5>\r\n    <\/div>\r\n    <div id=\"collapse341\" class=\"collapse show\" aria-labelledby=\"heading341\" data-bs-parent=\"#accordion-holder-667614\">\r\n      <div class=\"card-body\">\r\n        <p><strong>Renk<\/strong>\u00a0- \u00c7e\u015fitli renklerde<br \/><strong>Yo\u011funluk<\/strong>\u00a0- 1,65- 1,70 kg \/ L<br \/><strong>Viskozite<\/strong>\u00a0- (20oC) 7000-10000 cP<br \/><strong>Kar\u0131\u015f\u0131m oran\u0131 -<\/strong> (k\u00fctlece) 22\/3<br \/><strong>Sertlik (Shore A)<\/strong>\u00a0- 79-83<br \/><strong>Uygulama zaman\u0131 ve s\u0131cakl\u0131\u011f\u0131-<\/strong> 10-30 dk ve 10-25\u00b0 C<br \/><strong>Dokunma Kurumas\u0131<\/strong>\u00a0- 6-8 saat<br \/>I<strong>s\u0131ya Dayan\u0131kl\u0131l\u0131k<\/strong>\u00a0- Yakla\u015f\u0131k 100\u00b0C (K\u00fcrlenmi\u015f \u00fcr\u00fcn)<\/p><p>Ambalaj- 22+3 kg ( metal )<\/p>      <\/div>\r\n    <\/div>\r\n  <\/div>\r\n\r\n  <div class=\"card \">\r\n    <div class=\"card-header p-0\" id=\"heading342\">\r\n      <h5 class=\"title collapsed\" data-bs-toggle=\"collapse\" data-bs-target=\"#collapse342\" aria-expanded=\"false\" aria-controls=\"collapse342\">\r\n        <span class=\"text\">Uygulama<\/span>\r\n        <span class=\"accordion-controls-icon\"><svg class=\"e-font-icon-svg e-fas-chevron-down\" viewBox=\"0 0 448 512\" xmlns=\"http:\/\/www.w3.org\/2000\/svg\"><path d=\"M207.029 381.476L12.686 187.132c-9.373-9.373-9.373-24.569 0-33.941l22.667-22.667c9.357-9.357 24.522-9.375 33.901-.04L224 284.505l154.745-154.021c9.379-9.335 24.544-9.317 33.901.04l22.667 22.667c9.373 9.373 9.373 24.569 0 33.941L240.971 381.476c-9.373 9.372-24.569 9.372-33.942 0z\"><\/path><\/svg><\/span>\r\n      <\/h5>\r\n    <\/div>\r\n    <div id=\"collapse342\" class=\"collapse \" aria-labelledby=\"heading342\" data-bs-parent=\"#accordion-holder-667614\">\r\n      <div class=\"card-body\">\r\n        <p><strong>Kar\u0131\u015f\u0131m oran\u0131-<\/strong> 22 kg A ve 3 kg B<br \/><strong>Kar\u0131\u015f\u0131m \u00d6mr\u00fc <\/strong>- 15-40 dk (Hava ve nem \u015fartlar\u0131na g\u00f6re de\u011fi\u015fir.)<br \/><strong>Uygulama Y\u00f6ntemleri -\u00a0<\/strong>Seviye tara\u011f\u0131, mala, spatula veya gelberi.<br \/><strong>Ekipman Temizli\u011fi-\u00a0<\/strong>Etil asetat, b\u00fctil asetat veya sel\u00fclozik tiner kullan\u0131l\u0131r.<br \/><strong>Y\u00fczey Haz\u0131rl\u0131\u011f\u0131<\/strong>\u00a0- Zemin temiz, kuru, toz ve ya\u011fdan ar\u0131nd\u0131r\u0131lm\u0131\u015f, tamirat\u0131 yap\u0131lm\u0131\u015f e\u011fer beton \u00fczerine uygulanacaksa beton minimum 22 g\u00fcn \u00f6nce at\u0131lm\u0131\u015f olmal\u0131d\u0131r.<br \/><strong>Uygulama \u015eartlar\u0131-<\/strong> Uygulama y\u00fczeyinde nem, toz, kir, pas ve ya\u011f olmamal\u0131d\u0131r.<br \/>Kar\u0131\u015ft\u0131r\u0131lm\u0131\u015f olan malzemenin t\u00fcm\u00fc kullan\u0131m s\u00fcresi i\u00e7inde t\u00fcketilmelidir.<br \/><strong>Uygulama Prosed\u00fcr\u00fc-<\/strong> Uygulama s\u0131ras\u0131nda a\u015fa\u011f\u0131daki kurallara uyulmas\u0131 tavsiye edilir.<br \/>22 kg A komponenti ile 3 kg B komponenti yava\u015f devirli bir\u00a0kar\u0131\u015ft\u0131r\u0131c\u0131yla en az 2 dakika kar\u0131\u015ft\u0131r\u0131lmal\u0131d\u0131r. Malzemeler b\u00f6l\u00fcnmeden tamam\u0131 kullan\u0131lmal\u0131d\u0131r.<br \/>Sertle\u015ftirici tek seferde ve tamam\u0131 kullan\u0131ld\u0131ktan sonra kapa\u011f\u0131 s\u0131k\u0131ca kapat\u0131lmal\u0131d\u0131r.<br \/>Yap\u0131\u015ft\u0131r\u0131c\u0131y\u0131 s\u00fcrmek i\u00e7in di\u015fli mala kullan\u0131lmal\u0131d\u0131r.<br \/>8-10 saat s\u00fcre ile sudan korunmas\u0131 gerekir.<\/p><p><\/p>      <\/div>\r\n    <\/div>\r\n  <\/div>\r\n\r\n  <div class=\"card \">\r\n    <div class=\"card-header p-0\" id=\"heading343\">\r\n      <h5 class=\"title collapsed\" data-bs-toggle=\"collapse\" data-bs-target=\"#collapse343\" aria-expanded=\"false\" aria-controls=\"collapse343\">\r\n        <span class=\"text\">Uyar\u0131lar ve \u00f6neriler<\/span>\r\n        <span class=\"accordion-controls-icon\"><svg class=\"e-font-icon-svg e-fas-chevron-down\" viewBox=\"0 0 448 512\" xmlns=\"http:\/\/www.w3.org\/2000\/svg\"><path d=\"M207.029 381.476L12.686 187.132c-9.373-9.373-9.373-24.569 0-33.941l22.667-22.667c9.357-9.357 24.522-9.375 33.901-.04L224 284.505l154.745-154.021c9.379-9.335 24.544-9.317 33.901.04l22.667 22.667c9.373 9.373 9.373 24.569 0 33.941L240.971 381.476c-9.373 9.372-24.569 9.372-33.942 0z\"><\/path><\/svg><\/span>\r\n      <\/h5>\r\n    <\/div>\r\n    <div id=\"collapse343\" class=\"collapse \" aria-labelledby=\"heading343\" data-bs-parent=\"#accordion-holder-667614\">\r\n      <div class=\"card-body\">\r\n              <\/div>\r\n    <\/div>\r\n  <\/div>\r\n\r\n  <div class=\"card \">\r\n    <div class=\"card-header p-0\" id=\"heading344\">\r\n      <h5 class=\"title collapsed\" data-bs-toggle=\"collapse\" data-bs-target=\"#collapse344\" aria-expanded=\"false\" aria-controls=\"collapse344\">\r\n        <span class=\"text\">Teknik dok\u00fcmanlar<\/span>\r\n        <span class=\"accordion-controls-icon\"><svg class=\"e-font-icon-svg e-fas-chevron-down\" viewBox=\"0 0 448 512\" xmlns=\"http:\/\/www.w3.org\/2000\/svg\"><path d=\"M207.029 381.476L12.686 187.132c-9.373-9.373-9.373-24.569 0-33.941l22.667-22.667c9.357-9.357 24.522-9.375 33.901-.04L224 284.505l154.745-154.021c9.379-9.335 24.544-9.317 33.901.04l22.667 22.667c9.373 9.373 9.373 24.569 0 33.941L240.971 381.476c-9.373 9.372-24.569 9.372-33.942 0z\"><\/path><\/svg><\/span>\r\n      <\/h5>\r\n    <\/div>\r\n    <div id=\"collapse344\" class=\"collapse \" aria-labelledby=\"heading344\" data-bs-parent=\"#accordion-holder-667614\">\r\n      <div class=\"card-body\">\r\n              <\/div>\r\n    <\/div>\r\n  <\/div>\r\n\t\t<\/div>\r\n\t\t\t<\/div>\n\t\t\t\t<\/div>\n\t\t\t\t<\/div>\n\t\t\t\t<\/div>\n\t\t","protected":false},"excerpt":{"rendered":"<p><span>Kenncoat Poli\u00fcretan Eko Yap\u0131\u015ft\u0131r\u0131c\u0131, \u00e7ift bile\u015fenli, \u00e7\u00f6z\u00fcc\u00fc i\u00e7ermeyen, poli\u00fcretan bazl\u0131 ekonomik yap\u0131\u015ft\u0131r\u0131c\u0131d\u0131r. \u00c7im hal\u0131,kau\u00e7uk karo,kau\u00e7uk\u00a0rulo, ve Pvc malzemelerin\u00a0yap\u0131\u015ft\u0131r\u0131lmas\u0131nda kullan\u0131lmaktad\u0131r.<\/span><\/p>\n","protected":false},"featured_media":49362,"template":"","meta":{"om_disable_all_campaigns":false},"product_cat":[62],"product_tag":[],"_links":{"self":[{"href":"https:\/\/www.kenncoat.com\/TR\/wp-json\/wp\/v2\/product\/49318"}],"collection":[{"href":"https:\/\/www.kenncoat.com\/TR\/wp-json\/wp\/v2\/product"}],"about":[{"href":"https:\/\/www.kenncoat.com\/TR\/wp-json\/wp\/v2\/types\/product"}],"version-history":[{"count":11,"href":"https:\/\/www.kenncoat.com\/TR\/wp-json\/wp\/v2\/product\/49318\/revisions"}],"predecessor-version":[{"id":49829,"href":"https:\/\/www.kenncoat.com\/TR\/wp-json\/wp\/v2\/product\/49318\/revisions\/49829"}],"wp:featuredmedia":[{"embeddable":true,"href":"https:\/\/www.kenncoat.com\/TR\/wp-json\/wp\/v2\/media\/49362"}],"wp:attachment":[{"href":"https:\/\/www.kenncoat.com\/TR\/wp-json\/wp\/v2\/media?parent=49318"}],"wp:term":[{"taxonomy":"product_cat","embeddable":true,"href":"https:\/\/www.kenncoat.com\/TR\/wp-json\/wp\/v2\/product_cat?post=49318"},{"taxonomy":"product_tag","embeddable":true,"href":"https:\/\/www.kenncoat.com\/TR\/wp-json\/wp\/v2\/product_tag?post=49318"}],"curies":[{"name":"wp","href":"https:\/\/api.w.org\/{rel}","templated":true}]}}