{"id":49316,"date":"2024-03-23T16:51:35","date_gmt":"2024-03-23T16:51:35","guid":{"rendered":"https:\/\/www.kenncoat.com\/TR\/?post_type=product&#038;p=49316"},"modified":"2024-06-12T13:17:46","modified_gmt":"2024-06-12T13:17:46","slug":"outdoor-macun","status":"publish","type":"product","link":"https:\/\/www.kenncoat.com\/TR\/product\/outdoor-macun\/","title":{"rendered":"OUTDOOR MACUN"},"content":{"rendered":"\t\t<div data-elementor-type=\"product-post\" data-elementor-id=\"49316\" class=\"elementor elementor-49316\" data-elementor-post-type=\"product\">\n\t\t\t\t<div class=\"elementor-element elementor-element-25b8cf2d e-flex e-con-boxed e-con e-parent\" data-id=\"25b8cf2d\" data-element_type=\"container\" data-settings=\"{&quot;content_width&quot;:&quot;boxed&quot;}\" data-core-v316-plus=\"true\">\n\t\t\t\t\t<div class=\"e-con-inner\">\n\t\t\t\t<div class=\"elementor-element elementor-element-6d9c5794 elementor-widget elementor-widget-text-editor\" data-id=\"6d9c5794\" data-element_type=\"widget\" data-widget_type=\"text-editor.default\">\n\t\t\t\t<div class=\"elementor-widget-container\">\n\t\t\t<style>\/*! elementor - v3.19.0 - 28-02-2024 *\/\n.elementor-widget-text-editor.elementor-drop-cap-view-stacked .elementor-drop-cap{background-color:#69727d;color:#fff}.elementor-widget-text-editor.elementor-drop-cap-view-framed .elementor-drop-cap{color:#69727d;border:3px solid;background-color:transparent}.elementor-widget-text-editor:not(.elementor-drop-cap-view-default) .elementor-drop-cap{margin-top:8px}.elementor-widget-text-editor:not(.elementor-drop-cap-view-default) .elementor-drop-cap-letter{width:1em;height:1em}.elementor-widget-text-editor .elementor-drop-cap{float:left;text-align:center;line-height:1;font-size:50px}.elementor-widget-text-editor .elementor-drop-cap-letter{display:inline-block}<\/style>\t\t\t\t<p><span>Beton, \u015fapl\u0131 beton, ah\u015fap, kau\u00e7uk ve benzeri y\u00fczeylerde poli\u00fcretan\u00a0astardan sonra y\u00fczeydeki bo\u015fluklar\u0131 doldurup, zemin kaplamas\u0131na iyi bir\u00a0y\u00fczey haz\u0131rlamak amac\u0131yla kullan\u0131l\u0131r.<\/span><\/p><p>\u00c7ift Komponentli<\/p><p>\u00c7\u00f6z\u00fcc\u00fc i\u00e7ermeyen<\/p><p>Poli\u00fcretan bazl\u0131 macundur.<\/p>\t\t\t\t\t\t<\/div>\n\t\t\t\t<\/div>\n\t\t\t\t\t<\/div>\n\t\t\t\t<\/div>\n\t\t<div class=\"elementor-element elementor-element-298c3c2 e-con-full e-flex e-con e-parent\" data-id=\"298c3c2\" data-element_type=\"container\" data-settings=\"{&quot;content_width&quot;:&quot;full&quot;}\" data-core-v316-plus=\"true\">\n\t\t\t\t<div class=\"elementor-element elementor-element-957a19c elementor-widget elementor-widget-tm-ele-accordion\" data-id=\"957a19c\" data-element_type=\"widget\" data-widget_type=\"tm-ele-accordion.skin-gradient\">\n\t\t\t\t<div class=\"elementor-widget-container\">\n\t\t\t\t\t<div id=\"accordion-holder-739361\" class=\"tm-accordion skin-gradient\">\r\n\t\r\n  <div class=\"card active\">\r\n    <div class=\"card-header p-0\" id=\"heading171\">\r\n      <h5 class=\"title \" data-bs-toggle=\"collapse\" data-bs-target=\"#collapse171\" aria-expanded=\"true\" aria-controls=\"collapse171\">\r\n        <span class=\"text\">\u00dcr\u00fcn bilgileri<\/span>\r\n        <span class=\"accordion-controls-icon\"><svg class=\"e-font-icon-svg e-fas-chevron-down\" viewBox=\"0 0 448 512\" xmlns=\"http:\/\/www.w3.org\/2000\/svg\"><path d=\"M207.029 381.476L12.686 187.132c-9.373-9.373-9.373-24.569 0-33.941l22.667-22.667c9.357-9.357 24.522-9.375 33.901-.04L224 284.505l154.745-154.021c9.379-9.335 24.544-9.317 33.901.04l22.667 22.667c9.373 9.373 9.373 24.569 0 33.941L240.971 381.476c-9.373 9.372-24.569 9.372-33.942 0z\"><\/path><\/svg><\/span>\r\n      <\/h5>\r\n    <\/div>\r\n    <div id=\"collapse171\" class=\"collapse show\" aria-labelledby=\"heading171\" data-bs-parent=\"#accordion-holder-739361\">\r\n      <div class=\"card-body\">\r\n        <div class=\"tab-pane fade show active\" id=\"nav-home\" role=\"tabpanel\" aria-labelledby=\"nav-home-tab\"><p><strong>Renk<\/strong><\/p><p>Gri, beyaz ve di\u011fer renkler<\/p><p><strong>Yo\u011funluk<\/strong><\/p><p>1.36 (\u00b10.02) kg\/l<\/p><p><strong>Sertlik derecesi<\/strong><\/p><p>Shore A : 75 \u00b1 5<\/p><p><strong>Uygulama S\u0131cakl\u0131\u011f\u0131<\/strong><\/p><p>10-25\u00b0C<\/p><p><strong>Teorik T\u00fcketim Miktar\u0131<\/strong><\/p><p>1) Prefabrik Rulo \u00dczeri : 1.kat 400 gr\/m\u00b2, 2.kat 100 gr\/m\u00b2<\/p><p>2) Yerinde Finisher \u0130le D\u00f6kme Montaj : 1.kat 1460 gr\/m\u00b2, 2.kat 160-200 gr\/ m\u00b2<\/p><p><em>Not : T\u00fcketim miktarlar\u0131 kau\u00e7uk rulo yo\u011funlu\u011funa ve gran\u00fcl \u00e7ap\u0131na g\u00f6re de\u011fi\u015fiklik g\u00f6stermektedir.<\/em><\/p><p><strong>K\u00fcrlenme Zaman\u0131<\/strong><\/p><p>6-8 saat 25\u00b0C<\/p><p><strong>Is\u0131ya Dayan\u0131kl\u0131l\u0131k<\/strong><\/p><p>Yakla\u015f\u0131k 100\u00b0C (K\u00fcrlenmi\u015f \u00fcr\u00fcn i\u00e7in)<\/p><p><strong>A ve B komponenti k\u00fctlece<\/strong> 18 kg A ve 2 kg B<\/p><\/div>      <\/div>\r\n    <\/div>\r\n  <\/div>\r\n\r\n  <div class=\"card \">\r\n    <div class=\"card-header p-0\" id=\"heading172\">\r\n      <h5 class=\"title collapsed\" data-bs-toggle=\"collapse\" data-bs-target=\"#collapse172\" aria-expanded=\"false\" aria-controls=\"collapse172\">\r\n        <span class=\"text\">Uygulama<\/span>\r\n        <span class=\"accordion-controls-icon\"><svg class=\"e-font-icon-svg e-fas-chevron-down\" viewBox=\"0 0 448 512\" xmlns=\"http:\/\/www.w3.org\/2000\/svg\"><path d=\"M207.029 381.476L12.686 187.132c-9.373-9.373-9.373-24.569 0-33.941l22.667-22.667c9.357-9.357 24.522-9.375 33.901-.04L224 284.505l154.745-154.021c9.379-9.335 24.544-9.317 33.901.04l22.667 22.667c9.373 9.373 9.373 24.569 0 33.941L240.971 381.476c-9.373 9.372-24.569 9.372-33.942 0z\"><\/path><\/svg><\/span>\r\n      <\/h5>\r\n    <\/div>\r\n    <div id=\"collapse172\" class=\"collapse \" aria-labelledby=\"heading172\" data-bs-parent=\"#accordion-holder-739361\">\r\n      <div class=\"card-body\">\r\n        <div class=\"tab-pane fade active show\" id=\"nav-profile\" role=\"tabpanel\" aria-labelledby=\"nav-profile-tab\"><p><strong>Uygulama \u00d6nerileri<\/strong><\/p><p><strong>Kar\u0131\u015f\u0131m Oran\u0131, Hacimce<\/strong><\/p><p>3.4 K\u0131s\u0131m Komponent A +1 K\u0131s\u0131m Komponent B<\/p><p><strong>Kar\u0131\u015f\u0131m Oran\u0131, K\u00fctlece<\/strong><\/p><p>5.25 kg Komponent A + 1 kg Komponent B<\/p><p><strong>Uygulama Zaman\u0131<\/strong><\/p><p>15-40 dakika (Hava ve nem \u015fartlar\u0131na g\u00f6re de\u011fi\u015fir)<\/p><p><strong>Uygulama Malzemeleri<\/strong><\/p><p>Seviye tara\u011f\u0131, mala, spatula veya gelberi<\/p><p><strong>Ekipman Temizli\u011f<\/strong>i<\/p><p>Etil asetat, b\u00fctil asetat veya sel\u00fclozik tiner<\/p><p><strong>Y\u00fczey Haz\u0131rl\u0131\u011f\u0131<\/strong><\/p><p>Zemin temiz, kuru, toz ve ya\u011fdan ar\u0131nd\u0131r\u0131lm\u0131\u015f, tamirat\u0131 yap\u0131lm\u0131\u015f e\u011fer beton<br \/>\u00fczerine uygulanacaksa beton minimum 22 g\u00fcn \u00f6nce at\u0131lm\u0131\u015f olmal\u0131d\u0131r.<\/p><p><strong>Uygulama \u015eartlar\u0131<\/strong><\/p><p>Uygulama y\u00fczeyinde nem olmamal\u0131d\u0131r.<\/p><p>Kar\u0131\u015ft\u0131r\u0131lm\u0131\u015f olan malzemenin t\u00fcm\u00fc kullan\u0131m s\u00fcresi i\u00e7inde t\u00fcketilmelidir.<\/p><p>Uygulama Prosed\u00fcr\u00fc<\/p><p>Poli\u00fcretan macun a\u011f\u0131rl\u0131k\u00e7a 5.25 k\u0131s\u0131m A komponenti ile 1 k\u0131s\u0131m B komponenti kar\u0131\u015ft\u0131r\u0131larak elde edilir.<br \/>Uygulama s\u0131ras\u0131nda a\u015fa\u011f\u0131daki kurallara uyulmas\u0131 tavsiye edilir;<\/p><p>Yava\u015f devirli bir kar\u0131\u015ft\u0131r\u0131c\u0131yla en az 2 dakika kar\u0131\u015ft\u0131r\u0131lmal\u0131d\u0131r.<\/p><p>Malzemeler b\u00f6l\u00fcnmeden tamam\u0131 kullan\u0131lmal\u0131d\u0131r.<\/p><p>Sertle\u015ftirici tek seferde ve tamam\u0131 kullan\u0131ld\u0131ktan sonra kapa\u011f\u0131 s\u0131k\u0131ca kapat\u0131lmal\u0131d\u0131r.<\/p><p>Macunu s\u00fcrmek i\u00e7in mala veya di\u015fsiz spatula kullan\u0131lmal\u0131d\u0131r.<\/p><p>8-10 saat s\u00fcre ile sudan korunmas\u0131 gerekir.<\/p><\/div>      <\/div>\r\n    <\/div>\r\n  <\/div>\r\n\r\n  <div class=\"card \">\r\n    <div class=\"card-header p-0\" id=\"heading173\">\r\n      <h5 class=\"title collapsed\" data-bs-toggle=\"collapse\" data-bs-target=\"#collapse173\" aria-expanded=\"false\" aria-controls=\"collapse173\">\r\n        <span class=\"text\">Uyar\u0131lar ve \u00f6neriler<\/span>\r\n        <span class=\"accordion-controls-icon\"><svg class=\"e-font-icon-svg e-fas-chevron-down\" viewBox=\"0 0 448 512\" xmlns=\"http:\/\/www.w3.org\/2000\/svg\"><path d=\"M207.029 381.476L12.686 187.132c-9.373-9.373-9.373-24.569 0-33.941l22.667-22.667c9.357-9.357 24.522-9.375 33.901-.04L224 284.505l154.745-154.021c9.379-9.335 24.544-9.317 33.901.04l22.667 22.667c9.373 9.373 9.373 24.569 0 33.941L240.971 381.476c-9.373 9.372-24.569 9.372-33.942 0z\"><\/path><\/svg><\/span>\r\n      <\/h5>\r\n    <\/div>\r\n    <div id=\"collapse173\" class=\"collapse \" aria-labelledby=\"heading173\" data-bs-parent=\"#accordion-holder-739361\">\r\n      <div class=\"card-body\">\r\n              <\/div>\r\n    <\/div>\r\n  <\/div>\r\n\r\n  <div class=\"card \">\r\n    <div class=\"card-header p-0\" id=\"heading174\">\r\n      <h5 class=\"title collapsed\" data-bs-toggle=\"collapse\" data-bs-target=\"#collapse174\" aria-expanded=\"false\" aria-controls=\"collapse174\">\r\n        <span class=\"text\">Teknik dok\u00fcmanlar<\/span>\r\n        <span class=\"accordion-controls-icon\"><svg class=\"e-font-icon-svg e-fas-chevron-down\" viewBox=\"0 0 448 512\" xmlns=\"http:\/\/www.w3.org\/2000\/svg\"><path d=\"M207.029 381.476L12.686 187.132c-9.373-9.373-9.373-24.569 0-33.941l22.667-22.667c9.357-9.357 24.522-9.375 33.901-.04L224 284.505l154.745-154.021c9.379-9.335 24.544-9.317 33.901.04l22.667 22.667c9.373 9.373 9.373 24.569 0 33.941L240.971 381.476c-9.373 9.372-24.569 9.372-33.942 0z\"><\/path><\/svg><\/span>\r\n      <\/h5>\r\n    <\/div>\r\n    <div id=\"collapse174\" class=\"collapse \" aria-labelledby=\"heading174\" data-bs-parent=\"#accordion-holder-739361\">\r\n      <div class=\"card-body\">\r\n              <\/div>\r\n    <\/div>\r\n  <\/div>\r\n\t\t<\/div>\r\n\t\t\t<\/div>\n\t\t\t\t<\/div>\n\t\t\t\t<\/div>\n\t\t\t\t<\/div>\n\t\t","protected":false},"excerpt":{"rendered":"<p><span>Beton, \u015fapl\u0131 beton, ah\u015fap, kau\u00e7uk ve benzeri y\u00fczeylerde poli\u00fcretan\u00a0astardan sonra y\u00fczeydeki bo\u015fluklar\u0131 doldurup, zemin kaplamas\u0131na iyi bir\u00a0y\u00fczey haz\u0131rlamak amac\u0131yla kullan\u0131l\u0131r.<\/span><\/p>\n","protected":false},"featured_media":49352,"template":"","meta":{"om_disable_all_campaigns":false},"product_cat":[62],"product_tag":[],"_links":{"self":[{"href":"https:\/\/www.kenncoat.com\/TR\/wp-json\/wp\/v2\/product\/49316"}],"collection":[{"href":"https:\/\/www.kenncoat.com\/TR\/wp-json\/wp\/v2\/product"}],"about":[{"href":"https:\/\/www.kenncoat.com\/TR\/wp-json\/wp\/v2\/types\/product"}],"version-history":[{"count":11,"href":"https:\/\/www.kenncoat.com\/TR\/wp-json\/wp\/v2\/product\/49316\/revisions"}],"predecessor-version":[{"id":49835,"href":"https:\/\/www.kenncoat.com\/TR\/wp-json\/wp\/v2\/product\/49316\/revisions\/49835"}],"wp:featuredmedia":[{"embeddable":true,"href":"https:\/\/www.kenncoat.com\/TR\/wp-json\/wp\/v2\/media\/49352"}],"wp:attachment":[{"href":"https:\/\/www.kenncoat.com\/TR\/wp-json\/wp\/v2\/media?parent=49316"}],"wp:term":[{"taxonomy":"product_cat","embeddable":true,"href":"https:\/\/www.kenncoat.com\/TR\/wp-json\/wp\/v2\/product_cat?post=49316"},{"taxonomy":"product_tag","embeddable":true,"href":"https:\/\/www.kenncoat.com\/TR\/wp-json\/wp\/v2\/product_tag?post=49316"}],"curies":[{"name":"wp","href":"https:\/\/api.w.org\/{rel}","templated":true}]}}