{"id":49315,"date":"2024-03-23T16:51:33","date_gmt":"2024-03-23T16:51:33","guid":{"rendered":"https:\/\/www.kenncoat.com\/TR\/?post_type=product&#038;p=49315"},"modified":"2024-06-12T13:18:14","modified_gmt":"2024-06-12T13:18:14","slug":"isiya-dayanikli-boya","status":"publish","type":"product","link":"https:\/\/www.kenncoat.com\/TR\/product\/isiya-dayanikli-boya\/","title":{"rendered":"ISIYA DAYANIKLI BOYA"},"content":{"rendered":"\t\t<div data-elementor-type=\"product-post\" data-elementor-id=\"49315\" class=\"elementor elementor-49315\" data-elementor-post-type=\"product\">\n\t\t\t\t<div class=\"elementor-element elementor-element-25b8cf2d e-flex e-con-boxed e-con e-parent\" data-id=\"25b8cf2d\" data-element_type=\"container\" data-settings=\"{&quot;content_width&quot;:&quot;boxed&quot;}\" data-core-v316-plus=\"true\">\n\t\t\t\t\t<div class=\"e-con-inner\">\n\t\t\t\t<div class=\"elementor-element elementor-element-6d9c5794 elementor-widget elementor-widget-text-editor\" data-id=\"6d9c5794\" data-element_type=\"widget\" data-widget_type=\"text-editor.default\">\n\t\t\t\t<div class=\"elementor-widget-container\">\n\t\t\t<style>\/*! elementor - v3.19.0 - 28-02-2024 *\/\n.elementor-widget-text-editor.elementor-drop-cap-view-stacked .elementor-drop-cap{background-color:#69727d;color:#fff}.elementor-widget-text-editor.elementor-drop-cap-view-framed .elementor-drop-cap{color:#69727d;border:3px solid;background-color:transparent}.elementor-widget-text-editor:not(.elementor-drop-cap-view-default) .elementor-drop-cap{margin-top:8px}.elementor-widget-text-editor:not(.elementor-drop-cap-view-default) .elementor-drop-cap-letter{width:1em;height:1em}.elementor-widget-text-editor .elementor-drop-cap{float:left;text-align:center;line-height:1;font-size:50px}.elementor-widget-text-editor .elementor-drop-cap-letter{display:inline-block}<\/style>\t\t\t\t<p><span>Tek bile\u015fenli, fiziksel kurumal\u0131, silikon re\u00e7ine esasl\u0131, 600 derece \u0131s\u0131ya dayan\u0131kl\u0131 metal boyas\u0131d\u0131r. \u0130stenirse korozyon diren\u00e7li \u00fcr\u00fcn olarak \u00fcretilebilir.<\/span><\/p><p><span>Y\u00fcksek\u0131s\u0131 ile temasedeny\u00fczeylerdemukavemeti y\u00fcksek bir dayan\u0131m elde etmek amac\u0131yla kullan\u0131lan 750\u00b0 \u0131s\u0131ya kar\u015f\u0131 dayan\u0131kl\u0131 boyama \u00fcr\u00fcn\u00fcd\u00fcr<\/span><\/p>\t\t\t\t\t\t<\/div>\n\t\t\t\t<\/div>\n\t\t\t\t\t<\/div>\n\t\t\t\t<\/div>\n\t\t<div class=\"elementor-element elementor-element-298c3c2 e-con-full e-flex e-con e-parent\" data-id=\"298c3c2\" data-element_type=\"container\" data-settings=\"{&quot;content_width&quot;:&quot;full&quot;}\" data-core-v316-plus=\"true\">\n\t\t\t\t<div class=\"elementor-element elementor-element-957a19c elementor-widget elementor-widget-tm-ele-accordion\" data-id=\"957a19c\" data-element_type=\"widget\" data-widget_type=\"tm-ele-accordion.skin-gradient\">\n\t\t\t\t<div class=\"elementor-widget-container\">\n\t\t\t\t\t<div id=\"accordion-holder-407943\" class=\"tm-accordion skin-gradient\">\r\n\t\r\n  <div class=\"card active\">\r\n    <div class=\"card-header p-0\" id=\"heading711\">\r\n      <h5 class=\"title \" data-bs-toggle=\"collapse\" data-bs-target=\"#collapse711\" aria-expanded=\"true\" aria-controls=\"collapse711\">\r\n        <span class=\"text\">\u00dcr\u00fcn bilgileri<\/span>\r\n        <span class=\"accordion-controls-icon\"><svg class=\"e-font-icon-svg e-fas-chevron-down\" viewBox=\"0 0 448 512\" xmlns=\"http:\/\/www.w3.org\/2000\/svg\"><path d=\"M207.029 381.476L12.686 187.132c-9.373-9.373-9.373-24.569 0-33.941l22.667-22.667c9.357-9.357 24.522-9.375 33.901-.04L224 284.505l154.745-154.021c9.379-9.335 24.544-9.317 33.901.04l22.667 22.667c9.373 9.373 9.373 24.569 0 33.941L240.971 381.476c-9.373 9.372-24.569 9.372-33.942 0z\"><\/path><\/svg><\/span>\r\n      <\/h5>\r\n    <\/div>\r\n    <div id=\"collapse711\" class=\"collapse show\" aria-labelledby=\"heading711\" data-bs-parent=\"#accordion-holder-407943\">\r\n      <div class=\"card-body\">\r\n        <p><strong>Renk<\/strong> Siyah<br \/><strong>Yo\u011funluk<\/strong> 1,27 kg\/l<br \/><strong>Kat\u0131 Madde <\/strong>% 52\u00b1 1<br \/><strong>Viskozite<\/strong> 530\u00b120 cP<\/p><p><strong>Ambalaj-<\/strong> 20\/25 kg metal<\/p>      <\/div>\r\n    <\/div>\r\n  <\/div>\r\n\r\n  <div class=\"card \">\r\n    <div class=\"card-header p-0\" id=\"heading712\">\r\n      <h5 class=\"title collapsed\" data-bs-toggle=\"collapse\" data-bs-target=\"#collapse712\" aria-expanded=\"false\" aria-controls=\"collapse712\">\r\n        <span class=\"text\">Uygulama<\/span>\r\n        <span class=\"accordion-controls-icon\"><svg class=\"e-font-icon-svg e-fas-chevron-down\" viewBox=\"0 0 448 512\" xmlns=\"http:\/\/www.w3.org\/2000\/svg\"><path d=\"M207.029 381.476L12.686 187.132c-9.373-9.373-9.373-24.569 0-33.941l22.667-22.667c9.357-9.357 24.522-9.375 33.901-.04L224 284.505l154.745-154.021c9.379-9.335 24.544-9.317 33.901.04l22.667 22.667c9.373 9.373 9.373 24.569 0 33.941L240.971 381.476c-9.373 9.372-24.569 9.372-33.942 0z\"><\/path><\/svg><\/span>\r\n      <\/h5>\r\n    <\/div>\r\n    <div id=\"collapse712\" class=\"collapse \" aria-labelledby=\"heading712\" data-bs-parent=\"#accordion-holder-407943\">\r\n      <div class=\"card-body\">\r\n        <div class=\"tab-pane fade active show\" id=\"nav-profile\" role=\"tabpanel\" aria-labelledby=\"nav-profile-tab\"><p><strong>Uygulama Y\u00f6ntemleri<\/strong> Rulo, f\u0131r\u00e7a veya sprey ile<br \/>uygulanabilir. Uygulan\u0131p dokunma<br \/>kurumas\u0131na geldikten sonra 1<br \/>saat 120 \u00b0C de bekletilmelidir.<br \/><strong>Ekipman Temizli\u011fi <\/strong>Tiner ile yap\u0131labilir<br \/><strong>Y\u00fczey Haz\u0131rl\u0131\u011f\u0131 <\/strong>Y\u00fczeyi ya\u011f ve gresden uygun bir deterjanla temizleyiniz. Kir, toz, tuz ve \u00e7amur bula\u015fm\u0131\u015f y\u00fczeyleri, y\u00fcksek bas\u0131n\u00e7taki tatl\u0131 su ile y\u0131kay\u0131n\u0131z. Nemden ar\u0131nd\u0131r\u0131n\u0131z.<br \/><strong>Uygulama \u015eartlar\u0131 <\/strong>Uygulama s\u0131ras\u0131nda y\u00fczeyin, kir, ya\u011f ve gresten iyice ar\u0131nd\u0131r\u0131lm\u0131\u015f oldu\u011fundan emin olunmal\u0131d\u0131r. Uzun s\u00fcre kirli ortamda kalan y\u00fczeylerin \u00fczerine son kat uygulanmadan \u00f6nce, y\u00fczey mutlaka temizlenip sonra boya uygulanmal\u0131d\u0131r. Havadaki nemin y\u00fczeyde yo\u011funla\u015fmas\u0131n\u0131 engellemek i\u00e7in, y\u00fczey s\u0131cakl\u0131\u011f\u0131, havan\u0131n \u00e7i\u011flenme s\u0131cakl\u0131\u011f\u0131ndan en az 3 \u00b0C fazla olmal\u0131d\u0131r. Uygulama esnas\u0131nda hava s\u0131cakl\u0131\u011f\u0131 5 \u00b0C - 45 \u00b0C aras\u0131nda olamal\u0131d\u0131r.<br \/><strong>Uygulama Prosed\u00fcr\u00fc<\/strong> Uygulama s\u0131ras\u0131nda a\u015fa\u011f\u0131daki kurallara uyulmas\u0131 tavsiye edilir.<\/p><p>Kullanmadan \u00f6nce ekipman uygun bir tinerle temizlenmelidir. Uygulama yap\u0131lmadan \u00f6nce boya kar\u0131\u015ft\u0131r\u0131lmal\u0131d\u0131r. Homojenli\u011fi sa\u011flamak i\u00e7in kullanma s\u0131ras\u0131nda belirli aral\u0131klarla kar\u0131\u015ft\u0131rma yap\u0131lmal\u0131d\u0131r. Kapal\u0131 alanlarda uygulanmas\u0131 durumunda yeterli havaland\u0131rma sa\u011flanmal\u0131d\u0131r. Dokunma kurumas\u0131 sa\u011fland\u0131ktan sonra 120 \u00b0C\u2019 de 1 saat k\u00fcrlendirilmelidir.<\/p><\/div>      <\/div>\r\n    <\/div>\r\n  <\/div>\r\n\r\n  <div class=\"card \">\r\n    <div class=\"card-header p-0\" id=\"heading713\">\r\n      <h5 class=\"title collapsed\" data-bs-toggle=\"collapse\" data-bs-target=\"#collapse713\" aria-expanded=\"false\" aria-controls=\"collapse713\">\r\n        <span class=\"text\">Uyar\u0131lar ve \u00f6neriler<\/span>\r\n        <span class=\"accordion-controls-icon\"><svg class=\"e-font-icon-svg e-fas-chevron-down\" viewBox=\"0 0 448 512\" xmlns=\"http:\/\/www.w3.org\/2000\/svg\"><path d=\"M207.029 381.476L12.686 187.132c-9.373-9.373-9.373-24.569 0-33.941l22.667-22.667c9.357-9.357 24.522-9.375 33.901-.04L224 284.505l154.745-154.021c9.379-9.335 24.544-9.317 33.901.04l22.667 22.667c9.373 9.373 9.373 24.569 0 33.941L240.971 381.476c-9.373 9.372-24.569 9.372-33.942 0z\"><\/path><\/svg><\/span>\r\n      <\/h5>\r\n    <\/div>\r\n    <div id=\"collapse713\" class=\"collapse \" aria-labelledby=\"heading713\" data-bs-parent=\"#accordion-holder-407943\">\r\n      <div class=\"card-body\">\r\n              <\/div>\r\n    <\/div>\r\n  <\/div>\r\n\r\n  <div class=\"card \">\r\n    <div class=\"card-header p-0\" id=\"heading714\">\r\n      <h5 class=\"title collapsed\" data-bs-toggle=\"collapse\" data-bs-target=\"#collapse714\" aria-expanded=\"false\" aria-controls=\"collapse714\">\r\n        <span class=\"text\">Teknik dok\u00fcmanlar<\/span>\r\n        <span class=\"accordion-controls-icon\"><svg class=\"e-font-icon-svg e-fas-chevron-down\" viewBox=\"0 0 448 512\" xmlns=\"http:\/\/www.w3.org\/2000\/svg\"><path d=\"M207.029 381.476L12.686 187.132c-9.373-9.373-9.373-24.569 0-33.941l22.667-22.667c9.357-9.357 24.522-9.375 33.901-.04L224 284.505l154.745-154.021c9.379-9.335 24.544-9.317 33.901.04l22.667 22.667c9.373 9.373 9.373 24.569 0 33.941L240.971 381.476c-9.373 9.372-24.569 9.372-33.942 0z\"><\/path><\/svg><\/span>\r\n      <\/h5>\r\n    <\/div>\r\n    <div id=\"collapse714\" class=\"collapse \" aria-labelledby=\"heading714\" data-bs-parent=\"#accordion-holder-407943\">\r\n      <div class=\"card-body\">\r\n              <\/div>\r\n    <\/div>\r\n  <\/div>\r\n\t\t<\/div>\r\n\t\t\t<\/div>\n\t\t\t\t<\/div>\n\t\t\t\t<\/div>\n\t\t\t\t<\/div>\n\t\t","protected":false},"excerpt":{"rendered":"<p><span>Y\u00fcksek\u0131s\u0131 ile temasedeny\u00fczeylerdemukavemeti y\u00fcksek bir dayan\u0131m elde etmek amac\u0131yla kullan\u0131lan 750\u00b0 \u0131s\u0131ya kar\u015f\u0131 dayan\u0131kl\u0131 boyama \u00fcr\u00fcn\u00fcd\u00fcr<\/span><\/p>\n","protected":false},"featured_media":49347,"template":"","meta":{"om_disable_all_campaigns":false},"product_cat":[62],"product_tag":[],"_links":{"self":[{"href":"https:\/\/www.kenncoat.com\/TR\/wp-json\/wp\/v2\/product\/49315"}],"collection":[{"href":"https:\/\/www.kenncoat.com\/TR\/wp-json\/wp\/v2\/product"}],"about":[{"href":"https:\/\/www.kenncoat.com\/TR\/wp-json\/wp\/v2\/types\/product"}],"version-history":[{"count":14,"href":"https:\/\/www.kenncoat.com\/TR\/wp-json\/wp\/v2\/product\/49315\/revisions"}],"predecessor-version":[{"id":49838,"href":"https:\/\/www.kenncoat.com\/TR\/wp-json\/wp\/v2\/product\/49315\/revisions\/49838"}],"wp:featuredmedia":[{"embeddable":true,"href":"https:\/\/www.kenncoat.com\/TR\/wp-json\/wp\/v2\/media\/49347"}],"wp:attachment":[{"href":"https:\/\/www.kenncoat.com\/TR\/wp-json\/wp\/v2\/media?parent=49315"}],"wp:term":[{"taxonomy":"product_cat","embeddable":true,"href":"https:\/\/www.kenncoat.com\/TR\/wp-json\/wp\/v2\/product_cat?post=49315"},{"taxonomy":"product_tag","embeddable":true,"href":"https:\/\/www.kenncoat.com\/TR\/wp-json\/wp\/v2\/product_tag?post=49315"}],"curies":[{"name":"wp","href":"https:\/\/api.w.org\/{rel}","templated":true}]}}