{"id":49314,"date":"2024-03-23T16:51:32","date_gmt":"2024-03-23T16:51:32","guid":{"rendered":"https:\/\/www.kenncoat.com\/TR\/?post_type=product&#038;p=49314"},"modified":"2024-06-12T11:21:25","modified_gmt":"2024-06-12T11:21:25","slug":"ambulans-zemin-kaplamasi","status":"publish","type":"product","link":"https:\/\/www.kenncoat.com\/TR\/product\/ambulans-zemin-kaplamasi\/","title":{"rendered":"AMBULANS ZEM\u0130N KAPLAMASI"},"content":{"rendered":"\t\t<div data-elementor-type=\"product-post\" data-elementor-id=\"49314\" class=\"elementor elementor-49314\" data-elementor-post-type=\"product\">\n\t\t\t\t<div class=\"elementor-element elementor-element-25b8cf2d e-flex e-con-boxed e-con e-parent\" data-id=\"25b8cf2d\" data-element_type=\"container\" data-settings=\"{&quot;content_width&quot;:&quot;boxed&quot;}\" data-core-v316-plus=\"true\">\n\t\t\t\t\t<div class=\"e-con-inner\">\n\t\t\t\t<div class=\"elementor-element elementor-element-6d9c5794 elementor-widget elementor-widget-text-editor\" data-id=\"6d9c5794\" data-element_type=\"widget\" data-widget_type=\"text-editor.default\">\n\t\t\t\t<div class=\"elementor-widget-container\">\n\t\t\t<style>\/*! elementor - v3.19.0 - 28-02-2024 *\/\n.elementor-widget-text-editor.elementor-drop-cap-view-stacked .elementor-drop-cap{background-color:#69727d;color:#fff}.elementor-widget-text-editor.elementor-drop-cap-view-framed .elementor-drop-cap{color:#69727d;border:3px solid;background-color:transparent}.elementor-widget-text-editor:not(.elementor-drop-cap-view-default) .elementor-drop-cap{margin-top:8px}.elementor-widget-text-editor:not(.elementor-drop-cap-view-default) .elementor-drop-cap-letter{width:1em;height:1em}.elementor-widget-text-editor .elementor-drop-cap{float:left;text-align:center;line-height:1;font-size:50px}.elementor-widget-text-editor .elementor-drop-cap-letter{display:inline-block}<\/style>\t\t\t\t<p><span>Hasta nakil (A1 tipi), acil yard\u0131m (B tipi), yo\u011fun bak\u0131m (C tipi)ambulans ara\u00e7lar\u0131n\u0131n zeminklerinde kullan\u0131lmas\u0131 amac\u0131yla \u00fcretilmi\u015f olan poli\u00fcretan esasl\u0131kendindenyay\u0131lma \u00f6zelli\u011fi bulunan ambulans zemin kaplama malzemesidir. Y\u00fcksek kimyasal ve mekanik dayan\u0131kl\u0131l\u0131\u011fa sahip olup sert bir film olu\u015fturur.Solventsiz olu\u015fundan dolay\u0131 yang\u0131n tehlikesi yoktur.Film y\u00fczeyi parlak ve kaymazd\u0131r.Kolay temizlenir, bakteri bar\u0131nd\u0131rmaz, tozumaz, sa\u011fl\u0131\u011fa zarar\u0131 olmad\u0131\u011f\u0131 i\u00e7in tercih edilen ambulans zemin kaplama malzemesidir.<\/span><\/p>\t\t\t\t\t\t<\/div>\n\t\t\t\t<\/div>\n\t\t\t\t\t<\/div>\n\t\t\t\t<\/div>\n\t\t<div class=\"elementor-element elementor-element-298c3c2 e-con-full e-flex e-con e-parent\" data-id=\"298c3c2\" data-element_type=\"container\" data-settings=\"{&quot;content_width&quot;:&quot;full&quot;}\" data-core-v316-plus=\"true\">\n\t\t\t\t<div class=\"elementor-element elementor-element-957a19c elementor-widget elementor-widget-tm-ele-accordion\" data-id=\"957a19c\" data-element_type=\"widget\" data-widget_type=\"tm-ele-accordion.skin-gradient\">\n\t\t\t\t<div class=\"elementor-widget-container\">\n\t\t\t\t\t<div id=\"accordion-holder-926119\" class=\"tm-accordion skin-gradient\">\r\n\t\r\n  <div class=\"card active\">\r\n    <div class=\"card-header p-0\" id=\"heading491\">\r\n      <h5 class=\"title \" data-bs-toggle=\"collapse\" data-bs-target=\"#collapse491\" aria-expanded=\"true\" aria-controls=\"collapse491\">\r\n        <span class=\"text\">\u00dcr\u00fcn bilgileri<\/span>\r\n        <span class=\"accordion-controls-icon\"><svg class=\"e-font-icon-svg e-fas-chevron-down\" viewBox=\"0 0 448 512\" xmlns=\"http:\/\/www.w3.org\/2000\/svg\"><path d=\"M207.029 381.476L12.686 187.132c-9.373-9.373-9.373-24.569 0-33.941l22.667-22.667c9.357-9.357 24.522-9.375 33.901-.04L224 284.505l154.745-154.021c9.379-9.335 24.544-9.317 33.901.04l22.667 22.667c9.373 9.373 9.373 24.569 0 33.941L240.971 381.476c-9.373 9.372-24.569 9.372-33.942 0z\"><\/path><\/svg><\/span>\r\n      <\/h5>\r\n    <\/div>\r\n    <div id=\"collapse491\" class=\"collapse show\" aria-labelledby=\"heading491\" data-bs-parent=\"#accordion-holder-926119\">\r\n      <div class=\"card-body\">\r\n        <p><strong>Renk <\/strong>: Gri ve istenilen \u00e7e\u015fitli renklerde<br \/><strong>Yo\u011funluk <\/strong>: 1.6 \u00b1 0,02 kg\/l (kar\u0131\u015f\u0131m halinde)<br \/><strong>Sertlik derecesi<\/strong> : Shore A : 85 \u00b1 5<br \/><strong>Dokunma Kurumas\u0131<\/strong> : 6-8 saat<br \/><strong>Is\u0131ya Dayan\u0131kl\u0131l\u0131k<\/strong> : Yakla\u015f\u0131k 100\u00b0C (K\u00fcrlenmi\u015f \u00fcr\u00fcn)<\/p><p><strong>Ambalaj \u015eekli<\/strong> A:B=21+4 veya A:B= 10,5 + 2 kg \u2018l\u0131k metal ambalajlar.<\/p>      <\/div>\r\n    <\/div>\r\n  <\/div>\r\n\r\n  <div class=\"card \">\r\n    <div class=\"card-header p-0\" id=\"heading492\">\r\n      <h5 class=\"title collapsed\" data-bs-toggle=\"collapse\" data-bs-target=\"#collapse492\" aria-expanded=\"false\" aria-controls=\"collapse492\">\r\n        <span class=\"text\">Uygulamalar<\/span>\r\n        <span class=\"accordion-controls-icon\"><svg class=\"e-font-icon-svg e-fas-chevron-down\" viewBox=\"0 0 448 512\" xmlns=\"http:\/\/www.w3.org\/2000\/svg\"><path d=\"M207.029 381.476L12.686 187.132c-9.373-9.373-9.373-24.569 0-33.941l22.667-22.667c9.357-9.357 24.522-9.375 33.901-.04L224 284.505l154.745-154.021c9.379-9.335 24.544-9.317 33.901.04l22.667 22.667c9.373 9.373 9.373 24.569 0 33.941L240.971 381.476c-9.373 9.372-24.569 9.372-33.942 0z\"><\/path><\/svg><\/span>\r\n      <\/h5>\r\n    <\/div>\r\n    <div id=\"collapse492\" class=\"collapse \" aria-labelledby=\"heading492\" data-bs-parent=\"#accordion-holder-926119\">\r\n      <div class=\"card-body\">\r\n        <p><strong>Y\u00fczey Haz\u0131rl\u0131\u011f\u0131<\/strong>\u00a0- Zemin temiz, kuru, ya\u011f ve tozdan ar\u0131nd\u0131r\u0131lm\u0131\u015f, tamirat\u0131 yap\u0131lm\u0131\u015f olmal\u0131d\u0131r.<br \/><strong>Uygulama \u015eartlar\u0131-<\/strong> Poli\u00fcretan kaplama, sertle\u015ftiriciyle kar\u0131\u015ft\u0131r\u0131ld\u0131ktan sonra, kullan\u0131m s\u00fcresi bulunan ortam\u0131n \u0131s\u0131 ve nem oran\u0131na g\u00f6re de\u011fi\u015fir. S\u0131cak ortam kullan\u0131m s\u00fcresini k\u0131salt\u0131r, so\u011fuk ortam kullan\u0131m s\u00fcresini artt\u0131r\u0131r. 10\u00b0C\u2019nin alt\u0131ndaki ve 30\u00b0C\u2019nin \u00fczerindeki s\u0131cakl\u0131klarda kullan\u0131lmas\u0131 tavsiye edilmez. Sonradan nem etkisinde kalabilecek y\u00fczeylerde kaplaman\u0131n her iki y\u00fczeye de uygulanmas\u0131 tavsiye edilir. Kar\u0131\u015ft\u0131r\u0131lm\u0131\u015f olan malzemenin t\u00fcm\u00fc kullan\u0131m s\u00fcresi i\u00e7inde t\u00fcketilmelidir.<br \/><strong>Uygulama Prosed\u00fcr\u00fc-<\/strong> Poli\u00fcretan yap\u0131\u015ft\u0131r\u0131c\u0131 a\u011f\u0131rl\u0131k\u00e7a 5,25 k\u0131s\u0131m A bile\u015feni ile 1 k\u0131s\u0131m B bile\u015feni kar\u0131\u015ft\u0131r\u0131larak elde edilir. Uygulama s\u0131ras\u0131nda a\u015fa\u011f\u0131daki kurallara uyulmas\u0131 tavsiye edilir. Yava\u015f devirli bir kar\u0131\u015ft\u0131r\u0131c\u0131yla en az 2 dakika kar\u0131\u015ft\u0131r\u0131lmal\u0131d\u0131r. \u0130ki bile\u015fenin iyice kar\u0131\u015ft\u0131r\u0131lmas\u0131 yap\u0131\u015ft\u0131rma kalitesi a\u00e7\u0131s\u0131ndan \u00f6nemlidir. Sertle\u015ftirici kullan\u0131ld\u0131ktan sonra kapa\u011f\u0131 s\u0131k\u0131ca\u00a0kapat\u0131lmal\u0131d\u0131r. Kaplamay\u0131 dikey y\u00fczeye uygulamak i\u00e7in rulo, yatay y\u00fczeye uygulanak i\u00e7in t\u0131rnakl\u0131 mala kullan\u0131lmal\u0131d\u0131r. 8-10 saat s\u00fcre ile sudan korunmas\u0131 gerekir.<\/p>      <\/div>\r\n    <\/div>\r\n  <\/div>\r\n\r\n  <div class=\"card \">\r\n    <div class=\"card-header p-0\" id=\"heading493\">\r\n      <h5 class=\"title collapsed\" data-bs-toggle=\"collapse\" data-bs-target=\"#collapse493\" aria-expanded=\"false\" aria-controls=\"collapse493\">\r\n        <span class=\"text\">Uyar\u0131lar ve \u00f6neriler<\/span>\r\n        <span class=\"accordion-controls-icon\"><svg class=\"e-font-icon-svg e-fas-chevron-down\" viewBox=\"0 0 448 512\" xmlns=\"http:\/\/www.w3.org\/2000\/svg\"><path d=\"M207.029 381.476L12.686 187.132c-9.373-9.373-9.373-24.569 0-33.941l22.667-22.667c9.357-9.357 24.522-9.375 33.901-.04L224 284.505l154.745-154.021c9.379-9.335 24.544-9.317 33.901.04l22.667 22.667c9.373 9.373 9.373 24.569 0 33.941L240.971 381.476c-9.373 9.372-24.569 9.372-33.942 0z\"><\/path><\/svg><\/span>\r\n      <\/h5>\r\n    <\/div>\r\n    <div id=\"collapse493\" class=\"collapse \" aria-labelledby=\"heading493\" data-bs-parent=\"#accordion-holder-926119\">\r\n      <div class=\"card-body\">\r\n              <\/div>\r\n    <\/div>\r\n  <\/div>\r\n\r\n  <div class=\"card \">\r\n    <div class=\"card-header p-0\" id=\"heading494\">\r\n      <h5 class=\"title collapsed\" data-bs-toggle=\"collapse\" data-bs-target=\"#collapse494\" aria-expanded=\"false\" aria-controls=\"collapse494\">\r\n        <span class=\"text\">Teknik dok\u00fcmanlar<\/span>\r\n        <span class=\"accordion-controls-icon\"><svg class=\"e-font-icon-svg e-fas-chevron-down\" viewBox=\"0 0 448 512\" xmlns=\"http:\/\/www.w3.org\/2000\/svg\"><path d=\"M207.029 381.476L12.686 187.132c-9.373-9.373-9.373-24.569 0-33.941l22.667-22.667c9.357-9.357 24.522-9.375 33.901-.04L224 284.505l154.745-154.021c9.379-9.335 24.544-9.317 33.901.04l22.667 22.667c9.373 9.373 9.373 24.569 0 33.941L240.971 381.476c-9.373 9.372-24.569 9.372-33.942 0z\"><\/path><\/svg><\/span>\r\n      <\/h5>\r\n    <\/div>\r\n    <div id=\"collapse494\" class=\"collapse \" aria-labelledby=\"heading494\" data-bs-parent=\"#accordion-holder-926119\">\r\n      <div class=\"card-body\">\r\n              <\/div>\r\n    <\/div>\r\n  <\/div>\r\n\t\t<\/div>\r\n\t\t\t<\/div>\n\t\t\t\t<\/div>\n\t\t\t\t<\/div>\n\t\t\t\t<\/div>\n\t\t","protected":false},"excerpt":{"rendered":"<p><span>Hasta nakil (A1 tipi), acil yard\u0131m (B tipi), yo\u011fun bak\u0131m (C tipi)ambulans ara\u00e7lar\u0131n\u0131n zeminklerinde kullan\u0131lmas\u0131 amac\u0131yla \u00fcretilmi\u015f olan poli\u00fcretan esasl\u0131kendindenyay\u0131lma \u00f6zelli\u011fi bulunan ambulans zemin kaplama malzemesidir. Y\u00fcksek kimyasal ve mekanik dayan\u0131kl\u0131l\u0131\u011fa sahip olup sert bir film olu\u015fturur.Solventsiz olu\u015fundan dolay\u0131 yang\u0131n tehlikesi yoktur.Film y\u00fczeyi parlak ve kaymazd\u0131r.Kolay temizlenir, bakteri bar\u0131nd\u0131rmaz, tozumaz, sa\u011fl\u0131\u011fa zarar\u0131 olmad\u0131\u011f\u0131 i\u00e7in tercih edilen ambulans zemin kaplama malzemesidir.<\/span><\/p>\n","protected":false},"featured_media":49342,"template":"","meta":{"om_disable_all_campaigns":false},"product_cat":[62],"product_tag":[],"_links":{"self":[{"href":"https:\/\/www.kenncoat.com\/TR\/wp-json\/wp\/v2\/product\/49314"}],"collection":[{"href":"https:\/\/www.kenncoat.com\/TR\/wp-json\/wp\/v2\/product"}],"about":[{"href":"https:\/\/www.kenncoat.com\/TR\/wp-json\/wp\/v2\/types\/product"}],"version-history":[{"count":8,"href":"https:\/\/www.kenncoat.com\/TR\/wp-json\/wp\/v2\/product\/49314\/revisions"}],"predecessor-version":[{"id":49728,"href":"https:\/\/www.kenncoat.com\/TR\/wp-json\/wp\/v2\/product\/49314\/revisions\/49728"}],"wp:featuredmedia":[{"embeddable":true,"href":"https:\/\/www.kenncoat.com\/TR\/wp-json\/wp\/v2\/media\/49342"}],"wp:attachment":[{"href":"https:\/\/www.kenncoat.com\/TR\/wp-json\/wp\/v2\/media?parent=49314"}],"wp:term":[{"taxonomy":"product_cat","embeddable":true,"href":"https:\/\/www.kenncoat.com\/TR\/wp-json\/wp\/v2\/product_cat?post=49314"},{"taxonomy":"product_tag","embeddable":true,"href":"https:\/\/www.kenncoat.com\/TR\/wp-json\/wp\/v2\/product_tag?post=49314"}],"curies":[{"name":"wp","href":"https:\/\/api.w.org\/{rel}","templated":true}]}}