{"id":49313,"date":"2024-03-23T16:51:30","date_gmt":"2024-03-23T16:51:30","guid":{"rendered":"https:\/\/www.kenncoat.com\/TR\/?post_type=product&#038;p=49313"},"modified":"2024-06-12T11:32:33","modified_gmt":"2024-06-12T11:32:33","slug":"poliuretan-sonkat-boya","status":"publish","type":"product","link":"https:\/\/www.kenncoat.com\/TR\/product\/poliuretan-sonkat-boya\/","title":{"rendered":"POL\u0130\u00dcRETAN SONKAT BOYA"},"content":{"rendered":"\t\t<div data-elementor-type=\"product-post\" data-elementor-id=\"49313\" class=\"elementor elementor-49313\" data-elementor-post-type=\"product\">\n\t\t\t\t<div class=\"elementor-element elementor-element-25b8cf2d e-flex e-con-boxed e-con e-parent\" data-id=\"25b8cf2d\" data-element_type=\"container\" data-settings=\"{&quot;content_width&quot;:&quot;boxed&quot;}\" data-core-v316-plus=\"true\">\n\t\t\t\t\t<div class=\"e-con-inner\">\n\t\t\t\t<div class=\"elementor-element elementor-element-6d9c5794 elementor-widget elementor-widget-text-editor\" data-id=\"6d9c5794\" data-element_type=\"widget\" data-widget_type=\"text-editor.default\">\n\t\t\t\t<div class=\"elementor-widget-container\">\n\t\t\t<style>\/*! elementor - v3.19.0 - 28-02-2024 *\/\n.elementor-widget-text-editor.elementor-drop-cap-view-stacked .elementor-drop-cap{background-color:#69727d;color:#fff}.elementor-widget-text-editor.elementor-drop-cap-view-framed .elementor-drop-cap{color:#69727d;border:3px solid;background-color:transparent}.elementor-widget-text-editor:not(.elementor-drop-cap-view-default) .elementor-drop-cap{margin-top:8px}.elementor-widget-text-editor:not(.elementor-drop-cap-view-default) .elementor-drop-cap-letter{width:1em;height:1em}.elementor-widget-text-editor .elementor-drop-cap{float:left;text-align:center;line-height:1;font-size:50px}.elementor-widget-text-editor .elementor-drop-cap-letter{display:inline-block}<\/style>\t\t\t\t<p>\u0130ki bile\u015fenli<\/p><p>Tercihen parlak yada mat<\/p><p>Esnek ve sert film olu\u015fturan<\/p><p>Alifatik izosiyanat k\u00fcrlenmeli bir boyad\u0131r.<\/p><p><span>Poli\u00fcretan Sonkat Boya poli\u00fcretan zeminlerde self levelling katman\u0131ndan sonra zemini renklerdirmek, genellikle oyunalanlar\u0131n\u0131 belirlemek amac\u0131 ile kullan\u0131l\u0131r. Poli\u00fcretanSonkat Boyalar zemini renklendirdi\u011fi gibi bir di\u011fer g\u00f6rev olarak \u00e7ok y\u00fcksek mukavim bir yap\u0131ya sahiptir. Zeminde en b\u00fcy\u00fck direnci Poli\u00fcretan sonkat Boya g\u00f6rd\u00fc\u011f\u00fcnden a\u015f\u0131nmalara ve \u00e7izilmelere direnci \u00e7ok y\u00fcksek UV dayan\u0131ml\u0131 biralifatikboyad\u0131r.<\/span><\/p>\t\t\t\t\t\t<\/div>\n\t\t\t\t<\/div>\n\t\t\t\t\t<\/div>\n\t\t\t\t<\/div>\n\t\t<div class=\"elementor-element elementor-element-298c3c2 e-con-full e-flex e-con e-parent\" data-id=\"298c3c2\" data-element_type=\"container\" data-settings=\"{&quot;content_width&quot;:&quot;full&quot;}\" data-core-v316-plus=\"true\">\n\t\t\t\t<div class=\"elementor-element elementor-element-957a19c elementor-widget elementor-widget-tm-ele-accordion\" data-id=\"957a19c\" data-element_type=\"widget\" data-widget_type=\"tm-ele-accordion.skin-gradient\">\n\t\t\t\t<div class=\"elementor-widget-container\">\n\t\t\t\t\t<div id=\"accordion-holder-780318\" class=\"tm-accordion skin-gradient\">\r\n\t\r\n  <div class=\"card active\">\r\n    <div class=\"card-header p-0\" id=\"heading361\">\r\n      <h5 class=\"title \" data-bs-toggle=\"collapse\" data-bs-target=\"#collapse361\" aria-expanded=\"true\" aria-controls=\"collapse361\">\r\n        <span class=\"text\">\u00dcr\u00fcn bilgileri<\/span>\r\n        <span class=\"accordion-controls-icon\"><svg class=\"e-font-icon-svg e-fas-chevron-down\" viewBox=\"0 0 448 512\" xmlns=\"http:\/\/www.w3.org\/2000\/svg\"><path d=\"M207.029 381.476L12.686 187.132c-9.373-9.373-9.373-24.569 0-33.941l22.667-22.667c9.357-9.357 24.522-9.375 33.901-.04L224 284.505l154.745-154.021c9.379-9.335 24.544-9.317 33.901.04l22.667 22.667c9.373 9.373 9.373 24.569 0 33.941L240.971 381.476c-9.373 9.372-24.569 9.372-33.942 0z\"><\/path><\/svg><\/span>\r\n      <\/h5>\r\n    <\/div>\r\n    <div id=\"collapse361\" class=\"collapse show\" aria-labelledby=\"heading361\" data-bs-parent=\"#accordion-holder-780318\">\r\n      <div class=\"card-body\">\r\n        <div class=\"tab-pane fade show active\" id=\"nav-home\" role=\"tabpanel\" aria-labelledby=\"nav-home-tab\"><p><strong>Renk<\/strong><\/p><p>\u0130stenilen renklerde<\/p><p><strong>Yo\u011funluk<\/strong><\/p><p>1.20 kg\/l (kar\u0131\u015f\u0131m halinde)<\/p><p><strong>Kat\u0131 Madde \/Hacimce<\/strong><\/p><p>%56 \u00b1 1<\/p><p><strong>V.O.C<\/strong><\/p><p>352 g\/l<\/p><p>\u00d6nerilen Kuru Film Kal\u0131nl\u0131\u011f\u0131<\/p><p>Tek kat i\u00e7in 40-80 \u03bcm<br \/>\u0130ki kat i\u00e7in toplamda 80-160 \u03bcm<\/p><p>Teorik T\u00fcketim Miktar\u0131<\/p><p>11,6 m\u00b2\/kg<\/p><p>Kuruma S\u00fcresi<\/p><p>5 saat (20\u00b0C)<\/p><p>Tam K\u00fcrlenme<\/p><p>7 g\u00fcn (20\u00b0C)<\/p><p><span style=\"text-decoration: underline;\"><strong>NOT*<\/strong><\/span><\/p><p><em>Kuruma s\u00fcreleri hava s\u0131cakl\u0131\u011f\u0131na, uygulanan film kal\u0131nl\u0131\u011f\u0131na, havaland\u0131rma ve \u00e7evre \u015fartlar\u0131na ba\u011fl\u0131 olarak de\u011fi\u015febilir.\u00a0<\/em><em>Hava s\u0131cakl\u0131\u011f\u0131 azald\u0131k\u00e7a, kuruma s\u00fcreleri artacakt\u0131r.<\/em><\/p><p><strong>Ambalaj-<\/strong> 9+3 kg metal<\/p><\/div>      <\/div>\r\n    <\/div>\r\n  <\/div>\r\n\r\n  <div class=\"card \">\r\n    <div class=\"card-header p-0\" id=\"heading362\">\r\n      <h5 class=\"title collapsed\" data-bs-toggle=\"collapse\" data-bs-target=\"#collapse362\" aria-expanded=\"false\" aria-controls=\"collapse362\">\r\n        <span class=\"text\">Uygulamalar<\/span>\r\n        <span class=\"accordion-controls-icon\"><svg class=\"e-font-icon-svg e-fas-chevron-down\" viewBox=\"0 0 448 512\" xmlns=\"http:\/\/www.w3.org\/2000\/svg\"><path d=\"M207.029 381.476L12.686 187.132c-9.373-9.373-9.373-24.569 0-33.941l22.667-22.667c9.357-9.357 24.522-9.375 33.901-.04L224 284.505l154.745-154.021c9.379-9.335 24.544-9.317 33.901.04l22.667 22.667c9.373 9.373 9.373 24.569 0 33.941L240.971 381.476c-9.373 9.372-24.569 9.372-33.942 0z\"><\/path><\/svg><\/span>\r\n      <\/h5>\r\n    <\/div>\r\n    <div id=\"collapse362\" class=\"collapse \" aria-labelledby=\"heading362\" data-bs-parent=\"#accordion-holder-780318\">\r\n      <div class=\"card-body\">\r\n        <div class=\"tab-pane fade active show\" id=\"nav-profile\" role=\"tabpanel\" aria-labelledby=\"nav-profile-tab\"><p><strong>Uygulama \u00d6nerileri<\/strong><\/p><p><strong>Kar\u0131\u015f\u0131m Oran\u0131, Hacimce<\/strong><\/p><p>2.5 K\u0131s\u0131m Komponent A +1 K\u0131s\u0131m Komponent B<\/p><p><strong>Kar\u0131\u015f\u0131m Oran\u0131, K\u00fctlece<\/strong><\/p><p>3 kg Komponent A + 1 kg Komponent B<\/p><p><strong>Uygulama S\u00fcresi<\/strong><\/p><p>7-8 saat (20\u00b0C)<\/p><p><strong>Uygulama Y\u00f6ntemleri<\/strong><\/p><p>Airless tabanca, pistol ve f\u0131r\u00e7a ile uygulanabilir.<\/p><p><strong>\u0130nceltme (Poli\u00fcretan tiner ile) Hacimce<\/strong><\/p><p>Airless tabanca: % 20-30<\/p><p>Pistol: % 30<\/p><p>F\u0131r\u00e7a: % 5-10<\/p><p><strong>Airless Tabanca Uygulama Bilgileri<\/strong><\/p><p>Uygulama Zaman\u0131: 5 saat<\/p><p>Nozul \u00c7ap\u0131: 0.021 in\u00e7<\/p><p>Nozul Bas\u0131nc\u0131: 150 bar\/2100 psi<\/p><p><em>*Airless bilgileri \u00f6neridir, uygulama \u015fartlar\u0131na g\u00f6re uyarlanmal\u0131d\u0131r.<\/em><\/p><p><strong>Ekipman Temizli\u011fi<\/strong><\/p><p>Pol\u00fcretan tiner ile.<\/p><p><strong>Katlar Aras\u0131 Bekleme S\u00fcresi<\/strong><\/p><p>8 saat (20\u00b0C)<br \/><em>*Katlar aras\u0131 bekleme s\u00fcresi, boyan\u0131n uyguland\u0131\u011f\u0131 atmosferik ko\u015fullara ba\u011fl\u0131 olarak de\u011fi\u015fir.<\/em><\/p><p><strong>Y\u00fczey Haz\u0131rl\u0131\u011f\u0131<\/strong><\/p><p>Y\u00fczeyi ya\u011f ve gresten uygun bir deterjanla temizleyiniz.<br \/>Kir, toz, tuz ve \u00e7amur bula\u015fm\u0131\u015f y\u00fczeyleri, y\u00fcksek bas\u0131n\u00e7taki tatl\u0131 su ile y\u0131kay\u0131n\u0131z.<\/p><p><strong>Uygulama \u015eartlar\u0131<\/strong><\/p><p>Uygulama s\u0131ras\u0131nda y\u00fczeyin, kir, ya\u011f ve gresten iyice ar\u0131nd\u0131r\u0131lm\u0131\u015f oldu\u011fundan emin olunmal\u0131d\u0131r.<br \/>Uzun s\u00fcre kirli ortamda kalan y\u00fczeylerin \u00fczerine sonraki kat uygulanmadan \u00f6nce, y\u00fczey mutlaka su ile temizlenip kurumaya b\u0131rak\u0131lmal\u0131, y\u00fczey iyice kuruduktan sonra, sonraki kat uygulanmal\u0131d\u0131r.<br \/>Havadaki nemin y\u00fczeyde yo\u011funla\u015fmas\u0131n\u0131 engellemek i\u00e7in y\u00fczey s\u0131cakl\u0131\u011f\u0131 havan\u0131n \u00e7i\u011flenme s\u0131cakl\u0131\u011f\u0131ndan en az 3\u00b0C fazla olmal\u0131d\u0131r.<\/p><p><strong>Uygulama Prosed\u00fcr\u00fc<\/strong><\/p><p>Kenncoat Poli\u00fcretan Sonkat Boya sistemi uygulan\u0131rken a\u015fa\u011f\u0131daki kurallara uyulmas\u0131 tavsiye edilir:<\/p><p>Kar\u0131\u015f\u0131m haz\u0131rlanmadan \u00f6nce, her komponent ayr\u0131 ayr\u0131 kar\u0131\u015ft\u0131r\u0131lmal\u0131d\u0131r.<\/p><p>A ve B komponentleri 5 dk s\u00fcreyle kar\u0131\u015ft\u0131r\u0131lmal\u0131d\u0131r.<\/p><p>Kullan\u0131mda problem ya\u015famamak i\u00e7in boya %30\u2019dan fazla inceltilmemelidir.<\/p><p>K\u00fc\u00e7\u00fck uygulama hatalar\u0131 f\u0131r\u00e7a ile tamir edilmeli, daha b\u00fcy\u00fck uygulama hatalar\u0131 sprey ile tamir edilmelidir.<\/p><p>Kapal\u0131 alanlarda uygulanmas\u0131 durumunda yeterli havaland\u0131rma sa\u011flanmal\u0131d\u0131r.<\/p><p>Uygulama biter bitmez, \u00f6nerilen uygun bir tiner ile t\u00fcm uygulama ekipman\u0131n\u0131 temizleyiniz.<\/p><\/div>      <\/div>\r\n    <\/div>\r\n  <\/div>\r\n\r\n  <div class=\"card \">\r\n    <div class=\"card-header p-0\" id=\"heading363\">\r\n      <h5 class=\"title collapsed\" data-bs-toggle=\"collapse\" data-bs-target=\"#collapse363\" aria-expanded=\"false\" aria-controls=\"collapse363\">\r\n        <span class=\"text\">Uyar\u0131lar ve \u00f6neriler<\/span>\r\n        <span class=\"accordion-controls-icon\"><svg class=\"e-font-icon-svg e-fas-chevron-down\" viewBox=\"0 0 448 512\" xmlns=\"http:\/\/www.w3.org\/2000\/svg\"><path d=\"M207.029 381.476L12.686 187.132c-9.373-9.373-9.373-24.569 0-33.941l22.667-22.667c9.357-9.357 24.522-9.375 33.901-.04L224 284.505l154.745-154.021c9.379-9.335 24.544-9.317 33.901.04l22.667 22.667c9.373 9.373 9.373 24.569 0 33.941L240.971 381.476c-9.373 9.372-24.569 9.372-33.942 0z\"><\/path><\/svg><\/span>\r\n      <\/h5>\r\n    <\/div>\r\n    <div id=\"collapse363\" class=\"collapse \" aria-labelledby=\"heading363\" data-bs-parent=\"#accordion-holder-780318\">\r\n      <div class=\"card-body\">\r\n              <\/div>\r\n    <\/div>\r\n  <\/div>\r\n\r\n  <div class=\"card \">\r\n    <div class=\"card-header p-0\" id=\"heading364\">\r\n      <h5 class=\"title collapsed\" data-bs-toggle=\"collapse\" data-bs-target=\"#collapse364\" aria-expanded=\"false\" aria-controls=\"collapse364\">\r\n        <span class=\"text\">Teknik dok\u00fcmanlar<\/span>\r\n        <span class=\"accordion-controls-icon\"><svg class=\"e-font-icon-svg e-fas-chevron-down\" viewBox=\"0 0 448 512\" xmlns=\"http:\/\/www.w3.org\/2000\/svg\"><path d=\"M207.029 381.476L12.686 187.132c-9.373-9.373-9.373-24.569 0-33.941l22.667-22.667c9.357-9.357 24.522-9.375 33.901-.04L224 284.505l154.745-154.021c9.379-9.335 24.544-9.317 33.901.04l22.667 22.667c9.373 9.373 9.373 24.569 0 33.941L240.971 381.476c-9.373 9.372-24.569 9.372-33.942 0z\"><\/path><\/svg><\/span>\r\n      <\/h5>\r\n    <\/div>\r\n    <div id=\"collapse364\" class=\"collapse \" aria-labelledby=\"heading364\" data-bs-parent=\"#accordion-holder-780318\">\r\n      <div class=\"card-body\">\r\n              <\/div>\r\n    <\/div>\r\n  <\/div>\r\n\t\t<\/div>\r\n\t\t\t<\/div>\n\t\t\t\t<\/div>\n\t\t\t\t<\/div>\n\t\t\t\t<\/div>\n\t\t","protected":false},"excerpt":{"rendered":"<p><span>Poli\u00fcretan Sonkat Boya poli\u00fcretan zeminlerde self levelling katman\u0131ndan sonra zemini renklerdirmek, genellikle oyunalanlar\u0131n\u0131 belirlemek amac\u0131 ile kullan\u0131l\u0131r. Poli\u00fcretanSonkat Boyalar zemini renklendirdi\u011fi gibi bir di\u011fer g\u00f6rev olarak \u00e7ok y\u00fcksek mukavim bir yap\u0131ya sahiptir. Zeminde en b\u00fcy\u00fck direnci Poli\u00fcretan sonkat Boya g\u00f6rd\u00fc\u011f\u00fcnden a\u015f\u0131nmalara ve \u00e7izilmelere direnci \u00e7ok y\u00fcksek UV dayan\u0131ml\u0131 biralifatikboyad\u0131r.<\/span><\/p>\n","protected":false},"featured_media":49337,"template":"","meta":{"om_disable_all_campaigns":false},"product_cat":[62],"product_tag":[],"_links":{"self":[{"href":"https:\/\/www.kenncoat.com\/TR\/wp-json\/wp\/v2\/product\/49313"}],"collection":[{"href":"https:\/\/www.kenncoat.com\/TR\/wp-json\/wp\/v2\/product"}],"about":[{"href":"https:\/\/www.kenncoat.com\/TR\/wp-json\/wp\/v2\/types\/product"}],"version-history":[{"count":11,"href":"https:\/\/www.kenncoat.com\/TR\/wp-json\/wp\/v2\/product\/49313\/revisions"}],"predecessor-version":[{"id":49739,"href":"https:\/\/www.kenncoat.com\/TR\/wp-json\/wp\/v2\/product\/49313\/revisions\/49739"}],"wp:featuredmedia":[{"embeddable":true,"href":"https:\/\/www.kenncoat.com\/TR\/wp-json\/wp\/v2\/media\/49337"}],"wp:attachment":[{"href":"https:\/\/www.kenncoat.com\/TR\/wp-json\/wp\/v2\/media?parent=49313"}],"wp:term":[{"taxonomy":"product_cat","embeddable":true,"href":"https:\/\/www.kenncoat.com\/TR\/wp-json\/wp\/v2\/product_cat?post=49313"},{"taxonomy":"product_tag","embeddable":true,"href":"https:\/\/www.kenncoat.com\/TR\/wp-json\/wp\/v2\/product_tag?post=49313"}],"curies":[{"name":"wp","href":"https:\/\/api.w.org\/{rel}","templated":true}]}}