{"id":49311,"date":"2024-03-23T16:51:28","date_gmt":"2024-03-23T16:51:28","guid":{"rendered":"https:\/\/www.kenncoat.com\/TR\/?post_type=product&#038;p=49311"},"modified":"2024-06-12T13:19:21","modified_gmt":"2024-06-12T13:19:21","slug":"hayvan-yatagi-yapistiricisi","status":"publish","type":"product","link":"https:\/\/www.kenncoat.com\/TR\/product\/hayvan-yatagi-yapistiricisi\/","title":{"rendered":"HAYVAN YATA\u011eI YAPI\u015eTIRICISI"},"content":{"rendered":"\t\t<div data-elementor-type=\"product-post\" data-elementor-id=\"49311\" class=\"elementor elementor-49311\" data-elementor-post-type=\"product\">\n\t\t\t\t<div class=\"elementor-element elementor-element-25b8cf2d e-flex e-con-boxed e-con e-parent\" data-id=\"25b8cf2d\" data-element_type=\"container\" data-settings=\"{&quot;content_width&quot;:&quot;boxed&quot;}\" data-core-v316-plus=\"true\">\n\t\t\t\t\t<div class=\"e-con-inner\">\n\t\t\t\t<div class=\"elementor-element elementor-element-6d9c5794 elementor-widget elementor-widget-text-editor\" data-id=\"6d9c5794\" data-element_type=\"widget\" data-widget_type=\"text-editor.default\">\n\t\t\t\t<div class=\"elementor-widget-container\">\n\t\t\t<style>\/*! elementor - v3.19.0 - 28-02-2024 *\/\n.elementor-widget-text-editor.elementor-drop-cap-view-stacked .elementor-drop-cap{background-color:#69727d;color:#fff}.elementor-widget-text-editor.elementor-drop-cap-view-framed .elementor-drop-cap{color:#69727d;border:3px solid;background-color:transparent}.elementor-widget-text-editor:not(.elementor-drop-cap-view-default) .elementor-drop-cap{margin-top:8px}.elementor-widget-text-editor:not(.elementor-drop-cap-view-default) .elementor-drop-cap-letter{width:1em;height:1em}.elementor-widget-text-editor .elementor-drop-cap{float:left;text-align:center;line-height:1;font-size:50px}.elementor-widget-text-editor .elementor-drop-cap-letter{display:inline-block}<\/style>\t\t\t\t<p><span>Tamamen Kau\u00e7uk malzemeden yap\u0131lm\u0131\u015f olan k\u00fc\u00e7\u00fckba\u015f ve b\u00fcy\u00fckba\u015f hayvanlar i\u00e7in \u00fcretilen hayvan yataklar\u0131n\u0131n zemine yap\u0131\u015ft\u0131r\u0131lmas\u0131 i\u00e7in kullan\u0131lan poli\u00fcretan yap\u0131\u015ft\u0131r\u0131c\u0131 \u00fcr\u00fcn\u00fcd\u00fcr.Siyah rengiyle \u00fcr\u00fcnle b\u00fct\u00fcnl\u00fck sa\u011flar.Y\u00fcksek amonyak dayan\u0131m\u0131 ile uzun y\u0131llar i\u015flevini yitirmez.<\/span><\/p>\t\t\t\t\t\t<\/div>\n\t\t\t\t<\/div>\n\t\t\t\t\t<\/div>\n\t\t\t\t<\/div>\n\t\t<div class=\"elementor-element elementor-element-298c3c2 e-con-full e-flex e-con e-parent\" data-id=\"298c3c2\" data-element_type=\"container\" data-settings=\"{&quot;content_width&quot;:&quot;full&quot;}\" data-core-v316-plus=\"true\">\n\t\t\t\t<div class=\"elementor-element elementor-element-957a19c elementor-widget elementor-widget-tm-ele-accordion\" data-id=\"957a19c\" data-element_type=\"widget\" data-widget_type=\"tm-ele-accordion.skin-gradient\">\n\t\t\t\t<div class=\"elementor-widget-container\">\n\t\t\t\t\t<div id=\"accordion-holder-157380\" class=\"tm-accordion skin-gradient\">\r\n\t\r\n  <div class=\"card active\">\r\n    <div class=\"card-header p-0\" id=\"heading441\">\r\n      <h5 class=\"title \" data-bs-toggle=\"collapse\" data-bs-target=\"#collapse441\" aria-expanded=\"true\" aria-controls=\"collapse441\">\r\n        <span class=\"text\">\u00dcr\u00fcn bilgileri<\/span>\r\n        <span class=\"accordion-controls-icon\"><svg class=\"e-font-icon-svg e-fas-chevron-down\" viewBox=\"0 0 448 512\" xmlns=\"http:\/\/www.w3.org\/2000\/svg\"><path d=\"M207.029 381.476L12.686 187.132c-9.373-9.373-9.373-24.569 0-33.941l22.667-22.667c9.357-9.357 24.522-9.375 33.901-.04L224 284.505l154.745-154.021c9.379-9.335 24.544-9.317 33.901.04l22.667 22.667c9.373 9.373 9.373 24.569 0 33.941L240.971 381.476c-9.373 9.372-24.569 9.372-33.942 0z\"><\/path><\/svg><\/span>\r\n      <\/h5>\r\n    <\/div>\r\n    <div id=\"collapse441\" class=\"collapse show\" aria-labelledby=\"heading441\" data-bs-parent=\"#accordion-holder-157380\">\r\n      <div class=\"card-body\">\r\n        <p><strong>Renk<\/strong> \u00c7e\u015fitli renklerde<br \/><strong>Yo\u011funluk<\/strong> 1,65- 1,70 kg \/ L<br \/><strong>Viskozite (20C) <\/strong>7000-10000 cP<br \/><strong>Kar\u0131\u015f\u0131m oran\u0131 <\/strong>(k\u00fctlece) 22\/3<br \/><strong>Sertlik (Shore A)<\/strong> 79-83<br \/><strong>Uygulama zaman\u0131 ve s\u0131cakl\u0131\u011f\u0131 <\/strong>10-30 dk ve 10-25\u00b0 C<br \/><strong>Dokunma Kurumas\u0131<\/strong> 6-8 saat<br \/><strong>Is\u0131ya Dayan\u0131kl\u0131l\u0131k <\/strong>Yakla\u015f\u0131k 100\u00b0C (K\u00fcrlenmi\u015f \u00fcr\u00fcn)<\/p><p><strong>Ambalaj<\/strong> - 22+3 kg metal<\/p>      <\/div>\r\n    <\/div>\r\n  <\/div>\r\n\r\n  <div class=\"card \">\r\n    <div class=\"card-header p-0\" id=\"heading442\">\r\n      <h5 class=\"title collapsed\" data-bs-toggle=\"collapse\" data-bs-target=\"#collapse442\" aria-expanded=\"false\" aria-controls=\"collapse442\">\r\n        <span class=\"text\">Uygulama<\/span>\r\n        <span class=\"accordion-controls-icon\"><svg class=\"e-font-icon-svg e-fas-chevron-down\" viewBox=\"0 0 448 512\" xmlns=\"http:\/\/www.w3.org\/2000\/svg\"><path d=\"M207.029 381.476L12.686 187.132c-9.373-9.373-9.373-24.569 0-33.941l22.667-22.667c9.357-9.357 24.522-9.375 33.901-.04L224 284.505l154.745-154.021c9.379-9.335 24.544-9.317 33.901.04l22.667 22.667c9.373 9.373 9.373 24.569 0 33.941L240.971 381.476c-9.373 9.372-24.569 9.372-33.942 0z\"><\/path><\/svg><\/span>\r\n      <\/h5>\r\n    <\/div>\r\n    <div id=\"collapse442\" class=\"collapse \" aria-labelledby=\"heading442\" data-bs-parent=\"#accordion-holder-157380\">\r\n      <div class=\"card-body\">\r\n        <p><strong>A ve B komponenti k\u00fctlece<\/strong> 22 kg A ve 3 kg B<br \/><strong>Kar\u0131\u015f\u0131m \u00d6mr\u00fc<\/strong> 15-40 dk (Hava ve nem \u015fartlar\u0131na g\u00f6re de\u011fi\u015fir.)<br \/><strong>Uygulama Y\u00f6ntemleri <\/strong>Seviye tara\u011f\u0131, mala, spatula veya gelberi.<br \/><strong>Ekipman Temizli\u011fi<\/strong> Etil asetat, b\u00fctil asetat veya sel\u00fclozik tiner kullan\u0131l\u0131r.<br \/><strong>Y\u00fczey Haz\u0131rl\u0131\u011f\u0131<\/strong> Zemin temiz, kuru, toz ve ya\u011fdan ar\u0131nd\u0131r\u0131lm\u0131\u015f, tamirat\u0131 yap\u0131lm\u0131\u015f e\u011fer beton \u00fczerine uygulanacaksa beton minimum 22 g\u00fcn \u00f6nce at\u0131lm\u0131\u015f olmal\u0131d\u0131r.<br \/><strong>Uygulama \u015eartlar\u0131<\/strong> Uygulama y\u00fczeyinde nem, toz, kir, pas ve ya\u011f olmamal\u0131d\u0131r.<br \/>Kar\u0131\u015ft\u0131r\u0131lm\u0131\u015f olan malzemenin t\u00fcm\u00fc kullan\u0131m s\u00fcresi i\u00e7inde t\u00fcketilmelidir.<br \/><strong>Uygulama Prosed\u00fcr\u00fc<\/strong> Uygulama s\u0131ras\u0131nda a\u015fa\u011f\u0131daki kurallara uyulmas\u0131 tavsiye edilir.<br \/>22 kg A komponenti ile 3 kg B\u00a0komponenti yava\u015f devirli bir\u00a0kar\u0131\u015ft\u0131r\u0131c\u0131yla en az 2 dakika kar\u0131\u015ft\u0131r\u0131lmal\u0131d\u0131r. Malzemeler b\u00f6l\u00fcnmeden tamam\u0131 kullan\u0131lmal\u0131d\u0131r.<br \/>Sertle\u015ftirici tek seferde ve tamam\u0131 kullan\u0131ld\u0131ktan sonra kapa\u011f\u0131 s\u0131k\u0131ca kapat\u0131lmal\u0131d\u0131r. Yap\u0131\u015ft\u0131r\u0131c\u0131y\u0131 s\u00fcrmek i\u00e7in di\u015fli mala kullan\u0131lmal\u0131d\u0131r. 8-10 saat s\u00fcre ile sudan korunmas\u0131 gerekir.<\/p>      <\/div>\r\n    <\/div>\r\n  <\/div>\r\n\r\n  <div class=\"card \">\r\n    <div class=\"card-header p-0\" id=\"heading443\">\r\n      <h5 class=\"title collapsed\" data-bs-toggle=\"collapse\" data-bs-target=\"#collapse443\" aria-expanded=\"false\" aria-controls=\"collapse443\">\r\n        <span class=\"text\">Uyar\u0131lar ve \u00f6neriler<\/span>\r\n        <span class=\"accordion-controls-icon\"><svg class=\"e-font-icon-svg e-fas-chevron-down\" viewBox=\"0 0 448 512\" xmlns=\"http:\/\/www.w3.org\/2000\/svg\"><path d=\"M207.029 381.476L12.686 187.132c-9.373-9.373-9.373-24.569 0-33.941l22.667-22.667c9.357-9.357 24.522-9.375 33.901-.04L224 284.505l154.745-154.021c9.379-9.335 24.544-9.317 33.901.04l22.667 22.667c9.373 9.373 9.373 24.569 0 33.941L240.971 381.476c-9.373 9.372-24.569 9.372-33.942 0z\"><\/path><\/svg><\/span>\r\n      <\/h5>\r\n    <\/div>\r\n    <div id=\"collapse443\" class=\"collapse \" aria-labelledby=\"heading443\" data-bs-parent=\"#accordion-holder-157380\">\r\n      <div class=\"card-body\">\r\n              <\/div>\r\n    <\/div>\r\n  <\/div>\r\n\r\n  <div class=\"card \">\r\n    <div class=\"card-header p-0\" id=\"heading444\">\r\n      <h5 class=\"title collapsed\" data-bs-toggle=\"collapse\" data-bs-target=\"#collapse444\" aria-expanded=\"false\" aria-controls=\"collapse444\">\r\n        <span class=\"text\">Teknik dok\u00fcmanlar<\/span>\r\n        <span class=\"accordion-controls-icon\"><svg class=\"e-font-icon-svg e-fas-chevron-down\" viewBox=\"0 0 448 512\" xmlns=\"http:\/\/www.w3.org\/2000\/svg\"><path d=\"M207.029 381.476L12.686 187.132c-9.373-9.373-9.373-24.569 0-33.941l22.667-22.667c9.357-9.357 24.522-9.375 33.901-.04L224 284.505l154.745-154.021c9.379-9.335 24.544-9.317 33.901.04l22.667 22.667c9.373 9.373 9.373 24.569 0 33.941L240.971 381.476c-9.373 9.372-24.569 9.372-33.942 0z\"><\/path><\/svg><\/span>\r\n      <\/h5>\r\n    <\/div>\r\n    <div id=\"collapse444\" class=\"collapse \" aria-labelledby=\"heading444\" data-bs-parent=\"#accordion-holder-157380\">\r\n      <div class=\"card-body\">\r\n              <\/div>\r\n    <\/div>\r\n  <\/div>\r\n\t\t<\/div>\r\n\t\t\t<\/div>\n\t\t\t\t<\/div>\n\t\t\t\t<\/div>\n\t\t\t\t<\/div>\n\t\t","protected":false},"excerpt":{"rendered":"<p><span>Tamamen Kau\u00e7uk malzemeden yap\u0131lm\u0131\u015f olan k\u00fc\u00e7\u00fckba\u015f ve b\u00fcy\u00fckba\u015f hayvanlar i\u00e7in \u00fcretilen hayvan yataklar\u0131n\u0131n zemine yap\u0131\u015ft\u0131r\u0131lmas\u0131 i\u00e7in kullan\u0131lan poli\u00fcretan yap\u0131\u015ft\u0131r\u0131c\u0131 \u00fcr\u00fcn\u00fcd\u00fcr.Siyah rengiyle \u00fcr\u00fcnle b\u00fct\u00fcnl\u00fck sa\u011flar.Y\u00fcksek amonyak dayan\u0131m\u0131 ile uzun y\u0131llar i\u015flevini yitirmez.<\/span><\/p>\n","protected":false},"featured_media":49327,"template":"","meta":{"om_disable_all_campaigns":false},"product_cat":[62],"product_tag":[],"_links":{"self":[{"href":"https:\/\/www.kenncoat.com\/TR\/wp-json\/wp\/v2\/product\/49311"}],"collection":[{"href":"https:\/\/www.kenncoat.com\/TR\/wp-json\/wp\/v2\/product"}],"about":[{"href":"https:\/\/www.kenncoat.com\/TR\/wp-json\/wp\/v2\/types\/product"}],"version-history":[{"count":12,"href":"https:\/\/www.kenncoat.com\/TR\/wp-json\/wp\/v2\/product\/49311\/revisions"}],"predecessor-version":[{"id":49844,"href":"https:\/\/www.kenncoat.com\/TR\/wp-json\/wp\/v2\/product\/49311\/revisions\/49844"}],"wp:featuredmedia":[{"embeddable":true,"href":"https:\/\/www.kenncoat.com\/TR\/wp-json\/wp\/v2\/media\/49327"}],"wp:attachment":[{"href":"https:\/\/www.kenncoat.com\/TR\/wp-json\/wp\/v2\/media?parent=49311"}],"wp:term":[{"taxonomy":"product_cat","embeddable":true,"href":"https:\/\/www.kenncoat.com\/TR\/wp-json\/wp\/v2\/product_cat?post=49311"},{"taxonomy":"product_tag","embeddable":true,"href":"https:\/\/www.kenncoat.com\/TR\/wp-json\/wp\/v2\/product_tag?post=49311"}],"curies":[{"name":"wp","href":"https:\/\/api.w.org\/{rel}","templated":true}]}}