{"id":49308,"date":"2024-03-23T16:50:09","date_gmt":"2024-03-23T16:50:09","guid":{"rendered":"https:\/\/www.kenncoat.com\/TR\/?post_type=product&#038;p=49308"},"modified":"2024-06-12T13:20:10","modified_gmt":"2024-06-12T13:20:10","slug":"geo-membran-yapistiricisi","status":"publish","type":"product","link":"https:\/\/www.kenncoat.com\/TR\/product\/geo-membran-yapistiricisi\/","title":{"rendered":"GEO MEMBRAN YAPI\u015eTIRICISI"},"content":{"rendered":"\t\t<div data-elementor-type=\"product-post\" data-elementor-id=\"49308\" class=\"elementor elementor-49308\" data-elementor-post-type=\"product\">\n\t\t\t\t<div class=\"elementor-element elementor-element-25b8cf2d e-flex e-con-boxed e-con e-parent\" data-id=\"25b8cf2d\" data-element_type=\"container\" data-settings=\"{&quot;content_width&quot;:&quot;boxed&quot;}\" data-core-v316-plus=\"true\">\n\t\t\t\t\t<div class=\"e-con-inner\">\n\t\t\t\t<div class=\"elementor-element elementor-element-6d9c5794 elementor-widget elementor-widget-text-editor\" data-id=\"6d9c5794\" data-element_type=\"widget\" data-widget_type=\"text-editor.default\">\n\t\t\t\t<div class=\"elementor-widget-container\">\n\t\t\t<style>\/*! elementor - v3.19.0 - 28-02-2024 *\/\n.elementor-widget-text-editor.elementor-drop-cap-view-stacked .elementor-drop-cap{background-color:#69727d;color:#fff}.elementor-widget-text-editor.elementor-drop-cap-view-framed .elementor-drop-cap{color:#69727d;border:3px solid;background-color:transparent}.elementor-widget-text-editor:not(.elementor-drop-cap-view-default) .elementor-drop-cap{margin-top:8px}.elementor-widget-text-editor:not(.elementor-drop-cap-view-default) .elementor-drop-cap-letter{width:1em;height:1em}.elementor-widget-text-editor .elementor-drop-cap{float:left;text-align:center;line-height:1;font-size:50px}.elementor-widget-text-editor .elementor-drop-cap-letter{display:inline-block}<\/style>\t\t\t\t<p><span>Y\u00fcksek yo\u011funluklu polietilenden imal edilen, d\u00fczenli kat\u0131 at\u0131k depolama sahalar\u0131, maden at\u0131k depolama sahalar\u0131, asit havuzlar\u0131, tank sahalar\u0131, g\u00f6let ve sulama kanallar\u0131 gibi projelerde, ge\u00e7irimsizli\u011fi sa\u011flayan geomembrani\u00e7in \u00f6zellikle birle\u015fim yerlerinde s\u0131z\u0131nt\u0131y\u0131 \u00f6nlemesi amac\u0131yla \u00fcretilen poli\u00fcretan yap\u0131\u015ft\u0131r\u0131c\u0131 \u00fcr\u00fcn\u00fcd\u00fcr.<\/span><\/p>\t\t\t\t\t\t<\/div>\n\t\t\t\t<\/div>\n\t\t\t\t\t<\/div>\n\t\t\t\t<\/div>\n\t\t<div class=\"elementor-element elementor-element-298c3c2 e-con-full e-flex e-con e-parent\" data-id=\"298c3c2\" data-element_type=\"container\" data-settings=\"{&quot;content_width&quot;:&quot;full&quot;}\" data-core-v316-plus=\"true\">\n\t\t\t\t<div class=\"elementor-element elementor-element-957a19c elementor-widget elementor-widget-tm-ele-accordion\" data-id=\"957a19c\" data-element_type=\"widget\" data-widget_type=\"tm-ele-accordion.skin-gradient\">\n\t\t\t\t<div class=\"elementor-widget-container\">\n\t\t\t\t\t<div id=\"accordion-holder-345067\" class=\"tm-accordion skin-gradient\">\r\n\t\r\n  <div class=\"card active\">\r\n    <div class=\"card-header p-0\" id=\"heading111\">\r\n      <h5 class=\"title \" data-bs-toggle=\"collapse\" data-bs-target=\"#collapse111\" aria-expanded=\"true\" aria-controls=\"collapse111\">\r\n        <span class=\"text\">\u00dcr\u00fcn bilgileri<\/span>\r\n        <span class=\"accordion-controls-icon\"><svg class=\"e-font-icon-svg e-fas-chevron-down\" viewBox=\"0 0 448 512\" xmlns=\"http:\/\/www.w3.org\/2000\/svg\"><path d=\"M207.029 381.476L12.686 187.132c-9.373-9.373-9.373-24.569 0-33.941l22.667-22.667c9.357-9.357 24.522-9.375 33.901-.04L224 284.505l154.745-154.021c9.379-9.335 24.544-9.317 33.901.04l22.667 22.667c9.373 9.373 9.373 24.569 0 33.941L240.971 381.476c-9.373 9.372-24.569 9.372-33.942 0z\"><\/path><\/svg><\/span>\r\n      <\/h5>\r\n    <\/div>\r\n    <div id=\"collapse111\" class=\"collapse show\" aria-labelledby=\"heading111\" data-bs-parent=\"#accordion-holder-345067\">\r\n      <div class=\"card-body\">\r\n        <p><strong>Fiziksel durum-<\/strong> viskoz s\u0131v\u0131<br \/><strong>Renk -\u00a0<\/strong>Beyaz<br \/><strong>\u00d6nerilen Kullan\u0131m \u015eekli-<\/strong> 1-1,1 kg \/ m\u00b2<br \/><strong>A\u011f\u0131rl\u0131k\u00e7a Kar\u0131\u015f\u0131m Oran\u0131<\/strong>\u00a0- (A: B) 21: 4<br \/><strong>\u0130lk Kuruma S\u00fcresi<\/strong>\u00a0- 8 saat<br \/><strong>Kar\u0131\u015f\u0131m \u00f6mr\u00fc -\u00a0<\/strong>20-30 dak<br \/><strong>Tam k\u00fcrlenme<\/strong>\u00a0- 7 g\u00fcn<\/p><p><strong>Ambalaj -<\/strong> 21 A\u00a0\u00a0+ 4 B bile\u015feni (metal )<\/p>      <\/div>\r\n    <\/div>\r\n  <\/div>\r\n\r\n  <div class=\"card \">\r\n    <div class=\"card-header p-0\" id=\"heading112\">\r\n      <h5 class=\"title collapsed\" data-bs-toggle=\"collapse\" data-bs-target=\"#collapse112\" aria-expanded=\"false\" aria-controls=\"collapse112\">\r\n        <span class=\"text\">Uygulama<\/span>\r\n        <span class=\"accordion-controls-icon\"><svg class=\"e-font-icon-svg e-fas-chevron-down\" viewBox=\"0 0 448 512\" xmlns=\"http:\/\/www.w3.org\/2000\/svg\"><path d=\"M207.029 381.476L12.686 187.132c-9.373-9.373-9.373-24.569 0-33.941l22.667-22.667c9.357-9.357 24.522-9.375 33.901-.04L224 284.505l154.745-154.021c9.379-9.335 24.544-9.317 33.901.04l22.667 22.667c9.373 9.373 9.373 24.569 0 33.941L240.971 381.476c-9.373 9.372-24.569 9.372-33.942 0z\"><\/path><\/svg><\/span>\r\n      <\/h5>\r\n    <\/div>\r\n    <div id=\"collapse112\" class=\"collapse \" aria-labelledby=\"heading112\" data-bs-parent=\"#accordion-holder-345067\">\r\n      <div class=\"card-body\">\r\n        <p>Kar\u0131\u015ft\u0131rma i\u015flemine ba\u015flamadan \u00f6nce \u00fcr\u00fcn s\u0131cakl\u0131klar\u0131n\u0131n + 15\u2070C ile + 25\u2070C aras\u0131nda oldu\u011fundan emin olunuz. Kar\u0131\u015ft\u0131rmadan \u00f6nce, A ve B bile\u015fenlerini mekanik bir matkapla ayr\u0131 ayr\u0131 kar\u0131\u015ft\u0131r\u0131n ve \u00e7ok d\u00fc\u015f\u00fck h\u0131zda k\u00fcrek \u00e7ekin. B bile\u015fenini yava\u015f yava\u015f bile\u015fen A'ya ekleyin ve homojen bir k\u0131vama gelene kadar kar\u0131\u015ft\u0131r\u0131n (Yakla\u015f\u0131k 3 dakika). \u0130\u00e7eri\u011fi temiz bir kaba bo\u015falt\u0131n ve birka\u00e7 dakika daha kar\u0131\u015ft\u0131r\u0131n. L\u00fctfen y\u00fcksek h\u0131zda kar\u0131\u015ft\u0131rmaktan ka\u00e7\u0131n\u0131n\u0131z ve uygulama i\u015flemi s\u0131ras\u0131nda kar\u0131\u015f\u0131ma solvent vb. \u0130lave etmeyiniz.<br \/>A\u015f\u0131r\u0131 \u0131s\u0131 veya r\u00fczgar, ya\u011fmur ve \/ veya ortam ve \/ veya y\u00fczey s\u0131cakl\u0131\u011f\u0131n\u0131n + 10\u2070C'nin alt\u0131nda veya + 30\u2070C'nin \u00fczerinde oldu\u011fu durumlarda uygulama yapmaktan ka\u00e7\u0131n\u0131lmal\u0131d\u0131r. A\u015f\u0131r\u0131 so\u011fuk ko\u015fullarda, ortam\u0131n ve \u00fcr\u00fcn\u00fcn i\u015flenebilirli\u011finin art\u0131r\u0131lmas\u0131 i\u00e7in \u0131s\u0131t\u0131c\u0131lar kullan\u0131lmal\u0131d\u0131r.<br \/>Kar\u0131\u015ft\u0131rma i\u015fleminden sonra f\u0131r\u00e7a, rulo, mala veya gelberi ile y\u00fczeye uygulanabilir. Birle\u015fim max. Yakla\u015f\u0131k + 20\u2070C'de 20 dakika. Maksimum mekanik ve kimyasal direncine ula\u015fmak i\u00e7in \u00fcr\u00fcn minimum 7 g\u00fcnde tamamen k\u00fcrlenmi\u015f olacakt\u0131r. D\u00fc\u015f\u00fck s\u0131cakl\u0131klarda reaksiyon s\u00fcreleri daha uzundur ve bu da kap \u00f6mr\u00fcn\u00fc, kaplama aral\u0131\u011f\u0131n\u0131 ve \u00e7al\u0131\u015fma s\u00fcresini uzat\u0131r. Y\u00fcksek s\u0131cakl\u0131klar kimyasal reaksiyonlar\u0131 art\u0131r\u0131r ve yukar\u0131da belirtilen s\u00fcre buna ba\u011fl\u0131 olarak k\u0131sal\u0131r. Uygulama sonras\u0131 malzeme en az 24 saat su ile direkt temastan korunmal\u0131d\u0131r. Bu s\u00fcre i\u00e7inde, su ile temas y\u00fczeyde kabarc\u0131k olu\u015fumuna, karbonatla\u015fmaya ve \/ veya y\u00fczey yap\u0131\u015fkanl\u0131\u011f\u0131na neden olabilir ve bunlar\u0131n her ikisinin de giderilmesi gerekir. Bu gibi durumlarda kaplaman\u0131n tamam\u0131 zeminden kald\u0131r\u0131lmal\u0131 ve yenilenmelidir.<\/p>      <\/div>\r\n    <\/div>\r\n  <\/div>\r\n\r\n  <div class=\"card \">\r\n    <div class=\"card-header p-0\" id=\"heading113\">\r\n      <h5 class=\"title collapsed\" data-bs-toggle=\"collapse\" data-bs-target=\"#collapse113\" aria-expanded=\"false\" aria-controls=\"collapse113\">\r\n        <span class=\"text\">Uyar\u0131lar ve \u00f6neriler<\/span>\r\n        <span class=\"accordion-controls-icon\"><svg class=\"e-font-icon-svg e-fas-chevron-down\" viewBox=\"0 0 448 512\" xmlns=\"http:\/\/www.w3.org\/2000\/svg\"><path d=\"M207.029 381.476L12.686 187.132c-9.373-9.373-9.373-24.569 0-33.941l22.667-22.667c9.357-9.357 24.522-9.375 33.901-.04L224 284.505l154.745-154.021c9.379-9.335 24.544-9.317 33.901.04l22.667 22.667c9.373 9.373 9.373 24.569 0 33.941L240.971 381.476c-9.373 9.372-24.569 9.372-33.942 0z\"><\/path><\/svg><\/span>\r\n      <\/h5>\r\n    <\/div>\r\n    <div id=\"collapse113\" class=\"collapse \" aria-labelledby=\"heading113\" data-bs-parent=\"#accordion-holder-345067\">\r\n      <div class=\"card-body\">\r\n              <\/div>\r\n    <\/div>\r\n  <\/div>\r\n\r\n  <div class=\"card \">\r\n    <div class=\"card-header p-0\" id=\"heading114\">\r\n      <h5 class=\"title collapsed\" data-bs-toggle=\"collapse\" data-bs-target=\"#collapse114\" aria-expanded=\"false\" aria-controls=\"collapse114\">\r\n        <span class=\"text\">Teknik dok\u00fcmanlar<\/span>\r\n        <span class=\"accordion-controls-icon\"><svg class=\"e-font-icon-svg e-fas-chevron-down\" viewBox=\"0 0 448 512\" xmlns=\"http:\/\/www.w3.org\/2000\/svg\"><path d=\"M207.029 381.476L12.686 187.132c-9.373-9.373-9.373-24.569 0-33.941l22.667-22.667c9.357-9.357 24.522-9.375 33.901-.04L224 284.505l154.745-154.021c9.379-9.335 24.544-9.317 33.901.04l22.667 22.667c9.373 9.373 9.373 24.569 0 33.941L240.971 381.476c-9.373 9.372-24.569 9.372-33.942 0z\"><\/path><\/svg><\/span>\r\n      <\/h5>\r\n    <\/div>\r\n    <div id=\"collapse114\" class=\"collapse \" aria-labelledby=\"heading114\" data-bs-parent=\"#accordion-holder-345067\">\r\n      <div class=\"card-body\">\r\n              <\/div>\r\n    <\/div>\r\n  <\/div>\r\n\t\t<\/div>\r\n\t\t\t<\/div>\n\t\t\t\t<\/div>\n\t\t\t\t<\/div>\n\t\t\t\t<\/div>\n\t\t","protected":false},"excerpt":{"rendered":"<ul>\n<li><span>Y\u00fcksek yo\u011funluklu polietilenden imal edilen, d\u00fczenli kat\u0131 at\u0131k depolama sahalar\u0131, maden at\u0131k depolama sahalar\u0131, asit havuzlar\u0131, tank sahalar\u0131, g\u00f6let ve sulama kanallar\u0131 gibi projelerde, ge\u00e7irimsizli\u011fi sa\u011flayan geomembrani\u00e7in \u00f6zellikle birle\u015fim yerlerinde s\u0131z\u0131nt\u0131y\u0131 \u00f6nlemesi amac\u0131yla \u00fcretilen poli\u00fcretan yap\u0131\u015ft\u0131r\u0131c\u0131 \u00fcr\u00fcn\u00fcd\u00fcr.<\/span><\/li>\n<\/ul>\n","protected":false},"featured_media":49309,"template":"","meta":{"om_disable_all_campaigns":false},"product_cat":[62],"product_tag":[],"_links":{"self":[{"href":"https:\/\/www.kenncoat.com\/TR\/wp-json\/wp\/v2\/product\/49308"}],"collection":[{"href":"https:\/\/www.kenncoat.com\/TR\/wp-json\/wp\/v2\/product"}],"about":[{"href":"https:\/\/www.kenncoat.com\/TR\/wp-json\/wp\/v2\/types\/product"}],"version-history":[{"count":11,"href":"https:\/\/www.kenncoat.com\/TR\/wp-json\/wp\/v2\/product\/49308\/revisions"}],"predecessor-version":[{"id":49847,"href":"https:\/\/www.kenncoat.com\/TR\/wp-json\/wp\/v2\/product\/49308\/revisions\/49847"}],"wp:featuredmedia":[{"embeddable":true,"href":"https:\/\/www.kenncoat.com\/TR\/wp-json\/wp\/v2\/media\/49309"}],"wp:attachment":[{"href":"https:\/\/www.kenncoat.com\/TR\/wp-json\/wp\/v2\/media?parent=49308"}],"wp:term":[{"taxonomy":"product_cat","embeddable":true,"href":"https:\/\/www.kenncoat.com\/TR\/wp-json\/wp\/v2\/product_cat?post=49308"},{"taxonomy":"product_tag","embeddable":true,"href":"https:\/\/www.kenncoat.com\/TR\/wp-json\/wp\/v2\/product_tag?post=49308"}],"curies":[{"name":"wp","href":"https:\/\/api.w.org\/{rel}","templated":true}]}}