{"id":49300,"date":"2024-03-23T16:13:08","date_gmt":"2024-03-23T16:13:08","guid":{"rendered":"https:\/\/www.kenncoat.com\/TR\/?post_type=product&#038;p=49300"},"modified":"2024-06-12T13:06:53","modified_gmt":"2024-06-12T13:06:53","slug":"epdm-granul","status":"publish","type":"product","link":"https:\/\/www.kenncoat.com\/TR\/product\/epdm-granul\/","title":{"rendered":"EPDM GRAN\u00dcL"},"content":{"rendered":"\t\t<div data-elementor-type=\"product-post\" data-elementor-id=\"49300\" class=\"elementor elementor-49300\" data-elementor-post-type=\"product\">\n\t\t\t\t<div class=\"elementor-element elementor-element-25b8cf2d e-flex e-con-boxed e-con e-parent\" data-id=\"25b8cf2d\" data-element_type=\"container\" data-settings=\"{&quot;content_width&quot;:&quot;boxed&quot;}\" data-core-v316-plus=\"true\">\n\t\t\t\t\t<div class=\"e-con-inner\">\n\t\t\t\t<div class=\"elementor-element elementor-element-6d9c5794 elementor-widget elementor-widget-text-editor\" data-id=\"6d9c5794\" data-element_type=\"widget\" data-widget_type=\"text-editor.default\">\n\t\t\t\t<div class=\"elementor-widget-container\">\n\t\t\t<style>\/*! elementor - v3.19.0 - 28-02-2024 *\/\n.elementor-widget-text-editor.elementor-drop-cap-view-stacked .elementor-drop-cap{background-color:#69727d;color:#fff}.elementor-widget-text-editor.elementor-drop-cap-view-framed .elementor-drop-cap{color:#69727d;border:3px solid;background-color:transparent}.elementor-widget-text-editor:not(.elementor-drop-cap-view-default) .elementor-drop-cap{margin-top:8px}.elementor-widget-text-editor:not(.elementor-drop-cap-view-default) .elementor-drop-cap-letter{width:1em;height:1em}.elementor-widget-text-editor .elementor-drop-cap{float:left;text-align:center;line-height:1;font-size:50px}.elementor-widget-text-editor .elementor-drop-cap-letter{display:inline-block}<\/style>\t\t\t\t<p>\u2022 Voleybol, Basketbol, Tenis kortu zeminleri,<\/p><p>\u2022 \u00c7ok Ama\u00e7l\u0131 spor salonlar\u0131,<\/p><p>\u2022 Fitnes ve GYM Merkezleri,<\/p><p>\u2022 \u00c7ocuk oyun alanlar\u0131,<\/p><p>\u2022 Binalarda ses yal\u0131t\u0131m\u0131 i\u00e7in beton \u00fcst\u00fc veya alt\u0131 uygulama,<\/p><p>\u2022 At\u0131\u015f poligonlar\u0131,<\/p><p>\u2022 Rehabilitasyon ve kondisyon merkezleri,<\/p><p>\u2022 Anaokulu ve kre\u015fler,<\/p><p>\u2022 Ah\u0131r ve padoklar i\u00e7in hayvan yata\u011f\u0131,<\/p><p>\u2022 Y\u00fcr\u00fcy\u00fc\u015f ve bisiklet yollar\u0131,<\/p><p>\u2022 Islak zeminler.<\/p><p><strong>EPDM kau\u00e7uk<\/strong>, spor salonlar\u0131ndan, bisiklet yollar\u0131na, elektrik kablolalar\u0131ndan, hortum yap\u0131m\u0131na \u00a0kadar asl\u0131nda herkesin kar\u015f\u0131la\u015ft\u0131\u011f\u0131 bir polimer t\u00fcr\u00fcd\u00fcr. Spor alanlar\u0131nda EPDM kau\u00e7u\u011fun kullan\u0131m\u0131 <strong>1<\/strong><strong>-3mm \u00e7ap\u0131ndaki gran\u00fcl\u00a0<\/strong>par\u00e7alar\u0131 \u015feklindedir. Bu gran\u00fcller \u00f6zel bir yap\u0131\u015ft\u0131r\u0131c\u0131 olan \u201c<strong>EPDM binder<\/strong>\u201d ile birle\u015ftirilir.\u00a0<strong>Epdm\u2019nin a\u00e7\u0131l\u0131m\u0131<\/strong>, etilen propilen kau\u00e7u\u011fudur.<\/p>\t\t\t\t\t\t<\/div>\n\t\t\t\t<\/div>\n\t\t\t\t\t<\/div>\n\t\t\t\t<\/div>\n\t\t<div class=\"elementor-element elementor-element-298c3c2 e-con-full e-flex e-con e-parent\" data-id=\"298c3c2\" data-element_type=\"container\" data-settings=\"{&quot;content_width&quot;:&quot;full&quot;}\" data-core-v316-plus=\"true\">\n\t\t\t\t<div class=\"elementor-element elementor-element-957a19c elementor-widget elementor-widget-tm-ele-accordion\" data-id=\"957a19c\" data-element_type=\"widget\" data-widget_type=\"tm-ele-accordion.skin-gradient\">\n\t\t\t\t<div class=\"elementor-widget-container\">\n\t\t\t\t\t<div id=\"accordion-holder-893238\" class=\"tm-accordion skin-gradient\">\r\n\t\r\n  <div class=\"card active\">\r\n    <div class=\"card-header p-0\" id=\"heading561\">\r\n      <h5 class=\"title \" data-bs-toggle=\"collapse\" data-bs-target=\"#collapse561\" aria-expanded=\"true\" aria-controls=\"collapse561\">\r\n        <span class=\"text\">\u00dcr\u00fcn bilgileri<\/span>\r\n        <span class=\"accordion-controls-icon\"><svg class=\"e-font-icon-svg e-fas-chevron-down\" viewBox=\"0 0 448 512\" xmlns=\"http:\/\/www.w3.org\/2000\/svg\"><path d=\"M207.029 381.476L12.686 187.132c-9.373-9.373-9.373-24.569 0-33.941l22.667-22.667c9.357-9.357 24.522-9.375 33.901-.04L224 284.505l154.745-154.021c9.379-9.335 24.544-9.317 33.901.04l22.667 22.667c9.373 9.373 9.373 24.569 0 33.941L240.971 381.476c-9.373 9.372-24.569 9.372-33.942 0z\"><\/path><\/svg><\/span>\r\n      <\/h5>\r\n    <\/div>\r\n    <div id=\"collapse561\" class=\"collapse show\" aria-labelledby=\"heading561\" data-bs-parent=\"#accordion-holder-893238\">\r\n      <div class=\"card-body\">\r\n        <div class=\"tab-pane fade active show\" id=\"nav-home\" role=\"tabpanel\" aria-labelledby=\"nav-home-tab\"><p>Esnek ve dayan\u0131kl\u0131d\u0131r<\/p><p>Uzama kat say\u0131s\u0131 y\u00fcksektir.<\/p><p>EPDM gran\u00fcller ba\u011flay\u0131c\u0131 ile kar\u0131\u015ft\u0131r\u0131larak dayan\u0131m\u0131 artt\u0131r\u0131lmaktad\u0131r.<\/p><p>EPDM gran\u00fcllerle uygulama yap\u0131ld\u0131\u011f\u0131nda zeminler uzun \u00f6m\u00fcrl\u00fc ve esnek olurlar.<\/p><p>EPDM gran\u00fcller yumu\u015fakt\u0131r ve ba\u011flay\u0131c\u0131 kar\u0131\u015ft\u0131ktan sonra yumu\u015fakl\u0131\u011f\u0131 azalmaz esnek olmaya devam eder.<\/p><p>UV \u0131\u015f\u0131nlar\u0131na maruz kald\u0131\u011f\u0131nda sertle\u015fmez ve renginde sararma solma olmaz.<\/p><p>Epdm K\u00f6t\u00fc koku i\u00e7ermez,<\/p><p>Avrupa standartlar\u0131ndad\u0131r ve kalitemiz Avrupal\u0131 spor laboratuvarlar\u0131 taraf\u0131ndan tescillenmi\u015ftir.<\/p><p>K\u00f6t\u00fc hava \u015fartlar\u0131na dayan\u0131kl\u0131, s\u0131cak, so\u011fuk hava de\u011fi\u015fimlerine uyumludur.<\/p><p>A\u015f\u0131nmalara kar\u015f\u0131 dayan\u0131kl\u0131d\u0131r.<\/p><p>Ya\u011fmurdan sonra Epdm y\u00fczeyinde su kalmaz, su ge\u00e7irgenli\u011fine sahiptir, kayma yapmaz.<\/p><p>Epdm y\u00fczey temizli\u011fi pratiktir.<\/p><p>Ambalaj- 25 kg<\/p><\/div>      <\/div>\r\n    <\/div>\r\n  <\/div>\r\n\r\n  <div class=\"card \">\r\n    <div class=\"card-header p-0\" id=\"heading562\">\r\n      <h5 class=\"title collapsed\" data-bs-toggle=\"collapse\" data-bs-target=\"#collapse562\" aria-expanded=\"false\" aria-controls=\"collapse562\">\r\n        <span class=\"text\">Uygulama<\/span>\r\n        <span class=\"accordion-controls-icon\"><svg class=\"e-font-icon-svg e-fas-chevron-down\" viewBox=\"0 0 448 512\" xmlns=\"http:\/\/www.w3.org\/2000\/svg\"><path d=\"M207.029 381.476L12.686 187.132c-9.373-9.373-9.373-24.569 0-33.941l22.667-22.667c9.357-9.357 24.522-9.375 33.901-.04L224 284.505l154.745-154.021c9.379-9.335 24.544-9.317 33.901.04l22.667 22.667c9.373 9.373 9.373 24.569 0 33.941L240.971 381.476c-9.373 9.372-24.569 9.372-33.942 0z\"><\/path><\/svg><\/span>\r\n      <\/h5>\r\n    <\/div>\r\n    <div id=\"collapse562\" class=\"collapse \" aria-labelledby=\"heading562\" data-bs-parent=\"#accordion-holder-893238\">\r\n      <div class=\"card-body\">\r\n        <div class=\"tab-pane fade active show\" id=\"nav-profile\" role=\"tabpanel\" aria-labelledby=\"nav-profile-tab\"><h2>UYGULAMA<\/h2><p>1- EPDM D\u00f6kme Kau\u00e7uk zemin kaplamas\u0131 beton zeminin d\u00fczg\u00fcn \u015fekilde temizlenmesinin ard\u0131ndan uygulama a\u015famas\u0131na ge\u00e7ilir. Temizlenen y\u00fczeye bir kat primer(astar) uygulamas\u0131 yap\u0131l\u0131r. Bu uygulama, beton zeminle \u00fcst katman da at\u0131lan sbr kau\u00e7uk \u00fcr\u00fcn\u00fcn\u00fcn birbirine s\u0131k\u0131ca ba\u011flanmas\u0131n\u0131 sa\u011flar<\/p><p>2- Primer (astar) uygulamas\u0131n\u0131n ard\u0131ndan, Mikser vas\u0131tas\u0131yla SBR kau\u00e7uk gran\u00fcllerle uygun oranda poli\u00fcretan BINDER kar\u0131\u015ft\u0131r\u0131l\u0131r. Bu kar\u0131\u015f\u0131m primer (astar) uygulamas\u0131n\u0131n \u00fczerine istenilen kal\u0131nl\u0131kta serilir. Bu uygulaman\u0131n k\u00fcrle\u015fme s\u00fcresi ortalama 12 saattir.<\/p><p>3- \u0130stenilen kal\u0131nl\u0131kta at\u0131lan SBR kau\u00e7uk gran\u00fcl\u00fcn \u00fczerine mikserde kar\u0131\u015ft\u0131r\u0131lan EPDM ve Poli\u00fcretan BINDER kar\u0131\u015f\u0131m\u0131 uygulan\u0131r. Bu uygulama istenilen renk ve desenlerde yap\u0131l\u0131r. Hayal edilen ve tasarlanan zemin ger\u00e7e\u011fe d\u00f6n\u00fc\u015ft\u00fcr\u00fcl\u00fcr.<\/p><p>4- EPDM \u00fcr\u00fcnler atletizm pistlerinde ko\u015fu yollar\u0131 gibi t\u00fcm tartan projelerinde kullan\u0131l\u0131r<\/p><\/div>      <\/div>\r\n    <\/div>\r\n  <\/div>\r\n\r\n  <div class=\"card \">\r\n    <div class=\"card-header p-0\" id=\"heading563\">\r\n      <h5 class=\"title collapsed\" data-bs-toggle=\"collapse\" data-bs-target=\"#collapse563\" aria-expanded=\"false\" aria-controls=\"collapse563\">\r\n        <span class=\"text\">Uyar\u0131lar ve \u00f6neriler<\/span>\r\n        <span class=\"accordion-controls-icon\"><svg class=\"e-font-icon-svg e-fas-chevron-down\" viewBox=\"0 0 448 512\" xmlns=\"http:\/\/www.w3.org\/2000\/svg\"><path d=\"M207.029 381.476L12.686 187.132c-9.373-9.373-9.373-24.569 0-33.941l22.667-22.667c9.357-9.357 24.522-9.375 33.901-.04L224 284.505l154.745-154.021c9.379-9.335 24.544-9.317 33.901.04l22.667 22.667c9.373 9.373 9.373 24.569 0 33.941L240.971 381.476c-9.373 9.372-24.569 9.372-33.942 0z\"><\/path><\/svg><\/span>\r\n      <\/h5>\r\n    <\/div>\r\n    <div id=\"collapse563\" class=\"collapse \" aria-labelledby=\"heading563\" data-bs-parent=\"#accordion-holder-893238\">\r\n      <div class=\"card-body\">\r\n              <\/div>\r\n    <\/div>\r\n  <\/div>\r\n\r\n  <div class=\"card \">\r\n    <div class=\"card-header p-0\" id=\"heading564\">\r\n      <h5 class=\"title collapsed\" data-bs-toggle=\"collapse\" data-bs-target=\"#collapse564\" aria-expanded=\"false\" aria-controls=\"collapse564\">\r\n        <span class=\"text\">Teknik dok\u00fcmanlar<\/span>\r\n        <span class=\"accordion-controls-icon\"><svg class=\"e-font-icon-svg e-fas-chevron-down\" viewBox=\"0 0 448 512\" xmlns=\"http:\/\/www.w3.org\/2000\/svg\"><path d=\"M207.029 381.476L12.686 187.132c-9.373-9.373-9.373-24.569 0-33.941l22.667-22.667c9.357-9.357 24.522-9.375 33.901-.04L224 284.505l154.745-154.021c9.379-9.335 24.544-9.317 33.901.04l22.667 22.667c9.373 9.373 9.373 24.569 0 33.941L240.971 381.476c-9.373 9.372-24.569 9.372-33.942 0z\"><\/path><\/svg><\/span>\r\n      <\/h5>\r\n    <\/div>\r\n    <div id=\"collapse564\" class=\"collapse \" aria-labelledby=\"heading564\" data-bs-parent=\"#accordion-holder-893238\">\r\n      <div class=\"card-body\">\r\n              <\/div>\r\n    <\/div>\r\n  <\/div>\r\n\t\t<\/div>\r\n\t\t\t<\/div>\n\t\t\t\t<\/div>\n\t\t\t\t<\/div>\n\t\t\t\t<\/div>\n\t\t","protected":false},"excerpt":{"rendered":"<ul>\n<li>Tartan pistleri i\u00e7in gran\u00fcl kau\u00e7uklar kullan\u0131l\u0131r<\/li>\n<li>Karo, parke ve rulo kau\u00e7uk zeminler yap\u0131m\u0131nda kullan\u0131l\u0131r<\/li>\n<li>Basketbol sahas\u0131 zeminleri yap\u0131m\u0131nda kullan\u0131lmaktad\u0131r<\/li>\n<li>Tenis kortu zeminleri yap\u0131m\u0131nda s\u0131k\u00e7a tercih edilir<\/li>\n<li>\u00c7ocuk oyun alanlar\u0131 zemilerinde esneklik sa\u011flamak i\u00e7in kullan\u0131l\u0131r<\/li>\n<\/ul>\n","protected":false},"featured_media":49306,"template":"","meta":{"om_disable_all_campaigns":false},"product_cat":[61],"product_tag":[],"_links":{"self":[{"href":"https:\/\/www.kenncoat.com\/TR\/wp-json\/wp\/v2\/product\/49300"}],"collection":[{"href":"https:\/\/www.kenncoat.com\/TR\/wp-json\/wp\/v2\/product"}],"about":[{"href":"https:\/\/www.kenncoat.com\/TR\/wp-json\/wp\/v2\/types\/product"}],"version-history":[{"count":11,"href":"https:\/\/www.kenncoat.com\/TR\/wp-json\/wp\/v2\/product\/49300\/revisions"}],"predecessor-version":[{"id":49787,"href":"https:\/\/www.kenncoat.com\/TR\/wp-json\/wp\/v2\/product\/49300\/revisions\/49787"}],"wp:featuredmedia":[{"embeddable":true,"href":"https:\/\/www.kenncoat.com\/TR\/wp-json\/wp\/v2\/media\/49306"}],"wp:attachment":[{"href":"https:\/\/www.kenncoat.com\/TR\/wp-json\/wp\/v2\/media?parent=49300"}],"wp:term":[{"taxonomy":"product_cat","embeddable":true,"href":"https:\/\/www.kenncoat.com\/TR\/wp-json\/wp\/v2\/product_cat?post=49300"},{"taxonomy":"product_tag","embeddable":true,"href":"https:\/\/www.kenncoat.com\/TR\/wp-json\/wp\/v2\/product_tag?post=49300"}],"curies":[{"name":"wp","href":"https:\/\/api.w.org\/{rel}","templated":true}]}}