{"id":49293,"date":"2024-03-23T16:11:16","date_gmt":"2024-03-23T16:11:16","guid":{"rendered":"https:\/\/www.kenncoat.com\/TR\/?post_type=product&#038;p=49293"},"modified":"2024-06-12T13:05:47","modified_gmt":"2024-06-12T13:05:47","slug":"sbr-kaucuk-rulo","status":"publish","type":"product","link":"https:\/\/www.kenncoat.com\/TR\/product\/sbr-kaucuk-rulo\/","title":{"rendered":"SBR KAU\u00c7UK RULO"},"content":{"rendered":"\t\t<div data-elementor-type=\"product-post\" data-elementor-id=\"49293\" class=\"elementor elementor-49293\" data-elementor-post-type=\"product\">\n\t\t\t\t<div class=\"elementor-element elementor-element-25b8cf2d e-flex e-con-boxed e-con e-parent\" data-id=\"25b8cf2d\" data-element_type=\"container\" data-settings=\"{&quot;content_width&quot;:&quot;boxed&quot;}\" data-core-v316-plus=\"true\">\n\t\t\t\t\t<div class=\"e-con-inner\">\n\t\t\t\t<div class=\"elementor-element elementor-element-6d9c5794 elementor-widget elementor-widget-text-editor\" data-id=\"6d9c5794\" data-element_type=\"widget\" data-widget_type=\"text-editor.default\">\n\t\t\t\t<div class=\"elementor-widget-container\">\n\t\t\t<style>\/*! elementor - v3.19.0 - 28-02-2024 *\/\n.elementor-widget-text-editor.elementor-drop-cap-view-stacked .elementor-drop-cap{background-color:#69727d;color:#fff}.elementor-widget-text-editor.elementor-drop-cap-view-framed .elementor-drop-cap{color:#69727d;border:3px solid;background-color:transparent}.elementor-widget-text-editor:not(.elementor-drop-cap-view-default) .elementor-drop-cap{margin-top:8px}.elementor-widget-text-editor:not(.elementor-drop-cap-view-default) .elementor-drop-cap-letter{width:1em;height:1em}.elementor-widget-text-editor .elementor-drop-cap{float:left;text-align:center;line-height:1;font-size:50px}.elementor-widget-text-editor .elementor-drop-cap-letter{display:inline-block}<\/style>\t\t\t\t<p>\u2022 Voleybol, Basketbol, Tenis kortu zeminleri,<\/p><p>\u2022 \u00c7ok Ama\u00e7l\u0131 spor salonlar\u0131,<\/p><p>\u2022 Fitnes ve GYM Merkezleri,<\/p><p>\u2022 \u00c7ocuk oyun alanlar\u0131,<\/p><p>\u2022 Binalarda ses yal\u0131t\u0131m\u0131 i\u00e7in beton \u00fcst\u00fc veya alt\u0131 uygulama,<\/p><p>\u2022 At\u0131\u015f poligonlar\u0131,<\/p><p>\u2022 Rehabilitasyon ve kondisyon merkezleri,<\/p><p>\u2022 Anaokulu ve kre\u015fler,<\/p><p>\u2022 Ah\u0131r ve padoklar i\u00e7in hayvan yata\u011f\u0131,<\/p><p>\u2022 Y\u00fcr\u00fcy\u00fc\u015f ve bisiklet yollar\u0131,<\/p><p>\u2022 Islak zeminler.<\/p><p><\/p><p>Geri d\u00f6n\u00fc\u015f\u00fcmden elde edilen SBR Kau\u00e7uk gran\u00fcllerin, polimer ba\u011flay\u0131c\u0131larla \u00f6zel mikserlerde kar\u0131\u015ft\u0131r\u0131l\u0131p, y\u00fcksek bas\u0131n\u00e7ta s\u0131k\u0131\u015ft\u0131r\u0131lmas\u0131 ile \u00fcretilir. Elde edilen silndirik malzeme istenilen kal\u0131nl\u0131k ve uzunlukta kesilir.<\/p>\t\t\t\t\t\t<\/div>\n\t\t\t\t<\/div>\n\t\t\t\t\t<\/div>\n\t\t\t\t<\/div>\n\t\t<div class=\"elementor-element elementor-element-298c3c2 e-con-full e-flex e-con e-parent\" data-id=\"298c3c2\" data-element_type=\"container\" data-settings=\"{&quot;content_width&quot;:&quot;full&quot;}\" data-core-v316-plus=\"true\">\n\t\t\t\t<div class=\"elementor-element elementor-element-957a19c elementor-widget elementor-widget-tm-ele-accordion\" data-id=\"957a19c\" data-element_type=\"widget\" data-widget_type=\"tm-ele-accordion.skin-gradient\">\n\t\t\t\t<div class=\"elementor-widget-container\">\n\t\t\t\t\t<div id=\"accordion-holder-912556\" class=\"tm-accordion skin-gradient\">\r\n\t\r\n  <div class=\"card active\">\r\n    <div class=\"card-header p-0\" id=\"heading811\">\r\n      <h5 class=\"title \" data-bs-toggle=\"collapse\" data-bs-target=\"#collapse811\" aria-expanded=\"true\" aria-controls=\"collapse811\">\r\n        <span class=\"text\">\u00dcr\u00fcn bilgileri<\/span>\r\n        <span class=\"accordion-controls-icon\"><svg class=\"e-font-icon-svg e-fas-chevron-down\" viewBox=\"0 0 448 512\" xmlns=\"http:\/\/www.w3.org\/2000\/svg\"><path d=\"M207.029 381.476L12.686 187.132c-9.373-9.373-9.373-24.569 0-33.941l22.667-22.667c9.357-9.357 24.522-9.375 33.901-.04L224 284.505l154.745-154.021c9.379-9.335 24.544-9.317 33.901.04l22.667 22.667c9.373 9.373 9.373 24.569 0 33.941L240.971 381.476c-9.373 9.372-24.569 9.372-33.942 0z\"><\/path><\/svg><\/span>\r\n      <\/h5>\r\n    <\/div>\r\n    <div id=\"collapse811\" class=\"collapse show\" aria-labelledby=\"heading811\" data-bs-parent=\"#accordion-holder-912556\">\r\n      <div class=\"card-body\">\r\n        <p><strong>Renk-<\/strong> Black\/Siyah<br \/><strong>Malzeme -<\/strong>\u0130ri taneli SBR+PU ba\u011flay\u0131c\u0131<br \/><strong>Sertlik Derecesi<\/strong>- 55-60 Shore A<br \/><strong>Uzama-<\/strong> % 13.49<br \/><strong>Kal\u0131nl\u0131k-<\/strong> 3mm ile 10mm aras\u0131 (\u00b1 %0.1)<br \/><strong>Kopma an\u0131ndaki uzama<\/strong> - % 8.1736<br \/><strong>Rulo Uzunlu\u011fu<\/strong> - 20m ( \u00b1 %1,5 )<br \/><strong>Kopma Mukavemeti<\/strong>-\u00a0 0.678 N\/mm<br \/><strong>Hacimsel A\u011f\u0131rl\u0131k<\/strong> ~ 0.9 (\u00b1 %0.1) gr\/cm3<br \/><strong>Dinamik rijitlik<\/strong> 63 \u00b1 MN\/m<br \/><strong>Vuru\u015f sesi yal\u0131t\u0131m s\u0131n\u0131f\u0131<\/strong>-26 db<br \/><strong>Vuru\u015f sesi emilimi<\/strong>-22 db<br \/><strong>Is\u0131 iletim kat say\u0131s\u0131<\/strong> - 0,12 w\/mk<br \/><strong>Yang\u0131n s\u0131n\u0131f\u0131<\/strong> - B2<\/p><p>125 cm geni\u015fli\u011finde kesilen rulolar 10-15 yada 20 metre uzunluklarda kesilerek rulo haline getirilir.<\/p>      <\/div>\r\n    <\/div>\r\n  <\/div>\r\n\r\n  <div class=\"card \">\r\n    <div class=\"card-header p-0\" id=\"heading812\">\r\n      <h5 class=\"title collapsed\" data-bs-toggle=\"collapse\" data-bs-target=\"#collapse812\" aria-expanded=\"false\" aria-controls=\"collapse812\">\r\n        <span class=\"text\">Uygulama<\/span>\r\n        <span class=\"accordion-controls-icon\"><svg class=\"e-font-icon-svg e-fas-chevron-down\" viewBox=\"0 0 448 512\" xmlns=\"http:\/\/www.w3.org\/2000\/svg\"><path d=\"M207.029 381.476L12.686 187.132c-9.373-9.373-9.373-24.569 0-33.941l22.667-22.667c9.357-9.357 24.522-9.375 33.901-.04L224 284.505l154.745-154.021c9.379-9.335 24.544-9.317 33.901.04l22.667 22.667c9.373 9.373 9.373 24.569 0 33.941L240.971 381.476c-9.373 9.372-24.569 9.372-33.942 0z\"><\/path><\/svg><\/span>\r\n      <\/h5>\r\n    <\/div>\r\n    <div id=\"collapse812\" class=\"collapse \" aria-labelledby=\"heading812\" data-bs-parent=\"#accordion-holder-912556\">\r\n      <div class=\"card-body\">\r\n        <div class=\"tab-pane fade active show\" id=\"nav-profile\" role=\"tabpanel\" aria-labelledby=\"nav-profile-tab\"><p>SBR KAU\u00c7UK RULO uygulamalar\u0131 kullan\u0131m amac\u0131na g\u00f6re de\u011fi\u015fmektedir.<\/p><p>Ses yal\u0131t\u0131m\u0131 i\u00e7in ; \u015eap alt\u0131na serilerek uygulan\u0131rken\u00a0<\/p><p>Voleybol, Basketbol, Tenis kortu zeminleri,\u00c7ok Ama\u00e7l\u0131 spor salonlar\u0131 gibi alanlarda zemine \u00e7ift kompenentli poli\u00fcretan yap\u0131\u015ft\u0131r\u0131c\u0131 ile uygulan\u0131r.<\/p><\/div>      <\/div>\r\n    <\/div>\r\n  <\/div>\r\n\r\n  <div class=\"card \">\r\n    <div class=\"card-header p-0\" id=\"heading813\">\r\n      <h5 class=\"title collapsed\" data-bs-toggle=\"collapse\" data-bs-target=\"#collapse813\" aria-expanded=\"false\" aria-controls=\"collapse813\">\r\n        <span class=\"text\">Uyar\u0131lar ve \u00f6neriler<\/span>\r\n        <span class=\"accordion-controls-icon\"><svg class=\"e-font-icon-svg e-fas-chevron-down\" viewBox=\"0 0 448 512\" xmlns=\"http:\/\/www.w3.org\/2000\/svg\"><path d=\"M207.029 381.476L12.686 187.132c-9.373-9.373-9.373-24.569 0-33.941l22.667-22.667c9.357-9.357 24.522-9.375 33.901-.04L224 284.505l154.745-154.021c9.379-9.335 24.544-9.317 33.901.04l22.667 22.667c9.373 9.373 9.373 24.569 0 33.941L240.971 381.476c-9.373 9.372-24.569 9.372-33.942 0z\"><\/path><\/svg><\/span>\r\n      <\/h5>\r\n    <\/div>\r\n    <div id=\"collapse813\" class=\"collapse \" aria-labelledby=\"heading813\" data-bs-parent=\"#accordion-holder-912556\">\r\n      <div class=\"card-body\">\r\n              <\/div>\r\n    <\/div>\r\n  <\/div>\r\n\r\n  <div class=\"card \">\r\n    <div class=\"card-header p-0\" id=\"heading814\">\r\n      <h5 class=\"title collapsed\" data-bs-toggle=\"collapse\" data-bs-target=\"#collapse814\" aria-expanded=\"false\" aria-controls=\"collapse814\">\r\n        <span class=\"text\">Teknik dok\u00fcmanlar<\/span>\r\n        <span class=\"accordion-controls-icon\"><svg class=\"e-font-icon-svg e-fas-chevron-down\" viewBox=\"0 0 448 512\" xmlns=\"http:\/\/www.w3.org\/2000\/svg\"><path d=\"M207.029 381.476L12.686 187.132c-9.373-9.373-9.373-24.569 0-33.941l22.667-22.667c9.357-9.357 24.522-9.375 33.901-.04L224 284.505l154.745-154.021c9.379-9.335 24.544-9.317 33.901.04l22.667 22.667c9.373 9.373 9.373 24.569 0 33.941L240.971 381.476c-9.373 9.372-24.569 9.372-33.942 0z\"><\/path><\/svg><\/span>\r\n      <\/h5>\r\n    <\/div>\r\n    <div id=\"collapse814\" class=\"collapse \" aria-labelledby=\"heading814\" data-bs-parent=\"#accordion-holder-912556\">\r\n      <div class=\"card-body\">\r\n              <\/div>\r\n    <\/div>\r\n  <\/div>\r\n\t\t<\/div>\r\n\t\t\t<\/div>\n\t\t\t\t<\/div>\n\t\t\t\t<\/div>\n\t\t\t\t<\/div>\n\t\t","protected":false},"excerpt":{"rendered":"<p>\u2022 Voleybol, Basketbol, Tenis kortu zeminleri,<\/p>\n<p>\u2022 \u00c7ok Ama\u00e7l\u0131 spor salonlar\u0131,<\/p>\n<p>\u2022 Fitnes ve GYM Merkezleri,<\/p>\n<p>\u2022 \u00c7ocuk oyun alanlar\u0131,<\/p>\n<p>\u2022 Binalarda ses yal\u0131t\u0131m\u0131 i\u00e7in beton \u00fcst\u00fc veya alt\u0131 uygulama,<\/p>\n<p>\u2022 At\u0131\u015f poligonlar\u0131,<\/p>\n<p>\u2022 Rehabilitasyon ve kondisyon merkezleri,<\/p>\n<p>\u2022 Anaokulu ve kre\u015fler,<\/p>\n<p>\u2022 Ah\u0131r ve padoklar i\u00e7in hayvan yata\u011f\u0131,<\/p>\n<p>\u2022 Y\u00fcr\u00fcy\u00fc\u015f ve bisiklet yollar\u0131,<\/p>\n<p>\u2022 Islak zeminler.<\/p>\n","protected":false},"featured_media":49294,"template":"","meta":{"om_disable_all_campaigns":false},"product_cat":[61],"product_tag":[],"_links":{"self":[{"href":"https:\/\/www.kenncoat.com\/TR\/wp-json\/wp\/v2\/product\/49293"}],"collection":[{"href":"https:\/\/www.kenncoat.com\/TR\/wp-json\/wp\/v2\/product"}],"about":[{"href":"https:\/\/www.kenncoat.com\/TR\/wp-json\/wp\/v2\/types\/product"}],"version-history":[{"count":11,"href":"https:\/\/www.kenncoat.com\/TR\/wp-json\/wp\/v2\/product\/49293\/revisions"}],"predecessor-version":[{"id":49781,"href":"https:\/\/www.kenncoat.com\/TR\/wp-json\/wp\/v2\/product\/49293\/revisions\/49781"}],"wp:featuredmedia":[{"embeddable":true,"href":"https:\/\/www.kenncoat.com\/TR\/wp-json\/wp\/v2\/media\/49294"}],"wp:attachment":[{"href":"https:\/\/www.kenncoat.com\/TR\/wp-json\/wp\/v2\/media?parent=49293"}],"wp:term":[{"taxonomy":"product_cat","embeddable":true,"href":"https:\/\/www.kenncoat.com\/TR\/wp-json\/wp\/v2\/product_cat?post=49293"},{"taxonomy":"product_tag","embeddable":true,"href":"https:\/\/www.kenncoat.com\/TR\/wp-json\/wp\/v2\/product_tag?post=49293"}],"curies":[{"name":"wp","href":"https:\/\/api.w.org\/{rel}","templated":true}]}}