{"id":49229,"date":"2024-03-23T15:43:30","date_gmt":"2024-03-23T15:43:30","guid":{"rendered":"https:\/\/www.kenncoat.com\/TR\/?post_type=product&#038;p=49229"},"modified":"2024-06-12T13:07:31","modified_gmt":"2024-06-12T13:07:31","slug":"akrilik-primer","status":"publish","type":"product","link":"https:\/\/www.kenncoat.com\/TR\/product\/akrilik-primer\/","title":{"rendered":"AKR\u0130L\u0130K PR\u0130MER"},"content":{"rendered":"\t\t<div data-elementor-type=\"product-post\" data-elementor-id=\"49229\" class=\"elementor elementor-49229\" data-elementor-post-type=\"product\">\n\t\t\t\t<div class=\"elementor-element elementor-element-25b8cf2d e-flex e-con-boxed e-con e-parent\" data-id=\"25b8cf2d\" data-element_type=\"container\" data-settings=\"{&quot;content_width&quot;:&quot;boxed&quot;}\" data-core-v316-plus=\"true\">\n\t\t\t\t\t<div class=\"e-con-inner\">\n\t\t\t\t<div class=\"elementor-element elementor-element-6d9c5794 elementor-widget elementor-widget-text-editor\" data-id=\"6d9c5794\" data-element_type=\"widget\" data-widget_type=\"text-editor.default\">\n\t\t\t\t<div class=\"elementor-widget-container\">\n\t\t\t<style>\/*! elementor - v3.19.0 - 28-02-2024 *\/\n.elementor-widget-text-editor.elementor-drop-cap-view-stacked .elementor-drop-cap{background-color:#69727d;color:#fff}.elementor-widget-text-editor.elementor-drop-cap-view-framed .elementor-drop-cap{color:#69727d;border:3px solid;background-color:transparent}.elementor-widget-text-editor:not(.elementor-drop-cap-view-default) .elementor-drop-cap{margin-top:8px}.elementor-widget-text-editor:not(.elementor-drop-cap-view-default) .elementor-drop-cap-letter{width:1em;height:1em}.elementor-widget-text-editor .elementor-drop-cap{float:left;text-align:center;line-height:1;font-size:50px}.elementor-widget-text-editor .elementor-drop-cap-letter{display:inline-block}<\/style>\t\t\t\t<p><span>Kenncoat Akrilik astar\u0131 su bazl\u0131, akrilik ba\u011flay\u0131c\u0131l\u0131, silis kumu ile serpilerek uygulanan, beton veya asfalt zeminlerdeki nemi engellemek ve di\u011fer \u00fcst katmanlar\u0131n y\u00fczeye yap\u0131\u015fkanl\u0131\u011f\u0131n\u0131 art\u0131rmak amac\u0131yla kullan\u0131lan malzemedir.<\/span><\/p>\t\t\t\t\t\t<\/div>\n\t\t\t\t<\/div>\n\t\t\t\t\t<\/div>\n\t\t\t\t<\/div>\n\t\t<div class=\"elementor-element elementor-element-298c3c2 e-con-full e-flex e-con e-parent\" data-id=\"298c3c2\" data-element_type=\"container\" data-settings=\"{&quot;content_width&quot;:&quot;full&quot;}\" data-core-v316-plus=\"true\">\n\t\t\t\t<div class=\"elementor-element elementor-element-957a19c elementor-widget elementor-widget-tm-ele-accordion\" data-id=\"957a19c\" data-element_type=\"widget\" data-widget_type=\"tm-ele-accordion.skin-gradient\">\n\t\t\t\t<div class=\"elementor-widget-container\">\n\t\t\t\t\t<div id=\"accordion-holder-946610\" class=\"tm-accordion skin-gradient\">\r\n\t\r\n  <div class=\"card active\">\r\n    <div class=\"card-header p-0\" id=\"heading451\">\r\n      <h5 class=\"title \" data-bs-toggle=\"collapse\" data-bs-target=\"#collapse451\" aria-expanded=\"true\" aria-controls=\"collapse451\">\r\n        <span class=\"text\">\u00dcr\u00fcn bilgileri<\/span>\r\n        <span class=\"accordion-controls-icon\"><svg class=\"e-font-icon-svg e-fas-chevron-down\" viewBox=\"0 0 448 512\" xmlns=\"http:\/\/www.w3.org\/2000\/svg\"><path d=\"M207.029 381.476L12.686 187.132c-9.373-9.373-9.373-24.569 0-33.941l22.667-22.667c9.357-9.357 24.522-9.375 33.901-.04L224 284.505l154.745-154.021c9.379-9.335 24.544-9.317 33.901.04l22.667 22.667c9.373 9.373 9.373 24.569 0 33.941L240.971 381.476c-9.373 9.372-24.569 9.372-33.942 0z\"><\/path><\/svg><\/span>\r\n      <\/h5>\r\n    <\/div>\r\n    <div id=\"collapse451\" class=\"collapse show\" aria-labelledby=\"heading451\" data-bs-parent=\"#accordion-holder-946610\">\r\n      <div class=\"card-body\">\r\n        <p><strong>Ba\u011flay\u0131c\u0131<\/strong>- Akrilik<br \/><strong>Minimum Uygulama S\u0131cakl\u0131\u011f\u0131<\/strong> -10 C<br \/><strong>Kuruma zaman\u0131<\/strong> -1 saat(25 C)<\/p><p>\u0130kinci kat\u0131 uygulamak i\u00e7in 2-6 saat beklenmeli y\u00fczeyin tamamen kurudu\u011fu g\u00f6zlenmelidir.<br \/><strong>Renk<\/strong>- Beyaz<\/p><p><\/p><p><strong>Ambalaj<\/strong>: 20KG-75KG-200KG Ambalajlarda<br \/><strong>T\u00fcketim<\/strong>:0,2-0,3 KG\/M2<\/p>      <\/div>\r\n    <\/div>\r\n  <\/div>\r\n\r\n  <div class=\"card \">\r\n    <div class=\"card-header p-0\" id=\"heading452\">\r\n      <h5 class=\"title collapsed\" data-bs-toggle=\"collapse\" data-bs-target=\"#collapse452\" aria-expanded=\"false\" aria-controls=\"collapse452\">\r\n        <span class=\"text\">Uygulama<\/span>\r\n        <span class=\"accordion-controls-icon\"><svg class=\"e-font-icon-svg e-fas-chevron-down\" viewBox=\"0 0 448 512\" xmlns=\"http:\/\/www.w3.org\/2000\/svg\"><path d=\"M207.029 381.476L12.686 187.132c-9.373-9.373-9.373-24.569 0-33.941l22.667-22.667c9.357-9.357 24.522-9.375 33.901-.04L224 284.505l154.745-154.021c9.379-9.335 24.544-9.317 33.901.04l22.667 22.667c9.373 9.373 9.373 24.569 0 33.941L240.971 381.476c-9.373 9.372-24.569 9.372-33.942 0z\"><\/path><\/svg><\/span>\r\n      <\/h5>\r\n    <\/div>\r\n    <div id=\"collapse452\" class=\"collapse \" aria-labelledby=\"heading452\" data-bs-parent=\"#accordion-holder-946610\">\r\n      <div class=\"card-body\">\r\n        <p><strong>Y\u00fczey haz\u0131rl\u0131\u011f\u0131-<\/strong>\u00a0toz, kir ve ya\u011fdan ar\u0131nd\u0131r\u0131lm\u0131\u015f<br \/>olmal\u0131d\u0131r. Y\u00fczeyde su olmamal\u0131d\u0131r.<br \/>Yeni asfalt y\u00fczeyler i\u00e7in minimum 14 g\u00fcn, yeni beton y\u00fczeyler i\u00e7in minimum 28 g\u00fcn beklenmesi gerekir.<br \/>Y\u00fczey tamirat\u0131 her iki zeminde de su biriken \u00e7ukur b\u00f6lgeler, d\u00fc\u015f\u00fck kottaki alanlar i\u00e7in saf akrilik, \u00e7imento ve kum kar\u0131\u015f\u0131m\u0131 y\u00fczeye uygulan\u0131r. Tamirattan 1 g\u00fcn sonra uygulama yap\u0131labilir.<br \/><strong>Uygulama \u015eartlar\u0131<\/strong> - Minimum s\u0131cakl\u0131k zeminde 10C, maksimum s\u0131cakl\u0131k 35C olmal\u0131d\u0131r. Kenncoat Akrilik astar su ve kum ile kar\u0131\u015ft\u0131r\u0131larak gelberi veya \u00e7ek\u00e7ek ile uygulan\u0131r. Kullan\u0131lan ekipman su ile y\u0131kanarak temizlenir.<\/p><p><\/p>      <\/div>\r\n    <\/div>\r\n  <\/div>\r\n\r\n  <div class=\"card \">\r\n    <div class=\"card-header p-0\" id=\"heading453\">\r\n      <h5 class=\"title collapsed\" data-bs-toggle=\"collapse\" data-bs-target=\"#collapse453\" aria-expanded=\"false\" aria-controls=\"collapse453\">\r\n        <span class=\"text\">Uyar\u0131lar ve \u00f6neriler<\/span>\r\n        <span class=\"accordion-controls-icon\"><svg class=\"e-font-icon-svg e-fas-chevron-down\" viewBox=\"0 0 448 512\" xmlns=\"http:\/\/www.w3.org\/2000\/svg\"><path d=\"M207.029 381.476L12.686 187.132c-9.373-9.373-9.373-24.569 0-33.941l22.667-22.667c9.357-9.357 24.522-9.375 33.901-.04L224 284.505l154.745-154.021c9.379-9.335 24.544-9.317 33.901.04l22.667 22.667c9.373 9.373 9.373 24.569 0 33.941L240.971 381.476c-9.373 9.372-24.569 9.372-33.942 0z\"><\/path><\/svg><\/span>\r\n      <\/h5>\r\n    <\/div>\r\n    <div id=\"collapse453\" class=\"collapse \" aria-labelledby=\"heading453\" data-bs-parent=\"#accordion-holder-946610\">\r\n      <div class=\"card-body\">\r\n              <\/div>\r\n    <\/div>\r\n  <\/div>\r\n\r\n  <div class=\"card \">\r\n    <div class=\"card-header p-0\" id=\"heading454\">\r\n      <h5 class=\"title collapsed\" data-bs-toggle=\"collapse\" data-bs-target=\"#collapse454\" aria-expanded=\"false\" aria-controls=\"collapse454\">\r\n        <span class=\"text\">Teknik dok\u00fcmanlar<\/span>\r\n        <span class=\"accordion-controls-icon\"><svg class=\"e-font-icon-svg e-fas-chevron-down\" viewBox=\"0 0 448 512\" xmlns=\"http:\/\/www.w3.org\/2000\/svg\"><path d=\"M207.029 381.476L12.686 187.132c-9.373-9.373-9.373-24.569 0-33.941l22.667-22.667c9.357-9.357 24.522-9.375 33.901-.04L224 284.505l154.745-154.021c9.379-9.335 24.544-9.317 33.901.04l22.667 22.667c9.373 9.373 9.373 24.569 0 33.941L240.971 381.476c-9.373 9.372-24.569 9.372-33.942 0z\"><\/path><\/svg><\/span>\r\n      <\/h5>\r\n    <\/div>\r\n    <div id=\"collapse454\" class=\"collapse \" aria-labelledby=\"heading454\" data-bs-parent=\"#accordion-holder-946610\">\r\n      <div class=\"card-body\">\r\n        <p><\/p><p><\/p>      <\/div>\r\n    <\/div>\r\n  <\/div>\r\n\t\t<\/div>\r\n\t\t\t<\/div>\n\t\t\t\t<\/div>\n\t\t\t\t<\/div>\n\t\t\t\t<\/div>\n\t\t","protected":false},"excerpt":{"rendered":"<p><span>Kenncoat Akrilik astar\u0131 su bazl\u0131, akrilik ba\u011flay\u0131c\u0131l\u0131, silis kumu ile serpilerek uygulanan, beton veya asfalt zeminlerdeki nemi engellemek ve di\u011fer \u00fcst katmanlar\u0131n y\u00fczeye yap\u0131\u015fkanl\u0131\u011f\u0131n\u0131 art\u0131rmak amac\u0131yla kullan\u0131lan malzemedir.<\/span><\/p>\n","protected":false},"featured_media":49269,"template":"","meta":{"om_disable_all_campaigns":false},"product_cat":[60],"product_tag":[],"_links":{"self":[{"href":"https:\/\/www.kenncoat.com\/TR\/wp-json\/wp\/v2\/product\/49229"}],"collection":[{"href":"https:\/\/www.kenncoat.com\/TR\/wp-json\/wp\/v2\/product"}],"about":[{"href":"https:\/\/www.kenncoat.com\/TR\/wp-json\/wp\/v2\/types\/product"}],"version-history":[{"count":30,"href":"https:\/\/www.kenncoat.com\/TR\/wp-json\/wp\/v2\/product\/49229\/revisions"}],"predecessor-version":[{"id":49790,"href":"https:\/\/www.kenncoat.com\/TR\/wp-json\/wp\/v2\/product\/49229\/revisions\/49790"}],"wp:featuredmedia":[{"embeddable":true,"href":"https:\/\/www.kenncoat.com\/TR\/wp-json\/wp\/v2\/media\/49269"}],"wp:attachment":[{"href":"https:\/\/www.kenncoat.com\/TR\/wp-json\/wp\/v2\/media?parent=49229"}],"wp:term":[{"taxonomy":"product_cat","embeddable":true,"href":"https:\/\/www.kenncoat.com\/TR\/wp-json\/wp\/v2\/product_cat?post=49229"},{"taxonomy":"product_tag","embeddable":true,"href":"https:\/\/www.kenncoat.com\/TR\/wp-json\/wp\/v2\/product_tag?post=49229"}],"curies":[{"name":"wp","href":"https:\/\/api.w.org\/{rel}","templated":true}]}}