{"id":49228,"date":"2024-03-23T15:43:28","date_gmt":"2024-03-23T15:43:28","guid":{"rendered":"https:\/\/www.kenncoat.com\/TR\/?post_type=product&#038;p=49228"},"modified":"2024-06-12T13:08:02","modified_gmt":"2024-06-12T13:08:02","slug":"akrilik-cizgi-boyasi","status":"publish","type":"product","link":"https:\/\/www.kenncoat.com\/TR\/product\/akrilik-cizgi-boyasi\/","title":{"rendered":"AKR\u0130L\u0130K \u00c7\u0130ZG\u0130 BOYASI"},"content":{"rendered":"\t\t<div data-elementor-type=\"product-post\" data-elementor-id=\"49228\" class=\"elementor elementor-49228\" data-elementor-post-type=\"product\">\n\t\t\t\t<div class=\"elementor-element elementor-element-25b8cf2d e-flex e-con-boxed e-con e-parent\" data-id=\"25b8cf2d\" data-element_type=\"container\" data-settings=\"{&quot;content_width&quot;:&quot;boxed&quot;}\" data-core-v316-plus=\"true\">\n\t\t\t\t\t<div class=\"e-con-inner\">\n\t\t\t\t<div class=\"elementor-element elementor-element-6d9c5794 elementor-widget elementor-widget-text-editor\" data-id=\"6d9c5794\" data-element_type=\"widget\" data-widget_type=\"text-editor.default\">\n\t\t\t\t<div class=\"elementor-widget-container\">\n\t\t\t<style>\/*! elementor - v3.19.0 - 28-02-2024 *\/\n.elementor-widget-text-editor.elementor-drop-cap-view-stacked .elementor-drop-cap{background-color:#69727d;color:#fff}.elementor-widget-text-editor.elementor-drop-cap-view-framed .elementor-drop-cap{color:#69727d;border:3px solid;background-color:transparent}.elementor-widget-text-editor:not(.elementor-drop-cap-view-default) .elementor-drop-cap{margin-top:8px}.elementor-widget-text-editor:not(.elementor-drop-cap-view-default) .elementor-drop-cap-letter{width:1em;height:1em}.elementor-widget-text-editor .elementor-drop-cap{float:left;text-align:center;line-height:1;font-size:50px}.elementor-widget-text-editor .elementor-drop-cap-letter{display:inline-block}<\/style>\t\t\t\t<p><span>Kenncoat Akrilik \u00e7izgi boyas\u0131, %100 akrilik bag\u0306lay\u0131c\u0131 esasl\u0131, su bazl\u0131, UV dayan\u0131m\u0131 yu\u0308ksek, tenis kort boyas\u0131d\u0131r.<\/span><\/p>\t\t\t\t\t\t<\/div>\n\t\t\t\t<\/div>\n\t\t\t\t\t<\/div>\n\t\t\t\t<\/div>\n\t\t<div class=\"elementor-element elementor-element-298c3c2 e-con-full e-flex e-con e-parent\" data-id=\"298c3c2\" data-element_type=\"container\" data-settings=\"{&quot;content_width&quot;:&quot;full&quot;}\" data-core-v316-plus=\"true\">\n\t\t\t\t<div class=\"elementor-element elementor-element-957a19c elementor-widget elementor-widget-tm-ele-accordion\" data-id=\"957a19c\" data-element_type=\"widget\" data-widget_type=\"tm-ele-accordion.skin-gradient\">\n\t\t\t\t<div class=\"elementor-widget-container\">\n\t\t\t\t\t<div id=\"accordion-holder-124916\" class=\"tm-accordion skin-gradient\">\r\n\t\r\n  <div class=\"card active\">\r\n    <div class=\"card-header p-0\" id=\"heading661\">\r\n      <h5 class=\"title \" data-bs-toggle=\"collapse\" data-bs-target=\"#collapse661\" aria-expanded=\"true\" aria-controls=\"collapse661\">\r\n        <span class=\"text\">\u00dcr\u00fcn bilgileri<\/span>\r\n        <span class=\"accordion-controls-icon\"><svg class=\"e-font-icon-svg e-fas-chevron-down\" viewBox=\"0 0 448 512\" xmlns=\"http:\/\/www.w3.org\/2000\/svg\"><path d=\"M207.029 381.476L12.686 187.132c-9.373-9.373-9.373-24.569 0-33.941l22.667-22.667c9.357-9.357 24.522-9.375 33.901-.04L224 284.505l154.745-154.021c9.379-9.335 24.544-9.317 33.901.04l22.667 22.667c9.373 9.373 9.373 24.569 0 33.941L240.971 381.476c-9.373 9.372-24.569 9.372-33.942 0z\"><\/path><\/svg><\/span>\r\n      <\/h5>\r\n    <\/div>\r\n    <div id=\"collapse661\" class=\"collapse show\" aria-labelledby=\"heading661\" data-bs-parent=\"#accordion-holder-124916\">\r\n      <div class=\"card-body\">\r\n        <p><strong>Ba\u011flay\u0131c\u0131 -\u00a0<\/strong>Akrilik<br \/><strong>Minimum Uygulama S\u0131cakl\u0131\u011f\u0131<\/strong>\u00a0- 10 C<br \/><strong>Kuruma zaman\u0131-<\/strong> 1 saat(25C)\u00a0\u0130kinci kat\u0131 uygulamak i\u00e7in 2-6 saat beklenmeli y\u00fczeyin tamamen kurudu\u011fu g\u00f6zlenmelidir.<br \/><strong>Renk<\/strong>\u00a0- RAL renkleri<\/p><p><\/p><div class=\"tab-pane fade active show\" id=\"nav-contact\" role=\"tabpanel\" aria-labelledby=\"nav-contact-tab\"><p><strong>T\u00fcketim<\/strong>:0,2KG\/M2<\/p><p>5-10-15 KG plastik kaplama ambalajlarda<\/p><\/div>      <\/div>\r\n    <\/div>\r\n  <\/div>\r\n\r\n  <div class=\"card \">\r\n    <div class=\"card-header p-0\" id=\"heading662\">\r\n      <h5 class=\"title collapsed\" data-bs-toggle=\"collapse\" data-bs-target=\"#collapse662\" aria-expanded=\"false\" aria-controls=\"collapse662\">\r\n        <span class=\"text\">Uygulama<\/span>\r\n        <span class=\"accordion-controls-icon\"><svg class=\"e-font-icon-svg e-fas-chevron-down\" viewBox=\"0 0 448 512\" xmlns=\"http:\/\/www.w3.org\/2000\/svg\"><path d=\"M207.029 381.476L12.686 187.132c-9.373-9.373-9.373-24.569 0-33.941l22.667-22.667c9.357-9.357 24.522-9.375 33.901-.04L224 284.505l154.745-154.021c9.379-9.335 24.544-9.317 33.901.04l22.667 22.667c9.373 9.373 9.373 24.569 0 33.941L240.971 381.476c-9.373 9.372-24.569 9.372-33.942 0z\"><\/path><\/svg><\/span>\r\n      <\/h5>\r\n    <\/div>\r\n    <div id=\"collapse662\" class=\"collapse \" aria-labelledby=\"heading662\" data-bs-parent=\"#accordion-holder-124916\">\r\n      <div class=\"card-body\">\r\n        <p><strong>Y\u00fczey Haz\u0131rl\u0131\u011f\u0131 -<\/strong> Uygulama yap\u0131lacak y\u00fczeyde toz, kir ve ya\u011f olmamal\u0131 y\u00fczeyde su olmamal\u0131d\u0131r. Alt katman tamamen kuru olmal\u0131d\u0131r.<br \/><strong>Uygulama \u015eartlar\u0131 -\u00a0<\/strong>Minimum s\u0131cakl\u0131k zeminde 10C, maksimum s\u0131cakl\u0131k 35C olmal\u0131d\u0131r. Kenncoat \u00e7izgi boyas\u0131\u00a0su ve kum ile kar\u0131\u015ft\u0131r\u0131larak f\u0131r\u00e7a veya rulo ile uygulan\u0131r.Kullan\u0131lan ekipman su ile y\u0131kanarak temizlenir.<\/p><div class=\"tab-pane fade active show\" id=\"nav-contact\" role=\"tabpanel\" aria-labelledby=\"nav-contact-tab\"><p><\/p><\/div>      <\/div>\r\n    <\/div>\r\n  <\/div>\r\n\r\n  <div class=\"card \">\r\n    <div class=\"card-header p-0\" id=\"heading663\">\r\n      <h5 class=\"title collapsed\" data-bs-toggle=\"collapse\" data-bs-target=\"#collapse663\" aria-expanded=\"false\" aria-controls=\"collapse663\">\r\n        <span class=\"text\">Uyar\u0131lar ve \u00f6neriler<\/span>\r\n        <span class=\"accordion-controls-icon\"><svg class=\"e-font-icon-svg e-fas-chevron-down\" viewBox=\"0 0 448 512\" xmlns=\"http:\/\/www.w3.org\/2000\/svg\"><path d=\"M207.029 381.476L12.686 187.132c-9.373-9.373-9.373-24.569 0-33.941l22.667-22.667c9.357-9.357 24.522-9.375 33.901-.04L224 284.505l154.745-154.021c9.379-9.335 24.544-9.317 33.901.04l22.667 22.667c9.373 9.373 9.373 24.569 0 33.941L240.971 381.476c-9.373 9.372-24.569 9.372-33.942 0z\"><\/path><\/svg><\/span>\r\n      <\/h5>\r\n    <\/div>\r\n    <div id=\"collapse663\" class=\"collapse \" aria-labelledby=\"heading663\" data-bs-parent=\"#accordion-holder-124916\">\r\n      <div class=\"card-body\">\r\n              <\/div>\r\n    <\/div>\r\n  <\/div>\r\n\r\n  <div class=\"card \">\r\n    <div class=\"card-header p-0\" id=\"heading664\">\r\n      <h5 class=\"title collapsed\" data-bs-toggle=\"collapse\" data-bs-target=\"#collapse664\" aria-expanded=\"false\" aria-controls=\"collapse664\">\r\n        <span class=\"text\">Teknik dok\u00fcmanlar<\/span>\r\n        <span class=\"accordion-controls-icon\"><svg class=\"e-font-icon-svg e-fas-chevron-down\" viewBox=\"0 0 448 512\" xmlns=\"http:\/\/www.w3.org\/2000\/svg\"><path d=\"M207.029 381.476L12.686 187.132c-9.373-9.373-9.373-24.569 0-33.941l22.667-22.667c9.357-9.357 24.522-9.375 33.901-.04L224 284.505l154.745-154.021c9.379-9.335 24.544-9.317 33.901.04l22.667 22.667c9.373 9.373 9.373 24.569 0 33.941L240.971 381.476c-9.373 9.372-24.569 9.372-33.942 0z\"><\/path><\/svg><\/span>\r\n      <\/h5>\r\n    <\/div>\r\n    <div id=\"collapse664\" class=\"collapse \" aria-labelledby=\"heading664\" data-bs-parent=\"#accordion-holder-124916\">\r\n      <div class=\"card-body\">\r\n              <\/div>\r\n    <\/div>\r\n  <\/div>\r\n\t\t<\/div>\r\n\t\t\t<\/div>\n\t\t\t\t<\/div>\n\t\t\t\t<\/div>\n\t\t\t\t<\/div>\n\t\t","protected":false},"excerpt":{"rendered":"<p><span>Kenncoat Akrilik \u00e7izgi boyas\u0131, %100 akrilik bag\u0306lay\u0131c\u0131 esasl\u0131, su bazl\u0131, UV dayan\u0131m\u0131 yu\u0308ksek, tenis kort boyas\u0131d\u0131r.<\/span><\/p>\n","protected":false},"featured_media":49264,"template":"","meta":{"om_disable_all_campaigns":false},"product_cat":[60],"product_tag":[],"_links":{"self":[{"href":"https:\/\/www.kenncoat.com\/TR\/wp-json\/wp\/v2\/product\/49228"}],"collection":[{"href":"https:\/\/www.kenncoat.com\/TR\/wp-json\/wp\/v2\/product"}],"about":[{"href":"https:\/\/www.kenncoat.com\/TR\/wp-json\/wp\/v2\/types\/product"}],"version-history":[{"count":23,"href":"https:\/\/www.kenncoat.com\/TR\/wp-json\/wp\/v2\/product\/49228\/revisions"}],"predecessor-version":[{"id":49793,"href":"https:\/\/www.kenncoat.com\/TR\/wp-json\/wp\/v2\/product\/49228\/revisions\/49793"}],"wp:featuredmedia":[{"embeddable":true,"href":"https:\/\/www.kenncoat.com\/TR\/wp-json\/wp\/v2\/media\/49264"}],"wp:attachment":[{"href":"https:\/\/www.kenncoat.com\/TR\/wp-json\/wp\/v2\/media?parent=49228"}],"wp:term":[{"taxonomy":"product_cat","embeddable":true,"href":"https:\/\/www.kenncoat.com\/TR\/wp-json\/wp\/v2\/product_cat?post=49228"},{"taxonomy":"product_tag","embeddable":true,"href":"https:\/\/www.kenncoat.com\/TR\/wp-json\/wp\/v2\/product_tag?post=49228"}],"curies":[{"name":"wp","href":"https:\/\/api.w.org\/{rel}","templated":true}]}}