{"id":49227,"date":"2024-03-23T15:43:27","date_gmt":"2024-03-23T15:43:27","guid":{"rendered":"https:\/\/www.kenncoat.com\/TR\/?post_type=product&#038;p=49227"},"modified":"2024-06-12T13:10:30","modified_gmt":"2024-06-12T13:10:30","slug":"akrilik-resurfacer","status":"publish","type":"product","link":"https:\/\/www.kenncoat.com\/TR\/product\/akrilik-resurfacer\/","title":{"rendered":"AKR\u0130L\u0130K RESURFACER"},"content":{"rendered":"\t\t<div data-elementor-type=\"product-post\" data-elementor-id=\"49227\" class=\"elementor elementor-49227\" data-elementor-post-type=\"product\">\n\t\t\t\t<div class=\"elementor-element elementor-element-25b8cf2d e-flex e-con-boxed e-con e-parent\" data-id=\"25b8cf2d\" data-element_type=\"container\" data-settings=\"{&quot;content_width&quot;:&quot;boxed&quot;}\" data-core-v316-plus=\"true\">\n\t\t\t\t\t<div class=\"e-con-inner\">\n\t\t\t\t<div class=\"elementor-element elementor-element-6d9c5794 elementor-widget elementor-widget-text-editor\" data-id=\"6d9c5794\" data-element_type=\"widget\" data-widget_type=\"text-editor.default\">\n\t\t\t\t<div class=\"elementor-widget-container\">\n\t\t\t<style>\/*! elementor - v3.19.0 - 28-02-2024 *\/\n.elementor-widget-text-editor.elementor-drop-cap-view-stacked .elementor-drop-cap{background-color:#69727d;color:#fff}.elementor-widget-text-editor.elementor-drop-cap-view-framed .elementor-drop-cap{color:#69727d;border:3px solid;background-color:transparent}.elementor-widget-text-editor:not(.elementor-drop-cap-view-default) .elementor-drop-cap{margin-top:8px}.elementor-widget-text-editor:not(.elementor-drop-cap-view-default) .elementor-drop-cap-letter{width:1em;height:1em}.elementor-widget-text-editor .elementor-drop-cap{float:left;text-align:center;line-height:1;font-size:50px}.elementor-widget-text-editor .elementor-drop-cap-letter{display:inline-block}<\/style>\t\t\t\t<p><span>Kenncoat Resurfacer su bazl\u0131, akrilik bag\u0306lay\u0131c\u0131l\u0131, dolgu ile desteklenen ve silis kumu ile kar\u0131s\u0327t\u0131r\u0131larak uygulanan, beton veya asfalt zeminlerde u\u0308st katmanlar\u0131n aderans\u0131n\u0131 artt\u0131rmak, go\u0308zenekleri kapatmak ve du\u0308z bir zemin elde etmek amac\u0131yla kullan\u0131lan malzemedir.<\/span><\/p>\t\t\t\t\t\t<\/div>\n\t\t\t\t<\/div>\n\t\t\t\t\t<\/div>\n\t\t\t\t<\/div>\n\t\t<div class=\"elementor-element elementor-element-298c3c2 e-con-full e-flex e-con e-parent\" data-id=\"298c3c2\" data-element_type=\"container\" data-settings=\"{&quot;content_width&quot;:&quot;full&quot;}\" data-core-v316-plus=\"true\">\n\t\t\t\t<div class=\"elementor-element elementor-element-957a19c elementor-widget elementor-widget-tm-ele-accordion\" data-id=\"957a19c\" data-element_type=\"widget\" data-widget_type=\"tm-ele-accordion.skin-gradient\">\n\t\t\t\t<div class=\"elementor-widget-container\">\n\t\t\t\t\t<div id=\"accordion-holder-541587\" class=\"tm-accordion skin-gradient\">\r\n\t\r\n  <div class=\"card active\">\r\n    <div class=\"card-header p-0\" id=\"heading391\">\r\n      <h5 class=\"title \" data-bs-toggle=\"collapse\" data-bs-target=\"#collapse391\" aria-expanded=\"true\" aria-controls=\"collapse391\">\r\n        <span class=\"text\">\u00dcr\u00fcn bilgileri<\/span>\r\n        <span class=\"accordion-controls-icon\"><svg class=\"e-font-icon-svg e-fas-chevron-down\" viewBox=\"0 0 448 512\" xmlns=\"http:\/\/www.w3.org\/2000\/svg\"><path d=\"M207.029 381.476L12.686 187.132c-9.373-9.373-9.373-24.569 0-33.941l22.667-22.667c9.357-9.357 24.522-9.375 33.901-.04L224 284.505l154.745-154.021c9.379-9.335 24.544-9.317 33.901.04l22.667 22.667c9.373 9.373 9.373 24.569 0 33.941L240.971 381.476c-9.373 9.372-24.569 9.372-33.942 0z\"><\/path><\/svg><\/span>\r\n      <\/h5>\r\n    <\/div>\r\n    <div id=\"collapse391\" class=\"collapse show\" aria-labelledby=\"heading391\" data-bs-parent=\"#accordion-holder-541587\">\r\n      <div class=\"card-body\">\r\n        <p><strong>\u00dcr\u00fcn<\/strong><\/p><p>Kenncoat Resurfacer\u00a0<\/p><p>Ba\u011flay\u0131c\u0131<\/p><p>Akrilik<\/p><p><strong>Minimum Uygulama S\u0131cakl\u0131\u011f\u0131<\/strong><\/p><p>10\u00b0C<\/p><p><strong>Kuruma Zaman\u0131<\/strong><\/p><p>1 saat (25\u00b0C) (\u0130kinci kat\u0131 uygulamak i\u00e7in 2-6 saat beklenmeli y\u00fczeyin tamamen kurudu\u011fu g\u00f6zlenmelidir.)<\/p><p><strong>Renk<\/strong><\/p><p>Siyah<\/p><p><strong>Teorik T\u00fcketim Miktar\u0131<\/strong><\/p><p>Kenncoat Resurfacer\u00a0% 30-% 60 kum, % 20-% 40 su ile kar\u0131\u015ft\u0131r\u0131larak uyguland\u0131\u011f\u0131nda teorik kaplama alan\u0131 400-750 gr\/m2\u00a0\u2019dir.<br \/>Bu oranlar asfalt\u0131n y\u00fczeyine ve uygulama s\u0131cakl\u0131\u011f\u0131na g\u00f6re de\u011fi\u015fkenlik g\u00f6stermektedir.<\/p><p><strong>Ambalaj \u015eekli<\/strong>\u00a0- 75 kilograml\u0131k plastik bidon<\/p>      <\/div>\r\n    <\/div>\r\n  <\/div>\r\n\r\n  <div class=\"card \">\r\n    <div class=\"card-header p-0\" id=\"heading392\">\r\n      <h5 class=\"title collapsed\" data-bs-toggle=\"collapse\" data-bs-target=\"#collapse392\" aria-expanded=\"false\" aria-controls=\"collapse392\">\r\n        <span class=\"text\">Uygulama<\/span>\r\n        <span class=\"accordion-controls-icon\"><svg class=\"e-font-icon-svg e-fas-chevron-down\" viewBox=\"0 0 448 512\" xmlns=\"http:\/\/www.w3.org\/2000\/svg\"><path d=\"M207.029 381.476L12.686 187.132c-9.373-9.373-9.373-24.569 0-33.941l22.667-22.667c9.357-9.357 24.522-9.375 33.901-.04L224 284.505l154.745-154.021c9.379-9.335 24.544-9.317 33.901.04l22.667 22.667c9.373 9.373 9.373 24.569 0 33.941L240.971 381.476c-9.373 9.372-24.569 9.372-33.942 0z\"><\/path><\/svg><\/span>\r\n      <\/h5>\r\n    <\/div>\r\n    <div id=\"collapse392\" class=\"collapse \" aria-labelledby=\"heading392\" data-bs-parent=\"#accordion-holder-541587\">\r\n      <div class=\"card-body\">\r\n        <h3>Y\u00fczey Haz\u0131rl\u0131\u011f\u0131<\/h3><p>Kenncoat Resurfacer\u2019\u0131n uygulanaca\u011f\u0131 y\u00fczey toz, kir ve ya\u011fdan ar\u0131nd\u0131r\u0131lm\u0131\u015f olmal\u0131d\u0131r.<br \/>Y\u00fczeyde su olmamal\u0131d\u0131r.<br \/>Kenncoat Resurfacer\u2019\u0131n uygulanaca\u011f\u0131 zeminde minimum s\u0131cakl\u0131k 10\u00b0C, maksimum s\u0131cakl\u0131k 35\u00b0C olmal\u0131d\u0131r.<br \/>Uygulama i\u00e7in yeni asfalt y\u00fczeyler minimum 14 g\u00fcn, yeni beton y\u00fczeyler i\u00e7in minimum 22 g\u00fcn beklenmesi gerekir.<br \/>Y\u00fczey tamirat\u0131 her iki zeminde de su biriken \u00e7ukur b\u00f6lgeler, d\u00fc\u015f\u00fck kottaki alanlar i\u00e7in saf akrilik, \u00e7imento ve kum kar\u0131\u015f\u0131m\u0131 y\u00fczeye uygulan\u0131r.<br \/>Tamirattan 1 g\u00fcn sonra Kenncoat Resurfacer uygulamas\u0131 yap\u0131labilir.<br \/>Beton y\u00fczey \u00fczerine epoksi kaplamadan sonra Kenncoat Resurfacer uygulamas\u0131 \u00f6nerilir.<\/p><h3>Uygulama Prosed\u00fcr\u00fc<\/h3><p>Kenncoat Resurfacer su ve kum ile kar\u0131\u015ft\u0131r\u0131larak gelberi veya \u00e7ek\u00e7ek ile uygulan\u0131r.<\/p><h3>Ekipman Temizli\u011fi<\/h3><p>Kullan\u0131lan ekipman su ile y\u0131kanarak temizlenir.<\/p><p><\/p>      <\/div>\r\n    <\/div>\r\n  <\/div>\r\n\r\n  <div class=\"card \">\r\n    <div class=\"card-header p-0\" id=\"heading393\">\r\n      <h5 class=\"title collapsed\" data-bs-toggle=\"collapse\" data-bs-target=\"#collapse393\" aria-expanded=\"false\" aria-controls=\"collapse393\">\r\n        <span class=\"text\">Uyar\u0131lar ve \u00f6neriler<\/span>\r\n        <span class=\"accordion-controls-icon\"><svg class=\"e-font-icon-svg e-fas-chevron-down\" viewBox=\"0 0 448 512\" xmlns=\"http:\/\/www.w3.org\/2000\/svg\"><path d=\"M207.029 381.476L12.686 187.132c-9.373-9.373-9.373-24.569 0-33.941l22.667-22.667c9.357-9.357 24.522-9.375 33.901-.04L224 284.505l154.745-154.021c9.379-9.335 24.544-9.317 33.901.04l22.667 22.667c9.373 9.373 9.373 24.569 0 33.941L240.971 381.476c-9.373 9.372-24.569 9.372-33.942 0z\"><\/path><\/svg><\/span>\r\n      <\/h5>\r\n    <\/div>\r\n    <div id=\"collapse393\" class=\"collapse \" aria-labelledby=\"heading393\" data-bs-parent=\"#accordion-holder-541587\">\r\n      <div class=\"card-body\">\r\n              <\/div>\r\n    <\/div>\r\n  <\/div>\r\n\r\n  <div class=\"card \">\r\n    <div class=\"card-header p-0\" id=\"heading394\">\r\n      <h5 class=\"title collapsed\" data-bs-toggle=\"collapse\" data-bs-target=\"#collapse394\" aria-expanded=\"false\" aria-controls=\"collapse394\">\r\n        <span class=\"text\">Teknik dok\u00fcmanlar<\/span>\r\n        <span class=\"accordion-controls-icon\"><svg class=\"e-font-icon-svg e-fas-chevron-down\" viewBox=\"0 0 448 512\" xmlns=\"http:\/\/www.w3.org\/2000\/svg\"><path d=\"M207.029 381.476L12.686 187.132c-9.373-9.373-9.373-24.569 0-33.941l22.667-22.667c9.357-9.357 24.522-9.375 33.901-.04L224 284.505l154.745-154.021c9.379-9.335 24.544-9.317 33.901.04l22.667 22.667c9.373 9.373 9.373 24.569 0 33.941L240.971 381.476c-9.373 9.372-24.569 9.372-33.942 0z\"><\/path><\/svg><\/span>\r\n      <\/h5>\r\n    <\/div>\r\n    <div id=\"collapse394\" class=\"collapse \" aria-labelledby=\"heading394\" data-bs-parent=\"#accordion-holder-541587\">\r\n      <div class=\"card-body\">\r\n              <\/div>\r\n    <\/div>\r\n  <\/div>\r\n\t\t<\/div>\r\n\t\t\t<\/div>\n\t\t\t\t<\/div>\n\t\t\t\t<\/div>\n\t\t\t\t<\/div>\n\t\t","protected":false},"excerpt":{"rendered":"<p><span>Kenncoat Resurfacer su bazl\u0131, akrilik bag\u0306lay\u0131c\u0131l\u0131, dolgu ile desteklenen ve silis kumu ile kar\u0131s\u0327t\u0131r\u0131larak uygulanan, beton veya asfalt zeminlerde u\u0308st katmanlar\u0131n aderans\u0131n\u0131 artt\u0131rmak, go\u0308zenekleri kapatmak ve du\u0308z bir zemin elde etmek amac\u0131yla kullan\u0131lan malzemedir.<\/span><\/p>\n","protected":false},"featured_media":49259,"template":"","meta":{"om_disable_all_campaigns":false},"product_cat":[60],"product_tag":[],"_links":{"self":[{"href":"https:\/\/www.kenncoat.com\/TR\/wp-json\/wp\/v2\/product\/49227"}],"collection":[{"href":"https:\/\/www.kenncoat.com\/TR\/wp-json\/wp\/v2\/product"}],"about":[{"href":"https:\/\/www.kenncoat.com\/TR\/wp-json\/wp\/v2\/types\/product"}],"version-history":[{"count":14,"href":"https:\/\/www.kenncoat.com\/TR\/wp-json\/wp\/v2\/product\/49227\/revisions"}],"predecessor-version":[{"id":49799,"href":"https:\/\/www.kenncoat.com\/TR\/wp-json\/wp\/v2\/product\/49227\/revisions\/49799"}],"wp:featuredmedia":[{"embeddable":true,"href":"https:\/\/www.kenncoat.com\/TR\/wp-json\/wp\/v2\/media\/49259"}],"wp:attachment":[{"href":"https:\/\/www.kenncoat.com\/TR\/wp-json\/wp\/v2\/media?parent=49227"}],"wp:term":[{"taxonomy":"product_cat","embeddable":true,"href":"https:\/\/www.kenncoat.com\/TR\/wp-json\/wp\/v2\/product_cat?post=49227"},{"taxonomy":"product_tag","embeddable":true,"href":"https:\/\/www.kenncoat.com\/TR\/wp-json\/wp\/v2\/product_tag?post=49227"}],"curies":[{"name":"wp","href":"https:\/\/api.w.org\/{rel}","templated":true}]}}