{"id":49226,"date":"2024-03-23T15:43:25","date_gmt":"2024-03-23T15:43:25","guid":{"rendered":"https:\/\/www.kenncoat.com\/TR\/?post_type=product&#038;p=49226"},"modified":"2024-06-12T13:11:15","modified_gmt":"2024-06-12T13:11:15","slug":"akrilik-cushion","status":"publish","type":"product","link":"https:\/\/www.kenncoat.com\/TR\/product\/akrilik-cushion\/","title":{"rendered":"AKR\u0130L\u0130K CUSHION"},"content":{"rendered":"\t\t<div data-elementor-type=\"product-post\" data-elementor-id=\"49226\" class=\"elementor elementor-49226\" data-elementor-post-type=\"product\">\n\t\t\t\t<div class=\"elementor-element elementor-element-25b8cf2d e-flex e-con-boxed e-con e-parent\" data-id=\"25b8cf2d\" data-element_type=\"container\" data-settings=\"{&quot;content_width&quot;:&quot;boxed&quot;}\" data-core-v316-plus=\"true\">\n\t\t\t\t\t<div class=\"e-con-inner\">\n\t\t\t\t<div class=\"elementor-element elementor-element-6d9c5794 elementor-widget elementor-widget-text-editor\" data-id=\"6d9c5794\" data-element_type=\"widget\" data-widget_type=\"text-editor.default\">\n\t\t\t\t<div class=\"elementor-widget-container\">\n\t\t\t<style>\/*! elementor - v3.19.0 - 28-02-2024 *\/\n.elementor-widget-text-editor.elementor-drop-cap-view-stacked .elementor-drop-cap{background-color:#69727d;color:#fff}.elementor-widget-text-editor.elementor-drop-cap-view-framed .elementor-drop-cap{color:#69727d;border:3px solid;background-color:transparent}.elementor-widget-text-editor:not(.elementor-drop-cap-view-default) .elementor-drop-cap{margin-top:8px}.elementor-widget-text-editor:not(.elementor-drop-cap-view-default) .elementor-drop-cap-letter{width:1em;height:1em}.elementor-widget-text-editor .elementor-drop-cap{float:left;text-align:center;line-height:1;font-size:50px}.elementor-widget-text-editor .elementor-drop-cap-letter{display:inline-block}<\/style>\t\t\t\t<p><span>Kenncoat Cushion su bazl\u0131, akrilik bag\u0306lay\u0131c\u0131l\u0131, 0.5mm-1.0 mm ince katman veya 1.0 mm-2.0 mm iri katmanl\u0131 iki tip kauc\u0327uk granu\u0308l ile haz\u0131rlanan, yu\u0308zeye esneklik kazand\u0131rmak amac\u0131yla kullan\u0131lan bir malzemedir.<\/span><\/p>\t\t\t\t\t\t<\/div>\n\t\t\t\t<\/div>\n\t\t\t\t\t<\/div>\n\t\t\t\t<\/div>\n\t\t<div class=\"elementor-element elementor-element-298c3c2 e-con-full e-flex e-con e-parent\" data-id=\"298c3c2\" data-element_type=\"container\" data-settings=\"{&quot;content_width&quot;:&quot;full&quot;}\" data-core-v316-plus=\"true\">\n\t\t\t\t<div class=\"elementor-element elementor-element-957a19c elementor-widget elementor-widget-tm-ele-accordion\" data-id=\"957a19c\" data-element_type=\"widget\" data-widget_type=\"tm-ele-accordion.skin-gradient\">\n\t\t\t\t<div class=\"elementor-widget-container\">\n\t\t\t\t\t<div id=\"accordion-holder-714151\" class=\"tm-accordion skin-gradient\">\r\n\t\r\n  <div class=\"card active\">\r\n    <div class=\"card-header p-0\" id=\"heading101\">\r\n      <h5 class=\"title \" data-bs-toggle=\"collapse\" data-bs-target=\"#collapse101\" aria-expanded=\"true\" aria-controls=\"collapse101\">\r\n        <span class=\"text\">\u00dcr\u00fcn bilgileri<\/span>\r\n        <span class=\"accordion-controls-icon\"><svg class=\"e-font-icon-svg e-fas-chevron-down\" viewBox=\"0 0 448 512\" xmlns=\"http:\/\/www.w3.org\/2000\/svg\"><path d=\"M207.029 381.476L12.686 187.132c-9.373-9.373-9.373-24.569 0-33.941l22.667-22.667c9.357-9.357 24.522-9.375 33.901-.04L224 284.505l154.745-154.021c9.379-9.335 24.544-9.317 33.901.04l22.667 22.667c9.373 9.373 9.373 24.569 0 33.941L240.971 381.476c-9.373 9.372-24.569 9.372-33.942 0z\"><\/path><\/svg><\/span>\r\n      <\/h5>\r\n    <\/div>\r\n    <div id=\"collapse101\" class=\"collapse show\" aria-labelledby=\"heading101\" data-bs-parent=\"#accordion-holder-714151\">\r\n      <div class=\"card-body\">\r\n        <p><strong>\u00dcr\u00fcn<\/strong><\/p><p>Kenncoat Cushion<\/p><p>Ba\u011flay\u0131c\u0131<\/p><p>Akrilik<\/p><p>Minimum Uygulama S\u0131cakl\u0131\u011f\u0131<\/p><p>10\u00b0C<\/p><p><strong>Kuruma S\u0131cakl\u0131\u011f\u0131<\/strong><\/p><p>1 saat (25\u00b0C) (\u0130kinci kat\u0131 uygulamak i\u00e7in 2-6 saat beklenmeli y\u00fczeyin tamamen kurudu\u011fu g\u00f6zlenmelidir.)<\/p><p><strong>Renk<\/strong><\/p><p>Gri<\/p><p><\/p><p><strong>Teorik T\u00fcketim Miktar\u0131<\/strong><\/p><p>Kenncoat Cushion teorik t\u00fcketim miktar\u0131 350-500 gr\/m\u00b2\u2019dir.<br \/>Zemine s\u0131cakl\u0131\u011fa ve i\u015f\u00e7ili\u011fe g\u00f6re de\u011fi\u015fiklik g\u00f6stermektedir<\/p><p><strong>Ambalaj \u015eekli:<\/strong> 60 kilograml\u0131k plastik bidon\u00a0<br \/><strong>T\u00fcketim:<\/strong> 350-500 g\/m2\u2019dir.\u00a0Zemine s\u0131cakl\u0131\u011fa ve i\u015f\u00e7ili\u011fe g\u00f6re\u00a0de\u011fi\u015fiklik g\u00f6stermektedir<\/p>      <\/div>\r\n    <\/div>\r\n  <\/div>\r\n\r\n  <div class=\"card \">\r\n    <div class=\"card-header p-0\" id=\"heading102\">\r\n      <h5 class=\"title collapsed\" data-bs-toggle=\"collapse\" data-bs-target=\"#collapse102\" aria-expanded=\"false\" aria-controls=\"collapse102\">\r\n        <span class=\"text\">Uygulama<\/span>\r\n        <span class=\"accordion-controls-icon\"><svg class=\"e-font-icon-svg e-fas-chevron-down\" viewBox=\"0 0 448 512\" xmlns=\"http:\/\/www.w3.org\/2000\/svg\"><path d=\"M207.029 381.476L12.686 187.132c-9.373-9.373-9.373-24.569 0-33.941l22.667-22.667c9.357-9.357 24.522-9.375 33.901-.04L224 284.505l154.745-154.021c9.379-9.335 24.544-9.317 33.901.04l22.667 22.667c9.373 9.373 9.373 24.569 0 33.941L240.971 381.476c-9.373 9.372-24.569 9.372-33.942 0z\"><\/path><\/svg><\/span>\r\n      <\/h5>\r\n    <\/div>\r\n    <div id=\"collapse102\" class=\"collapse \" aria-labelledby=\"heading102\" data-bs-parent=\"#accordion-holder-714151\">\r\n      <div class=\"card-body\">\r\n        <div class=\"tab-pane fade active show\" id=\"nav-profile\" role=\"tabpanel\" aria-labelledby=\"nav-profile-tab\"><p><strong>Y\u00fczey Haz\u0131rl\u0131\u011f\u0131<\/strong><\/p><p>Kenncoat Cushion\u2019\u0131n uygulanaca\u011f\u0131 y\u00fczey toz, kir ve ya\u011fdan ar\u0131nd\u0131r\u0131lm\u0131\u015f olmal\u0131d\u0131r.<br \/>Y\u00fczeyde su olmamal\u0131d\u0131r.<br \/>Kenncoat Cushion\u2019\u0131n uygulanaca\u011f\u0131 zeminde s\u0131cakl\u0131k, minimum 10\u00b0C, maksimum 35\u00b0C\u2019dir.<\/p><p><strong>Uygulama Prosed\u00fcr\u00fc<\/strong><\/p><p>Kenncoat Cushion gelberi veya \u00e7ek\u00e7ek ile uygulan\u0131r.<\/p><p><strong>Ekipman Temizli\u011fi<\/strong><\/p><p>Kullan\u0131lan ekipman su ile y\u0131kanarak temizlenir.<\/p><\/div>      <\/div>\r\n    <\/div>\r\n  <\/div>\r\n\r\n  <div class=\"card \">\r\n    <div class=\"card-header p-0\" id=\"heading103\">\r\n      <h5 class=\"title collapsed\" data-bs-toggle=\"collapse\" data-bs-target=\"#collapse103\" aria-expanded=\"false\" aria-controls=\"collapse103\">\r\n        <span class=\"text\">Uyar\u0131lar ve \u00f6neriler<\/span>\r\n        <span class=\"accordion-controls-icon\"><svg class=\"e-font-icon-svg e-fas-chevron-down\" viewBox=\"0 0 448 512\" xmlns=\"http:\/\/www.w3.org\/2000\/svg\"><path d=\"M207.029 381.476L12.686 187.132c-9.373-9.373-9.373-24.569 0-33.941l22.667-22.667c9.357-9.357 24.522-9.375 33.901-.04L224 284.505l154.745-154.021c9.379-9.335 24.544-9.317 33.901.04l22.667 22.667c9.373 9.373 9.373 24.569 0 33.941L240.971 381.476c-9.373 9.372-24.569 9.372-33.942 0z\"><\/path><\/svg><\/span>\r\n      <\/h5>\r\n    <\/div>\r\n    <div id=\"collapse103\" class=\"collapse \" aria-labelledby=\"heading103\" data-bs-parent=\"#accordion-holder-714151\">\r\n      <div class=\"card-body\">\r\n              <\/div>\r\n    <\/div>\r\n  <\/div>\r\n\r\n  <div class=\"card \">\r\n    <div class=\"card-header p-0\" id=\"heading104\">\r\n      <h5 class=\"title collapsed\" data-bs-toggle=\"collapse\" data-bs-target=\"#collapse104\" aria-expanded=\"false\" aria-controls=\"collapse104\">\r\n        <span class=\"text\">Teknik dok\u00fcmanlar<\/span>\r\n        <span class=\"accordion-controls-icon\"><svg class=\"e-font-icon-svg e-fas-chevron-down\" viewBox=\"0 0 448 512\" xmlns=\"http:\/\/www.w3.org\/2000\/svg\"><path d=\"M207.029 381.476L12.686 187.132c-9.373-9.373-9.373-24.569 0-33.941l22.667-22.667c9.357-9.357 24.522-9.375 33.901-.04L224 284.505l154.745-154.021c9.379-9.335 24.544-9.317 33.901.04l22.667 22.667c9.373 9.373 9.373 24.569 0 33.941L240.971 381.476c-9.373 9.372-24.569 9.372-33.942 0z\"><\/path><\/svg><\/span>\r\n      <\/h5>\r\n    <\/div>\r\n    <div id=\"collapse104\" class=\"collapse \" aria-labelledby=\"heading104\" data-bs-parent=\"#accordion-holder-714151\">\r\n      <div class=\"card-body\">\r\n              <\/div>\r\n    <\/div>\r\n  <\/div>\r\n\t\t<\/div>\r\n\t\t\t<\/div>\n\t\t\t\t<\/div>\n\t\t\t\t<\/div>\n\t\t\t\t<\/div>\n\t\t","protected":false},"excerpt":{"rendered":"<p><span>Kenncoat Cushion su bazl\u0131, akrilik bag\u0306lay\u0131c\u0131l\u0131, 0.5mm-1.0 mm ince katman veya 1.0 mm-2.0 mm iri katmanl\u0131 iki tip kauc\u0327uk granu\u0308l ile haz\u0131rlanan, yu\u0308zeye esneklik kazand\u0131rmak amac\u0131yla kullan\u0131lan bir malzemedir.<\/span><\/p>\n","protected":false},"featured_media":49254,"template":"","meta":{"om_disable_all_campaigns":false},"product_cat":[60],"product_tag":[],"_links":{"self":[{"href":"https:\/\/www.kenncoat.com\/TR\/wp-json\/wp\/v2\/product\/49226"}],"collection":[{"href":"https:\/\/www.kenncoat.com\/TR\/wp-json\/wp\/v2\/product"}],"about":[{"href":"https:\/\/www.kenncoat.com\/TR\/wp-json\/wp\/v2\/types\/product"}],"version-history":[{"count":11,"href":"https:\/\/www.kenncoat.com\/TR\/wp-json\/wp\/v2\/product\/49226\/revisions"}],"predecessor-version":[{"id":49802,"href":"https:\/\/www.kenncoat.com\/TR\/wp-json\/wp\/v2\/product\/49226\/revisions\/49802"}],"wp:featuredmedia":[{"embeddable":true,"href":"https:\/\/www.kenncoat.com\/TR\/wp-json\/wp\/v2\/media\/49254"}],"wp:attachment":[{"href":"https:\/\/www.kenncoat.com\/TR\/wp-json\/wp\/v2\/media?parent=49226"}],"wp:term":[{"taxonomy":"product_cat","embeddable":true,"href":"https:\/\/www.kenncoat.com\/TR\/wp-json\/wp\/v2\/product_cat?post=49226"},{"taxonomy":"product_tag","embeddable":true,"href":"https:\/\/www.kenncoat.com\/TR\/wp-json\/wp\/v2\/product_tag?post=49226"}],"curies":[{"name":"wp","href":"https:\/\/api.w.org\/{rel}","templated":true}]}}