{"id":49225,"date":"2024-03-23T15:43:24","date_gmt":"2024-03-23T15:43:24","guid":{"rendered":"https:\/\/www.kenncoat.com\/TR\/?post_type=product&#038;p=49225"},"modified":"2024-06-12T13:11:46","modified_gmt":"2024-06-12T13:11:46","slug":"akrilik-topcoat","status":"publish","type":"product","link":"https:\/\/www.kenncoat.com\/TR\/product\/akrilik-topcoat\/","title":{"rendered":"AKR\u0130L\u0130K TOPCOAT"},"content":{"rendered":"\t\t<div data-elementor-type=\"product-post\" data-elementor-id=\"49225\" class=\"elementor elementor-49225\" data-elementor-post-type=\"product\">\n\t\t\t\t<div class=\"elementor-element elementor-element-25b8cf2d e-flex e-con-boxed e-con e-parent\" data-id=\"25b8cf2d\" data-element_type=\"container\" data-settings=\"{&quot;content_width&quot;:&quot;boxed&quot;}\" data-core-v316-plus=\"true\">\n\t\t\t\t\t<div class=\"e-con-inner\">\n\t\t\t\t<div class=\"elementor-element elementor-element-6d9c5794 elementor-widget elementor-widget-text-editor\" data-id=\"6d9c5794\" data-element_type=\"widget\" data-widget_type=\"text-editor.default\">\n\t\t\t\t<div class=\"elementor-widget-container\">\n\t\t\t<style>\/*! elementor - v3.19.0 - 28-02-2024 *\/\n.elementor-widget-text-editor.elementor-drop-cap-view-stacked .elementor-drop-cap{background-color:#69727d;color:#fff}.elementor-widget-text-editor.elementor-drop-cap-view-framed .elementor-drop-cap{color:#69727d;border:3px solid;background-color:transparent}.elementor-widget-text-editor:not(.elementor-drop-cap-view-default) .elementor-drop-cap{margin-top:8px}.elementor-widget-text-editor:not(.elementor-drop-cap-view-default) .elementor-drop-cap-letter{width:1em;height:1em}.elementor-widget-text-editor .elementor-drop-cap{float:left;text-align:center;line-height:1;font-size:50px}.elementor-widget-text-editor .elementor-drop-cap-letter{display:inline-block}<\/style>\t\t\t\t<p><span>Kenncoat Sonkat (Topcoat), %100 akrilik bag\u0306lay\u0131c\u0131 esasl\u0131, su bazl\u0131, UV dayan\u0131m\u0131 yu\u0308ksek, tenis kort boyas\u0131d\u0131r.<\/span><\/p>\t\t\t\t\t\t<\/div>\n\t\t\t\t<\/div>\n\t\t\t\t\t<\/div>\n\t\t\t\t<\/div>\n\t\t<div class=\"elementor-element elementor-element-298c3c2 e-con-full e-flex e-con e-parent\" data-id=\"298c3c2\" data-element_type=\"container\" data-settings=\"{&quot;content_width&quot;:&quot;full&quot;}\" data-core-v316-plus=\"true\">\n\t\t\t\t<div class=\"elementor-element elementor-element-957a19c elementor-widget elementor-widget-tm-ele-accordion\" data-id=\"957a19c\" data-element_type=\"widget\" data-widget_type=\"tm-ele-accordion.skin-gradient\">\n\t\t\t\t<div class=\"elementor-widget-container\">\n\t\t\t\t\t<div id=\"accordion-holder-760966\" class=\"tm-accordion skin-gradient\">\r\n\t\r\n  <div class=\"card active\">\r\n    <div class=\"card-header p-0\" id=\"heading521\">\r\n      <h5 class=\"title \" data-bs-toggle=\"collapse\" data-bs-target=\"#collapse521\" aria-expanded=\"true\" aria-controls=\"collapse521\">\r\n        <span class=\"text\">\u00dcr\u00fcn bilgileri<\/span>\r\n        <span class=\"accordion-controls-icon\"><svg class=\"e-font-icon-svg e-fas-chevron-down\" viewBox=\"0 0 448 512\" xmlns=\"http:\/\/www.w3.org\/2000\/svg\"><path d=\"M207.029 381.476L12.686 187.132c-9.373-9.373-9.373-24.569 0-33.941l22.667-22.667c9.357-9.357 24.522-9.375 33.901-.04L224 284.505l154.745-154.021c9.379-9.335 24.544-9.317 33.901.04l22.667 22.667c9.373 9.373 9.373 24.569 0 33.941L240.971 381.476c-9.373 9.372-24.569 9.372-33.942 0z\"><\/path><\/svg><\/span>\r\n      <\/h5>\r\n    <\/div>\r\n    <div id=\"collapse521\" class=\"collapse show\" aria-labelledby=\"heading521\" data-bs-parent=\"#accordion-holder-760966\">\r\n      <div class=\"card-body\">\r\n        <p><strong>Ba\u011flay\u0131c\u0131-\u00a0<\/strong>Akrilik<br \/><strong>Minimum Uygulama S\u0131cakl\u0131\u011f\u0131-<\/strong> 10C<br \/><strong>Kuruma zaman\u0131<\/strong>\u00a0- 1 saat(25C)<br \/>\u0130kinci kat\u0131 uygulamak i\u00e7in 2-6 saat beklenmeli y\u00fczeyin tamamen kurudu\u011fu g\u00f6zlenmelidir.<br \/><strong>Renk<\/strong>\u00a0- RAL renkleri<\/p><p>Ambalaj \u015eekli 75 kilograml\u0131k plastik bidon <br \/>T\u00fcketim: 1 Kat \u0130\u00e7in 0,350KG\/M2<\/p><p><\/p>      <\/div>\r\n    <\/div>\r\n  <\/div>\r\n\r\n  <div class=\"card \">\r\n    <div class=\"card-header p-0\" id=\"heading522\">\r\n      <h5 class=\"title collapsed\" data-bs-toggle=\"collapse\" data-bs-target=\"#collapse522\" aria-expanded=\"false\" aria-controls=\"collapse522\">\r\n        <span class=\"text\">Uygulama<\/span>\r\n        <span class=\"accordion-controls-icon\"><svg class=\"e-font-icon-svg e-fas-chevron-down\" viewBox=\"0 0 448 512\" xmlns=\"http:\/\/www.w3.org\/2000\/svg\"><path d=\"M207.029 381.476L12.686 187.132c-9.373-9.373-9.373-24.569 0-33.941l22.667-22.667c9.357-9.357 24.522-9.375 33.901-.04L224 284.505l154.745-154.021c9.379-9.335 24.544-9.317 33.901.04l22.667 22.667c9.373 9.373 9.373 24.569 0 33.941L240.971 381.476c-9.373 9.372-24.569 9.372-33.942 0z\"><\/path><\/svg><\/span>\r\n      <\/h5>\r\n    <\/div>\r\n    <div id=\"collapse522\" class=\"collapse \" aria-labelledby=\"heading522\" data-bs-parent=\"#accordion-holder-760966\">\r\n      <div class=\"card-body\">\r\n        <div class=\"tab-pane fade active show\" id=\"nav-profile\" role=\"tabpanel\" aria-labelledby=\"nav-profile-tab\"><p><strong>Y\u00fczey Haz\u0131rl\u0131\u011f\u0131-<\/strong> Uygulama yap\u0131lacak y\u00fczeyde toz, kir ve ya\u011f olmamal\u0131 y\u00fczeyde su olmamal\u0131d\u0131r. Alt katman tamamen kuru olmal\u0131d\u0131r.<br \/><strong>Uygulama \u015eartlar\u0131-<\/strong> Minimum s\u0131cakl\u0131k zeminde 10oC, maksimum s\u0131cakl\u0131k 35oC olmal\u0131d\u0131r. Kenncoat Son kat boya su ve kum ile kar\u0131\u015ft\u0131r\u0131larak gelberi veya \u00e7ek\u00e7ek ile uygulan\u0131r.Kullan\u0131lan ekipman su ile y\u0131kanarak temizlenir.<\/p><p><strong>Kar\u0131\u015f\u0131m oran\u0131<\/strong><br \/>1.kat ; %50-%60 kum ve %20-%30 su<br \/>2.kat; %5-%10 kum ve %30-%40 su<br \/>E\u011fer 3 kat uygulama yap\u0131lacaksa kumsuz ve %10-%25 oran\u0131nda su girilebilir.<\/p><\/div>      <\/div>\r\n    <\/div>\r\n  <\/div>\r\n\r\n  <div class=\"card \">\r\n    <div class=\"card-header p-0\" id=\"heading523\">\r\n      <h5 class=\"title collapsed\" data-bs-toggle=\"collapse\" data-bs-target=\"#collapse523\" aria-expanded=\"false\" aria-controls=\"collapse523\">\r\n        <span class=\"text\">Uyar\u0131lar ve \u00f6neriler<\/span>\r\n        <span class=\"accordion-controls-icon\"><svg class=\"e-font-icon-svg e-fas-chevron-down\" viewBox=\"0 0 448 512\" xmlns=\"http:\/\/www.w3.org\/2000\/svg\"><path d=\"M207.029 381.476L12.686 187.132c-9.373-9.373-9.373-24.569 0-33.941l22.667-22.667c9.357-9.357 24.522-9.375 33.901-.04L224 284.505l154.745-154.021c9.379-9.335 24.544-9.317 33.901.04l22.667 22.667c9.373 9.373 9.373 24.569 0 33.941L240.971 381.476c-9.373 9.372-24.569 9.372-33.942 0z\"><\/path><\/svg><\/span>\r\n      <\/h5>\r\n    <\/div>\r\n    <div id=\"collapse523\" class=\"collapse \" aria-labelledby=\"heading523\" data-bs-parent=\"#accordion-holder-760966\">\r\n      <div class=\"card-body\">\r\n              <\/div>\r\n    <\/div>\r\n  <\/div>\r\n\r\n  <div class=\"card \">\r\n    <div class=\"card-header p-0\" id=\"heading524\">\r\n      <h5 class=\"title collapsed\" data-bs-toggle=\"collapse\" data-bs-target=\"#collapse524\" aria-expanded=\"false\" aria-controls=\"collapse524\">\r\n        <span class=\"text\">Teknik dok\u00fcmanlar<\/span>\r\n        <span class=\"accordion-controls-icon\"><svg class=\"e-font-icon-svg e-fas-chevron-down\" viewBox=\"0 0 448 512\" xmlns=\"http:\/\/www.w3.org\/2000\/svg\"><path d=\"M207.029 381.476L12.686 187.132c-9.373-9.373-9.373-24.569 0-33.941l22.667-22.667c9.357-9.357 24.522-9.375 33.901-.04L224 284.505l154.745-154.021c9.379-9.335 24.544-9.317 33.901.04l22.667 22.667c9.373 9.373 9.373 24.569 0 33.941L240.971 381.476c-9.373 9.372-24.569 9.372-33.942 0z\"><\/path><\/svg><\/span>\r\n      <\/h5>\r\n    <\/div>\r\n    <div id=\"collapse524\" class=\"collapse \" aria-labelledby=\"heading524\" data-bs-parent=\"#accordion-holder-760966\">\r\n      <div class=\"card-body\">\r\n              <\/div>\r\n    <\/div>\r\n  <\/div>\r\n\t\t<\/div>\r\n\t\t\t<\/div>\n\t\t\t\t<\/div>\n\t\t\t\t<\/div>\n\t\t\t\t<\/div>\n\t\t","protected":false},"excerpt":{"rendered":"<p><span>Kenncoat Sonkat (Topcoat), %100 akrilik bag\u0306lay\u0131c\u0131 esasl\u0131, su bazl\u0131, UV dayan\u0131m\u0131 yu\u0308ksek, tenis kort boyas\u0131d\u0131r.<\/span><\/p>\n","protected":false},"featured_media":49249,"template":"","meta":{"om_disable_all_campaigns":false},"product_cat":[60],"product_tag":[],"_links":{"self":[{"href":"https:\/\/www.kenncoat.com\/TR\/wp-json\/wp\/v2\/product\/49225"}],"collection":[{"href":"https:\/\/www.kenncoat.com\/TR\/wp-json\/wp\/v2\/product"}],"about":[{"href":"https:\/\/www.kenncoat.com\/TR\/wp-json\/wp\/v2\/types\/product"}],"version-history":[{"count":14,"href":"https:\/\/www.kenncoat.com\/TR\/wp-json\/wp\/v2\/product\/49225\/revisions"}],"predecessor-version":[{"id":49805,"href":"https:\/\/www.kenncoat.com\/TR\/wp-json\/wp\/v2\/product\/49225\/revisions\/49805"}],"wp:featuredmedia":[{"embeddable":true,"href":"https:\/\/www.kenncoat.com\/TR\/wp-json\/wp\/v2\/media\/49249"}],"wp:attachment":[{"href":"https:\/\/www.kenncoat.com\/TR\/wp-json\/wp\/v2\/media?parent=49225"}],"wp:term":[{"taxonomy":"product_cat","embeddable":true,"href":"https:\/\/www.kenncoat.com\/TR\/wp-json\/wp\/v2\/product_cat?post=49225"},{"taxonomy":"product_tag","embeddable":true,"href":"https:\/\/www.kenncoat.com\/TR\/wp-json\/wp\/v2\/product_tag?post=49225"}],"curies":[{"name":"wp","href":"https:\/\/api.w.org\/{rel}","templated":true}]}}