{"id":49224,"date":"2024-03-23T15:43:23","date_gmt":"2024-03-23T15:43:23","guid":{"rendered":"https:\/\/www.kenncoat.com\/TR\/?post_type=product&#038;p=49224"},"modified":"2024-06-12T07:00:39","modified_gmt":"2024-06-12T07:00:39","slug":"akrilik-esasli-epoksi-boya","status":"publish","type":"product","link":"https:\/\/www.kenncoat.com\/TR\/product\/akrilik-esasli-epoksi-boya\/","title":{"rendered":"AKR\u0130L\u0130K ESASLI EPOKS\u0130 BOYA"},"content":{"rendered":"\t\t<div data-elementor-type=\"product-post\" data-elementor-id=\"49224\" class=\"elementor elementor-49224\" data-elementor-post-type=\"product\">\n\t\t\t\t<div class=\"elementor-element elementor-element-25b8cf2d e-flex e-con-boxed e-con e-parent\" data-id=\"25b8cf2d\" data-element_type=\"container\" data-settings=\"{&quot;content_width&quot;:&quot;boxed&quot;}\" data-core-v316-plus=\"true\">\n\t\t\t\t\t<div class=\"e-con-inner\">\n\t\t\t\t<div class=\"elementor-element elementor-element-6d9c5794 elementor-widget elementor-widget-text-editor\" data-id=\"6d9c5794\" data-element_type=\"widget\" data-widget_type=\"text-editor.default\">\n\t\t\t\t<div class=\"elementor-widget-container\">\n\t\t\t<style>\/*! elementor - v3.19.0 - 28-02-2024 *\/\n.elementor-widget-text-editor.elementor-drop-cap-view-stacked .elementor-drop-cap{background-color:#69727d;color:#fff}.elementor-widget-text-editor.elementor-drop-cap-view-framed .elementor-drop-cap{color:#69727d;border:3px solid;background-color:transparent}.elementor-widget-text-editor:not(.elementor-drop-cap-view-default) .elementor-drop-cap{margin-top:8px}.elementor-widget-text-editor:not(.elementor-drop-cap-view-default) .elementor-drop-cap-letter{width:1em;height:1em}.elementor-widget-text-editor .elementor-drop-cap{float:left;text-align:center;line-height:1;font-size:50px}.elementor-widget-text-editor .elementor-drop-cap-letter{display:inline-block}<\/style>\t\t\t\t<p><strong>Kenncoat Akrilik Esasl\u0131 epoksi modifiye akrilik boya a\u00e7\u0131k ve kapal\u0131 alan kullan\u0131m\u0131na uygun, esnek, m\u00fckemmel yap\u0131\u015fma g\u00fcc\u00fcne ve uv dayan\u0131m\u0131na sahip boyad\u0131r. \u00d6zellikle Asfalt ara\u00e7 park alanlar\u0131, yaya ge\u00e7itleri yaya y\u00fcr\u00fcy\u00fc\u015f yollar\u0131, parkurlar, bisiklet yollar\u0131, meydan giri\u015fleri , y\u00f6n i\u015faretleri, kau\u00e7uk karolar\u0131n renklendirilmesi gibi uygulamalar i\u00e7in tasarlanm\u0131\u015ft\u0131r. Y\u00fcksek parlakl\u0131\u011fa sahip olup, zorlu iklim ko\u015fullar\u0131nda mekanik \u00f6zelliklerini kaybetmez.<\/strong><\/p>\t\t\t\t\t\t<\/div>\n\t\t\t\t<\/div>\n\t\t\t\t\t<\/div>\n\t\t\t\t<\/div>\n\t\t<div class=\"elementor-element elementor-element-298c3c2 e-con-full e-flex e-con e-parent\" data-id=\"298c3c2\" data-element_type=\"container\" data-settings=\"{&quot;content_width&quot;:&quot;full&quot;}\" data-core-v316-plus=\"true\">\n\t\t\t\t<div class=\"elementor-element elementor-element-957a19c elementor-widget elementor-widget-tm-ele-accordion\" data-id=\"957a19c\" data-element_type=\"widget\" data-widget_type=\"tm-ele-accordion.skin-gradient\">\n\t\t\t\t<div class=\"elementor-widget-container\">\n\t\t\t\t\t<div id=\"accordion-holder-511996\" class=\"tm-accordion skin-gradient\">\r\n\t\r\n  <div class=\"card active\">\r\n    <div class=\"card-header p-0\" id=\"heading921\">\r\n      <h5 class=\"title \" data-bs-toggle=\"collapse\" data-bs-target=\"#collapse921\" aria-expanded=\"true\" aria-controls=\"collapse921\">\r\n        <span class=\"text\">\u00dcr\u00fcn bilgileri<\/span>\r\n        <span class=\"accordion-controls-icon\"><svg class=\"e-font-icon-svg e-fas-chevron-down\" viewBox=\"0 0 448 512\" xmlns=\"http:\/\/www.w3.org\/2000\/svg\"><path d=\"M207.029 381.476L12.686 187.132c-9.373-9.373-9.373-24.569 0-33.941l22.667-22.667c9.357-9.357 24.522-9.375 33.901-.04L224 284.505l154.745-154.021c9.379-9.335 24.544-9.317 33.901.04l22.667 22.667c9.373 9.373 9.373 24.569 0 33.941L240.971 381.476c-9.373 9.372-24.569 9.372-33.942 0z\"><\/path><\/svg><\/span>\r\n      <\/h5>\r\n    <\/div>\r\n    <div id=\"collapse921\" class=\"collapse show\" aria-labelledby=\"heading921\" data-bs-parent=\"#accordion-holder-511996\">\r\n      <div class=\"card-body\">\r\n        <p><strong>Fiziksel G\u00f6r\u00fcn\u00fcm<\/strong>\u00a0- Viskoz s\u0131v\u0131 <strong>Renk<\/strong>\u00a0- \u00c7e\u015fitli renklerde<br \/><strong>Koku<\/strong>\u00a0- Hafif amonyak kokusu Sarfiyat<br \/>Karoda 750 g\/m2<br \/>Betonda 300g\/m2<br \/><strong>\u0130lk kuruma s\u00fcresi<\/strong> 1-2 saat Tekrar Kaplama s\u00fcresi<br \/>Min 3-4 saat<br \/><strong>Yo\u011funluk (23\u00b0C\u2019de)<\/strong> 1,2-1,3 g\/cm3 ISO 1675 Viskozite (23\u00b0C\u2019de)<br \/>18000-22000<\/p><p><\/p><p><strong>Ambalaj<\/strong>: 10 + 1,5 (Metal)<\/p>      <\/div>\r\n    <\/div>\r\n  <\/div>\r\n\r\n  <div class=\"card \">\r\n    <div class=\"card-header p-0\" id=\"heading922\">\r\n      <h5 class=\"title collapsed\" data-bs-toggle=\"collapse\" data-bs-target=\"#collapse922\" aria-expanded=\"false\" aria-controls=\"collapse922\">\r\n        <span class=\"text\">Uygulamalar<\/span>\r\n        <span class=\"accordion-controls-icon\"><svg class=\"e-font-icon-svg e-fas-chevron-down\" viewBox=\"0 0 448 512\" xmlns=\"http:\/\/www.w3.org\/2000\/svg\"><path d=\"M207.029 381.476L12.686 187.132c-9.373-9.373-9.373-24.569 0-33.941l22.667-22.667c9.357-9.357 24.522-9.375 33.901-.04L224 284.505l154.745-154.021c9.379-9.335 24.544-9.317 33.901.04l22.667 22.667c9.373 9.373 9.373 24.569 0 33.941L240.971 381.476c-9.373 9.372-24.569 9.372-33.942 0z\"><\/path><\/svg><\/span>\r\n      <\/h5>\r\n    <\/div>\r\n    <div id=\"collapse922\" class=\"collapse \" aria-labelledby=\"heading922\" data-bs-parent=\"#accordion-holder-511996\">\r\n      <div class=\"card-body\">\r\n        <p>Uygun zemin kaplama sistemi uyguland\u0131ktan sonra epoksi modifiye akrilik son kat boya en az 2 kat uygulanabilir. Her kat i\u00e7in kar\u0131\u015f\u0131m\u0131n a\u011f\u0131rl\u0131k\u00e7a maksimum %20si kadar su eklenip, homojen bir kar\u0131\u015f\u0131m elde edilinceye kadar yava\u015f\u00e7a kar\u0131\u015ft\u0131r\u0131lmal\u0131d\u0131r. Yumu\u015fak lastik silecek (50-70 shore A sertlik), rulo veya f\u0131r\u00e7a ile uygulama yap\u0131lmal\u0131d\u0131r. S\u0131cakl\u0131k 35 \u00b0 C'nin \u00fczerinde veya 10 \u00b0 C'nin alt\u0131ndaysa uygulanmaz. \u0130kinci kat uygulamadan \u00f6nce 3-4 saat bekleyin. \u0130htiyaca g\u00f6re %5-15 su boya ile kar\u0131\u015ft\u0131r\u0131larak y\u00fczeye uygulanabilir. Uygulama yap\u0131lan y\u00fczey 72 saat kurumaya b\u0131rak\u0131n<\/p>      <\/div>\r\n    <\/div>\r\n  <\/div>\r\n\r\n  <div class=\"card \">\r\n    <div class=\"card-header p-0\" id=\"heading923\">\r\n      <h5 class=\"title collapsed\" data-bs-toggle=\"collapse\" data-bs-target=\"#collapse923\" aria-expanded=\"false\" aria-controls=\"collapse923\">\r\n        <span class=\"text\">Uyar\u0131lar ve \u00f6neriler<\/span>\r\n        <span class=\"accordion-controls-icon\"><svg class=\"e-font-icon-svg e-fas-chevron-down\" viewBox=\"0 0 448 512\" xmlns=\"http:\/\/www.w3.org\/2000\/svg\"><path d=\"M207.029 381.476L12.686 187.132c-9.373-9.373-9.373-24.569 0-33.941l22.667-22.667c9.357-9.357 24.522-9.375 33.901-.04L224 284.505l154.745-154.021c9.379-9.335 24.544-9.317 33.901.04l22.667 22.667c9.373 9.373 9.373 24.569 0 33.941L240.971 381.476c-9.373 9.372-24.569 9.372-33.942 0z\"><\/path><\/svg><\/span>\r\n      <\/h5>\r\n    <\/div>\r\n    <div id=\"collapse923\" class=\"collapse \" aria-labelledby=\"heading923\" data-bs-parent=\"#accordion-holder-511996\">\r\n      <div class=\"card-body\">\r\n              <\/div>\r\n    <\/div>\r\n  <\/div>\r\n\r\n  <div class=\"card \">\r\n    <div class=\"card-header p-0\" id=\"heading924\">\r\n      <h5 class=\"title collapsed\" data-bs-toggle=\"collapse\" data-bs-target=\"#collapse924\" aria-expanded=\"false\" aria-controls=\"collapse924\">\r\n        <span class=\"text\">Teknik dok\u00fcmanlar<\/span>\r\n        <span class=\"accordion-controls-icon\"><svg class=\"e-font-icon-svg e-fas-chevron-down\" viewBox=\"0 0 448 512\" xmlns=\"http:\/\/www.w3.org\/2000\/svg\"><path d=\"M207.029 381.476L12.686 187.132c-9.373-9.373-9.373-24.569 0-33.941l22.667-22.667c9.357-9.357 24.522-9.375 33.901-.04L224 284.505l154.745-154.021c9.379-9.335 24.544-9.317 33.901.04l22.667 22.667c9.373 9.373 9.373 24.569 0 33.941L240.971 381.476c-9.373 9.372-24.569 9.372-33.942 0z\"><\/path><\/svg><\/span>\r\n      <\/h5>\r\n    <\/div>\r\n    <div id=\"collapse924\" class=\"collapse \" aria-labelledby=\"heading924\" data-bs-parent=\"#accordion-holder-511996\">\r\n      <div class=\"card-body\">\r\n              <\/div>\r\n    <\/div>\r\n  <\/div>\r\n\t\t<\/div>\r\n\t\t\t<\/div>\n\t\t\t\t<\/div>\n\t\t\t\t<\/div>\n\t\t\t\t<\/div>\n\t\t","protected":false},"excerpt":{"rendered":"<p><span>Akrilik esasl\u0131 Epoksi boya \u00e7ift bile\u015fenli olarak \u00fcretilen parlak y\u00fczeyli mukavemeti y\u00fcksek bir \u00fcr\u00fcnd\u00fcr. \u00d6zellikle zemin kaplama sistemlerinde diren\u00e7 sa\u011flamas\u0131 y\u00fcksek streslere maruz kald\u0131\u011f\u0131nda kaplamadan ayr\u0131lmamas\u0131 i\u00e7in tercih edilir.<\/span><\/p>\n","protected":false},"featured_media":49244,"template":"","meta":{"om_disable_all_campaigns":false},"product_cat":[60],"product_tag":[],"_links":{"self":[{"href":"https:\/\/www.kenncoat.com\/TR\/wp-json\/wp\/v2\/product\/49224"}],"collection":[{"href":"https:\/\/www.kenncoat.com\/TR\/wp-json\/wp\/v2\/product"}],"about":[{"href":"https:\/\/www.kenncoat.com\/TR\/wp-json\/wp\/v2\/types\/product"}],"version-history":[{"count":8,"href":"https:\/\/www.kenncoat.com\/TR\/wp-json\/wp\/v2\/product\/49224\/revisions"}],"predecessor-version":[{"id":49603,"href":"https:\/\/www.kenncoat.com\/TR\/wp-json\/wp\/v2\/product\/49224\/revisions\/49603"}],"wp:featuredmedia":[{"embeddable":true,"href":"https:\/\/www.kenncoat.com\/TR\/wp-json\/wp\/v2\/media\/49244"}],"wp:attachment":[{"href":"https:\/\/www.kenncoat.com\/TR\/wp-json\/wp\/v2\/media?parent=49224"}],"wp:term":[{"taxonomy":"product_cat","embeddable":true,"href":"https:\/\/www.kenncoat.com\/TR\/wp-json\/wp\/v2\/product_cat?post=49224"},{"taxonomy":"product_tag","embeddable":true,"href":"https:\/\/www.kenncoat.com\/TR\/wp-json\/wp\/v2\/product_tag?post=49224"}],"curies":[{"name":"wp","href":"https:\/\/api.w.org\/{rel}","templated":true}]}}