{"id":49222,"date":"2024-03-23T15:43:19","date_gmt":"2024-03-23T15:43:19","guid":{"rendered":"https:\/\/www.kenncoat.com\/TR\/?post_type=product&#038;p=49222"},"modified":"2024-06-12T13:12:46","modified_gmt":"2024-06-12T13:12:46","slug":"glosscoat-2","status":"publish","type":"product","link":"https:\/\/www.kenncoat.com\/TR\/product\/glosscoat-2\/","title":{"rendered":"GLOSSCOAT"},"content":{"rendered":"\t\t<div data-elementor-type=\"product-post\" data-elementor-id=\"49222\" class=\"elementor elementor-49222\" data-elementor-post-type=\"product\">\n\t\t\t\t<div class=\"elementor-element elementor-element-25b8cf2d e-flex e-con-boxed e-con e-parent\" data-id=\"25b8cf2d\" data-element_type=\"container\" data-settings=\"{&quot;content_width&quot;:&quot;boxed&quot;}\" data-core-v316-plus=\"true\">\n\t\t\t\t\t<div class=\"e-con-inner\">\n\t\t\t\t<div class=\"elementor-element elementor-element-6d9c5794 elementor-widget elementor-widget-text-editor\" data-id=\"6d9c5794\" data-element_type=\"widget\" data-widget_type=\"text-editor.default\">\n\t\t\t\t<div class=\"elementor-widget-container\">\n\t\t\t<style>\/*! elementor - v3.19.0 - 28-02-2024 *\/\n.elementor-widget-text-editor.elementor-drop-cap-view-stacked .elementor-drop-cap{background-color:#69727d;color:#fff}.elementor-widget-text-editor.elementor-drop-cap-view-framed .elementor-drop-cap{color:#69727d;border:3px solid;background-color:transparent}.elementor-widget-text-editor:not(.elementor-drop-cap-view-default) .elementor-drop-cap{margin-top:8px}.elementor-widget-text-editor:not(.elementor-drop-cap-view-default) .elementor-drop-cap-letter{width:1em;height:1em}.elementor-widget-text-editor .elementor-drop-cap{float:left;text-align:center;line-height:1;font-size:50px}.elementor-widget-text-editor .elementor-drop-cap-letter{display:inline-block}<\/style>\t\t\t\t<p><span>GLOSSCOAT \u015feffaf\/renkli, \u00f6zellikle KENNCOAT AKR\u0130L\u0130K TOPCOAT \u00fczerine uygulanmas\u0131 i\u00e7in geli\u015ftirilmi\u015f tek komponentli bir akrilik latex polimer verniktir. <\/span><\/p><p><span>Akrilik zemin kaplama sistemlerinde t\u00fcm uygulama tamamland\u0131ktan sonra tercihen zeminin daha parlak g\u00f6r\u00fcnmesi ve g\u00fcne\u015fte solmaya kar\u015f\u0131 ekstra bir UV diren\u00e7 sa\u011flamas\u0131 amac\u0131yla kullan\u0131labilir. Firmam\u0131zda \u00fcretilmi\u015f olan akrilik zemin boya \u00e7e\u015fitlerimiz Uv diren\u00e7li re\u00e7ineler ile \u00fcretimi sa\u011fland\u0131\u011f\u0131 i\u00e7in g\u00fcne\u015fte sararma yada solma yapmazlar. Ekstra Glosscoat kullan\u0131m\u0131 bu y\u00fczden tercih sebebidir.<\/span><\/p>\t\t\t\t\t\t<\/div>\n\t\t\t\t<\/div>\n\t\t\t\t\t<\/div>\n\t\t\t\t<\/div>\n\t\t<div class=\"elementor-element elementor-element-298c3c2 e-con-full e-flex e-con e-parent\" data-id=\"298c3c2\" data-element_type=\"container\" data-settings=\"{&quot;content_width&quot;:&quot;full&quot;}\" data-core-v316-plus=\"true\">\n\t\t\t\t<div class=\"elementor-element elementor-element-957a19c elementor-widget elementor-widget-tm-ele-accordion\" data-id=\"957a19c\" data-element_type=\"widget\" data-widget_type=\"tm-ele-accordion.skin-gradient\">\n\t\t\t\t<div class=\"elementor-widget-container\">\n\t\t\t\t\t<div id=\"accordion-holder-425535\" class=\"tm-accordion skin-gradient\">\r\n\t\r\n  <div class=\"card active\">\r\n    <div class=\"card-header p-0\" id=\"heading111\">\r\n      <h5 class=\"title \" data-bs-toggle=\"collapse\" data-bs-target=\"#collapse111\" aria-expanded=\"true\" aria-controls=\"collapse111\">\r\n        <span class=\"text\">\u00dcr\u00fcn bilgileri<\/span>\r\n        <span class=\"accordion-controls-icon\"><svg class=\"e-font-icon-svg e-fas-chevron-down\" viewBox=\"0 0 448 512\" xmlns=\"http:\/\/www.w3.org\/2000\/svg\"><path d=\"M207.029 381.476L12.686 187.132c-9.373-9.373-9.373-24.569 0-33.941l22.667-22.667c9.357-9.357 24.522-9.375 33.901-.04L224 284.505l154.745-154.021c9.379-9.335 24.544-9.317 33.901.04l22.667 22.667c9.373 9.373 9.373 24.569 0 33.941L240.971 381.476c-9.373 9.372-24.569 9.372-33.942 0z\"><\/path><\/svg><\/span>\r\n      <\/h5>\r\n    <\/div>\r\n    <div id=\"collapse111\" class=\"collapse show\" aria-labelledby=\"heading111\" data-bs-parent=\"#accordion-holder-425535\">\r\n      <div class=\"card-body\">\r\n        <div class=\"tab-pane fade active show\" id=\"nav-home\" role=\"tabpanel\" aria-labelledby=\"nav-home-tab\"><p>Tek Komponentli<\/p><p><strong>RENK - <\/strong>S\u00fct g\u00f6r\u00fcn\u00fcml\u00fc, ince film halinde \u015feffaf<\/p><p><strong>Kar\u0131\u015f\u0131m Yo\u011funlu\u011fu<\/strong> (20\u02daC) 1.02 gr\/cm3<\/p><p><strong>Kat\u0131 Madde \u0130\u00e7eri\u011fi A\u011f\u0131rl\u0131k\u00e7a<\/strong> % 17<\/p><p><strong>K\u00fcrlenme \u015eartlar\u0131<\/strong> 20\u02daC\u2019de % 70 ba\u011f\u0131l nemde<\/p><p><strong>Viskozite (20\u02daC) <\/strong>14 sn<\/p><p><strong>Tam Kuruma S\u00fcresi (20\u02daC)<\/strong> Yakla\u015f\u0131k 2 saat<\/p><p><strong>Ambalaj-<\/strong> 60 kg plastik\u00a0<\/p><\/div>      <\/div>\r\n    <\/div>\r\n  <\/div>\r\n\r\n  <div class=\"card \">\r\n    <div class=\"card-header p-0\" id=\"heading112\">\r\n      <h5 class=\"title collapsed\" data-bs-toggle=\"collapse\" data-bs-target=\"#collapse112\" aria-expanded=\"false\" aria-controls=\"collapse112\">\r\n        <span class=\"text\">Uygulama<\/span>\r\n        <span class=\"accordion-controls-icon\"><svg class=\"e-font-icon-svg e-fas-chevron-down\" viewBox=\"0 0 448 512\" xmlns=\"http:\/\/www.w3.org\/2000\/svg\"><path d=\"M207.029 381.476L12.686 187.132c-9.373-9.373-9.373-24.569 0-33.941l22.667-22.667c9.357-9.357 24.522-9.375 33.901-.04L224 284.505l154.745-154.021c9.379-9.335 24.544-9.317 33.901.04l22.667 22.667c9.373 9.373 9.373 24.569 0 33.941L240.971 381.476c-9.373 9.372-24.569 9.372-33.942 0z\"><\/path><\/svg><\/span>\r\n      <\/h5>\r\n    <\/div>\r\n    <div id=\"collapse112\" class=\"collapse \" aria-labelledby=\"heading112\" data-bs-parent=\"#accordion-holder-425535\">\r\n      <div class=\"card-body\">\r\n        <div class=\"tab-pane fade active show\" id=\"nav-profile\" role=\"tabpanel\" aria-labelledby=\"nav-profile-tab\"><p><strong>Y\u00dcZEY HAZIRLI\u011eI <\/strong>GLOSSCOAT\u00a0 uygulanacak akrilik y\u00fczeyler kir ve tozlar\u0131ndan ar\u0131nd\u0131r\u0131lm\u0131\u015f olmal\u0131, aderans\u0131 zay\u0131flatan ya\u011f ve ya\u011f esasl\u0131 materyaller y\u00fczeyden uzakla\u015ft\u0131r\u0131lmal\u0131d\u0131r.<\/p><p><strong>UYGULAMA METODLARI<\/strong> GLOSSCOAT\u00a0 k\u0131sa t\u00fcyl\u00fc ruloyla zemine ince film halinde uygulanmal\u0131d\u0131r. Bir kat uygulama yap\u0131lmas\u0131 tavsiye edelir.<\/p><p><strong>SARF\u0130YAT<\/strong>\u00a00,150 kg \/m2<\/p><\/div>      <\/div>\r\n    <\/div>\r\n  <\/div>\r\n\r\n  <div class=\"card \">\r\n    <div class=\"card-header p-0\" id=\"heading113\">\r\n      <h5 class=\"title collapsed\" data-bs-toggle=\"collapse\" data-bs-target=\"#collapse113\" aria-expanded=\"false\" aria-controls=\"collapse113\">\r\n        <span class=\"text\">Uyar\u0131lar ve \u00f6neriler<\/span>\r\n        <span class=\"accordion-controls-icon\"><svg class=\"e-font-icon-svg e-fas-chevron-down\" viewBox=\"0 0 448 512\" xmlns=\"http:\/\/www.w3.org\/2000\/svg\"><path d=\"M207.029 381.476L12.686 187.132c-9.373-9.373-9.373-24.569 0-33.941l22.667-22.667c9.357-9.357 24.522-9.375 33.901-.04L224 284.505l154.745-154.021c9.379-9.335 24.544-9.317 33.901.04l22.667 22.667c9.373 9.373 9.373 24.569 0 33.941L240.971 381.476c-9.373 9.372-24.569 9.372-33.942 0z\"><\/path><\/svg><\/span>\r\n      <\/h5>\r\n    <\/div>\r\n    <div id=\"collapse113\" class=\"collapse \" aria-labelledby=\"heading113\" data-bs-parent=\"#accordion-holder-425535\">\r\n      <div class=\"card-body\">\r\n              <\/div>\r\n    <\/div>\r\n  <\/div>\r\n\r\n  <div class=\"card \">\r\n    <div class=\"card-header p-0\" id=\"heading114\">\r\n      <h5 class=\"title collapsed\" data-bs-toggle=\"collapse\" data-bs-target=\"#collapse114\" aria-expanded=\"false\" aria-controls=\"collapse114\">\r\n        <span class=\"text\">Teknik dok\u00fcmanlar<\/span>\r\n        <span class=\"accordion-controls-icon\"><svg class=\"e-font-icon-svg e-fas-chevron-down\" viewBox=\"0 0 448 512\" xmlns=\"http:\/\/www.w3.org\/2000\/svg\"><path d=\"M207.029 381.476L12.686 187.132c-9.373-9.373-9.373-24.569 0-33.941l22.667-22.667c9.357-9.357 24.522-9.375 33.901-.04L224 284.505l154.745-154.021c9.379-9.335 24.544-9.317 33.901.04l22.667 22.667c9.373 9.373 9.373 24.569 0 33.941L240.971 381.476c-9.373 9.372-24.569 9.372-33.942 0z\"><\/path><\/svg><\/span>\r\n      <\/h5>\r\n    <\/div>\r\n    <div id=\"collapse114\" class=\"collapse \" aria-labelledby=\"heading114\" data-bs-parent=\"#accordion-holder-425535\">\r\n      <div class=\"card-body\">\r\n              <\/div>\r\n    <\/div>\r\n  <\/div>\r\n\t\t<\/div>\r\n\t\t\t<\/div>\n\t\t\t\t<\/div>\n\t\t\t\t<\/div>\n\t\t\t\t<\/div>\n\t\t","protected":false},"excerpt":{"rendered":"<p><span>Akrilik zemin kaplama sistemlerinde t\u00fcm uygulama tamamland\u0131ktan sonra tercihen zeminin daha parlak g\u00f6r\u00fcnmesi ve g\u00fcne\u015fte solmaya kar\u015f\u0131 ekstra bir UV diren\u00e7 sa\u011flamas\u0131 amac\u0131yla kullan\u0131labilir. Firmam\u0131zda \u00fcretilmi\u015f olan akrilik zemin boya \u00e7e\u015fitlerimiz Uv diren\u00e7li re\u00e7ineler ile \u00fcretimi sa\u011fland\u0131\u011f\u0131 i\u00e7in g\u00fcne\u015fte sararma yada solma yapmazlar. Ekstra Glosscoat kullan\u0131m\u0131 bu y\u00fczden tercih sebebidir.<\/span><\/p>\n","protected":false},"featured_media":49230,"template":"","meta":{"om_disable_all_campaigns":false},"product_cat":[60],"product_tag":[],"_links":{"self":[{"href":"https:\/\/www.kenncoat.com\/TR\/wp-json\/wp\/v2\/product\/49222"}],"collection":[{"href":"https:\/\/www.kenncoat.com\/TR\/wp-json\/wp\/v2\/product"}],"about":[{"href":"https:\/\/www.kenncoat.com\/TR\/wp-json\/wp\/v2\/types\/product"}],"version-history":[{"count":11,"href":"https:\/\/www.kenncoat.com\/TR\/wp-json\/wp\/v2\/product\/49222\/revisions"}],"predecessor-version":[{"id":49811,"href":"https:\/\/www.kenncoat.com\/TR\/wp-json\/wp\/v2\/product\/49222\/revisions\/49811"}],"wp:featuredmedia":[{"embeddable":true,"href":"https:\/\/www.kenncoat.com\/TR\/wp-json\/wp\/v2\/media\/49230"}],"wp:attachment":[{"href":"https:\/\/www.kenncoat.com\/TR\/wp-json\/wp\/v2\/media?parent=49222"}],"wp:term":[{"taxonomy":"product_cat","embeddable":true,"href":"https:\/\/www.kenncoat.com\/TR\/wp-json\/wp\/v2\/product_cat?post=49222"},{"taxonomy":"product_tag","embeddable":true,"href":"https:\/\/www.kenncoat.com\/TR\/wp-json\/wp\/v2\/product_tag?post=49222"}],"curies":[{"name":"wp","href":"https:\/\/api.w.org\/{rel}","templated":true}]}}