{"id":49138,"date":"2024-02-29T16:01:40","date_gmt":"2024-02-29T16:01:40","guid":{"rendered":"https:\/\/www.kenncoat.com\/TR\/?post_type=product&#038;p=49138"},"modified":"2024-06-12T13:14:08","modified_gmt":"2024-06-12T13:14:08","slug":"glosscoat","status":"publish","type":"product","link":"https:\/\/www.kenncoat.com\/TR\/product\/glosscoat\/","title":{"rendered":"PVC YAPI\u015eTIRICI"},"content":{"rendered":"\t\t<div data-elementor-type=\"product-post\" data-elementor-id=\"49138\" class=\"elementor elementor-49138\" data-elementor-post-type=\"product\">\n\t\t\t\t<div class=\"elementor-element elementor-element-25b8cf2d e-flex e-con-boxed e-con e-parent\" data-id=\"25b8cf2d\" data-element_type=\"container\" data-settings=\"{&quot;content_width&quot;:&quot;boxed&quot;}\" data-core-v316-plus=\"true\">\n\t\t\t\t\t<div class=\"e-con-inner\">\n\t\t\t\t<div class=\"elementor-element elementor-element-6d9c5794 elementor-widget elementor-widget-text-editor\" data-id=\"6d9c5794\" data-element_type=\"widget\" data-widget_type=\"text-editor.default\">\n\t\t\t\t<div class=\"elementor-widget-container\">\n\t\t\t<style>\/*! elementor - v3.19.0 - 28-02-2024 *\/\n.elementor-widget-text-editor.elementor-drop-cap-view-stacked .elementor-drop-cap{background-color:#69727d;color:#fff}.elementor-widget-text-editor.elementor-drop-cap-view-framed .elementor-drop-cap{color:#69727d;border:3px solid;background-color:transparent}.elementor-widget-text-editor:not(.elementor-drop-cap-view-default) .elementor-drop-cap{margin-top:8px}.elementor-widget-text-editor:not(.elementor-drop-cap-view-default) .elementor-drop-cap-letter{width:1em;height:1em}.elementor-widget-text-editor .elementor-drop-cap{float:left;text-align:center;line-height:1;font-size:50px}.elementor-widget-text-editor .elementor-drop-cap-letter{display:inline-block}<\/style>\t\t\t\t<p><span>PVC esasl\u0131 homojen ve heterojen yer karolar\u0131 ve kaplamalar\u0131, linolyum cinsi do\u011fal yer kaplamalar\u0131, yap\u0131\u015ft\u0131r\u0131lmas\u0131nda kullan\u0131lani\u00e7 mekanlarda tesviye edilmi\u015f beton d\u00f6\u015feme, prefabrike beton, \u00e7imento ve al\u00e7\u0131 bazl\u0131 \u015faplar \u00fczerine uygulanabilir.<\/span><\/p>\t\t\t\t\t\t<\/div>\n\t\t\t\t<\/div>\n\t\t\t\t\t<\/div>\n\t\t\t\t<\/div>\n\t\t<div class=\"elementor-element elementor-element-298c3c2 e-con-full e-flex e-con e-parent\" data-id=\"298c3c2\" data-element_type=\"container\" data-settings=\"{&quot;content_width&quot;:&quot;full&quot;}\" data-core-v316-plus=\"true\">\n\t\t\t\t<div class=\"elementor-element elementor-element-957a19c elementor-widget elementor-widget-tm-ele-accordion\" data-id=\"957a19c\" data-element_type=\"widget\" data-widget_type=\"tm-ele-accordion.skin-gradient\">\n\t\t\t\t<div class=\"elementor-widget-container\">\n\t\t\t\t\t<div id=\"accordion-holder-664438\" class=\"tm-accordion skin-gradient\">\r\n\t\r\n  <div class=\"card active\">\r\n    <div class=\"card-header p-0\" id=\"heading321\">\r\n      <h5 class=\"title \" data-bs-toggle=\"collapse\" data-bs-target=\"#collapse321\" aria-expanded=\"true\" aria-controls=\"collapse321\">\r\n        <span class=\"text\">\u00dcr\u00fcn bilgileri<\/span>\r\n        <span class=\"accordion-controls-icon\"><svg class=\"e-font-icon-svg e-fas-chevron-down\" viewBox=\"0 0 448 512\" xmlns=\"http:\/\/www.w3.org\/2000\/svg\"><path d=\"M207.029 381.476L12.686 187.132c-9.373-9.373-9.373-24.569 0-33.941l22.667-22.667c9.357-9.357 24.522-9.375 33.901-.04L224 284.505l154.745-154.021c9.379-9.335 24.544-9.317 33.901.04l22.667 22.667c9.373 9.373 9.373 24.569 0 33.941L240.971 381.476c-9.373 9.372-24.569 9.372-33.942 0z\"><\/path><\/svg><\/span>\r\n      <\/h5>\r\n    <\/div>\r\n    <div id=\"collapse321\" class=\"collapse show\" aria-labelledby=\"heading321\" data-bs-parent=\"#accordion-holder-664438\">\r\n      <div class=\"card-body\">\r\n        <div class=\"tab-pane fade show active\" id=\"nav-home\" role=\"tabpanel\" aria-labelledby=\"nav-home-tab\"><p><strong>\u00dcr\u00fcn Tan\u0131m\u0131<\/strong><br \/>Akrilik esasl\u0131, su bazl\u0131, yu\u0308ksek yap\u0131s\u0327ma kuvvetine sahip, yeni nesil PVC ve linolyum zemin kaplama yap\u0131s\u0327t\u0131r\u0131c\u0131s\u0131d\u0131r.<\/p><p><strong>Kullan\u0131m Alanlar\u0131<\/strong><br \/>\u2022 Hastaneler, laboratuarlar, konutlar, al\u0131\u015f veri\u015f merkezi<br \/>\u2022 PVC, PU, lateks s\u0131rtl\u0131 yer d\u00f6\u015femeleri,<br \/>\u2022 Marley, marmelyum, linolyum,<br \/>\u2022 Homojen ve heterojen yap\u0131daki yer kaplamalar\u0131.<br \/>\u2022 PVC, PU ve lateksle kaplanm\u0131\u015f hali yap\u0131\u015ft\u0131rma uygulamalar\u0131<br \/>\u2022 Esnek ve dokumalarla izole edilmi\u015f y\u00fczey kaplamalar\u0131nda<br \/>\u2022 Haz\u0131r d\u00fcz ve emici y\u00fczeylerde<br \/>\u2022 Hal\u0131, PVC'den mamul kaplama malzemelerinin, beton ve \u015fapa yap\u0131\u015ft\u0131r\u0131lmas\u0131nda kullan\u0131l\u0131r.<\/p><div class=\"tab-pane fade active show\" id=\"nav-contact\" role=\"tabpanel\" aria-labelledby=\"nav-contact-tab\"><p>20 kg l\u0131k Plastik Kova ambalajlarda<\/p><p>0,5 kg\/m\u00b2 sarfiyatta kullan\u0131l\u0131r.<\/p><\/div><\/div>      <\/div>\r\n    <\/div>\r\n  <\/div>\r\n\r\n  <div class=\"card \">\r\n    <div class=\"card-header p-0\" id=\"heading322\">\r\n      <h5 class=\"title collapsed\" data-bs-toggle=\"collapse\" data-bs-target=\"#collapse322\" aria-expanded=\"false\" aria-controls=\"collapse322\">\r\n        <span class=\"text\">Uygulama<\/span>\r\n        <span class=\"accordion-controls-icon\"><svg class=\"e-font-icon-svg e-fas-chevron-down\" viewBox=\"0 0 448 512\" xmlns=\"http:\/\/www.w3.org\/2000\/svg\"><path d=\"M207.029 381.476L12.686 187.132c-9.373-9.373-9.373-24.569 0-33.941l22.667-22.667c9.357-9.357 24.522-9.375 33.901-.04L224 284.505l154.745-154.021c9.379-9.335 24.544-9.317 33.901.04l22.667 22.667c9.373 9.373 9.373 24.569 0 33.941L240.971 381.476c-9.373 9.372-24.569 9.372-33.942 0z\"><\/path><\/svg><\/span>\r\n      <\/h5>\r\n    <\/div>\r\n    <div id=\"collapse322\" class=\"collapse \" aria-labelledby=\"heading322\" data-bs-parent=\"#accordion-holder-664438\">\r\n      <div class=\"card-body\">\r\n        <div class=\"tab-pane fade active show\" id=\"nav-profile\" role=\"tabpanel\" aria-labelledby=\"nav-profile-tab\"><blockquote><p><strong>Uygulama Talimatlar\u0131<\/strong><br \/>Y\u00fczey Kalitesi: Uygulama y\u00fczeyi toz, ya\u011f, zift, deterjan ve kal\u0131p ya\u011f\u0131 gibi yap\u0131\u015fmay\u0131 engelleyen maddelerden temizlenmi\u015f olmal\u0131d\u0131r. Uygulama yap\u0131lacak yerdeki gev\u015fek par\u00e7alar s\u00f6k\u00fclmeli, bas\u0131n\u00e7l\u0131 hava kompres\u00f6r\u00fc veya vakum ile y\u00fczey temizlenmelidir.<\/p><\/blockquote><p>Y\u00fczey Haz\u0131rl\u0131\u011f\u0131: Zeminde bo\u015fluklar, kabarma ve \u00e7\u00f6kelme (ond\u00fclasyon) var ise self levelling\u00a0kullan\u0131larak y\u00fczey teraziye al\u0131nmal\u0131d\u0131r. Zemin durumuna g\u00f6re gerekiyorsa astarlanma yap\u0131labilir.<\/p><p>Testere di\u015fli mala ile y\u00fczeye s\u00fcr\u00fclerek uygulan\u0131r. Malan\u0131n di\u015f derinli\u011fine g\u00f6re sarfiyat ayarlan\u0131r. Y\u00fczeye s\u00fcr\u00fcld\u00fckten 2 - 3 dakika i\u00e7erisinde yap\u0131\u015ft\u0131r\u0131c\u0131 film tabakas\u0131 olu\u015fturmadan PVC kaplama y\u00fczeye yap\u0131\u015ft\u0131r\u0131l\u0131r. Yap\u0131\u015fma sa\u011fland\u0131ktan sonra k\u0131sa bir s\u00fcre bas\u0131n\u00e7 uygulayarak iyice yap\u0131\u015fmas\u0131 sa\u011flan\u0131r.<\/p><p><strong>\u00d6zellikleri ve Avantajlar\u0131<\/strong><br \/>\u2022 Kolay uygulanabilme.<br \/>\u2022 Uzun \u00e7al\u0131\u015fma aral\u0131\u011f\u0131 ve Y\u00fcksek dayan\u0131m<br \/>\u2022 \u0130lk ve nihai yap\u0131\u015fmada y\u00fcksek performans verir.<br \/>\u2022 Yerden \u0131s\u0131tmal\u0131 zeminler i\u00e7in uygundur.<br \/>\u2022 Tekerlekli sandalye y\u00fck\u00fcne dayan\u0131kl\u0131d\u0131r.<\/p><\/div>      <\/div>\r\n    <\/div>\r\n  <\/div>\r\n\r\n  <div class=\"card \">\r\n    <div class=\"card-header p-0\" id=\"heading323\">\r\n      <h5 class=\"title collapsed\" data-bs-toggle=\"collapse\" data-bs-target=\"#collapse323\" aria-expanded=\"false\" aria-controls=\"collapse323\">\r\n        <span class=\"text\">Uyar\u0131lar ve \u00f6neriler<\/span>\r\n        <span class=\"accordion-controls-icon\"><svg class=\"e-font-icon-svg e-fas-chevron-down\" viewBox=\"0 0 448 512\" xmlns=\"http:\/\/www.w3.org\/2000\/svg\"><path d=\"M207.029 381.476L12.686 187.132c-9.373-9.373-9.373-24.569 0-33.941l22.667-22.667c9.357-9.357 24.522-9.375 33.901-.04L224 284.505l154.745-154.021c9.379-9.335 24.544-9.317 33.901.04l22.667 22.667c9.373 9.373 9.373 24.569 0 33.941L240.971 381.476c-9.373 9.372-24.569 9.372-33.942 0z\"><\/path><\/svg><\/span>\r\n      <\/h5>\r\n    <\/div>\r\n    <div id=\"collapse323\" class=\"collapse \" aria-labelledby=\"heading323\" data-bs-parent=\"#accordion-holder-664438\">\r\n      <div class=\"card-body\">\r\n              <\/div>\r\n    <\/div>\r\n  <\/div>\r\n\r\n  <div class=\"card \">\r\n    <div class=\"card-header p-0\" id=\"heading324\">\r\n      <h5 class=\"title collapsed\" data-bs-toggle=\"collapse\" data-bs-target=\"#collapse324\" aria-expanded=\"false\" aria-controls=\"collapse324\">\r\n        <span class=\"text\">Teknik dok\u00fcmanlar<\/span>\r\n        <span class=\"accordion-controls-icon\"><svg class=\"e-font-icon-svg e-fas-chevron-down\" viewBox=\"0 0 448 512\" xmlns=\"http:\/\/www.w3.org\/2000\/svg\"><path d=\"M207.029 381.476L12.686 187.132c-9.373-9.373-9.373-24.569 0-33.941l22.667-22.667c9.357-9.357 24.522-9.375 33.901-.04L224 284.505l154.745-154.021c9.379-9.335 24.544-9.317 33.901.04l22.667 22.667c9.373 9.373 9.373 24.569 0 33.941L240.971 381.476c-9.373 9.372-24.569 9.372-33.942 0z\"><\/path><\/svg><\/span>\r\n      <\/h5>\r\n    <\/div>\r\n    <div id=\"collapse324\" class=\"collapse \" aria-labelledby=\"heading324\" data-bs-parent=\"#accordion-holder-664438\">\r\n      <div class=\"card-body\">\r\n              <\/div>\r\n    <\/div>\r\n  <\/div>\r\n\t\t<\/div>\r\n\t\t\t<\/div>\n\t\t\t\t<\/div>\n\t\t\t\t<\/div>\n\t\t\t\t<\/div>\n\t\t","protected":false},"excerpt":{"rendered":"<p><span>PVC esasl\u0131 homojen ve heterojen yer karolar\u0131 ve kaplamalar\u0131, linolyum cinsi do\u011fal yer kaplamalar\u0131, yap\u0131\u015ft\u0131r\u0131lmas\u0131nda kullan\u0131lani\u00e7 mekanlarda tesviye edilmi\u015f beton d\u00f6\u015feme, prefabrike beton, \u00e7imento ve al\u00e7\u0131 bazl\u0131 \u015faplar \u00fczerine uygulanabilir.<\/span><\/p>\n","protected":false},"featured_media":49214,"template":"","meta":{"om_disable_all_campaigns":false},"product_cat":[60],"product_tag":[],"_links":{"self":[{"href":"https:\/\/www.kenncoat.com\/TR\/wp-json\/wp\/v2\/product\/49138"}],"collection":[{"href":"https:\/\/www.kenncoat.com\/TR\/wp-json\/wp\/v2\/product"}],"about":[{"href":"https:\/\/www.kenncoat.com\/TR\/wp-json\/wp\/v2\/types\/product"}],"version-history":[{"count":23,"href":"https:\/\/www.kenncoat.com\/TR\/wp-json\/wp\/v2\/product\/49138\/revisions"}],"predecessor-version":[{"id":49814,"href":"https:\/\/www.kenncoat.com\/TR\/wp-json\/wp\/v2\/product\/49138\/revisions\/49814"}],"wp:featuredmedia":[{"embeddable":true,"href":"https:\/\/www.kenncoat.com\/TR\/wp-json\/wp\/v2\/media\/49214"}],"wp:attachment":[{"href":"https:\/\/www.kenncoat.com\/TR\/wp-json\/wp\/v2\/media?parent=49138"}],"wp:term":[{"taxonomy":"product_cat","embeddable":true,"href":"https:\/\/www.kenncoat.com\/TR\/wp-json\/wp\/v2\/product_cat?post=49138"},{"taxonomy":"product_tag","embeddable":true,"href":"https:\/\/www.kenncoat.com\/TR\/wp-json\/wp\/v2\/product_tag?post=49138"}],"curies":[{"name":"wp","href":"https:\/\/api.w.org\/{rel}","templated":true}]}}