{"id":50036,"date":"2024-06-13T14:58:35","date_gmt":"2024-06-13T14:58:35","guid":{"rendered":"https:\/\/www.kenncoat.com\/TR\/?page_id=50036"},"modified":"2024-06-13T14:58:35","modified_gmt":"2024-06-13T14:58:35","slug":"dokme-uzeri-poliuretan-zemin-kaplama","status":"publish","type":"page","link":"https:\/\/www.kenncoat.com\/TR\/sistemler\/poliuretan-zemin-kaplama-sistemleri\/dokme-uzeri-poliuretan-zemin-kaplama\/","title":{"rendered":"D\u00f6kme \u00dczeri Poli\u00fcretan Zemin Kaplama"},"content":{"rendered":"","protected":false},"excerpt":{"rendered":"","protected":false},"author":1,"featured_media":0,"parent":48453,"menu_order":0,"comment_status":"closed","ping_status":"closed","template":"","meta":{"om_disable_all_campaigns":false,"footnotes":""},"_links":{"self":[{"href":"https:\/\/www.kenncoat.com\/TR\/wp-json\/wp\/v2\/pages\/50036"}],"collection":[{"href":"https:\/\/www.kenncoat.com\/TR\/wp-json\/wp\/v2\/pages"}],"about":[{"href":"https:\/\/www.kenncoat.com\/TR\/wp-json\/wp\/v2\/types\/page"}],"author":[{"embeddable":true,"href":"https:\/\/www.kenncoat.com\/TR\/wp-json\/wp\/v2\/users\/1"}],"replies":[{"embeddable":true,"href":"https:\/\/www.kenncoat.com\/TR\/wp-json\/wp\/v2\/comments?post=50036"}],"version-history":[{"count":1,"href":"https:\/\/www.kenncoat.com\/TR\/wp-json\/wp\/v2\/pages\/50036\/revisions"}],"predecessor-version":[{"id":50037,"href":"https:\/\/www.kenncoat.com\/TR\/wp-json\/wp\/v2\/pages\/50036\/revisions\/50037"}],"up":[{"embeddable":true,"href":"https:\/\/www.kenncoat.com\/TR\/wp-json\/wp\/v2\/pages\/48453"}],"wp:attachment":[{"href":"https:\/\/www.kenncoat.com\/TR\/wp-json\/wp\/v2\/media?parent=50036"}],"curies":[{"name":"wp","href":"https:\/\/api.w.org\/{rel}","templated":true}]}}