{"id":48488,"date":"2024-02-29T08:29:21","date_gmt":"2024-02-29T08:29:21","guid":{"rendered":"https:\/\/www.kenncoat.com\/TR\/?page_id=48488"},"modified":"2024-02-29T11:19:31","modified_gmt":"2024-02-29T11:19:31","slug":"poliuretan-nedir","status":"publish","type":"page","link":"https:\/\/www.kenncoat.com\/TR\/teknik\/poliuretan-nedir\/","title":{"rendered":"Poli\u00fcretan Nedir"},"content":{"rendered":"\t\t<div data-elementor-type=\"wp-page\" data-elementor-id=\"48488\" class=\"elementor elementor-48488\" data-elementor-post-type=\"page\">\n\t\t\t\t<div class=\"elementor-element elementor-element-0432db6 e-flex e-con-boxed e-con e-parent\" data-id=\"0432db6\" data-element_type=\"container\" data-settings=\"{&quot;content_width&quot;:&quot;boxed&quot;}\" data-core-v316-plus=\"true\">\n\t\t\t\t\t<div class=\"e-con-inner\">\n\t\t\t\t<div class=\"elementor-element elementor-element-ba858b1 elementor-widget elementor-widget-accordion\" data-id=\"ba858b1\" data-element_type=\"widget\" data-widget_type=\"accordion.default\">\n\t\t\t\t<div class=\"elementor-widget-container\">\n\t\t\t<style>\/*! elementor - v3.19.0 - 28-02-2024 *\/\n.elementor-accordion{text-align:left}.elementor-accordion .elementor-accordion-item{border:1px solid #d5d8dc}.elementor-accordion .elementor-accordion-item+.elementor-accordion-item{border-top:none}.elementor-accordion .elementor-tab-title{margin:0;padding:15px 20px;font-weight:700;line-height:1;cursor:pointer;outline:none}.elementor-accordion .elementor-tab-title .elementor-accordion-icon{display:inline-block;width:1.5em}.elementor-accordion .elementor-tab-title .elementor-accordion-icon svg{width:1em;height:1em}.elementor-accordion .elementor-tab-title .elementor-accordion-icon.elementor-accordion-icon-right{float:right;text-align:right}.elementor-accordion .elementor-tab-title .elementor-accordion-icon.elementor-accordion-icon-left{float:left;text-align:left}.elementor-accordion .elementor-tab-title .elementor-accordion-icon .elementor-accordion-icon-closed{display:block}.elementor-accordion .elementor-tab-title .elementor-accordion-icon .elementor-accordion-icon-opened,.elementor-accordion .elementor-tab-title.elementor-active .elementor-accordion-icon-closed{display:none}.elementor-accordion .elementor-tab-title.elementor-active .elementor-accordion-icon-opened{display:block}.elementor-accordion .elementor-tab-content{display:none;padding:15px 20px;border-top:1px solid #d5d8dc}@media (max-width:767px){.elementor-accordion .elementor-tab-title{padding:12px 15px}.elementor-accordion .elementor-tab-title .elementor-accordion-icon{width:1.2em}.elementor-accordion .elementor-tab-content{padding:7px 15px}}.e-con-inner>.elementor-widget-accordion,.e-con>.elementor-widget-accordion{width:var(--container-widget-width);--flex-grow:var(--container-widget-flex-grow)}<\/style>\t\t<div class=\"elementor-accordion\">\n\t\t\t\t\t\t\t<div class=\"elementor-accordion-item\">\n\t\t\t\t\t<div id=\"elementor-tab-title-1951\" class=\"elementor-tab-title\" data-tab=\"1\" role=\"button\" aria-controls=\"elementor-tab-content-1951\" aria-expanded=\"false\">\n\t\t\t\t\t\t\t\t\t\t\t\t\t<span class=\"elementor-accordion-icon elementor-accordion-icon-left\" aria-hidden=\"true\">\n\t\t\t\t\t\t\t\t\t\t\t\t\t\t\t<span class=\"elementor-accordion-icon-closed\"><svg class=\"e-font-icon-svg e-fas-plus\" viewBox=\"0 0 448 512\" xmlns=\"http:\/\/www.w3.org\/2000\/svg\"><path d=\"M416 208H272V64c0-17.67-14.33-32-32-32h-32c-17.67 0-32 14.33-32 32v144H32c-17.67 0-32 14.33-32 32v32c0 17.67 14.33 32 32 32h144v144c0 17.67 14.33 32 32 32h32c17.67 0 32-14.33 32-32V304h144c17.67 0 32-14.33 32-32v-32c0-17.67-14.33-32-32-32z\"><\/path><\/svg><\/span>\n\t\t\t\t\t\t\t\t<span class=\"elementor-accordion-icon-opened\"><svg class=\"e-font-icon-svg e-fas-minus\" viewBox=\"0 0 448 512\" xmlns=\"http:\/\/www.w3.org\/2000\/svg\"><path d=\"M416 208H32c-17.67 0-32 14.33-32 32v32c0 17.67 14.33 32 32 32h384c17.67 0 32-14.33 32-32v-32c0-17.67-14.33-32-32-32z\"><\/path><\/svg><\/span>\n\t\t\t\t\t\t\t\t\t\t\t\t\t\t<\/span>\n\t\t\t\t\t\t\t\t\t\t\t\t<a class=\"elementor-accordion-title\" tabindex=\"0\">Poli\u00fcretan Nedir?<\/a>\n\t\t\t\t\t<\/div>\n\t\t\t\t\t<div id=\"elementor-tab-content-1951\" class=\"elementor-tab-content elementor-clearfix\" data-tab=\"1\" role=\"region\" aria-labelledby=\"elementor-tab-title-1951\"><p>Bir poliol ve bir izosiyanat\u0131n uygun \u015fartlarda ve gerekli \u00a0katk\u0131 maddeleri ile reaksiyona sokulmas\u0131yla olu\u015fan polimerlerdir.\u00a0<\/p><p>Poli\u00fcretan malzemesi, bir poliol\u00fcn bir diizosiyanat ile uygun kataliz\u00f6rler ve katk\u0131 maddeleri varl\u0131\u011f\u0131nda reaksiyona sokulmas\u0131yla olu\u015fturulur.<\/p><ol><li>Bile\u015fen (Component A): Poliol\u00a0<\/li><li>Bile\u015fen (Component B): \u0130zosiyanat<\/li><\/ol><p>Poliol:\u00a0Polieter veya poliester bazl\u0131 poliollerle, bunlar\u0131n i\u00e7erisine uygun oranlarda konulan katalist, silikon, renklendirici, kabart\u0131c\u0131 ajan ve di\u011fer kimyasallar\u0131n olu\u015fturdu\u011fu bir kar\u0131\u015f\u0131md\u0131r. Bu kar\u0131\u015f\u0131mlar b\u00fcnyelerinde serbest hidroksil (OH) ta\u015f\u0131rlar.\u00a0<\/p><p>Poli\u00fcretan\u00a0karbamat ba\u011flant\u0131lar\u0131 ile birle\u015ftirilen organik \u00fcniteler zincirinden olu\u015fan bir\u00a0polimerdir. Esnek ve esnemeyen\u00a0k\u00f6p\u00fckler, dayan\u0131kl\u0131 elastomerler ve y\u00fcksek performansl\u0131\u00a0yap\u0131\u015ft\u0131r\u0131c\u0131lar, sentetik\u00a0lifler,\u00a0contalar,\u00a0hal\u0131lar\u0131n\u00a0alt k\u0131sm\u0131 ve sert plastik yap\u0131m\u0131nda kullan\u0131l\u0131rlar.<\/p><p>Esnek poli\u00fcretan k\u00f6p\u00fckler, poli\u00fcretan s\u00fcngerler olarak da bilinirler ve yataklarda, mobilyalarda konfor malzemesi olarak vazge\u00e7ilmezdir.<\/p><p>Esnemeyen k\u00f6p\u00fckler ise daha \u00e7ok\u00a0\u0131s\u0131\u00a0ve\u00a0ses\u00a0izolasyonunda kullan\u0131l\u0131rlar.<\/p><\/div>\n\t\t\t\t<\/div>\n\t\t\t\t\t\t\t<div class=\"elementor-accordion-item\">\n\t\t\t\t\t<div id=\"elementor-tab-title-1952\" class=\"elementor-tab-title\" data-tab=\"2\" role=\"button\" aria-controls=\"elementor-tab-content-1952\" aria-expanded=\"false\">\n\t\t\t\t\t\t\t\t\t\t\t\t\t<span class=\"elementor-accordion-icon elementor-accordion-icon-left\" aria-hidden=\"true\">\n\t\t\t\t\t\t\t\t\t\t\t\t\t\t\t<span class=\"elementor-accordion-icon-closed\"><svg class=\"e-font-icon-svg e-fas-plus\" viewBox=\"0 0 448 512\" xmlns=\"http:\/\/www.w3.org\/2000\/svg\"><path d=\"M416 208H272V64c0-17.67-14.33-32-32-32h-32c-17.67 0-32 14.33-32 32v144H32c-17.67 0-32 14.33-32 32v32c0 17.67 14.33 32 32 32h144v144c0 17.67 14.33 32 32 32h32c17.67 0 32-14.33 32-32V304h144c17.67 0 32-14.33 32-32v-32c0-17.67-14.33-32-32-32z\"><\/path><\/svg><\/span>\n\t\t\t\t\t\t\t\t<span class=\"elementor-accordion-icon-opened\"><svg class=\"e-font-icon-svg e-fas-minus\" viewBox=\"0 0 448 512\" xmlns=\"http:\/\/www.w3.org\/2000\/svg\"><path d=\"M416 208H32c-17.67 0-32 14.33-32 32v32c0 17.67 14.33 32 32 32h384c17.67 0 32-14.33 32-32v-32c0-17.67-14.33-32-32-32z\"><\/path><\/svg><\/span>\n\t\t\t\t\t\t\t\t\t\t\t\t\t\t<\/span>\n\t\t\t\t\t\t\t\t\t\t\t\t<a class=\"elementor-accordion-title\" tabindex=\"0\">Hammaddeler<\/a>\n\t\t\t\t\t<\/div>\n\t\t\t\t\t<div id=\"elementor-tab-content-1952\" class=\"elementor-tab-content elementor-clearfix\" data-tab=\"2\" role=\"region\" aria-labelledby=\"elementor-tab-title-1952\"><p>Poli\u00fcretan yapmak i\u00e7in ana bile\u015fenler di- ve tri &#8211;\u00a0izosiyanat\u2019lar ve\u00a0poliol\u2019lerdir. Polimerin i\u015flenmesine yard\u0131mc\u0131 olmak veya polimerin \u00f6zelliklerini de\u011fi\u015ftirmek i\u00e7in ba\u015fka malzemeler de eklenir.<\/p><\/div>\n\t\t\t\t<\/div>\n\t\t\t\t\t\t\t<div class=\"elementor-accordion-item\">\n\t\t\t\t\t<div id=\"elementor-tab-title-1953\" class=\"elementor-tab-title\" data-tab=\"3\" role=\"button\" aria-controls=\"elementor-tab-content-1953\" aria-expanded=\"false\">\n\t\t\t\t\t\t\t\t\t\t\t\t\t<span class=\"elementor-accordion-icon elementor-accordion-icon-left\" aria-hidden=\"true\">\n\t\t\t\t\t\t\t\t\t\t\t\t\t\t\t<span class=\"elementor-accordion-icon-closed\"><svg class=\"e-font-icon-svg e-fas-plus\" viewBox=\"0 0 448 512\" xmlns=\"http:\/\/www.w3.org\/2000\/svg\"><path d=\"M416 208H272V64c0-17.67-14.33-32-32-32h-32c-17.67 0-32 14.33-32 32v144H32c-17.67 0-32 14.33-32 32v32c0 17.67 14.33 32 32 32h144v144c0 17.67 14.33 32 32 32h32c17.67 0 32-14.33 32-32V304h144c17.67 0 32-14.33 32-32v-32c0-17.67-14.33-32-32-32z\"><\/path><\/svg><\/span>\n\t\t\t\t\t\t\t\t<span class=\"elementor-accordion-icon-opened\"><svg class=\"e-font-icon-svg e-fas-minus\" viewBox=\"0 0 448 512\" xmlns=\"http:\/\/www.w3.org\/2000\/svg\"><path d=\"M416 208H32c-17.67 0-32 14.33-32 32v32c0 17.67 14.33 32 32 32h384c17.67 0 32-14.33 32-32v-32c0-17.67-14.33-32-32-32z\"><\/path><\/svg><\/span>\n\t\t\t\t\t\t\t\t\t\t\t\t\t\t<\/span>\n\t\t\t\t\t\t\t\t\t\t\t\t<a class=\"elementor-accordion-title\" tabindex=\"0\">\u0130zosiyanatlar<\/a>\n\t\t\t\t\t<\/div>\n\t\t\t\t\t<div id=\"elementor-tab-content-1953\" class=\"elementor-tab-content elementor-clearfix\" data-tab=\"3\" role=\"region\" aria-labelledby=\"elementor-tab-title-1953\"><p>Poli\u00fcretan yap\u0131m\u0131nda kullan\u0131lan izosiyanat\u0131n her molek\u00fcl\u00fcnde iki veya daha \u00e7ok\u00a0izosiyanat\u00a0grubu vard\u0131r. En \u00e7ok kullan\u0131lan izosiyanatlar,\u00a0aromatik\u00a0diizosiyanatlar, toluen diizosiyanat (TDI) ve metilen difenil diizosiyanat (MDI)&#8217;d\u0131r.<\/p><p>TDI ve MDI genellikle di\u011fer izosiyanatlardan daha ucuz ve daha reaktiftir. End\u00fcstriyel tip\u00a0TDI\u00a0ve MDI izomerlerin kar\u0131\u015f\u0131mlar\u0131d\u0131r ve MDI genellikle polimerik malzemeler i\u00e7erir.<\/p><p>K\u00f6p\u00fcklerin, esnek k\u00f6p\u00fck (\u00f6rn. kal\u0131n d\u00f6\u015femelik yatak k\u00f6p\u00fc\u011f\u00fc veya kal\u0131planm\u0131\u015f araba koltuk k\u00f6p\u00fc\u011f\u00fc),[1]\u00a0sert k\u00f6p\u00fck (\u00f6rn. buzdolab\u0131 \u0131s\u0131 yal\u0131t\u0131m k\u00f6p\u00fc\u011f\u00fc) ve elastomerler (\u00f6rne\u011fin ayakkab\u0131 tabanlar\u0131) vb. gibi kullan\u0131m alanlar\u0131 vard\u0131r.<\/p><p>K\u0131smen poliollerle reaksiyona sokularak veya izosiyanatlar\u0131n u\u00e7uculu\u011fu azaltmak i\u00e7in ba\u015fka malzemeler katarak, i\u015flemeyi kolayla\u015ft\u0131rmak veya nihai polimerlerlerin \u00f6zelliklerini geli\u015ftirmek i\u00e7in donma s\u0131cakl\u0131k noktalar\u0131 d\u00fc\u015f\u00fcrerek izosiyanatlar\u0131n yap\u0131s\u0131 de\u011fi\u015ftirilebilir.<\/p><\/div>\n\t\t\t\t<\/div>\n\t\t\t\t\t\t\t<div class=\"elementor-accordion-item\">\n\t\t\t\t\t<div id=\"elementor-tab-title-1954\" class=\"elementor-tab-title\" data-tab=\"4\" role=\"button\" aria-controls=\"elementor-tab-content-1954\" aria-expanded=\"false\">\n\t\t\t\t\t\t\t\t\t\t\t\t\t<span class=\"elementor-accordion-icon elementor-accordion-icon-left\" aria-hidden=\"true\">\n\t\t\t\t\t\t\t\t\t\t\t\t\t\t\t<span class=\"elementor-accordion-icon-closed\"><svg class=\"e-font-icon-svg e-fas-plus\" viewBox=\"0 0 448 512\" xmlns=\"http:\/\/www.w3.org\/2000\/svg\"><path d=\"M416 208H272V64c0-17.67-14.33-32-32-32h-32c-17.67 0-32 14.33-32 32v144H32c-17.67 0-32 14.33-32 32v32c0 17.67 14.33 32 32 32h144v144c0 17.67 14.33 32 32 32h32c17.67 0 32-14.33 32-32V304h144c17.67 0 32-14.33 32-32v-32c0-17.67-14.33-32-32-32z\"><\/path><\/svg><\/span>\n\t\t\t\t\t\t\t\t<span class=\"elementor-accordion-icon-opened\"><svg class=\"e-font-icon-svg e-fas-minus\" viewBox=\"0 0 448 512\" xmlns=\"http:\/\/www.w3.org\/2000\/svg\"><path d=\"M416 208H32c-17.67 0-32 14.33-32 32v32c0 17.67 14.33 32 32 32h384c17.67 0 32-14.33 32-32v-32c0-17.67-14.33-32-32-32z\"><\/path><\/svg><\/span>\n\t\t\t\t\t\t\t\t\t\t\t\t\t\t<\/span>\n\t\t\t\t\t\t\t\t\t\t\t\t<a class=\"elementor-accordion-title\" tabindex=\"0\">Polioller<\/a>\n\t\t\t\t\t<\/div>\n\t\t\t\t\t<div id=\"elementor-tab-content-1954\" class=\"elementor-tab-content elementor-clearfix\" data-tab=\"4\" role=\"region\" aria-labelledby=\"elementor-tab-title-1954\"><p>Polioller, epoksitlerin reaksiyonu ile aktif hidrojen i\u00e7eren bile\u015fikler kullan\u0131larak yap\u0131lan polieter polioller olabilir. Polyester polioller \u00e7ok fonksiyonlu\u00a0karboksilik asitleri\u00a0ve polihidroksil bile\u015fiklerinin polikondensasyonu ile yap\u0131l\u0131r. Son kullan\u0131mlar\u0131na g\u00f6re ayr\u0131ca s\u0131n\u0131fland\u0131r\u0131labilirler.<\/p><p>Daha fazla molek\u00fcl a\u011f\u0131rl\u0131kl\u0131 polioller (2000 ila 10000 aras\u0131ndaki molek\u00fcl a\u011f\u0131rl\u0131klar\u0131 olanlar) daha esnek poli\u00fcretanlar yapmak i\u00e7in kullan\u0131l\u0131rken daha az molek\u00fcl a\u011f\u0131rl\u0131kl\u0131 polioller (300 ila 700 aras\u0131ndaki molek\u00fcl a\u011f\u0131rl\u0131klar\u0131 olanlar) daha sert \u00fcr\u00fcnler yapar.<\/p><\/div>\n\t\t\t\t<\/div>\n\t\t\t\t\t\t\t<div class=\"elementor-accordion-item\">\n\t\t\t\t\t<div id=\"elementor-tab-title-1955\" class=\"elementor-tab-title\" data-tab=\"5\" role=\"button\" aria-controls=\"elementor-tab-content-1955\" aria-expanded=\"false\">\n\t\t\t\t\t\t\t\t\t\t\t\t\t<span class=\"elementor-accordion-icon elementor-accordion-icon-left\" aria-hidden=\"true\">\n\t\t\t\t\t\t\t\t\t\t\t\t\t\t\t<span class=\"elementor-accordion-icon-closed\"><svg class=\"e-font-icon-svg e-fas-plus\" viewBox=\"0 0 448 512\" xmlns=\"http:\/\/www.w3.org\/2000\/svg\"><path d=\"M416 208H272V64c0-17.67-14.33-32-32-32h-32c-17.67 0-32 14.33-32 32v144H32c-17.67 0-32 14.33-32 32v32c0 17.67 14.33 32 32 32h144v144c0 17.67 14.33 32 32 32h32c17.67 0 32-14.33 32-32V304h144c17.67 0 32-14.33 32-32v-32c0-17.67-14.33-32-32-32z\"><\/path><\/svg><\/span>\n\t\t\t\t\t\t\t\t<span class=\"elementor-accordion-icon-opened\"><svg class=\"e-font-icon-svg e-fas-minus\" viewBox=\"0 0 448 512\" xmlns=\"http:\/\/www.w3.org\/2000\/svg\"><path d=\"M416 208H32c-17.67 0-32 14.33-32 32v32c0 17.67 14.33 32 32 32h384c17.67 0 32-14.33 32-32v-32c0-17.67-14.33-32-32-32z\"><\/path><\/svg><\/span>\n\t\t\t\t\t\t\t\t\t\t\t\t\t\t<\/span>\n\t\t\t\t\t\t\t\t\t\t\t\t<a class=\"elementor-accordion-title\" tabindex=\"0\"> Poli\u00fcretan\u0131n Genel \u00d6zellikleri<\/a>\n\t\t\t\t\t<\/div>\n\t\t\t\t\t<div id=\"elementor-tab-content-1955\" class=\"elementor-tab-content elementor-clearfix\" data-tab=\"5\" role=\"region\" aria-labelledby=\"elementor-tab-title-1955\"><ul><li>\u00c7atlamaya , y\u0131rt\u0131lmaya , \u00a0k\u0131r\u0131lmaya ve \u015fi\u015fmelere kar\u015f\u0131 diren\u00e7lidir.<\/li><li>\u0130yi bir a\u015f\u0131nma direnci sa\u011flar.<\/li><li>Gerilme ve s\u0131k\u0131\u015fmaya dayanabilmektedir.<\/li><li>\u00c7ok \u00e7e\u015fitli s\u0131cakl\u0131klara dayanabilir.<\/li><li>Kimyasallara kar\u015f\u0131 diren\u00e7lidir.<\/li><\/ul><\/div>\n\t\t\t\t<\/div>\n\t\t\t\t\t\t\t<div class=\"elementor-accordion-item\">\n\t\t\t\t\t<div id=\"elementor-tab-title-1956\" class=\"elementor-tab-title\" data-tab=\"6\" role=\"button\" aria-controls=\"elementor-tab-content-1956\" aria-expanded=\"false\">\n\t\t\t\t\t\t\t\t\t\t\t\t\t<span class=\"elementor-accordion-icon elementor-accordion-icon-left\" aria-hidden=\"true\">\n\t\t\t\t\t\t\t\t\t\t\t\t\t\t\t<span class=\"elementor-accordion-icon-closed\"><svg class=\"e-font-icon-svg e-fas-plus\" viewBox=\"0 0 448 512\" xmlns=\"http:\/\/www.w3.org\/2000\/svg\"><path d=\"M416 208H272V64c0-17.67-14.33-32-32-32h-32c-17.67 0-32 14.33-32 32v144H32c-17.67 0-32 14.33-32 32v32c0 17.67 14.33 32 32 32h144v144c0 17.67 14.33 32 32 32h32c17.67 0 32-14.33 32-32V304h144c17.67 0 32-14.33 32-32v-32c0-17.67-14.33-32-32-32z\"><\/path><\/svg><\/span>\n\t\t\t\t\t\t\t\t<span class=\"elementor-accordion-icon-opened\"><svg class=\"e-font-icon-svg e-fas-minus\" viewBox=\"0 0 448 512\" xmlns=\"http:\/\/www.w3.org\/2000\/svg\"><path d=\"M416 208H32c-17.67 0-32 14.33-32 32v32c0 17.67 14.33 32 32 32h384c17.67 0 32-14.33 32-32v-32c0-17.67-14.33-32-32-32z\"><\/path><\/svg><\/span>\n\t\t\t\t\t\t\t\t\t\t\t\t\t\t<\/span>\n\t\t\t\t\t\t\t\t\t\t\t\t<a class=\"elementor-accordion-title\" tabindex=\"0\">Kullan\u0131m Alanlar\u0131<\/a>\n\t\t\t\t\t<\/div>\n\t\t\t\t\t<div id=\"elementor-tab-content-1956\" class=\"elementor-tab-content elementor-clearfix\" data-tab=\"6\" role=\"region\" aria-labelledby=\"elementor-tab-title-1956\"><ul><li>\u0130n\u015faat ve yap\u0131 sekt\u00f6r\u00fcnde<\/li><li>Mobilya sekt\u00f6r\u00fcnde<\/li><li>Ambalajlama sekt\u00f6r\u00fcnde<\/li><li>Evlerin \u00e7at\u0131lar\u0131nda<\/li><li>So\u011fuk g\u0131da depolar\u0131<\/li><li>Makine ve elektronik sekt\u00f6rlerinde yayg\u0131n olarak kullan\u0131lmaktad\u0131r.<\/li><\/ul><p>Yap\u0131\u015ft\u0131rma ve ba\u011flama i\u015flemleri i\u00e7in de PU k\u00f6p\u00fck cinslerini g\u00f6n\u00fcl rahatl\u0131\u011f\u0131 ile kullanabilirsiniz. Bu i\u015flemle i\u00e7in hem tek bile\u015fenli hem de \u00e7ift bile\u015fenli PU k\u00f6p\u00fckler piyasada bulunmaktad\u0131r. Poli\u00fcretan k\u00f6p\u00fck cinsleriyle yap\u0131lacak yap\u0131\u015ft\u0131rma i\u015flemleri \u00f6zel bir alan gerektirmez. PU k\u00f6p\u00fckler k\u0131sa s\u00fcrede k\u00fcrle\u015fti\u011fi i\u00e7in fazla vakit almaz, \u00e7evreye kar\u015f\u0131 duyarl\u0131d\u0131r, solvent i\u00e7ermez. Uygulama basittir ve sonras\u0131nda temizlik gerektirmez, \u00f6zellikle de ambalaj ya da tabanca ile uygulama yap\u0131lacaksa. Ayn\u0131 zamanda da muadillerine g\u00f6re \u00e7ok daha uygun fiyatl\u0131 bir yap\u0131\u015ft\u0131r\u0131c\u0131d\u0131r. Buna ra\u011fmen en g\u00fc\u00e7l\u00fc yap\u0131\u015ft\u0131r\u0131c\u0131lardan bir tanesidir.<\/p><\/div>\n\t\t\t\t<\/div>\n\t\t\t\t\t\t\t\t<\/div>\n\t\t\t\t<\/div>\n\t\t\t\t<\/div>\n\t\t\t\t\t<\/div>\n\t\t\t\t<\/div>\n\t\t\t\t<\/div>\n\t\t","protected":false},"excerpt":{"rendered":"<p>Poli\u00fcretan Nedir? Bir poliol ve bir izosiyanat\u0131n uygun \u015fartlarda ve gerekli \u00a0katk\u0131 maddeleri ile reaksiyona sokulmas\u0131yla olu\u015fan polimerlerdir.\u00a0 Poli\u00fcretan malzemesi,&#8230;<\/p>\n","protected":false},"author":1,"featured_media":0,"parent":48484,"menu_order":0,"comment_status":"closed","ping_status":"closed","template":"","meta":{"om_disable_all_campaigns":false,"footnotes":""},"_links":{"self":[{"href":"https:\/\/www.kenncoat.com\/TR\/wp-json\/wp\/v2\/pages\/48488"}],"collection":[{"href":"https:\/\/www.kenncoat.com\/TR\/wp-json\/wp\/v2\/pages"}],"about":[{"href":"https:\/\/www.kenncoat.com\/TR\/wp-json\/wp\/v2\/types\/page"}],"author":[{"embeddable":true,"href":"https:\/\/www.kenncoat.com\/TR\/wp-json\/wp\/v2\/users\/1"}],"replies":[{"embeddable":true,"href":"https:\/\/www.kenncoat.com\/TR\/wp-json\/wp\/v2\/comments?post=48488"}],"version-history":[{"count":7,"href":"https:\/\/www.kenncoat.com\/TR\/wp-json\/wp\/v2\/pages\/48488\/revisions"}],"predecessor-version":[{"id":48659,"href":"https:\/\/www.kenncoat.com\/TR\/wp-json\/wp\/v2\/pages\/48488\/revisions\/48659"}],"up":[{"embeddable":true,"href":"https:\/\/www.kenncoat.com\/TR\/wp-json\/wp\/v2\/pages\/48484"}],"wp:attachment":[{"href":"https:\/\/www.kenncoat.com\/TR\/wp-json\/wp\/v2\/media?parent=48488"}],"curies":[{"name":"wp","href":"https:\/\/api.w.org\/{rel}","templated":true}]}}