{"id":48472,"date":"2024-02-29T08:27:24","date_gmt":"2024-02-29T08:27:24","guid":{"rendered":"https:\/\/www.kenncoat.com\/TR\/?page_id=48472"},"modified":"2024-03-23T17:11:15","modified_gmt":"2024-03-23T17:11:15","slug":"solventsiz-epoksi","status":"publish","type":"page","link":"https:\/\/www.kenncoat.com\/TR\/urunler\/solventsiz-epoksi\/","title":{"rendered":"Solventsiz Epoksi"},"content":{"rendered":"\t\t<div data-elementor-type=\"wp-page\" data-elementor-id=\"48472\" class=\"elementor elementor-48472\" data-elementor-post-type=\"page\">\n\t\t\t\t<div class=\"elementor-element elementor-element-24fab25 e-flex e-con-boxed e-con e-parent\" data-id=\"24fab25\" data-element_type=\"container\" data-settings=\"{&quot;content_width&quot;:&quot;boxed&quot;}\" data-core-v316-plus=\"true\">\n\t\t\t\t\t<div class=\"e-con-inner\">\n\t\t\t\t<div class=\"elementor-element elementor-element-63f9c24 elementor-grid-4 elementor-posts--align-center elementor-grid-tablet-2 elementor-grid-mobile-1 elementor-posts--thumbnail-top elementor-card-shadow-yes elementor-posts__hover-gradient elementor-widget elementor-widget-posts\" data-id=\"63f9c24\" data-element_type=\"widget\" data-settings=\"{&quot;cards_columns&quot;:&quot;4&quot;,&quot;cards_columns_tablet&quot;:&quot;2&quot;,&quot;cards_columns_mobile&quot;:&quot;1&quot;,&quot;cards_row_gap&quot;:{&quot;unit&quot;:&quot;px&quot;,&quot;size&quot;:35,&quot;sizes&quot;:[]},&quot;cards_row_gap_tablet&quot;:{&quot;unit&quot;:&quot;px&quot;,&quot;size&quot;:&quot;&quot;,&quot;sizes&quot;:[]},&quot;cards_row_gap_mobile&quot;:{&quot;unit&quot;:&quot;px&quot;,&quot;size&quot;:&quot;&quot;,&quot;sizes&quot;:[]}}\" data-widget_type=\"posts.cards\">\n\t\t\t\t<div class=\"elementor-widget-container\">\n\t\t\t<link rel=\"stylesheet\" href=\"https:\/\/www.kenncoat.com\/TR\/wp-content\/plugins\/elementor-pro\/assets\/css\/widget-posts.min.css\">\t\t<div class=\"elementor-posts-container elementor-posts elementor-posts--skin-cards elementor-grid\">\n\t\t\t\t<article class=\"elementor-post elementor-grid-item post-49426 product type-product status-publish has-post-thumbnail product_cat-solventsiz-epoksi first instock virtual product-type-simple\">\n\t\t\t<div class=\"elementor-post__card\">\n\t\t\t\t<a class=\"elementor-post__thumbnail__link\" href=\"https:\/\/www.kenncoat.com\/TR\/product\/antistatik-solventsiz-epoksi-self-levelling\/\" tabindex=\"-1\" ><div class=\"elementor-post__thumbnail\"><img fetchpriority=\"high\" decoding=\"async\" width=\"297\" height=\"300\" src=\"https:\/\/www.kenncoat.com\/TR\/wp-content\/uploads\/2024\/03\/1618485933-297x300.png\" class=\"attachment-medium size-medium wp-image-49447\" alt=\"\" srcset=\"https:\/\/www.kenncoat.com\/TR\/wp-content\/uploads\/2024\/03\/1618485933-297x300.png 297w, https:\/\/www.kenncoat.com\/TR\/wp-content\/uploads\/2024\/03\/1618485933-100x100.png 100w, https:\/\/www.kenncoat.com\/TR\/wp-content\/uploads\/2024\/03\/1618485933.png 340w\" sizes=\"(max-width: 297px) 100vw, 297px\" \/><\/div><\/a>\n\t\t\t\t<div class=\"elementor-post__text\">\n\t\t\t\t<h3 class=\"elementor-post__title\">\n\t\t\t<a href=\"https:\/\/www.kenncoat.com\/TR\/product\/antistatik-solventsiz-epoksi-self-levelling\/\" >\n\t\t\t\tANT\u0130STAT\u0130K SOLVENTS\u0130Z EPOKS\u0130 SELF LEVELLING\t\t\t<\/a>\n\t\t<\/h3>\n\t\t\t\t<\/div>\n\t\t\t\t\t<\/div>\n\t\t<\/article>\n\t\t\t\t<article class=\"elementor-post elementor-grid-item post-49425 product type-product status-publish has-post-thumbnail product_cat-solventsiz-epoksi  instock virtual product-type-simple\">\n\t\t\t<div class=\"elementor-post__card\">\n\t\t\t\t<a class=\"elementor-post__thumbnail__link\" href=\"https:\/\/www.kenncoat.com\/TR\/product\/solventsiz-epoksi-sonkat-boya\/\" tabindex=\"-1\" ><div class=\"elementor-post__thumbnail\"><img decoding=\"async\" width=\"300\" height=\"173\" src=\"https:\/\/www.kenncoat.com\/TR\/wp-content\/uploads\/2024\/03\/1618485996-300x173.png\" class=\"attachment-medium size-medium wp-image-49442\" alt=\"\" srcset=\"https:\/\/www.kenncoat.com\/TR\/wp-content\/uploads\/2024\/03\/1618485996-300x173.png 300w, https:\/\/www.kenncoat.com\/TR\/wp-content\/uploads\/2024\/03\/1618485996-1024x591.png 1024w, https:\/\/www.kenncoat.com\/TR\/wp-content\/uploads\/2024\/03\/1618485996-768x443.png 768w, https:\/\/www.kenncoat.com\/TR\/wp-content\/uploads\/2024\/03\/1618485996-1536x886.png 1536w, https:\/\/www.kenncoat.com\/TR\/wp-content\/uploads\/2024\/03\/1618485996-600x346.png 600w, https:\/\/www.kenncoat.com\/TR\/wp-content\/uploads\/2024\/03\/1618485996.png 1608w\" sizes=\"(max-width: 300px) 100vw, 300px\" \/><\/div><\/a>\n\t\t\t\t<div class=\"elementor-post__text\">\n\t\t\t\t<h3 class=\"elementor-post__title\">\n\t\t\t<a href=\"https:\/\/www.kenncoat.com\/TR\/product\/solventsiz-epoksi-sonkat-boya\/\" >\n\t\t\t\tSOLVENTS\u0130Z EPOKS\u0130 SONKAT BOYA\t\t\t<\/a>\n\t\t<\/h3>\n\t\t\t\t<\/div>\n\t\t\t\t\t<\/div>\n\t\t<\/article>\n\t\t\t\t<article class=\"elementor-post elementor-grid-item post-49424 product type-product status-publish has-post-thumbnail product_cat-solventsiz-epoksi  instock virtual product-type-simple\">\n\t\t\t<div class=\"elementor-post__card\">\n\t\t\t\t<a class=\"elementor-post__thumbnail__link\" href=\"https:\/\/www.kenncoat.com\/TR\/product\/seffaf-solventsiz-epoksi-self-levelling\/\" tabindex=\"-1\" ><div class=\"elementor-post__thumbnail\"><img decoding=\"async\" width=\"300\" height=\"171\" src=\"https:\/\/www.kenncoat.com\/TR\/wp-content\/uploads\/2024\/03\/1618485503-300x171.png\" class=\"attachment-medium size-medium wp-image-49437\" alt=\"\" srcset=\"https:\/\/www.kenncoat.com\/TR\/wp-content\/uploads\/2024\/03\/1618485503-300x171.png 300w, https:\/\/www.kenncoat.com\/TR\/wp-content\/uploads\/2024\/03\/1618485503-768x438.png 768w, https:\/\/www.kenncoat.com\/TR\/wp-content\/uploads\/2024\/03\/1618485503-600x342.png 600w, https:\/\/www.kenncoat.com\/TR\/wp-content\/uploads\/2024\/03\/1618485503.png 818w\" sizes=\"(max-width: 300px) 100vw, 300px\" \/><\/div><\/a>\n\t\t\t\t<div class=\"elementor-post__text\">\n\t\t\t\t<h3 class=\"elementor-post__title\">\n\t\t\t<a href=\"https:\/\/www.kenncoat.com\/TR\/product\/seffaf-solventsiz-epoksi-self-levelling\/\" >\n\t\t\t\t\u015eEFFAF SOLVENTS\u0130Z EPOKS\u0130 SELF LEVELLING\t\t\t<\/a>\n\t\t<\/h3>\n\t\t\t\t<\/div>\n\t\t\t\t\t<\/div>\n\t\t<\/article>\n\t\t\t\t<article class=\"elementor-post elementor-grid-item post-49423 product type-product status-publish has-post-thumbnail product_cat-solventsiz-epoksi last instock virtual product-type-simple\">\n\t\t\t<div class=\"elementor-post__card\">\n\t\t\t\t<a class=\"elementor-post__thumbnail__link\" href=\"https:\/\/www.kenncoat.com\/TR\/product\/tiksotropik-yuzeyli-solventsiz-epoksi-self-levelling\/\" tabindex=\"-1\" ><div class=\"elementor-post__thumbnail\"><img loading=\"lazy\" decoding=\"async\" width=\"300\" height=\"171\" src=\"https:\/\/www.kenncoat.com\/TR\/wp-content\/uploads\/2024\/03\/1618484841-300x171.png\" class=\"attachment-medium size-medium wp-image-49432\" alt=\"\" srcset=\"https:\/\/www.kenncoat.com\/TR\/wp-content\/uploads\/2024\/03\/1618484841-300x171.png 300w, https:\/\/www.kenncoat.com\/TR\/wp-content\/uploads\/2024\/03\/1618484841-1024x582.png 1024w, https:\/\/www.kenncoat.com\/TR\/wp-content\/uploads\/2024\/03\/1618484841-768x437.png 768w, https:\/\/www.kenncoat.com\/TR\/wp-content\/uploads\/2024\/03\/1618484841-1536x873.png 1536w, https:\/\/www.kenncoat.com\/TR\/wp-content\/uploads\/2024\/03\/1618484841-600x341.png 600w, https:\/\/www.kenncoat.com\/TR\/wp-content\/uploads\/2024\/03\/1618484841.png 1632w\" sizes=\"(max-width: 300px) 100vw, 300px\" \/><\/div><\/a>\n\t\t\t\t<div class=\"elementor-post__text\">\n\t\t\t\t<h3 class=\"elementor-post__title\">\n\t\t\t<a href=\"https:\/\/www.kenncoat.com\/TR\/product\/tiksotropik-yuzeyli-solventsiz-epoksi-self-levelling\/\" >\n\t\t\t\tT\u0130KSOTROP\u0130K Y\u00dcZEYL\u0130 SOLVENTS\u0130Z EPOKS\u0130 SELF LEVELLING\t\t\t<\/a>\n\t\t<\/h3>\n\t\t\t\t<\/div>\n\t\t\t\t\t<\/div>\n\t\t<\/article>\n\t\t\t\t<article class=\"elementor-post elementor-grid-item post-49422 product type-product status-publish has-post-thumbnail product_cat-solventsiz-epoksi first instock virtual product-type-simple\">\n\t\t\t<div class=\"elementor-post__card\">\n\t\t\t\t<a class=\"elementor-post__thumbnail__link\" href=\"https:\/\/www.kenncoat.com\/TR\/product\/solventsiz-epoksi-self-levelling\/\" tabindex=\"-1\" ><div class=\"elementor-post__thumbnail\"><img loading=\"lazy\" decoding=\"async\" width=\"300\" height=\"160\" src=\"https:\/\/www.kenncoat.com\/TR\/wp-content\/uploads\/2024\/03\/1618484545-300x160.jpg\" class=\"attachment-medium size-medium wp-image-49427\" alt=\"\" srcset=\"https:\/\/www.kenncoat.com\/TR\/wp-content\/uploads\/2024\/03\/1618484545-300x160.jpg 300w, https:\/\/www.kenncoat.com\/TR\/wp-content\/uploads\/2024\/03\/1618484545.jpg 525w\" sizes=\"(max-width: 300px) 100vw, 300px\" \/><\/div><\/a>\n\t\t\t\t<div class=\"elementor-post__text\">\n\t\t\t\t<h3 class=\"elementor-post__title\">\n\t\t\t<a href=\"https:\/\/www.kenncoat.com\/TR\/product\/solventsiz-epoksi-self-levelling\/\" >\n\t\t\t\tSOLVENTS\u0130Z EPOKS\u0130 SELF LEVELLING\t\t\t<\/a>\n\t\t<\/h3>\n\t\t\t\t<\/div>\n\t\t\t\t\t<\/div>\n\t\t<\/article>\n\t\t\t\t<article class=\"elementor-post elementor-grid-item post-49416 product type-product status-publish has-post-thumbnail product_cat-solventsiz-epoksi  instock virtual product-type-simple\">\n\t\t\t<div class=\"elementor-post__card\">\n\t\t\t\t<a class=\"elementor-post__thumbnail__link\" href=\"https:\/\/www.kenncoat.com\/TR\/product\/solventsiz-epoksi-tamir-harci\/\" tabindex=\"-1\" ><div class=\"elementor-post__thumbnail\"><img loading=\"lazy\" decoding=\"async\" width=\"300\" height=\"300\" src=\"https:\/\/www.kenncoat.com\/TR\/wp-content\/uploads\/2024\/03\/1618484518-300x300.jpg\" class=\"attachment-medium size-medium wp-image-49417\" alt=\"\" srcset=\"https:\/\/www.kenncoat.com\/TR\/wp-content\/uploads\/2024\/03\/1618484518-300x300.jpg 300w, https:\/\/www.kenncoat.com\/TR\/wp-content\/uploads\/2024\/03\/1618484518-150x150.jpg 150w, https:\/\/www.kenncoat.com\/TR\/wp-content\/uploads\/2024\/03\/1618484518-550x550.jpg 550w, https:\/\/www.kenncoat.com\/TR\/wp-content\/uploads\/2024\/03\/1618484518-100x100.jpg 100w, https:\/\/www.kenncoat.com\/TR\/wp-content\/uploads\/2024\/03\/1618484518.jpg 600w\" sizes=\"(max-width: 300px) 100vw, 300px\" \/><\/div><\/a>\n\t\t\t\t<div class=\"elementor-post__text\">\n\t\t\t\t<h3 class=\"elementor-post__title\">\n\t\t\t<a href=\"https:\/\/www.kenncoat.com\/TR\/product\/solventsiz-epoksi-tamir-harci\/\" >\n\t\t\t\tSOLVENTS\u0130Z EPOKS\u0130 TAM\u0130R HARCI\t\t\t<\/a>\n\t\t<\/h3>\n\t\t\t\t<\/div>\n\t\t\t\t\t<\/div>\n\t\t<\/article>\n\t\t\t\t<\/div>\n\t\t\n\t\t\t\t<\/div>\n\t\t\t\t<\/div>\n\t\t\t\t\t<\/div>\n\t\t\t\t<\/div>\n\t\t\t\t<\/div>\n\t\t","protected":false},"excerpt":{"rendered":"","protected":false},"author":1,"featured_media":0,"parent":48460,"menu_order":0,"comment_status":"closed","ping_status":"closed","template":"","meta":{"om_disable_all_campaigns":false,"footnotes":""},"_links":{"self":[{"href":"https:\/\/www.kenncoat.com\/TR\/wp-json\/wp\/v2\/pages\/48472"}],"collection":[{"href":"https:\/\/www.kenncoat.com\/TR\/wp-json\/wp\/v2\/pages"}],"about":[{"href":"https:\/\/www.kenncoat.com\/TR\/wp-json\/wp\/v2\/types\/page"}],"author":[{"embeddable":true,"href":"https:\/\/www.kenncoat.com\/TR\/wp-json\/wp\/v2\/users\/1"}],"replies":[{"embeddable":true,"href":"https:\/\/www.kenncoat.com\/TR\/wp-json\/wp\/v2\/comments?post=48472"}],"version-history":[{"count":10,"href":"https:\/\/www.kenncoat.com\/TR\/wp-json\/wp\/v2\/pages\/48472\/revisions"}],"predecessor-version":[{"id":49421,"href":"https:\/\/www.kenncoat.com\/TR\/wp-json\/wp\/v2\/pages\/48472\/revisions\/49421"}],"up":[{"embeddable":true,"href":"https:\/\/www.kenncoat.com\/TR\/wp-json\/wp\/v2\/pages\/48460"}],"wp:attachment":[{"href":"https:\/\/www.kenncoat.com\/TR\/wp-json\/wp\/v2\/media?parent=48472"}],"curies":[{"name":"wp","href":"https:\/\/api.w.org\/{rel}","templated":true}]}}