{"id":48470,"date":"2024-02-29T08:27:14","date_gmt":"2024-02-29T08:27:14","guid":{"rendered":"https:\/\/www.kenncoat.com\/TR\/?page_id=48470"},"modified":"2024-03-23T17:06:38","modified_gmt":"2024-03-23T17:06:38","slug":"solventli-epoksi","status":"publish","type":"page","link":"https:\/\/www.kenncoat.com\/TR\/urunler\/solventli-epoksi\/","title":{"rendered":"Solventli Epoksi"},"content":{"rendered":"\t\t<div data-elementor-type=\"wp-page\" data-elementor-id=\"48470\" class=\"elementor elementor-48470\" data-elementor-post-type=\"page\">\n\t\t\t\t<div class=\"elementor-element elementor-element-50dc366 e-flex e-con-boxed e-con e-parent\" data-id=\"50dc366\" data-element_type=\"container\" data-settings=\"{&quot;content_width&quot;:&quot;boxed&quot;}\" data-core-v316-plus=\"true\">\n\t\t\t\t\t<div class=\"e-con-inner\">\n\t\t\t\t<div class=\"elementor-element elementor-element-e84ffa9 elementor-grid-4 elementor-posts--align-center elementor-grid-tablet-2 elementor-grid-mobile-1 elementor-posts--thumbnail-top elementor-card-shadow-yes elementor-posts__hover-gradient elementor-widget elementor-widget-posts\" data-id=\"e84ffa9\" data-element_type=\"widget\" data-settings=\"{&quot;cards_columns&quot;:&quot;4&quot;,&quot;cards_columns_tablet&quot;:&quot;2&quot;,&quot;cards_columns_mobile&quot;:&quot;1&quot;,&quot;cards_row_gap&quot;:{&quot;unit&quot;:&quot;px&quot;,&quot;size&quot;:35,&quot;sizes&quot;:[]},&quot;cards_row_gap_tablet&quot;:{&quot;unit&quot;:&quot;px&quot;,&quot;size&quot;:&quot;&quot;,&quot;sizes&quot;:[]},&quot;cards_row_gap_mobile&quot;:{&quot;unit&quot;:&quot;px&quot;,&quot;size&quot;:&quot;&quot;,&quot;sizes&quot;:[]}}\" data-widget_type=\"posts.cards\">\n\t\t\t\t<div class=\"elementor-widget-container\">\n\t\t\t<link rel=\"stylesheet\" href=\"https:\/\/www.kenncoat.com\/TR\/wp-content\/plugins\/elementor-pro\/assets\/css\/widget-posts.min.css\">\t\t<div class=\"elementor-posts-container elementor-posts elementor-posts--skin-cards elementor-grid\">\n\t\t\t\t<article class=\"elementor-post elementor-grid-item post-49406 product type-product status-publish has-post-thumbnail product_cat-solventli-epoksi first instock virtual product-type-simple\">\n\t\t\t<div class=\"elementor-post__card\">\n\t\t\t\t<a class=\"elementor-post__thumbnail__link\" href=\"https:\/\/www.kenncoat.com\/TR\/product\/antistatik-solventli-epoksi-self-levelling\/\" tabindex=\"-1\" ><div class=\"elementor-post__thumbnail\"><img fetchpriority=\"high\" decoding=\"async\" width=\"297\" height=\"300\" src=\"https:\/\/www.kenncoat.com\/TR\/wp-content\/uploads\/2024\/03\/1671539815-297x300.png\" class=\"attachment-medium size-medium wp-image-49413\" alt=\"\" srcset=\"https:\/\/www.kenncoat.com\/TR\/wp-content\/uploads\/2024\/03\/1671539815-297x300.png 297w, https:\/\/www.kenncoat.com\/TR\/wp-content\/uploads\/2024\/03\/1671539815-100x100.png 100w, https:\/\/www.kenncoat.com\/TR\/wp-content\/uploads\/2024\/03\/1671539815.png 340w\" sizes=\"(max-width: 297px) 100vw, 297px\" \/><\/div><\/a>\n\t\t\t\t<div class=\"elementor-post__text\">\n\t\t\t\t<h3 class=\"elementor-post__title\">\n\t\t\t<a href=\"https:\/\/www.kenncoat.com\/TR\/product\/antistatik-solventli-epoksi-self-levelling\/\" >\n\t\t\t\tANT\u0130STAT\u0130K SOLVENTL\u0130 EPOKS\u0130 SELF LEVELLING\t\t\t<\/a>\n\t\t<\/h3>\n\t\t\t\t<\/div>\n\t\t\t\t\t<\/div>\n\t\t<\/article>\n\t\t\t\t<article class=\"elementor-post elementor-grid-item post-49405 product type-product status-publish has-post-thumbnail product_cat-solventli-epoksi  instock virtual product-type-simple\">\n\t\t\t<div class=\"elementor-post__card\">\n\t\t\t\t<a class=\"elementor-post__thumbnail__link\" href=\"https:\/\/www.kenncoat.com\/TR\/product\/solventli-epoksi-sonkat-boya\/\" tabindex=\"-1\" ><div class=\"elementor-post__thumbnail\"><img decoding=\"async\" width=\"300\" height=\"173\" src=\"https:\/\/www.kenncoat.com\/TR\/wp-content\/uploads\/2024\/03\/1671539592-300x173.png\" class=\"attachment-medium size-medium wp-image-49411\" alt=\"\" srcset=\"https:\/\/www.kenncoat.com\/TR\/wp-content\/uploads\/2024\/03\/1671539592-300x173.png 300w, https:\/\/www.kenncoat.com\/TR\/wp-content\/uploads\/2024\/03\/1671539592-1024x591.png 1024w, https:\/\/www.kenncoat.com\/TR\/wp-content\/uploads\/2024\/03\/1671539592-768x443.png 768w, https:\/\/www.kenncoat.com\/TR\/wp-content\/uploads\/2024\/03\/1671539592-1536x886.png 1536w, https:\/\/www.kenncoat.com\/TR\/wp-content\/uploads\/2024\/03\/1671539592-600x346.png 600w, https:\/\/www.kenncoat.com\/TR\/wp-content\/uploads\/2024\/03\/1671539592.png 1608w\" sizes=\"(max-width: 300px) 100vw, 300px\" \/><\/div><\/a>\n\t\t\t\t<div class=\"elementor-post__text\">\n\t\t\t\t<h3 class=\"elementor-post__title\">\n\t\t\t<a href=\"https:\/\/www.kenncoat.com\/TR\/product\/solventli-epoksi-sonkat-boya\/\" >\n\t\t\t\tSOLVENTL\u0130 EPOKS\u0130 SONKAT BOYA\t\t\t<\/a>\n\t\t<\/h3>\n\t\t\t\t<\/div>\n\t\t\t\t\t<\/div>\n\t\t<\/article>\n\t\t\t\t<article class=\"elementor-post elementor-grid-item post-49404 product type-product status-publish has-post-thumbnail product_cat-solventli-epoksi  instock virtual product-type-simple\">\n\t\t\t<div class=\"elementor-post__card\">\n\t\t\t\t<a class=\"elementor-post__thumbnail__link\" href=\"https:\/\/www.kenncoat.com\/TR\/product\/seffaf-solventli-epoksi-self-levelling\/\" tabindex=\"-1\" ><div class=\"elementor-post__thumbnail\"><img decoding=\"async\" width=\"300\" height=\"171\" src=\"https:\/\/www.kenncoat.com\/TR\/wp-content\/uploads\/2024\/03\/1671539302-300x171.png\" class=\"attachment-medium size-medium wp-image-49409\" alt=\"\" srcset=\"https:\/\/www.kenncoat.com\/TR\/wp-content\/uploads\/2024\/03\/1671539302-300x171.png 300w, https:\/\/www.kenncoat.com\/TR\/wp-content\/uploads\/2024\/03\/1671539302-768x438.png 768w, https:\/\/www.kenncoat.com\/TR\/wp-content\/uploads\/2024\/03\/1671539302-600x342.png 600w, https:\/\/www.kenncoat.com\/TR\/wp-content\/uploads\/2024\/03\/1671539302.png 818w\" sizes=\"(max-width: 300px) 100vw, 300px\" \/><\/div><\/a>\n\t\t\t\t<div class=\"elementor-post__text\">\n\t\t\t\t<h3 class=\"elementor-post__title\">\n\t\t\t<a href=\"https:\/\/www.kenncoat.com\/TR\/product\/seffaf-solventli-epoksi-self-levelling\/\" >\n\t\t\t\t\u015eEFFAF SOLVENTL\u0130 EPOKS\u0130 SELF LEVELLING\t\t\t<\/a>\n\t\t<\/h3>\n\t\t\t\t<\/div>\n\t\t\t\t\t<\/div>\n\t\t<\/article>\n\t\t\t\t<article class=\"elementor-post elementor-grid-item post-49403 product type-product status-publish has-post-thumbnail product_cat-solventli-epoksi last instock virtual product-type-simple\">\n\t\t\t<div class=\"elementor-post__card\">\n\t\t\t\t<a class=\"elementor-post__thumbnail__link\" href=\"https:\/\/www.kenncoat.com\/TR\/product\/tiksotropik-yuzeyli-solventli-epoksi-self-levelling\/\" tabindex=\"-1\" ><div class=\"elementor-post__thumbnail\"><img loading=\"lazy\" decoding=\"async\" width=\"300\" height=\"171\" src=\"https:\/\/www.kenncoat.com\/TR\/wp-content\/uploads\/2024\/03\/1671538259-300x171.png\" class=\"attachment-medium size-medium wp-image-49407\" alt=\"\" srcset=\"https:\/\/www.kenncoat.com\/TR\/wp-content\/uploads\/2024\/03\/1671538259-300x171.png 300w, https:\/\/www.kenncoat.com\/TR\/wp-content\/uploads\/2024\/03\/1671538259-1024x582.png 1024w, https:\/\/www.kenncoat.com\/TR\/wp-content\/uploads\/2024\/03\/1671538259-768x437.png 768w, https:\/\/www.kenncoat.com\/TR\/wp-content\/uploads\/2024\/03\/1671538259-1536x873.png 1536w, https:\/\/www.kenncoat.com\/TR\/wp-content\/uploads\/2024\/03\/1671538259-600x341.png 600w, https:\/\/www.kenncoat.com\/TR\/wp-content\/uploads\/2024\/03\/1671538259.png 1632w\" sizes=\"(max-width: 300px) 100vw, 300px\" \/><\/div><\/a>\n\t\t\t\t<div class=\"elementor-post__text\">\n\t\t\t\t<h3 class=\"elementor-post__title\">\n\t\t\t<a href=\"https:\/\/www.kenncoat.com\/TR\/product\/tiksotropik-yuzeyli-solventli-epoksi-self-levelling\/\" >\n\t\t\t\tT\u0130KSOTROP\u0130K Y\u00dcZEYL\u0130 SOLVENTL\u0130 EPOKS\u0130 SELF LEVELLING\t\t\t<\/a>\n\t\t<\/h3>\n\t\t\t\t<\/div>\n\t\t\t\t\t<\/div>\n\t\t<\/article>\n\t\t\t\t<article class=\"elementor-post elementor-grid-item post-49397 product type-product status-publish has-post-thumbnail product_cat-solventli-epoksi first instock virtual product-type-simple\">\n\t\t\t<div class=\"elementor-post__card\">\n\t\t\t\t<a class=\"elementor-post__thumbnail__link\" href=\"https:\/\/www.kenncoat.com\/TR\/product\/solventli-epoksi-self-levelling\/\" tabindex=\"-1\" ><div class=\"elementor-post__thumbnail\"><img loading=\"lazy\" decoding=\"async\" width=\"300\" height=\"160\" src=\"https:\/\/www.kenncoat.com\/TR\/wp-content\/uploads\/2024\/03\/1671538024-300x160.jpg\" class=\"attachment-medium size-medium wp-image-49398\" alt=\"\" srcset=\"https:\/\/www.kenncoat.com\/TR\/wp-content\/uploads\/2024\/03\/1671538024-300x160.jpg 300w, https:\/\/www.kenncoat.com\/TR\/wp-content\/uploads\/2024\/03\/1671538024.jpg 525w\" sizes=\"(max-width: 300px) 100vw, 300px\" \/><\/div><\/a>\n\t\t\t\t<div class=\"elementor-post__text\">\n\t\t\t\t<h3 class=\"elementor-post__title\">\n\t\t\t<a href=\"https:\/\/www.kenncoat.com\/TR\/product\/solventli-epoksi-self-levelling\/\" >\n\t\t\t\tSOLVENTL\u0130 EPOKS\u0130 SELF LEVELL\u0130NG\t\t\t<\/a>\n\t\t<\/h3>\n\t\t\t\t<\/div>\n\t\t\t\t\t<\/div>\n\t\t<\/article>\n\t\t\t\t<\/div>\n\t\t\n\t\t\t\t<\/div>\n\t\t\t\t<\/div>\n\t\t\t\t\t<\/div>\n\t\t\t\t<\/div>\n\t\t\t\t<\/div>\n\t\t","protected":false},"excerpt":{"rendered":"","protected":false},"author":1,"featured_media":0,"parent":48460,"menu_order":0,"comment_status":"closed","ping_status":"closed","template":"","meta":{"om_disable_all_campaigns":false,"footnotes":""},"_links":{"self":[{"href":"https:\/\/www.kenncoat.com\/TR\/wp-json\/wp\/v2\/pages\/48470"}],"collection":[{"href":"https:\/\/www.kenncoat.com\/TR\/wp-json\/wp\/v2\/pages"}],"about":[{"href":"https:\/\/www.kenncoat.com\/TR\/wp-json\/wp\/v2\/types\/page"}],"author":[{"embeddable":true,"href":"https:\/\/www.kenncoat.com\/TR\/wp-json\/wp\/v2\/users\/1"}],"replies":[{"embeddable":true,"href":"https:\/\/www.kenncoat.com\/TR\/wp-json\/wp\/v2\/comments?post=48470"}],"version-history":[{"count":10,"href":"https:\/\/www.kenncoat.com\/TR\/wp-json\/wp\/v2\/pages\/48470\/revisions"}],"predecessor-version":[{"id":49396,"href":"https:\/\/www.kenncoat.com\/TR\/wp-json\/wp\/v2\/pages\/48470\/revisions\/49396"}],"up":[{"embeddable":true,"href":"https:\/\/www.kenncoat.com\/TR\/wp-json\/wp\/v2\/pages\/48460"}],"wp:attachment":[{"href":"https:\/\/www.kenncoat.com\/TR\/wp-json\/wp\/v2\/media?parent=48470"}],"curies":[{"name":"wp","href":"https:\/\/api.w.org\/{rel}","templated":true}]}}