{"id":48458,"date":"2024-02-29T08:25:40","date_gmt":"2024-02-29T08:25:40","guid":{"rendered":"https:\/\/www.kenncoat.com\/TR\/?page_id=48458"},"modified":"2024-02-29T11:08:50","modified_gmt":"2024-02-29T11:08:50","slug":"epoksi-zemin-kaplama","status":"publish","type":"page","link":"https:\/\/www.kenncoat.com\/TR\/sistemler\/epoksi-zemin-kaplama\/","title":{"rendered":"Epoksi Zemin Kaplama"},"content":{"rendered":"\t\t<div data-elementor-type=\"wp-page\" data-elementor-id=\"48458\" class=\"elementor elementor-48458\" data-elementor-post-type=\"page\">\n\t\t\t\t<div class=\"elementor-element elementor-element-413be13f e-flex e-con-boxed e-con e-parent\" data-id=\"413be13f\" data-element_type=\"container\" data-settings=\"{&quot;content_width&quot;:&quot;boxed&quot;}\" data-core-v316-plus=\"true\">\n\t\t\t\t\t<div class=\"e-con-inner\">\n\t\t\t\t<div class=\"elementor-element elementor-element-eddae5f elementor-widget elementor-widget-text-editor\" data-id=\"eddae5f\" data-element_type=\"widget\" data-widget_type=\"text-editor.default\">\n\t\t\t\t<div class=\"elementor-widget-container\">\n\t\t\t<style>\/*! elementor - v3.19.0 - 28-02-2024 *\/\n.elementor-widget-text-editor.elementor-drop-cap-view-stacked .elementor-drop-cap{background-color:#69727d;color:#fff}.elementor-widget-text-editor.elementor-drop-cap-view-framed .elementor-drop-cap{color:#69727d;border:3px solid;background-color:transparent}.elementor-widget-text-editor:not(.elementor-drop-cap-view-default) .elementor-drop-cap{margin-top:8px}.elementor-widget-text-editor:not(.elementor-drop-cap-view-default) .elementor-drop-cap-letter{width:1em;height:1em}.elementor-widget-text-editor .elementor-drop-cap{float:left;text-align:center;line-height:1;font-size:50px}.elementor-widget-text-editor .elementor-drop-cap-letter{display:inline-block}<\/style>\t\t\t\t<span>Zeminlerde olu\u015fan ondu\u0308lasyonlar ve hatalar\u0131 \u00f6rtmek i\u00e7in epoksi u\u0308ru\u0308nlerin pu\u0308ru\u0308zsu\u0308z g\u00f6ru\u0308nu\u0308mu\u0308nden faydalan\u0131l\u0131r. Tu\u0308m toz, kir ve nemden ar\u0131nd\u0131r\u0131lan zemine epoksi primer astar uygulamas\u0131 yap\u0131l\u0131r. Bu sayede zeminin neme kar\u015f\u0131 diren\u00e7li olmas\u0131 ve bu katmandan sonra gelecek katlar\u0131n iyi ba\u011flanmas\u0131 sa\u011flan\u0131r. Epoksi primer ku\u0308rlenmesini tamamlad\u0131ktan sonra u\u0308zerine tercihe g\u00f6re du\u0308zgu\u0308n pu\u0308ru\u0308zsu\u0308z bir g\u00f6ru\u0308ntu\u0308 sa\u011flayan epoksi self levelling ya da zeminde biraz pu\u0308ru\u0308zlu\u0308 bir biti\u015f isteniyorsa portakal desen epoksi self levelling ile zemin kaplamas\u0131 sona erdirilir.<\/span>\t\t\t\t\t\t<\/div>\n\t\t\t\t<\/div>\n\t\t\t\t\t<\/div>\n\t\t\t\t<\/div>\n\t\t<div class=\"elementor-element elementor-element-5b3e152 e-flex e-con-boxed e-con e-parent\" data-id=\"5b3e152\" data-element_type=\"container\" data-settings=\"{&quot;content_width&quot;:&quot;boxed&quot;}\" data-core-v316-plus=\"true\">\n\t\t\t\t\t<div class=\"e-con-inner\">\n\t\t<div class=\"elementor-element elementor-element-f118862 e-con-full e-flex e-con e-child\" data-id=\"f118862\" data-element_type=\"container\" data-settings=\"{&quot;content_width&quot;:&quot;full&quot;}\">\n\t\t\t\t<div class=\"elementor-element elementor-element-c68456d elementor-widget elementor-widget-image\" data-id=\"c68456d\" data-element_type=\"widget\" data-widget_type=\"image.default\">\n\t\t\t\t<div class=\"elementor-widget-container\">\n\t\t\t<style>\/*! elementor - v3.19.0 - 28-02-2024 *\/\n.elementor-widget-image{text-align:center}.elementor-widget-image a{display:inline-block}.elementor-widget-image a img[src$=\".svg\"]{width:48px}.elementor-widget-image img{vertical-align:middle;display:inline-block}<\/style>\t\t\t\t\t\t\t\t\t\t<img fetchpriority=\"high\" decoding=\"async\" width=\"1024\" height=\"768\" src=\"https:\/\/www.kenncoat.com\/TR\/wp-content\/uploads\/2024\/02\/1617213366-1024x768.jpg\" class=\"attachment-large size-large wp-image-48634\" alt=\"\" srcset=\"https:\/\/www.kenncoat.com\/TR\/wp-content\/uploads\/2024\/02\/1617213366-1024x768.jpg 1024w, https:\/\/www.kenncoat.com\/TR\/wp-content\/uploads\/2024\/02\/1617213366-300x225.jpg 300w, https:\/\/www.kenncoat.com\/TR\/wp-content\/uploads\/2024\/02\/1617213366-768x576.jpg 768w, https:\/\/www.kenncoat.com\/TR\/wp-content\/uploads\/2024\/02\/1617213366-600x450.jpg 600w, https:\/\/www.kenncoat.com\/TR\/wp-content\/uploads\/2024\/02\/1617213366.jpg 1200w\" sizes=\"(max-width: 1024px) 100vw, 1024px\" \/>\t\t\t\t\t\t\t\t\t\t\t\t\t<\/div>\n\t\t\t\t<\/div>\n\t\t\t\t<div class=\"elementor-element elementor-element-ebfa709 elementor-widget elementor-widget-text-editor\" data-id=\"ebfa709\" data-element_type=\"widget\" data-widget_type=\"text-editor.default\">\n\t\t\t\t<div class=\"elementor-widget-container\">\n\t\t\t\t\t\t\t<h4 class=\"card-title\" style=\"text-align: center;\">EPOKS\u0130 ZEM\u0130N KAPLAMASI<\/h4><p>Epoksi malzemeler ku\u0308rlenmesinden sonra sertlik derecesi ve a\u015f\u0131nma direnci yu\u0308ksek oldu\u011fu i\u00e7in endu\u0308striyel zeminler, at\u00f6lye zeminleri, ma\u011faza zeminleri, u\u0308retim alanlar\u0131nda kullan\u0131l\u0131r.<\/p>\t\t\t\t\t\t<\/div>\n\t\t\t\t<\/div>\n\t\t\t\t<\/div>\n\t\t<div class=\"elementor-element elementor-element-0ea49d4 e-con-full e-flex e-con e-child\" data-id=\"0ea49d4\" data-element_type=\"container\" data-settings=\"{&quot;content_width&quot;:&quot;full&quot;}\">\n\t\t\t\t<\/div>\n\t\t\t\t\t<\/div>\n\t\t\t\t<\/div>\n\t\t\t\t<\/div>\n\t\t","protected":false},"excerpt":{"rendered":"<p>Zeminlerde olu\u015fan ondu\u0308lasyonlar ve hatalar\u0131 \u00f6rtmek i\u00e7in epoksi u\u0308ru\u0308nlerin pu\u0308ru\u0308zsu\u0308z g\u00f6ru\u0308nu\u0308mu\u0308nden faydalan\u0131l\u0131r. Tu\u0308m toz, kir ve nemden ar\u0131nd\u0131r\u0131lan zemine epoksi&#8230;<\/p>\n","protected":false},"author":1,"featured_media":0,"parent":48449,"menu_order":0,"comment_status":"closed","ping_status":"closed","template":"","meta":{"om_disable_all_campaigns":false,"footnotes":""},"_links":{"self":[{"href":"https:\/\/www.kenncoat.com\/TR\/wp-json\/wp\/v2\/pages\/48458"}],"collection":[{"href":"https:\/\/www.kenncoat.com\/TR\/wp-json\/wp\/v2\/pages"}],"about":[{"href":"https:\/\/www.kenncoat.com\/TR\/wp-json\/wp\/v2\/types\/page"}],"author":[{"embeddable":true,"href":"https:\/\/www.kenncoat.com\/TR\/wp-json\/wp\/v2\/users\/1"}],"replies":[{"embeddable":true,"href":"https:\/\/www.kenncoat.com\/TR\/wp-json\/wp\/v2\/comments?post=48458"}],"version-history":[{"count":5,"href":"https:\/\/www.kenncoat.com\/TR\/wp-json\/wp\/v2\/pages\/48458\/revisions"}],"predecessor-version":[{"id":48640,"href":"https:\/\/www.kenncoat.com\/TR\/wp-json\/wp\/v2\/pages\/48458\/revisions\/48640"}],"up":[{"embeddable":true,"href":"https:\/\/www.kenncoat.com\/TR\/wp-json\/wp\/v2\/pages\/48449"}],"wp:attachment":[{"href":"https:\/\/www.kenncoat.com\/TR\/wp-json\/wp\/v2\/media?parent=48458"}],"curies":[{"name":"wp","href":"https:\/\/api.w.org\/{rel}","templated":true}]}}