{"id":48451,"date":"2024-02-29T08:24:54","date_gmt":"2024-02-29T08:24:54","guid":{"rendered":"https:\/\/www.kenncoat.com\/TR\/?page_id=48451"},"modified":"2024-06-13T09:20:31","modified_gmt":"2024-06-13T09:20:31","slug":"akrilik-zemin-kaplama-sistemleri","status":"publish","type":"page","link":"https:\/\/www.kenncoat.com\/TR\/sistemler\/akrilik-zemin-kaplama-sistemleri\/","title":{"rendered":"Akrilik Zemin Kaplama Sistemleri"},"content":{"rendered":"\t\t<div data-elementor-type=\"wp-page\" data-elementor-id=\"48451\" class=\"elementor elementor-48451\" data-elementor-post-type=\"page\">\n\t\t\t\t<div class=\"elementor-element elementor-element-1c5781d5 e-flex e-con-boxed e-con e-parent\" data-id=\"1c5781d5\" data-element_type=\"container\" data-settings=\"{&quot;content_width&quot;:&quot;boxed&quot;}\" data-core-v316-plus=\"true\">\n\t\t\t\t\t<div class=\"e-con-inner\">\n\t\t\t\t<div class=\"elementor-element elementor-element-6e98b20f elementor-widget elementor-widget-text-editor\" data-id=\"6e98b20f\" data-element_type=\"widget\" data-widget_type=\"text-editor.default\">\n\t\t\t\t<div class=\"elementor-widget-container\">\n\t\t\t<style>\/*! elementor - v3.19.0 - 28-02-2024 *\/\n.elementor-widget-text-editor.elementor-drop-cap-view-stacked .elementor-drop-cap{background-color:#69727d;color:#fff}.elementor-widget-text-editor.elementor-drop-cap-view-framed .elementor-drop-cap{color:#69727d;border:3px solid;background-color:transparent}.elementor-widget-text-editor:not(.elementor-drop-cap-view-default) .elementor-drop-cap{margin-top:8px}.elementor-widget-text-editor:not(.elementor-drop-cap-view-default) .elementor-drop-cap-letter{width:1em;height:1em}.elementor-widget-text-editor .elementor-drop-cap{float:left;text-align:center;line-height:1;font-size:50px}.elementor-widget-text-editor .elementor-drop-cap-letter{display:inline-block}<\/style>\t\t\t\t<span>Kenncoat Akrilik Zemin sistemleri , a\u00e7\u0131k ve kapal\u0131 hal\u0131 saha uygulamalar\u0131 i\u00e7in \u00e7abuk kuruyan ve UV \u0131\u015f\u0131nlar\u0131na dayanakl\u0131 <\/span><span>her tu\u0308rlu\u0308 hava ko\u015fullar\u0131na uygun sistemlerdir.. Tenis ,basketbol , voleybol sahalar\u0131 , yu\u0308ru\u0308yu\u0308\u015f ve ko\u015fu yollar\u0131 ile \u00e7ok ama\u00e7l\u0131 spor <\/span><span>sahalar\u0131nda kullan\u0131lmaktad\u0131r. Alan\u0131nda uzman kimyagerler ve u\u0308retim ekibimiz taraf\u0131ndan u\u0308retilen Kenncoat akrilik zemin <\/span><span>sistemleri ile 1993 y\u0131l\u0131ndan beri mu\u0308\u015fterilerimizin isteklerini yerine getirmekteyiz. Kenncoat Akrilik zemin sistemleri ITF ve TSE <\/span><span>onayl\u0131d\u0131r.<\/span>\t\t\t\t\t\t<\/div>\n\t\t\t\t<\/div>\n\t\t\t\t\t<\/div>\n\t\t\t\t<\/div>\n\t\t<div class=\"elementor-element elementor-element-1551fc6 e-con-full e-flex e-con e-parent\" data-id=\"1551fc6\" data-element_type=\"container\" data-settings=\"{&quot;content_width&quot;:&quot;full&quot;}\" data-core-v316-plus=\"true\">\n\t\t<div class=\"elementor-element elementor-element-a612b30 e-con-full e-flex e-con e-child\" data-id=\"a612b30\" data-element_type=\"container\" data-settings=\"{&quot;content_width&quot;:&quot;full&quot;,&quot;background_background&quot;:&quot;classic&quot;}\">\n\t\t\t\t<div class=\"elementor-element elementor-element-fa0d27d elementor-widget__width-initial elementor-widget elementor-widget-image\" data-id=\"fa0d27d\" data-element_type=\"widget\" data-widget_type=\"image.default\">\n\t\t\t\t<div class=\"elementor-widget-container\">\n\t\t\t<style>\/*! elementor - v3.19.0 - 28-02-2024 *\/\n.elementor-widget-image{text-align:center}.elementor-widget-image a{display:inline-block}.elementor-widget-image a img[src$=\".svg\"]{width:48px}.elementor-widget-image img{vertical-align:middle;display:inline-block}<\/style>\t\t\t\t\t\t\t\t\t\t<img fetchpriority=\"high\" decoding=\"async\" width=\"300\" height=\"300\" src=\"https:\/\/www.kenncoat.com\/TR\/wp-content\/uploads\/2024\/02\/1609991959-300x300.jpg\" class=\"attachment-woocommerce_thumbnail size-woocommerce_thumbnail wp-image-48577\" alt=\"\" srcset=\"https:\/\/www.kenncoat.com\/TR\/wp-content\/uploads\/2024\/02\/1609991959-300x300.jpg 300w, https:\/\/www.kenncoat.com\/TR\/wp-content\/uploads\/2024\/02\/1609991959-150x150.jpg 150w, https:\/\/www.kenncoat.com\/TR\/wp-content\/uploads\/2024\/02\/1609991959-100x100.jpg 100w\" sizes=\"(max-width: 300px) 100vw, 300px\" \/>\t\t\t\t\t\t\t\t\t\t\t\t\t<\/div>\n\t\t\t\t<\/div>\n\t\t\t\t<div class=\"elementor-element elementor-element-42d3c0b elementor-widget elementor-widget-image\" data-id=\"42d3c0b\" data-element_type=\"widget\" data-widget_type=\"image.default\">\n\t\t\t\t<div class=\"elementor-widget-container\">\n\t\t\t\t\t\t\t\t\t\t\t\t\t<img decoding=\"async\" width=\"300\" height=\"300\" src=\"https:\/\/www.kenncoat.com\/TR\/wp-content\/uploads\/2024\/06\/161719240027521-300x300.jpeg\" class=\"attachment-woocommerce_thumbnail size-woocommerce_thumbnail wp-image-49933\" alt=\"\" srcset=\"https:\/\/www.kenncoat.com\/TR\/wp-content\/uploads\/2024\/06\/161719240027521-300x300.jpeg 300w, https:\/\/www.kenncoat.com\/TR\/wp-content\/uploads\/2024\/06\/161719240027521-150x150.jpeg 150w, https:\/\/www.kenncoat.com\/TR\/wp-content\/uploads\/2024\/06\/161719240027521-550x550.jpeg 550w, https:\/\/www.kenncoat.com\/TR\/wp-content\/uploads\/2024\/06\/161719240027521-100x100.jpeg 100w\" sizes=\"(max-width: 300px) 100vw, 300px\" \/>\t\t\t\t\t\t\t\t\t\t\t\t\t<\/div>\n\t\t\t\t<\/div>\n\t\t\t\t<div class=\"elementor-element elementor-element-7dbc77a elementor-widget elementor-widget-text-editor\" data-id=\"7dbc77a\" data-element_type=\"widget\" data-widget_type=\"text-editor.default\">\n\t\t\t\t<div class=\"elementor-widget-container\">\n\t\t\t\t\t\t\t<h4 class=\"card-title\" style=\"text-align: center;\">Rulo \u00dczeri Akrilik Zemin Kaplama<\/h4><p>Tenis, basketbol ve voleybol sahalar\u0131 i\u00e7in tasarlanm\u0131\u015f su bazl\u0131 akrilik zemin kaplama sistemlerinden biridir. Sistem; primer, SBR rulo, akrilik cushion, resurfacer ve akrilik son kat boyadan olu\u015fmaktad\u0131r.<\/p>\t\t\t\t\t\t<\/div>\n\t\t\t\t<\/div>\n\t\t\t\t<div class=\"elementor-element elementor-element-030c944 elementor-widget elementor-widget-text-editor\" data-id=\"030c944\" data-element_type=\"widget\" data-widget_type=\"text-editor.default\">\n\t\t\t\t<div class=\"elementor-widget-container\">\n\t\t\t\t\t\t\t<h4>\u00dcr\u00fcn \u00d6zellikleri\u00a0<\/h4><p><strong>\u0130lk Katman<\/strong><\/p><p>Primer: 150-200 gr\/m2<\/p><p><strong>Rulo Katman\u0131<\/strong><\/p><p>PU Yap\u0131\u015ft\u0131r\u0131c\u0131: 1000gr\/m2; kar\u0131\u015f\u0131m oran\u0131: 21:4 (A:B); 5000-6000 cP; 1,55 kg\/L<br \/>SBR Rulo (5\/8\/12 mm): Uzunluk: 16-18 m; Geni\u015flik: 120 cm; 0,9 kg\/L<\/p><p>Akrilik Cushion (2 Katman)<\/p><p>\u0130nce veya Kal\u0131n Cushion:\u00a0500 gr\/m2;\u00a0%10-20 su<\/p><p><strong>Akrilik Son Kat Boya<\/strong><\/p><ol><li style=\"list-style-type: none;\"><ol><li>Katman 500-600 gr\/m2;\u00a050-60% kum; 30% su;\u00a035200 cP;\u00a01,29 kg\/L<\/li><li>Katman 250-350 gr\/m2; 10-20% kum; 5-10% su; 35200 cP; 1,29 kg\/L<p><strong><\/strong><\/p><p><strong>Akrilik \u00c7izgi Boyas\u0131<\/strong><\/p><p>100-150 gr\/m2;\u00a030% su;<\/p><\/li><\/ol><\/li><\/ol><ul><\/ul>\t\t\t\t\t\t<\/div>\n\t\t\t\t<\/div>\n\t\t\t\t<div class=\"elementor-element elementor-element-2ccc52e elementor-widget elementor-widget-text-editor\" data-id=\"2ccc52e\" data-element_type=\"widget\" data-widget_type=\"text-editor.default\">\n\t\t\t\t<div class=\"elementor-widget-container\">\n\t\t\t\t\t\t\t<div class=\"tab-pane fade active show\" id=\"nav-profile\" role=\"tabpanel\" aria-labelledby=\"nav-profile-tab\"><h4 class=\"card-title\" style=\"text-align: center;\"><span style=\"text-align: var(--text-align); font-size: 22.4px;\">Uygulama<\/span><\/h4><p><strong>Y\u00fczey Haz\u0131rl\u0131\u011f\u0131<\/strong><\/p><p>Zemin temiz, kuru, ya\u011f ve tozdan ar\u0131nd\u0131r\u0131lm\u0131\u015f, tamirat\u0131 yap\u0131lm\u0131\u015f olmal\u0131d\u0131r.<\/p><p><strong>Uygulama \u015eekli<\/strong><\/p><p>Her t\u00fcrl\u00fc kirden ve tozdan temizlenmi\u015f y\u00fczeye ilk olarak rulo ile primer uygulamas\u0131 yap\u0131l\u0131r. Primer ile olu\u015fturulacak olan kaplama, zeminden gelen nemi tutar. B\u00f6ylece zeminde olu\u015fabilecek kabarmalar \u00f6nlenir. \u0130stenilen kal\u0131nl\u0131ktaki kau\u00e7uk rulo zemine serilerek rulonun d\u00fczelmesi beklenir. D\u00fczelen rulonun bir ucu di\u011fer tarafa katlanarak, Kenncoat poli\u00fcretan yap\u0131\u015ft\u0131r\u0131c\u0131s\u0131 (21:4 oran\u0131nda haz\u0131rlan\u0131p y\u00fczeye uygulan\u0131r ve rulonun zemine yap\u0131\u015fmas\u0131 i\u00e7in 6-8 saat beklenir. Y\u00fczeye Kenncoat kau\u00e7uk rulo uyguland\u0131\u011f\u0131 i\u00e7in resurfacer uygulanmas\u0131na gerek kalmaz. Rulo \u00fczerine iki kat cushion 10-20% su ile elektrikli matkap ile kar\u0131\u015ft\u0131r\u0131l\u0131p, gelberi veya \u00e7ekpas(squeegee) ile uygulan\u0131r. Bu uygulamayla hem rulodaki g\u00f6zenekler kapat\u0131l\u0131r hem de zeminin daha esnek olmas\u0131 sa\u011flan\u0131r. Kenncoat akrilik elastik taneli katman(cushion) su bazl\u0131, akrilik ba\u011flay\u0131c\u0131l\u0131, 0.5mm-1.0 mm ince katman veya 1.0 mm-2.0mm iri katmanl\u0131 iki tip kau\u00e7uk gran\u00fcl ile haz\u0131rlanan, y\u00fczeye esneklik kazand\u0131rmak amac\u0131yla kullan\u0131lan bir malzemedir. \u0130kinci kat uygulan\u0131rken\u00a0birinci kat\u0131 90 derecelik a\u00e7\u0131 yapacak \u015fekilde uygulanmal\u0131d\u0131r. Bu \u015fekilde k\u00fc\u00e7\u00fck \u00e7\u00f6k\u00fcnt\u00fclerin tesviyesi sa\u011flanacakt\u0131r. Kenncoat akrilik son kat boya birinci kat i\u00e7in %50-60 kum ve %30 su ile kar\u0131\u015ft\u0131r\u0131larak, ikinci kat %10-20 kum ve %5-10 su ile gelberi veya 60cm geni\u015fli\u011finde \u00e7ekpas(squeegee) ile uygulan\u0131r. Gerekli olan su miktar\u0131 s\u0131cakl\u0131\u011fa ba\u011fl\u0131 olarak de\u011fi\u015fim g\u00f6sterebilir. Uygulama yap\u0131lmadan \u00f6nce saha \u00e7izgileri k\u00e2\u011f\u0131t bant ile belirlenmelidir. Kenncoat akrilik \u00e7izgi boyas\u0131 %30 su ile kar\u0131\u015ft\u0131r\u0131larak haz\u0131rlan\u0131r. Akrilik \u00e7izgi boyas\u0131 su ile hafif koyu ancak kolay akan bir k\u0131vama gelinceye kadar homojen bir \u015fekilde elektrikli matkap ile kar\u0131\u015ft\u0131r\u0131l\u0131p rulo ile uygulan\u0131r.<\/p><p><strong>Uygulama \u015eartlar\u0131<\/strong><\/p><p>Poli\u00fcretan yap\u0131\u015ft\u0131r\u0131c\u0131 iki bile\u015fen kar\u0131\u015ft\u0131r\u0131ld\u0131ktan sonra, kullan\u0131ma haz\u0131r hale gelirler. S\u0131cak ortam kullan\u0131m s\u00fcresini k\u0131salt\u0131r, so\u011fuk ortam kullan\u0131m s\u00fcresini artt\u0131r\u0131r. 10\u00b0C\u2019nin alt\u0131ndaki s\u0131cakl\u0131klarda kullan\u0131lmas\u0131 tavsiye edilmez. 30\u00b0C\u2019nin \u00fczerindeki s\u0131cakl\u0131klarda kullan\u0131lmas\u0131 da tavsiye edilmez. Akrilik malzemeler 10-35\u00b0C s\u0131cakl\u0131kta kullan\u0131lmal\u0131d\u0131r. Aksi takdirde, uygulama esnas\u0131nda erken kuruma veya donma problemleri ya\u015fanabilir. Su, kum ve boya kar\u0131\u015f\u0131mlar\u0131 \u00e7ok iyi bir \u015fekilde homojen olarak kar\u0131\u015ft\u0131r\u0131lmal\u0131d\u0131r. Kumun dibe \u00e7\u00f6kmesinin \u00f6nlenmesi i\u00e7in kar\u0131\u015ft\u0131rma i\u015flemi uygulamadan \u00f6nce her seferinde tekrar edilmelidir.<\/p><\/div><ul><\/ul>\t\t\t\t\t\t<\/div>\n\t\t\t\t<\/div>\n\t\t\t\t<div class=\"elementor-element elementor-element-b173265 elementor-widget elementor-widget-text-editor\" data-id=\"b173265\" data-element_type=\"widget\" data-widget_type=\"text-editor.default\">\n\t\t\t\t<div class=\"elementor-widget-container\">\n\t\t\t\t\t\t\t<h4 class=\"card-title\" style=\"text-align: center;\">Ambalaj ve T\u00fcketim\u00a0<\/h4><p>\u0130\u00e7erisindeki cushion malzemesi 60 kg\u2019l\u0131k , Boya ise 75 kg l\u0131k ambalajlarda saklan\u0131r<\/p><p>\u00d6nerilen saklama ve kullanma ko\u015fullar\u0131nda t\u00fcketimi ger\u00e7ekle\u015ftirilmelidir.<\/p>\t\t\t\t\t\t<\/div>\n\t\t\t\t<\/div>\n\t\t\t\t<\/div>\n\t\t\t\t<\/div>\n\t\t\t\t<\/div>\n\t\t","protected":false},"excerpt":{"rendered":"<p>Kenncoat Akrilik Zemin sistemleri , a\u00e7\u0131k ve kapal\u0131 hal\u0131 saha uygulamalar\u0131 i\u00e7in \u00e7abuk kuruyan ve UV \u0131\u015f\u0131nlar\u0131na dayanakl\u0131 her tu\u0308rlu\u0308&#8230;<\/p>\n","protected":false},"author":1,"featured_media":0,"parent":48449,"menu_order":0,"comment_status":"closed","ping_status":"closed","template":"","meta":{"om_disable_all_campaigns":false,"footnotes":""},"_links":{"self":[{"href":"https:\/\/www.kenncoat.com\/TR\/wp-json\/wp\/v2\/pages\/48451"}],"collection":[{"href":"https:\/\/www.kenncoat.com\/TR\/wp-json\/wp\/v2\/pages"}],"about":[{"href":"https:\/\/www.kenncoat.com\/TR\/wp-json\/wp\/v2\/types\/page"}],"author":[{"embeddable":true,"href":"https:\/\/www.kenncoat.com\/TR\/wp-json\/wp\/v2\/users\/1"}],"replies":[{"embeddable":true,"href":"https:\/\/www.kenncoat.com\/TR\/wp-json\/wp\/v2\/comments?post=48451"}],"version-history":[{"count":50,"href":"https:\/\/www.kenncoat.com\/TR\/wp-json\/wp\/v2\/pages\/48451\/revisions"}],"predecessor-version":[{"id":49991,"href":"https:\/\/www.kenncoat.com\/TR\/wp-json\/wp\/v2\/pages\/48451\/revisions\/49991"}],"up":[{"embeddable":true,"href":"https:\/\/www.kenncoat.com\/TR\/wp-json\/wp\/v2\/pages\/48449"}],"wp:attachment":[{"href":"https:\/\/www.kenncoat.com\/TR\/wp-json\/wp\/v2\/media?parent=48451"}],"curies":[{"name":"wp","href":"https:\/\/api.w.org\/{rel}","templated":true}]}}