{"id":48447,"date":"2024-02-29T07:37:43","date_gmt":"2024-02-29T07:37:43","guid":{"rendered":"https:\/\/www.kenncoat.com\/TR\/?page_id=48447"},"modified":"2024-06-12T14:04:59","modified_gmt":"2024-06-12T14:04:59","slug":"kurumsal","status":"publish","type":"page","link":"https:\/\/www.kenncoat.com\/TR\/kurumsal\/","title":{"rendered":"KURUMSAL"},"content":{"rendered":"<p>Kurucumuz Nejat PEHL\u0130VAN 1994 y\u0131l\u0131nda Orta Do\u011fu Teknik \u00dcniversitesinden mezun olmu\u015ftur. Mezun olduktan sonra taahh\u00fct ve in\u015faat i\u015fleri ile ba\u015flad\u0131\u011f\u0131m\u0131z ticari hayat\u0131m\u0131z 2003 y\u0131l\u0131ndan itibaren imalat sekt\u00f6r\u00fcnde devam etmektedir. Yurdumuzda eksikli\u011fini g\u00f6rd\u00fc\u011f\u00fc, nerdeyse tamam\u0131 ithalata ba\u011f\u0131ml\u0131 olan spor zemin kaplamalar\u0131n\u0131n sadece montaj\u0131n\u0131 de\u011fil imalat\u0131n\u0131 da yapmaya y\u00f6nelmi\u015ftir.<\/p>\n<p>Kurdu\u011fu Ar-Ge laboratuar\u0131 ve uygulamadan gelen tecr\u00fcbesi k\u0131sa zamanda \u00e7ok yol ald\u0131rm\u0131\u015ft\u0131r. Yurt d\u0131\u015f\u0131nda \u00e7al\u0131\u015ft\u0131\u011f\u0131<br \/>\nlaboratuarlar \u00fcr\u00fcnlerini belgelendirerek yapt\u0131\u011f\u0131 ihracat\u0131 art\u0131rm\u0131\u015ft\u0131r. Spor sahalar\u0131n\u0131n t\u00fcm \u00e7elik konstr\u00fcksiyonlar\u0131n\u0131 imal eden firma tel \u00f6rg\u00fc imalat\u0131nda da b\u00fcy\u00fck imalat\u00e7\u0131 konumuna ge\u00e7mi\u015ftir .<\/p>\n<p>\u00dclkemizde uzun bir d\u00f6nem TSE standartlar\u0131nda A-1 s\u0131n\u0131f\u0131 organik Pvc kaplama yapan tek yerli imalat\u00e7\u0131 konumunda olmu\u015ftur. Buna ek olarak farkl\u0131 tel \u00e7aplar\u0131nda ve renklerde kaplama yapabilen bu telleri \u00e7e\u015fitli g\u00f6z aral\u0131klar\u0131nda, istenilen y\u00fckseklikte \u00f6rebilen bunun i\u00e7in ayr\u0131ca TSE si olan bir firmad\u0131r. Tel \u00f6rg\u00fcdeki t\u00fcm imalatlar\u0131n\u0131 belgeli olarak sat\u0131\u015f yapmaktad\u0131r. \u0130malat\u0131n\u0131 yapt\u0131\u011f\u0131m\u0131z mamullerin montaj\u0131n\u0131 T\u00fcrkmenistan dan Maldiv adalar\u0131na kadar ba\u015far\u0131 ile yapm\u0131\u015f olmak ayr\u0131 bir gurur kayna\u011f\u0131d\u0131r.<\/p>\n<p>Pehlivan Kimya A.\u015e. de \u00fcretimi yap\u0131lan zemin kaplama malzemeleri Kenncoat markal\u0131 akrilik ve Poli\u00fcretan kaplamalar\u0131 olarak ba\u015far\u0131 ile devam etmektedir. Markam\u0131z alt\u0131nda; Resurfacer, Cushion, Sonkat ve \u00e7izgi boyas\u0131 akrilik kaplamalar\u0131n\u0131n imalat\u0131n\u0131 yapmaktad\u0131r. Yurt i\u00e7i ve yurt d\u0131\u015f\u0131nda bir\u00e7ok uygulamam\u0131z bulunmaktad\u0131r. Akrilik zemin kaplama \u00fcr\u00fcnlerimiz ITF uluslararas\u0131 tenis federasyonu onayl\u0131d\u0131r. \u00dclkemizdeki en b\u00fcy\u00fck spor kompleksi in\u015faat\u0131 olan Afyon spor merkezinde yap\u0131lan te l\u00f6rg\u00fc akrilik ve poli\u00fcretan kaplamalar\u0131 ba\u015far\u0131 ile tamamlam\u0131\u015ft\u0131r.<\/p>\n<p>Poli\u00fcretan zemin kaplamalar\u0131 imalat\u0131nda ise hal\u0131 sahalarda ve kau\u00e7uk karo kaplamalar\u0131nda kullan\u0131lan iki bile\u015fenli<br \/>\nyap\u0131\u015ft\u0131r\u0131c\u0131da yurdumuzda lider durumdad\u0131r. Kapal\u0131 spor salonu sentetik zemin kaplamalar\u0131nda yer alan \u00fcr\u00fcnlerin tamam \u0131n\u0131 \u00fcretip 50+ \u00fclkeye ihracat yapmaktad\u0131r.<\/p>\n<p>Ayr\u0131ca, markam\u0131z alt\u0131nda yeni bir \u00fcr\u00fcn gam\u0131 da hayata ge\u00e7irilmi\u015ftir.<br \/>\nA\u00e7\u0131k alanda kullan\u0131lan spor zemin kaplamalar\u0131 i\u00e7in prepolimer-binder, spray-coating, full poli\u00fcretan ve sandvi\u00e7 sistem poli\u00fcretan \u00fcretimi ba\u015far\u0131 ile devam etmektedir.<\/p>\n<p>Pehlivan Kimya Sanayi olarak amac\u0131m\u0131z s\u00fcrd\u00fcr\u00fclebilir geli\u015fmeyi sa\u011flay\u0131p b\u00f6lgemizde bir d\u00fcnya markas\u0131 olmakt\u0131r. Umuyoruz ki k\u0131sa zamanda bu konuda ba\u015far\u0131l\u0131 olaca\u011f\u0131z. Biz sa\u011fl\u0131kl\u0131 nesillerin spor yaparak yeti\u015fece\u011fine y\u00fcrekten inan\u0131yor, \u00fclkemiz i\u00e7in gerekli \u015feyleri kalitemizden \u00f6d\u00fcn vermeden, en iyi \u015fekilde yapabilece\u011fimizi d\u00fc\u015f\u00fcn\u00fcyoruz.<br \/>\nSayg\u0131lar\u0131m\u0131zla<\/p>\n","protected":false},"excerpt":{"rendered":"<p>Kurucumuz Nejat PEHL\u0130VAN 1994 y\u0131l\u0131nda Orta Do\u011fu Teknik \u00dcniversitesinden mezun olmu\u015ftur. Mezun olduktan sonra taahh\u00fct ve in\u015faat i\u015fleri ile ba\u015flad\u0131\u011f\u0131m\u0131z&#8230;<\/p>\n","protected":false},"author":1,"featured_media":0,"parent":0,"menu_order":0,"comment_status":"closed","ping_status":"closed","template":"","meta":{"om_disable_all_campaigns":false,"footnotes":""},"_links":{"self":[{"href":"https:\/\/www.kenncoat.com\/TR\/wp-json\/wp\/v2\/pages\/48447"}],"collection":[{"href":"https:\/\/www.kenncoat.com\/TR\/wp-json\/wp\/v2\/pages"}],"about":[{"href":"https:\/\/www.kenncoat.com\/TR\/wp-json\/wp\/v2\/types\/page"}],"author":[{"embeddable":true,"href":"https:\/\/www.kenncoat.com\/TR\/wp-json\/wp\/v2\/users\/1"}],"replies":[{"embeddable":true,"href":"https:\/\/www.kenncoat.com\/TR\/wp-json\/wp\/v2\/comments?post=48447"}],"version-history":[{"count":8,"href":"https:\/\/www.kenncoat.com\/TR\/wp-json\/wp\/v2\/pages\/48447\/revisions"}],"predecessor-version":[{"id":49876,"href":"https:\/\/www.kenncoat.com\/TR\/wp-json\/wp\/v2\/pages\/48447\/revisions\/49876"}],"wp:attachment":[{"href":"https:\/\/www.kenncoat.com\/TR\/wp-json\/wp\/v2\/media?parent=48447"}],"curies":[{"name":"wp","href":"https:\/\/api.w.org\/{rel}","templated":true}]}}