{"id":49634,"date":"2025-05-30T14:03:52","date_gmt":"2025-05-30T14:03:52","guid":{"rendered":"https:\/\/www.kenncoat.com\/RUSSIAN\/?page_id=49634"},"modified":"2025-05-30T14:08:10","modified_gmt":"2025-05-30T14:08:10","slug":"%d0%bd%d0%b0%d1%88%d0%b0-%d0%ba%d0%be%d0%bc%d0%b0%d0%bd%d0%b4%d0%b0","status":"publish","type":"page","link":"https:\/\/www.kenncoat.com\/RUSSIAN\/anasayfa\/%d0%bd%d0%b0%d1%88%d0%b0-%d0%ba%d0%be%d0%bc%d0%b0%d0%bd%d0%b4%d0%b0\/","title":{"rendered":"\u043d\u0430\u0448\u0430 \u043a\u043e\u043c\u0430\u043d\u0434\u0430"},"content":{"rendered":"\t\t<div data-elementor-type=\"wp-page\" data-elementor-id=\"49634\" class=\"elementor elementor-49634\" data-elementor-post-type=\"page\">\n\t\t\t\t<div class=\"elementor-element elementor-element-103935f e-flex e-con-boxed e-con e-parent\" data-id=\"103935f\" data-element_type=\"container\" data-settings=\"{&quot;content_width&quot;:&quot;boxed&quot;}\" data-core-v316-plus=\"true\">\n\t\t\t\t\t<div class=\"e-con-inner\">\n\t\t<div class=\"elementor-element elementor-element-e7eeddb e-con-full e-flex e-con e-child\" data-id=\"e7eeddb\" data-element_type=\"container\" data-settings=\"{&quot;content_width&quot;:&quot;full&quot;}\">\n\t\t\t\t<\/div>\n\t\t<div class=\"elementor-element elementor-element-73687f0 e-con-full e-flex e-con e-child\" data-id=\"73687f0\" data-element_type=\"container\" data-settings=\"{&quot;content_width&quot;:&quot;full&quot;}\">\n\t\t\t\t<div class=\"elementor-element elementor-element-5ee6d99 elementor-widget elementor-widget-image\" data-id=\"5ee6d99\" data-element_type=\"widget\" data-widget_type=\"image.default\">\n\t\t\t\t<div class=\"elementor-widget-container\">\n\t\t\t<style>\/*! elementor - v3.19.0 - 28-02-2024 *\/\n.elementor-widget-image{text-align:center}.elementor-widget-image a{display:inline-block}.elementor-widget-image a img[src$=\".svg\"]{width:48px}.elementor-widget-image img{vertical-align:middle;display:inline-block}<\/style>\t\t\t\t\t\t\t\t\t\t<img fetchpriority=\"high\" decoding=\"async\" width=\"400\" height=\"532\" src=\"https:\/\/www.kenncoat.com\/RUSSIAN\/wp-content\/uploads\/2025\/05\/fed7b5a2-2d4a-4a0b-9b52-b5d9b2f11b51-scaled-1-400x532.jpg\" class=\"attachment-amiso_thumbnail_height_400 size-amiso_thumbnail_height_400 wp-image-49637\" alt=\"\" srcset=\"https:\/\/www.kenncoat.com\/RUSSIAN\/wp-content\/uploads\/2025\/05\/fed7b5a2-2d4a-4a0b-9b52-b5d9b2f11b51-scaled-1-400x532.jpg 400w, https:\/\/www.kenncoat.com\/RUSSIAN\/wp-content\/uploads\/2025\/05\/fed7b5a2-2d4a-4a0b-9b52-b5d9b2f11b51-scaled-1-600x800.jpg 600w\" sizes=\"(max-width: 400px) 100vw, 400px\" \/>\t\t\t\t\t\t\t\t\t\t\t\t\t<\/div>\n\t\t\t\t<\/div>\n\t\t\t\t<div class=\"elementor-element elementor-element-cf07a5c elementor-widget elementor-widget-text-editor\" data-id=\"cf07a5c\" data-element_type=\"widget\" data-widget_type=\"text-editor.default\">\n\t\t\t\t<div class=\"elementor-widget-container\">\n\t\t\t<style>\/*! elementor - v3.19.0 - 28-02-2024 *\/\n.elementor-widget-text-editor.elementor-drop-cap-view-stacked .elementor-drop-cap{background-color:#69727d;color:#fff}.elementor-widget-text-editor.elementor-drop-cap-view-framed .elementor-drop-cap{color:#69727d;border:3px solid;background-color:transparent}.elementor-widget-text-editor:not(.elementor-drop-cap-view-default) .elementor-drop-cap{margin-top:8px}.elementor-widget-text-editor:not(.elementor-drop-cap-view-default) .elementor-drop-cap-letter{width:1em;height:1em}.elementor-widget-text-editor .elementor-drop-cap{float:left;text-align:center;line-height:1;font-size:50px}.elementor-widget-text-editor .elementor-drop-cap-letter{display:inline-block}<\/style>\t\t\t\t<p style=\"text-align: center;\"><strong>Nejat PEHL\u0130VAN<\/strong><br \/>\u041f\u0440\u0435\u0434\u0441\u0435\u0434\u0430\u0442\u0435\u043b\u044c \u0441\u043e\u0432\u0435\u0442\u0430 \u0434\u0438\u0440\u0435\u043a\u0442\u043e\u0440\u043e\u0432<\/p>\t\t\t\t\t\t<\/div>\n\t\t\t\t<\/div>\n\t\t\t\t<\/div>\n\t\t<div class=\"elementor-element elementor-element-ab53807 e-con-full e-flex e-con e-child\" data-id=\"ab53807\" data-element_type=\"container\" data-settings=\"{&quot;content_width&quot;:&quot;full&quot;}\">\n\t\t\t\t<\/div>\n\t\t\t\t\t<\/div>\n\t\t\t\t<\/div>\n\t\t<div class=\"elementor-element elementor-element-856b6e6 e-flex e-con-boxed e-con e-parent\" data-id=\"856b6e6\" data-element_type=\"container\" data-settings=\"{&quot;content_width&quot;:&quot;boxed&quot;}\" data-core-v316-plus=\"true\">\n\t\t\t\t\t<div class=\"e-con-inner\">\n\t\t<div class=\"elementor-element elementor-element-ec52b6e e-con-full e-flex e-con e-child\" data-id=\"ec52b6e\" data-element_type=\"container\" data-settings=\"{&quot;content_width&quot;:&quot;full&quot;}\">\n\t\t\t\t<div class=\"elementor-element elementor-element-f860912 elementor-widget elementor-widget-image\" data-id=\"f860912\" data-element_type=\"widget\" data-widget_type=\"image.default\">\n\t\t\t\t<div class=\"elementor-widget-container\">\n\t\t\t\t\t\t\t\t\t\t\t\t\t<img decoding=\"async\" width=\"400\" height=\"532\" src=\"https:\/\/www.kenncoat.com\/RUSSIAN\/wp-content\/uploads\/2025\/05\/aafa307e-496c-49ed-87a2-1b71414ad12a-scaled-1-400x532.jpg\" class=\"attachment-amiso_thumbnail_height_400 size-amiso_thumbnail_height_400 wp-image-49638\" alt=\"\" srcset=\"https:\/\/www.kenncoat.com\/RUSSIAN\/wp-content\/uploads\/2025\/05\/aafa307e-496c-49ed-87a2-1b71414ad12a-scaled-1-400x532.jpg 400w, https:\/\/www.kenncoat.com\/RUSSIAN\/wp-content\/uploads\/2025\/05\/aafa307e-496c-49ed-87a2-1b71414ad12a-scaled-1-225x300.jpg 225w, https:\/\/www.kenncoat.com\/RUSSIAN\/wp-content\/uploads\/2025\/05\/aafa307e-496c-49ed-87a2-1b71414ad12a-scaled-1-768x1024.jpg 768w, https:\/\/www.kenncoat.com\/RUSSIAN\/wp-content\/uploads\/2025\/05\/aafa307e-496c-49ed-87a2-1b71414ad12a-scaled-1-1152x1536.jpg 1152w, https:\/\/www.kenncoat.com\/RUSSIAN\/wp-content\/uploads\/2025\/05\/aafa307e-496c-49ed-87a2-1b71414ad12a-scaled-1-1536x2048.jpg 1536w, https:\/\/www.kenncoat.com\/RUSSIAN\/wp-content\/uploads\/2025\/05\/aafa307e-496c-49ed-87a2-1b71414ad12a-scaled-1-600x800.jpg 600w, https:\/\/www.kenncoat.com\/RUSSIAN\/wp-content\/uploads\/2025\/05\/aafa307e-496c-49ed-87a2-1b71414ad12a-scaled-1.jpg 1920w\" sizes=\"(max-width: 400px) 100vw, 400px\" \/>\t\t\t\t\t\t\t\t\t\t\t\t\t<\/div>\n\t\t\t\t<\/div>\n\t\t\t\t<div class=\"elementor-element elementor-element-f887c7d elementor-widget elementor-widget-text-editor\" data-id=\"f887c7d\" data-element_type=\"widget\" data-widget_type=\"text-editor.default\">\n\t\t\t\t<div class=\"elementor-widget-container\">\n\t\t\t\t\t\t\t<p style=\"text-align: center;\"><strong>Bar\u0131\u015f BA\u015eARAN<\/strong><br \/>\u0423\u043f\u0440\u0430\u0432\u043b\u044f\u044e\u0449\u0438\u0439 \u0444\u0430\u0431\u0440\u0438\u043a\u043e\u0439<\/p>\t\t\t\t\t\t<\/div>\n\t\t\t\t<\/div>\n\t\t\t\t<\/div>\n\t\t<div class=\"elementor-element elementor-element-775a94e e-con-full e-flex e-con e-child\" data-id=\"775a94e\" data-element_type=\"container\" data-settings=\"{&quot;content_width&quot;:&quot;full&quot;}\">\n\t\t\t\t<div class=\"elementor-element elementor-element-38511f6 elementor-widget elementor-widget-image\" data-id=\"38511f6\" data-element_type=\"widget\" data-widget_type=\"image.default\">\n\t\t\t\t<div class=\"elementor-widget-container\">\n\t\t\t\t\t\t\t\t\t\t\t\t\t<img decoding=\"async\" width=\"400\" height=\"532\" src=\"https:\/\/www.kenncoat.com\/RUSSIAN\/wp-content\/uploads\/2025\/05\/21b78478-c443-4ce4-8256-0c71701cd9d0-scaled-1-400x532.jpg\" class=\"attachment-amiso_thumbnail_height_400 size-amiso_thumbnail_height_400 wp-image-49639\" alt=\"\" srcset=\"https:\/\/www.kenncoat.com\/RUSSIAN\/wp-content\/uploads\/2025\/05\/21b78478-c443-4ce4-8256-0c71701cd9d0-scaled-1-400x532.jpg 400w, https:\/\/www.kenncoat.com\/RUSSIAN\/wp-content\/uploads\/2025\/05\/21b78478-c443-4ce4-8256-0c71701cd9d0-scaled-1-225x300.jpg 225w, https:\/\/www.kenncoat.com\/RUSSIAN\/wp-content\/uploads\/2025\/05\/21b78478-c443-4ce4-8256-0c71701cd9d0-scaled-1-768x1024.jpg 768w, https:\/\/www.kenncoat.com\/RUSSIAN\/wp-content\/uploads\/2025\/05\/21b78478-c443-4ce4-8256-0c71701cd9d0-scaled-1-1152x1536.jpg 1152w, https:\/\/www.kenncoat.com\/RUSSIAN\/wp-content\/uploads\/2025\/05\/21b78478-c443-4ce4-8256-0c71701cd9d0-scaled-1-1536x2048.jpg 1536w, https:\/\/www.kenncoat.com\/RUSSIAN\/wp-content\/uploads\/2025\/05\/21b78478-c443-4ce4-8256-0c71701cd9d0-scaled-1-600x800.jpg 600w, https:\/\/www.kenncoat.com\/RUSSIAN\/wp-content\/uploads\/2025\/05\/21b78478-c443-4ce4-8256-0c71701cd9d0-scaled-1.jpg 1920w\" sizes=\"(max-width: 400px) 100vw, 400px\" \/>\t\t\t\t\t\t\t\t\t\t\t\t\t<\/div>\n\t\t\t\t<\/div>\n\t\t\t\t<div class=\"elementor-element elementor-element-31ae84f elementor-widget elementor-widget-text-editor\" data-id=\"31ae84f\" data-element_type=\"widget\" data-widget_type=\"text-editor.default\">\n\t\t\t\t<div class=\"elementor-widget-container\">\n\t\t\t\t\t\t\t<p style=\"text-align: center;\"><strong>Meltem PEHL\u0130VAN<\/strong><br \/>\u041c\u0435\u043d\u0435\u0434\u0436\u0435\u0440 \u043f\u043e \u043f\u0435\u0440\u0441\u043e\u043d\u0430\u043b\u0443<\/p>\t\t\t\t\t\t<\/div>\n\t\t\t\t<\/div>\n\t\t\t\t<\/div>\n\t\t<div class=\"elementor-element elementor-element-664574d e-con-full e-flex e-con e-child\" data-id=\"664574d\" data-element_type=\"container\" data-settings=\"{&quot;content_width&quot;:&quot;full&quot;}\">\n\t\t\t\t<div class=\"elementor-element elementor-element-916e858 elementor-widget elementor-widget-image\" data-id=\"916e858\" data-element_type=\"widget\" data-widget_type=\"image.default\">\n\t\t\t\t<div class=\"elementor-widget-container\">\n\t\t\t\t\t\t\t\t\t\t\t\t\t<img loading=\"lazy\" decoding=\"async\" width=\"400\" height=\"532\" src=\"https:\/\/www.kenncoat.com\/RUSSIAN\/wp-content\/uploads\/2025\/05\/e7e5694b-ab2d-459b-a678-c3d285323dce-scaled-1-400x532.jpg\" class=\"attachment-amiso_thumbnail_height_400 size-amiso_thumbnail_height_400 wp-image-49640\" alt=\"\" srcset=\"https:\/\/www.kenncoat.com\/RUSSIAN\/wp-content\/uploads\/2025\/05\/e7e5694b-ab2d-459b-a678-c3d285323dce-scaled-1-400x532.jpg 400w, https:\/\/www.kenncoat.com\/RUSSIAN\/wp-content\/uploads\/2025\/05\/e7e5694b-ab2d-459b-a678-c3d285323dce-scaled-1-225x300.jpg 225w, https:\/\/www.kenncoat.com\/RUSSIAN\/wp-content\/uploads\/2025\/05\/e7e5694b-ab2d-459b-a678-c3d285323dce-scaled-1-768x1024.jpg 768w, https:\/\/www.kenncoat.com\/RUSSIAN\/wp-content\/uploads\/2025\/05\/e7e5694b-ab2d-459b-a678-c3d285323dce-scaled-1-1152x1536.jpg 1152w, https:\/\/www.kenncoat.com\/RUSSIAN\/wp-content\/uploads\/2025\/05\/e7e5694b-ab2d-459b-a678-c3d285323dce-scaled-1-1536x2048.jpg 1536w, https:\/\/www.kenncoat.com\/RUSSIAN\/wp-content\/uploads\/2025\/05\/e7e5694b-ab2d-459b-a678-c3d285323dce-scaled-1-600x800.jpg 600w, https:\/\/www.kenncoat.com\/RUSSIAN\/wp-content\/uploads\/2025\/05\/e7e5694b-ab2d-459b-a678-c3d285323dce-scaled-1.jpg 1920w\" sizes=\"(max-width: 400px) 100vw, 400px\" \/>\t\t\t\t\t\t\t\t\t\t\t\t\t<\/div>\n\t\t\t\t<\/div>\n\t\t\t\t<div class=\"elementor-element elementor-element-5cd9975 elementor-widget elementor-widget-text-editor\" data-id=\"5cd9975\" data-element_type=\"widget\" data-widget_type=\"text-editor.default\">\n\t\t\t\t<div class=\"elementor-widget-container\">\n\t\t\t\t\t\t\t<p style=\"text-align: center;\"><strong>Nagihan KORKMAZ<\/strong><br \/>\u0424\u0438\u043d\u0430\u043d\u0441\u043e\u0432\u044b\u0439 \u043c\u0435\u043d\u0435\u0434\u0436\u0435\u0440<\/p>\t\t\t\t\t\t<\/div>\n\t\t\t\t<\/div>\n\t\t\t\t<\/div>\n\t\t\t\t\t<\/div>\n\t\t\t\t<\/div>\n\t\t<div class=\"elementor-element elementor-element-972bd89 e-flex e-con-boxed e-con e-parent\" data-id=\"972bd89\" data-element_type=\"container\" data-settings=\"{&quot;content_width&quot;:&quot;boxed&quot;}\" data-core-v316-plus=\"true\">\n\t\t\t\t\t<div class=\"e-con-inner\">\n\t\t<div class=\"elementor-element elementor-element-2c5e927 e-con-full e-flex e-con e-child\" data-id=\"2c5e927\" data-element_type=\"container\" data-settings=\"{&quot;content_width&quot;:&quot;full&quot;}\">\n\t\t\t\t<div class=\"elementor-element elementor-element-4ce0b1e elementor-widget elementor-widget-image\" data-id=\"4ce0b1e\" data-element_type=\"widget\" data-widget_type=\"image.default\">\n\t\t\t\t<div class=\"elementor-widget-container\">\n\t\t\t\t\t\t\t\t\t\t\t\t\t<img loading=\"lazy\" decoding=\"async\" width=\"400\" height=\"532\" src=\"https:\/\/www.kenncoat.com\/RUSSIAN\/wp-content\/uploads\/2025\/05\/c32fa839-e843-47c8-8409-2bd4cccbbad9-scaled-1-400x532.jpg\" class=\"attachment-amiso_thumbnail_height_400 size-amiso_thumbnail_height_400 wp-image-49641\" alt=\"\" srcset=\"https:\/\/www.kenncoat.com\/RUSSIAN\/wp-content\/uploads\/2025\/05\/c32fa839-e843-47c8-8409-2bd4cccbbad9-scaled-1-400x532.jpg 400w, https:\/\/www.kenncoat.com\/RUSSIAN\/wp-content\/uploads\/2025\/05\/c32fa839-e843-47c8-8409-2bd4cccbbad9-scaled-1-225x300.jpg 225w, https:\/\/www.kenncoat.com\/RUSSIAN\/wp-content\/uploads\/2025\/05\/c32fa839-e843-47c8-8409-2bd4cccbbad9-scaled-1-768x1024.jpg 768w, https:\/\/www.kenncoat.com\/RUSSIAN\/wp-content\/uploads\/2025\/05\/c32fa839-e843-47c8-8409-2bd4cccbbad9-scaled-1-1152x1536.jpg 1152w, https:\/\/www.kenncoat.com\/RUSSIAN\/wp-content\/uploads\/2025\/05\/c32fa839-e843-47c8-8409-2bd4cccbbad9-scaled-1-1536x2048.jpg 1536w, https:\/\/www.kenncoat.com\/RUSSIAN\/wp-content\/uploads\/2025\/05\/c32fa839-e843-47c8-8409-2bd4cccbbad9-scaled-1-600x800.jpg 600w, https:\/\/www.kenncoat.com\/RUSSIAN\/wp-content\/uploads\/2025\/05\/c32fa839-e843-47c8-8409-2bd4cccbbad9-scaled-1.jpg 1920w\" sizes=\"(max-width: 400px) 100vw, 400px\" \/>\t\t\t\t\t\t\t\t\t\t\t\t\t<\/div>\n\t\t\t\t<\/div>\n\t\t\t\t<div class=\"elementor-element elementor-element-904857e elementor-widget elementor-widget-text-editor\" data-id=\"904857e\" data-element_type=\"widget\" data-widget_type=\"text-editor.default\">\n\t\t\t\t<div class=\"elementor-widget-container\">\n\t\t\t\t\t\t\t<p style=\"text-align: center;\"><strong>Kayra PEHL\u0130VAN<\/strong><br \/>\u041c\u0435\u043d\u0435\u0434\u0436\u0435\u0440 \u043f\u043e \u0437\u0430\u043a\u0443\u043f\u043a\u0430\u043c<\/p>\t\t\t\t\t\t<\/div>\n\t\t\t\t<\/div>\n\t\t\t\t<\/div>\n\t\t<div class=\"elementor-element elementor-element-0e12bfa e-con-full e-flex e-con e-child\" data-id=\"0e12bfa\" data-element_type=\"container\" data-settings=\"{&quot;content_width&quot;:&quot;full&quot;}\">\n\t\t\t\t<div class=\"elementor-element elementor-element-6b2a59e elementor-widget elementor-widget-image\" data-id=\"6b2a59e\" data-element_type=\"widget\" data-widget_type=\"image.default\">\n\t\t\t\t<div class=\"elementor-widget-container\">\n\t\t\t\t\t\t\t\t\t\t\t\t\t<img loading=\"lazy\" decoding=\"async\" width=\"400\" height=\"532\" src=\"https:\/\/www.kenncoat.com\/RUSSIAN\/wp-content\/uploads\/2025\/05\/63d2eb3d-20d3-489b-ae8b-3cf321cc0dc3-scaled-1-400x532.jpg\" class=\"attachment-amiso_thumbnail_height_400 size-amiso_thumbnail_height_400 wp-image-49642\" alt=\"\" srcset=\"https:\/\/www.kenncoat.com\/RUSSIAN\/wp-content\/uploads\/2025\/05\/63d2eb3d-20d3-489b-ae8b-3cf321cc0dc3-scaled-1-400x532.jpg 400w, https:\/\/www.kenncoat.com\/RUSSIAN\/wp-content\/uploads\/2025\/05\/63d2eb3d-20d3-489b-ae8b-3cf321cc0dc3-scaled-1-225x300.jpg 225w, https:\/\/www.kenncoat.com\/RUSSIAN\/wp-content\/uploads\/2025\/05\/63d2eb3d-20d3-489b-ae8b-3cf321cc0dc3-scaled-1-768x1024.jpg 768w, https:\/\/www.kenncoat.com\/RUSSIAN\/wp-content\/uploads\/2025\/05\/63d2eb3d-20d3-489b-ae8b-3cf321cc0dc3-scaled-1-1152x1536.jpg 1152w, https:\/\/www.kenncoat.com\/RUSSIAN\/wp-content\/uploads\/2025\/05\/63d2eb3d-20d3-489b-ae8b-3cf321cc0dc3-scaled-1-1536x2048.jpg 1536w, https:\/\/www.kenncoat.com\/RUSSIAN\/wp-content\/uploads\/2025\/05\/63d2eb3d-20d3-489b-ae8b-3cf321cc0dc3-scaled-1-600x800.jpg 600w, https:\/\/www.kenncoat.com\/RUSSIAN\/wp-content\/uploads\/2025\/05\/63d2eb3d-20d3-489b-ae8b-3cf321cc0dc3-scaled-1.jpg 1920w\" sizes=\"(max-width: 400px) 100vw, 400px\" \/>\t\t\t\t\t\t\t\t\t\t\t\t\t<\/div>\n\t\t\t\t<\/div>\n\t\t\t\t<div class=\"elementor-element elementor-element-1405a4e elementor-widget elementor-widget-text-editor\" data-id=\"1405a4e\" data-element_type=\"widget\" data-widget_type=\"text-editor.default\">\n\t\t\t\t<div class=\"elementor-widget-container\">\n\t\t\t\t\t\t\t<p style=\"text-align: center;\"><strong>Metin MEDEN\u0130<\/strong><br \/>\u041c\u0435\u043d\u0435\u0434\u0436\u0435\u0440 \u043f\u043e \u044d\u043a\u0441\u043f\u043e\u0440\u0442\u0443<\/p>\t\t\t\t\t\t<\/div>\n\t\t\t\t<\/div>\n\t\t\t\t<\/div>\n\t\t<div class=\"elementor-element elementor-element-66a21e3 e-con-full e-flex e-con e-child\" data-id=\"66a21e3\" data-element_type=\"container\" data-settings=\"{&quot;content_width&quot;:&quot;full&quot;}\">\n\t\t\t\t<div class=\"elementor-element elementor-element-7c07ca1 elementor-widget elementor-widget-image\" data-id=\"7c07ca1\" data-element_type=\"widget\" data-widget_type=\"image.default\">\n\t\t\t\t<div class=\"elementor-widget-container\">\n\t\t\t\t\t\t\t\t\t\t\t\t\t<img loading=\"lazy\" decoding=\"async\" width=\"400\" height=\"532\" src=\"https:\/\/www.kenncoat.com\/RUSSIAN\/wp-content\/uploads\/2025\/05\/ee28afd6-cf68-443c-b27b-bbb27db6c1da-scaled-1-400x532.jpg\" class=\"attachment-amiso_thumbnail_height_400 size-amiso_thumbnail_height_400 wp-image-49643\" alt=\"\" srcset=\"https:\/\/www.kenncoat.com\/RUSSIAN\/wp-content\/uploads\/2025\/05\/ee28afd6-cf68-443c-b27b-bbb27db6c1da-scaled-1-400x532.jpg 400w, https:\/\/www.kenncoat.com\/RUSSIAN\/wp-content\/uploads\/2025\/05\/ee28afd6-cf68-443c-b27b-bbb27db6c1da-scaled-1-225x300.jpg 225w, https:\/\/www.kenncoat.com\/RUSSIAN\/wp-content\/uploads\/2025\/05\/ee28afd6-cf68-443c-b27b-bbb27db6c1da-scaled-1-768x1024.jpg 768w, https:\/\/www.kenncoat.com\/RUSSIAN\/wp-content\/uploads\/2025\/05\/ee28afd6-cf68-443c-b27b-bbb27db6c1da-scaled-1-1152x1536.jpg 1152w, https:\/\/www.kenncoat.com\/RUSSIAN\/wp-content\/uploads\/2025\/05\/ee28afd6-cf68-443c-b27b-bbb27db6c1da-scaled-1-1536x2048.jpg 1536w, https:\/\/www.kenncoat.com\/RUSSIAN\/wp-content\/uploads\/2025\/05\/ee28afd6-cf68-443c-b27b-bbb27db6c1da-scaled-1-600x800.jpg 600w, https:\/\/www.kenncoat.com\/RUSSIAN\/wp-content\/uploads\/2025\/05\/ee28afd6-cf68-443c-b27b-bbb27db6c1da-scaled-1.jpg 1920w\" sizes=\"(max-width: 400px) 100vw, 400px\" \/>\t\t\t\t\t\t\t\t\t\t\t\t\t<\/div>\n\t\t\t\t<\/div>\n\t\t\t\t<div class=\"elementor-element elementor-element-ebf3ede elementor-widget elementor-widget-text-editor\" data-id=\"ebf3ede\" data-element_type=\"widget\" data-widget_type=\"text-editor.default\">\n\t\t\t\t<div class=\"elementor-widget-container\">\n\t\t\t\t\t\t\t<p style=\"text-align: center;\"><strong>Ece DEDE<\/strong><br \/>\u041b\u0430\u0431\u043e\u0440\u0430\u0442\u043e\u0440\u0438\u044f \/ \u041c\u0435\u043d\u0435\u0434\u0436\u0435\u0440 \u043f\u043e \u043a\u043e\u043d\u0442\u0440\u043e\u043b\u044e \u043a\u0430\u0447\u0435\u0441\u0442\u0432\u0430<\/p>\t\t\t\t\t\t<\/div>\n\t\t\t\t<\/div>\n\t\t\t\t<\/div>\n\t\t\t\t\t<\/div>\n\t\t\t\t<\/div>\n\t\t<div class=\"elementor-element elementor-element-d1118e1 e-flex e-con-boxed e-con e-parent\" data-id=\"d1118e1\" data-element_type=\"container\" data-settings=\"{&quot;content_width&quot;:&quot;boxed&quot;}\" data-core-v316-plus=\"true\">\n\t\t\t\t\t<div class=\"e-con-inner\">\n\t\t<div class=\"elementor-element elementor-element-4d02d35 e-con-full e-flex e-con e-child\" data-id=\"4d02d35\" data-element_type=\"container\" data-settings=\"{&quot;content_width&quot;:&quot;full&quot;}\">\n\t\t\t\t<div class=\"elementor-element elementor-element-1fb07f0 elementor-widget elementor-widget-image\" data-id=\"1fb07f0\" data-element_type=\"widget\" data-widget_type=\"image.default\">\n\t\t\t\t<div class=\"elementor-widget-container\">\n\t\t\t\t\t\t\t\t\t\t\t\t\t<img loading=\"lazy\" decoding=\"async\" width=\"400\" height=\"532\" src=\"https:\/\/www.kenncoat.com\/RUSSIAN\/wp-content\/uploads\/2025\/05\/98076d8e-186a-4147-86a7-5ea0b17bbcfd-scaled-1-400x532.jpg\" class=\"attachment-amiso_thumbnail_height_400 size-amiso_thumbnail_height_400 wp-image-49644\" alt=\"\" srcset=\"https:\/\/www.kenncoat.com\/RUSSIAN\/wp-content\/uploads\/2025\/05\/98076d8e-186a-4147-86a7-5ea0b17bbcfd-scaled-1-400x532.jpg 400w, https:\/\/www.kenncoat.com\/RUSSIAN\/wp-content\/uploads\/2025\/05\/98076d8e-186a-4147-86a7-5ea0b17bbcfd-scaled-1-225x300.jpg 225w, https:\/\/www.kenncoat.com\/RUSSIAN\/wp-content\/uploads\/2025\/05\/98076d8e-186a-4147-86a7-5ea0b17bbcfd-scaled-1-768x1024.jpg 768w, https:\/\/www.kenncoat.com\/RUSSIAN\/wp-content\/uploads\/2025\/05\/98076d8e-186a-4147-86a7-5ea0b17bbcfd-scaled-1-1152x1536.jpg 1152w, https:\/\/www.kenncoat.com\/RUSSIAN\/wp-content\/uploads\/2025\/05\/98076d8e-186a-4147-86a7-5ea0b17bbcfd-scaled-1-1536x2048.jpg 1536w, https:\/\/www.kenncoat.com\/RUSSIAN\/wp-content\/uploads\/2025\/05\/98076d8e-186a-4147-86a7-5ea0b17bbcfd-scaled-1-600x800.jpg 600w, https:\/\/www.kenncoat.com\/RUSSIAN\/wp-content\/uploads\/2025\/05\/98076d8e-186a-4147-86a7-5ea0b17bbcfd-scaled-1.jpg 1920w\" sizes=\"(max-width: 400px) 100vw, 400px\" \/>\t\t\t\t\t\t\t\t\t\t\t\t\t<\/div>\n\t\t\t\t<\/div>\n\t\t\t\t<div class=\"elementor-element elementor-element-6c8c687 elementor-widget elementor-widget-text-editor\" data-id=\"6c8c687\" data-element_type=\"widget\" data-widget_type=\"text-editor.default\">\n\t\t\t\t<div class=\"elementor-widget-container\">\n\t\t\t\t\t\t\t<p style=\"text-align: center;\"><strong>Nejat Emre PEHL\u0130VAN<\/strong><br \/>\u041c\u0435\u043d\u0435\u0434\u0436\u0435\u0440 \u043f\u043e \u041d\u0418\u041e\u041a\u0420<\/p>\t\t\t\t\t\t<\/div>\n\t\t\t\t<\/div>\n\t\t\t\t<\/div>\n\t\t<div class=\"elementor-element elementor-element-ddd89d5 e-con-full e-flex e-con e-child\" data-id=\"ddd89d5\" data-element_type=\"container\" data-settings=\"{&quot;content_width&quot;:&quot;full&quot;}\">\n\t\t\t\t<div class=\"elementor-element elementor-element-46574fe elementor-widget elementor-widget-image\" data-id=\"46574fe\" data-element_type=\"widget\" data-widget_type=\"image.default\">\n\t\t\t\t<div class=\"elementor-widget-container\">\n\t\t\t\t\t\t\t\t\t\t\t\t\t<img loading=\"lazy\" decoding=\"async\" width=\"400\" height=\"532\" src=\"https:\/\/www.kenncoat.com\/RUSSIAN\/wp-content\/uploads\/2025\/05\/b73dd40c-54ff-4b1a-87f7-a22f01c7dd64-scaled-1-400x532.jpg\" class=\"attachment-amiso_thumbnail_height_400 size-amiso_thumbnail_height_400 wp-image-49645\" alt=\"\" srcset=\"https:\/\/www.kenncoat.com\/RUSSIAN\/wp-content\/uploads\/2025\/05\/b73dd40c-54ff-4b1a-87f7-a22f01c7dd64-scaled-1-400x532.jpg 400w, https:\/\/www.kenncoat.com\/RUSSIAN\/wp-content\/uploads\/2025\/05\/b73dd40c-54ff-4b1a-87f7-a22f01c7dd64-scaled-1-600x800.jpg 600w\" sizes=\"(max-width: 400px) 100vw, 400px\" \/>\t\t\t\t\t\t\t\t\t\t\t\t\t<\/div>\n\t\t\t\t<\/div>\n\t\t\t\t<div class=\"elementor-element elementor-element-9d973e0 elementor-widget elementor-widget-text-editor\" data-id=\"9d973e0\" data-element_type=\"widget\" data-widget_type=\"text-editor.default\">\n\t\t\t\t<div class=\"elementor-widget-container\">\n\t\t\t\t\t\t\t<p style=\"text-align: center;\"><strong>M\u00fcmtaz \u015eIKLAR<\/strong><br \/>\u041c\u0435\u043d\u0435\u0434\u0436\u0435\u0440 \u043f\u043e \u043f\u0440\u043e\u0438\u0437\u0432\u043e\u0434\u0441\u0442\u0432\u0443<\/p>\t\t\t\t\t\t<\/div>\n\t\t\t\t<\/div>\n\t\t\t\t<\/div>\n\t\t<div class=\"elementor-element elementor-element-1f9df18 e-con-full e-flex e-con e-child\" data-id=\"1f9df18\" data-element_type=\"container\" data-settings=\"{&quot;content_width&quot;:&quot;full&quot;}\">\n\t\t\t\t<\/div>\n\t\t\t\t\t<\/div>\n\t\t\t\t<\/div>\n\t\t\t\t<\/div>\n\t\t","protected":false},"excerpt":{"rendered":"<p>Nejat PEHL\u0130VAN\u041f\u0440\u0435\u0434\u0441\u0435\u0434\u0430\u0442\u0435\u043b\u044c \u0441\u043e\u0432\u0435\u0442\u0430 \u0434\u0438\u0440\u0435\u043a\u0442\u043e\u0440\u043e\u0432 Bar\u0131\u015f BA\u015eARAN\u0423\u043f\u0440\u0430\u0432\u043b\u044f\u044e\u0449\u0438\u0439 \u0444\u0430\u0431\u0440\u0438\u043a\u043e\u0439 Meltem PEHL\u0130VAN\u041c\u0435\u043d\u0435\u0434\u0436\u0435\u0440 \u043f\u043e \u043f\u0435\u0440\u0441\u043e\u043d\u0430\u043b\u0443 Nagihan KORKMAZ\u0424\u0438\u043d\u0430\u043d\u0441\u043e\u0432\u044b\u0439 \u043c\u0435\u043d\u0435\u0434\u0436\u0435\u0440 Kayra PEHL\u0130VAN\u041c\u0435\u043d\u0435\u0434\u0436\u0435\u0440 \u043f\u043e \u0437\u0430\u043a\u0443\u043f\u043a\u0430\u043c Metin MEDEN\u0130\u041c\u0435\u043d\u0435\u0434\u0436\u0435\u0440&#8230;<\/p>\n","protected":false},"author":1,"featured_media":0,"parent":36366,"menu_order":0,"comment_status":"closed","ping_status":"closed","template":"","meta":{"footnotes":""},"_links":{"self":[{"href":"https:\/\/www.kenncoat.com\/RUSSIAN\/wp-json\/wp\/v2\/pages\/49634"}],"collection":[{"href":"https:\/\/www.kenncoat.com\/RUSSIAN\/wp-json\/wp\/v2\/pages"}],"about":[{"href":"https:\/\/www.kenncoat.com\/RUSSIAN\/wp-json\/wp\/v2\/types\/page"}],"author":[{"embeddable":true,"href":"https:\/\/www.kenncoat.com\/RUSSIAN\/wp-json\/wp\/v2\/users\/1"}],"replies":[{"embeddable":true,"href":"https:\/\/www.kenncoat.com\/RUSSIAN\/wp-json\/wp\/v2\/comments?post=49634"}],"version-history":[{"count":4,"href":"https:\/\/www.kenncoat.com\/RUSSIAN\/wp-json\/wp\/v2\/pages\/49634\/revisions"}],"predecessor-version":[{"id":49648,"href":"https:\/\/www.kenncoat.com\/RUSSIAN\/wp-json\/wp\/v2\/pages\/49634\/revisions\/49648"}],"up":[{"embeddable":true,"href":"https:\/\/www.kenncoat.com\/RUSSIAN\/wp-json\/wp\/v2\/pages\/36366"}],"wp:attachment":[{"href":"https:\/\/www.kenncoat.com\/RUSSIAN\/wp-json\/wp\/v2\/media?parent=49634"}],"curies":[{"name":"wp","href":"https:\/\/api.w.org\/{rel}","templated":true}]}}