{"id":49337,"date":"2024-03-23T19:06:20","date_gmt":"2024-03-23T19:06:20","guid":{"rendered":"https:\/\/www.kenncoat.com\/ESPANOL\/?post_type=product&#038;p=49337"},"modified":"2024-03-23T19:11:34","modified_gmt":"2024-03-23T19:11:34","slug":"antistatik-solventsiz-epoksi-self-levelling","status":"publish","type":"product","link":"https:\/\/www.kenncoat.com\/ESPANOL\/product\/antistatik-solventsiz-epoksi-self-levelling\/","title":{"rendered":"ANT\u0130STAT\u0130K SOLVENTS\u0130Z EPOKS\u0130 SELF LEVELLING"},"content":{"rendered":"\t\t<div data-elementor-type=\"product-post\" data-elementor-id=\"49337\" class=\"elementor elementor-49337\" data-elementor-post-type=\"product\">\n\t\t\t\t<div class=\"elementor-element elementor-element-25b8cf2d e-flex e-con-boxed e-con e-parent\" data-id=\"25b8cf2d\" data-element_type=\"container\" data-settings=\"{&quot;content_width&quot;:&quot;boxed&quot;}\" data-core-v316-plus=\"true\">\n\t\t\t\t\t<div class=\"e-con-inner\">\n\t\t\t\t<div class=\"elementor-element elementor-element-6d9c5794 elementor-widget elementor-widget-text-editor\" data-id=\"6d9c5794\" data-element_type=\"widget\" data-widget_type=\"text-editor.default\">\n\t\t\t\t<div class=\"elementor-widget-container\">\n\t\t\t<style>\/*! elementor - v3.19.0 - 28-02-2024 *\/\n.elementor-widget-text-editor.elementor-drop-cap-view-stacked .elementor-drop-cap{background-color:#69727d;color:#fff}.elementor-widget-text-editor.elementor-drop-cap-view-framed .elementor-drop-cap{color:#69727d;border:3px solid;background-color:transparent}.elementor-widget-text-editor:not(.elementor-drop-cap-view-default) .elementor-drop-cap{margin-top:8px}.elementor-widget-text-editor:not(.elementor-drop-cap-view-default) .elementor-drop-cap-letter{width:1em;height:1em}.elementor-widget-text-editor .elementor-drop-cap{float:left;text-align:center;line-height:1;font-size:50px}.elementor-widget-text-editor .elementor-drop-cap-letter{display:inline-block}<\/style>\t\t\t\t\t\t\t\t\t\t<\/div>\n\t\t\t\t<\/div>\n\t\t\t\t\t<\/div>\n\t\t\t\t<\/div>\n\t\t<div class=\"elementor-element elementor-element-298c3c2 e-con-full e-flex e-con e-parent\" data-id=\"298c3c2\" data-element_type=\"container\" data-settings=\"{&quot;content_width&quot;:&quot;full&quot;}\" data-core-v316-plus=\"true\">\n\t\t\t\t<div class=\"elementor-element elementor-element-957a19c elementor-widget elementor-widget-tm-ele-accordion\" data-id=\"957a19c\" data-element_type=\"widget\" data-widget_type=\"tm-ele-accordion.skin-gradient\">\n\t\t\t\t<div class=\"elementor-widget-container\">\n\t\t\t\t\t<div id=\"accordion-holder-221470\" class=\"tm-accordion skin-gradient\">\r\n\t\r\n  <div class=\"card active\">\r\n    <div class=\"card-header p-0\" id=\"heading801\">\r\n      <h5 class=\"title \" data-bs-toggle=\"collapse\" data-bs-target=\"#collapse801\" aria-expanded=\"true\" aria-controls=\"collapse801\">\r\n        <span class=\"text\">\u00dcr\u00fcn bilgileri<\/span>\r\n        <span class=\"accordion-controls-icon\"><svg class=\"e-font-icon-svg e-fas-chevron-down\" viewBox=\"0 0 448 512\" xmlns=\"http:\/\/www.w3.org\/2000\/svg\"><path d=\"M207.029 381.476L12.686 187.132c-9.373-9.373-9.373-24.569 0-33.941l22.667-22.667c9.357-9.357 24.522-9.375 33.901-.04L224 284.505l154.745-154.021c9.379-9.335 24.544-9.317 33.901.04l22.667 22.667c9.373 9.373 9.373 24.569 0 33.941L240.971 381.476c-9.373 9.372-24.569 9.372-33.942 0z\"><\/path><\/svg><\/span>\r\n      <\/h5>\r\n    <\/div>\r\n    <div id=\"collapse801\" class=\"collapse show\" aria-labelledby=\"heading801\" data-bs-parent=\"#accordion-holder-221470\">\r\n      <div class=\"card-body\">\r\n        <p><span>Epoksi esasl\u0131, iki bile\u015fenli, solventsiz, kendinden yay\u0131lan, antistatik kaplama malzemesidir. \u0130letkenlik (kondaktivite) \u00f6zelli\u011fine sahiptir. Mikrop ve bakteri olu\u015fumunu engeller. Otomotiv, ila\u00e7, kimya, elektrik, elektronik, yan\u0131c\u0131-patlay\u0131c\u0131 vb. ensd\u00fcstirlerde \u00fcretim ve depolama alanlar\u0131nda kullan\u0131l\u0131r.      <\/div>\r\n    <\/div>\r\n  <\/div>\r\n\r\n  <div class=\"card \">\r\n    <div class=\"card-header p-0\" id=\"heading802\">\r\n      <h5 class=\"title collapsed\" data-bs-toggle=\"collapse\" data-bs-target=\"#collapse802\" aria-expanded=\"false\" aria-controls=\"collapse802\">\r\n        <span class=\"text\">Avantajlar<\/span>\r\n        <span class=\"accordion-controls-icon\"><svg class=\"e-font-icon-svg e-fas-chevron-down\" viewBox=\"0 0 448 512\" xmlns=\"http:\/\/www.w3.org\/2000\/svg\"><path d=\"M207.029 381.476L12.686 187.132c-9.373-9.373-9.373-24.569 0-33.941l22.667-22.667c9.357-9.357 24.522-9.375 33.901-.04L224 284.505l154.745-154.021c9.379-9.335 24.544-9.317 33.901.04l22.667 22.667c9.373 9.373 9.373 24.569 0 33.941L240.971 381.476c-9.373 9.372-24.569 9.372-33.942 0z\"><\/path><\/svg><\/span>\r\n      <\/h5>\r\n    <\/div>\r\n    <div id=\"collapse802\" class=\"collapse \" aria-labelledby=\"heading802\" data-bs-parent=\"#accordion-holder-221470\">\r\n      <div class=\"card-body\">\r\n              <\/div>\r\n    <\/div>\r\n  <\/div>\r\n\r\n  <div class=\"card \">\r\n    <div class=\"card-header p-0\" id=\"heading803\">\r\n      <h5 class=\"title collapsed\" data-bs-toggle=\"collapse\" data-bs-target=\"#collapse803\" aria-expanded=\"false\" aria-controls=\"collapse803\">\r\n        <span class=\"text\">Uyar\u0131lar ve \u00f6neriler<\/span>\r\n        <span class=\"accordion-controls-icon\"><svg class=\"e-font-icon-svg e-fas-chevron-down\" viewBox=\"0 0 448 512\" xmlns=\"http:\/\/www.w3.org\/2000\/svg\"><path d=\"M207.029 381.476L12.686 187.132c-9.373-9.373-9.373-24.569 0-33.941l22.667-22.667c9.357-9.357 24.522-9.375 33.901-.04L224 284.505l154.745-154.021c9.379-9.335 24.544-9.317 33.901.04l22.667 22.667c9.373 9.373 9.373 24.569 0 33.941L240.971 381.476c-9.373 9.372-24.569 9.372-33.942 0z\"><\/path><\/svg><\/span>\r\n      <\/h5>\r\n    <\/div>\r\n    <div id=\"collapse803\" class=\"collapse \" aria-labelledby=\"heading803\" data-bs-parent=\"#accordion-holder-221470\">\r\n      <div class=\"card-body\">\r\n              <\/div>\r\n    <\/div>\r\n  <\/div>\r\n\r\n  <div class=\"card \">\r\n    <div class=\"card-header p-0\" id=\"heading804\">\r\n      <h5 class=\"title collapsed\" data-bs-toggle=\"collapse\" data-bs-target=\"#collapse804\" aria-expanded=\"false\" aria-controls=\"collapse804\">\r\n        <span class=\"text\">Teknik dok\u00fcmanlar<\/span>\r\n        <span class=\"accordion-controls-icon\"><svg class=\"e-font-icon-svg e-fas-chevron-down\" viewBox=\"0 0 448 512\" xmlns=\"http:\/\/www.w3.org\/2000\/svg\"><path d=\"M207.029 381.476L12.686 187.132c-9.373-9.373-9.373-24.569 0-33.941l22.667-22.667c9.357-9.357 24.522-9.375 33.901-.04L224 284.505l154.745-154.021c9.379-9.335 24.544-9.317 33.901.04l22.667 22.667c9.373 9.373 9.373 24.569 0 33.941L240.971 381.476c-9.373 9.372-24.569 9.372-33.942 0z\"><\/path><\/svg><\/span>\r\n      <\/h5>\r\n    <\/div>\r\n    <div id=\"collapse804\" class=\"collapse \" aria-labelledby=\"heading804\" data-bs-parent=\"#accordion-holder-221470\">\r\n      <div class=\"card-body\">\r\n              <\/div>\r\n    <\/div>\r\n  <\/div>\r\n\t\t<\/div>\r\n\t\t\t<\/div>\n\t\t\t\t<\/div>\n\t\t\t\t<\/div>\n\t\t\t\t<\/div>\n\t\t","protected":false},"excerpt":{"rendered":"<p><span>Epoksi esasl\u0131, iki bile\u015fenli, solventsiz, kendinden yay\u0131lan, antistatik kaplama malzemesidir. \u0130letkenlik (kondaktivite) \u00f6zelli\u011fine sahiptir. Mikrop ve bakteri olu\u015fumunu engeller. Otomotiv, ila\u00e7, kimya, elektrik, elektronik, yan\u0131c\u0131-patlay\u0131c\u0131 vb. ensd\u00fcstirlerde \u00fcretim ve depolama alanlar\u0131nda kullan\u0131l\u0131r.<\/span><\/p>\n","protected":false},"featured_media":49399,"template":"","meta":[],"product_cat":[64],"product_tag":[],"_links":{"self":[{"href":"https:\/\/www.kenncoat.com\/ESPANOL\/wp-json\/wp\/v2\/product\/49337"}],"collection":[{"href":"https:\/\/www.kenncoat.com\/ESPANOL\/wp-json\/wp\/v2\/product"}],"about":[{"href":"https:\/\/www.kenncoat.com\/ESPANOL\/wp-json\/wp\/v2\/types\/product"}],"version-history":[{"count":1,"href":"https:\/\/www.kenncoat.com\/ESPANOL\/wp-json\/wp\/v2\/product\/49337\/revisions"}],"predecessor-version":[{"id":49400,"href":"https:\/\/www.kenncoat.com\/ESPANOL\/wp-json\/wp\/v2\/product\/49337\/revisions\/49400"}],"wp:featuredmedia":[{"embeddable":true,"href":"https:\/\/www.kenncoat.com\/ESPANOL\/wp-json\/wp\/v2\/media\/49399"}],"wp:attachment":[{"href":"https:\/\/www.kenncoat.com\/ESPANOL\/wp-json\/wp\/v2\/media?parent=49337"}],"wp:term":[{"taxonomy":"product_cat","embeddable":true,"href":"https:\/\/www.kenncoat.com\/ESPANOL\/wp-json\/wp\/v2\/product_cat?post=49337"},{"taxonomy":"product_tag","embeddable":true,"href":"https:\/\/www.kenncoat.com\/ESPANOL\/wp-json\/wp\/v2\/product_tag?post=49337"}],"curies":[{"name":"wp","href":"https:\/\/api.w.org\/{rel}","templated":true}]}}