{"id":49294,"date":"2024-03-23T19:04:55","date_gmt":"2024-03-23T19:04:55","guid":{"rendered":"https:\/\/www.kenncoat.com\/ESPANOL\/?post_type=product&#038;p=49294"},"modified":"2024-03-28T17:45:49","modified_gmt":"2024-03-28T17:45:49","slug":"ambulans-zemin-kaplamasi","status":"publish","type":"product","link":"https:\/\/www.kenncoat.com\/ESPANOL\/product\/ambulans-zemin-kaplamasi\/","title":{"rendered":"REVESTIMIENTO DE PISOS DE AMBULANCIA"},"content":{"rendered":"\t\t<div data-elementor-type=\"product-post\" data-elementor-id=\"49294\" class=\"elementor elementor-49294\" data-elementor-post-type=\"product\">\n\t\t\t\t<div class=\"elementor-element elementor-element-25b8cf2d e-flex e-con-boxed e-con e-parent\" data-id=\"25b8cf2d\" data-element_type=\"container\" data-settings=\"{&quot;content_width&quot;:&quot;boxed&quot;}\" data-core-v316-plus=\"true\">\n\t\t\t\t\t<div class=\"e-con-inner\">\n\t\t\t\t\t<\/div>\n\t\t\t\t<\/div>\n\t\t<div class=\"elementor-element elementor-element-4de67c8 e-con-full e-flex e-con e-parent\" data-id=\"4de67c8\" data-element_type=\"container\" data-settings=\"{&quot;content_width&quot;:&quot;full&quot;}\" data-core-v316-plus=\"true\">\n\t\t\t\t<div class=\"elementor-element elementor-element-2c1c967 elementor-widget elementor-widget-tm-ele-accordion\" data-id=\"2c1c967\" data-element_type=\"widget\" data-widget_type=\"tm-ele-accordion.skin-gradient\">\n\t\t\t\t<div class=\"elementor-widget-container\">\n\t\t\t\t\t<div id=\"accordion-holder-180146\" class=\"tm-accordion skin-gradient\">\r\n\t\r\n  <div class=\"card active\">\r\n    <div class=\"card-header p-0\" id=\"heading171\">\r\n      <h5 class=\"title \" data-bs-toggle=\"collapse\" data-bs-target=\"#collapse171\" aria-expanded=\"true\" aria-controls=\"collapse171\">\r\n        <span class=\"text\">Informaci\u00f3n del Producto<\/span>\r\n        <span class=\"accordion-controls-icon\"><svg class=\"e-font-icon-svg e-fas-chevron-down\" viewBox=\"0 0 448 512\" xmlns=\"http:\/\/www.w3.org\/2000\/svg\"><path d=\"M207.029 381.476L12.686 187.132c-9.373-9.373-9.373-24.569 0-33.941l22.667-22.667c9.357-9.357 24.522-9.375 33.901-.04L224 284.505l154.745-154.021c9.379-9.335 24.544-9.317 33.901.04l22.667 22.667c9.373 9.373 9.373 24.569 0 33.941L240.971 381.476c-9.373 9.372-24.569 9.372-33.942 0z\"><\/path><\/svg><\/span>\r\n      <\/h5>\r\n    <\/div>\r\n    <div id=\"collapse171\" class=\"collapse show\" aria-labelledby=\"heading171\" data-bs-parent=\"#accordion-holder-180146\">\r\n      <div class=\"card-body\">\r\n              <\/div>\r\n    <\/div>\r\n  <\/div>\r\n\r\n  <div class=\"card \">\r\n    <div class=\"card-header p-0\" id=\"heading172\">\r\n      <h5 class=\"title collapsed\" data-bs-toggle=\"collapse\" data-bs-target=\"#collapse172\" aria-expanded=\"false\" aria-controls=\"collapse172\">\r\n        <span class=\"text\">Ventajas<\/span>\r\n        <span class=\"accordion-controls-icon\"><svg class=\"e-font-icon-svg e-fas-chevron-down\" viewBox=\"0 0 448 512\" xmlns=\"http:\/\/www.w3.org\/2000\/svg\"><path d=\"M207.029 381.476L12.686 187.132c-9.373-9.373-9.373-24.569 0-33.941l22.667-22.667c9.357-9.357 24.522-9.375 33.901-.04L224 284.505l154.745-154.021c9.379-9.335 24.544-9.317 33.901.04l22.667 22.667c9.373 9.373 9.373 24.569 0 33.941L240.971 381.476c-9.373 9.372-24.569 9.372-33.942 0z\"><\/path><\/svg><\/span>\r\n      <\/h5>\r\n    <\/div>\r\n    <div id=\"collapse172\" class=\"collapse \" aria-labelledby=\"heading172\" data-bs-parent=\"#accordion-holder-180146\">\r\n      <div class=\"card-body\">\r\n              <\/div>\r\n    <\/div>\r\n  <\/div>\r\n\r\n  <div class=\"card \">\r\n    <div class=\"card-header p-0\" id=\"heading173\">\r\n      <h5 class=\"title collapsed\" data-bs-toggle=\"collapse\" data-bs-target=\"#collapse173\" aria-expanded=\"false\" aria-controls=\"collapse173\">\r\n        <span class=\"text\">Advertencias y recomendaciones<\/span>\r\n        <span class=\"accordion-controls-icon\"><svg class=\"e-font-icon-svg e-fas-chevron-down\" viewBox=\"0 0 448 512\" xmlns=\"http:\/\/www.w3.org\/2000\/svg\"><path d=\"M207.029 381.476L12.686 187.132c-9.373-9.373-9.373-24.569 0-33.941l22.667-22.667c9.357-9.357 24.522-9.375 33.901-.04L224 284.505l154.745-154.021c9.379-9.335 24.544-9.317 33.901.04l22.667 22.667c9.373 9.373 9.373 24.569 0 33.941L240.971 381.476c-9.373 9.372-24.569 9.372-33.942 0z\"><\/path><\/svg><\/span>\r\n      <\/h5>\r\n    <\/div>\r\n    <div id=\"collapse173\" class=\"collapse \" aria-labelledby=\"heading173\" data-bs-parent=\"#accordion-holder-180146\">\r\n      <div class=\"card-body\">\r\n              <\/div>\r\n    <\/div>\r\n  <\/div>\r\n\r\n  <div class=\"card \">\r\n    <div class=\"card-header p-0\" id=\"heading174\">\r\n      <h5 class=\"title collapsed\" data-bs-toggle=\"collapse\" data-bs-target=\"#collapse174\" aria-expanded=\"false\" aria-controls=\"collapse174\">\r\n        <span class=\"text\">documentaci\u00f3n t\u00e9cnica<\/span>\r\n        <span class=\"accordion-controls-icon\"><svg class=\"e-font-icon-svg e-fas-chevron-down\" viewBox=\"0 0 448 512\" xmlns=\"http:\/\/www.w3.org\/2000\/svg\"><path d=\"M207.029 381.476L12.686 187.132c-9.373-9.373-9.373-24.569 0-33.941l22.667-22.667c9.357-9.357 24.522-9.375 33.901-.04L224 284.505l154.745-154.021c9.379-9.335 24.544-9.317 33.901.04l22.667 22.667c9.373 9.373 9.373 24.569 0 33.941L240.971 381.476c-9.373 9.372-24.569 9.372-33.942 0z\"><\/path><\/svg><\/span>\r\n      <\/h5>\r\n    <\/div>\r\n    <div id=\"collapse174\" class=\"collapse \" aria-labelledby=\"heading174\" data-bs-parent=\"#accordion-holder-180146\">\r\n      <div class=\"card-body\">\r\n              <\/div>\r\n    <\/div>\r\n  <\/div>\r\n\t\t<\/div>\r\n\t\t\t<\/div>\n\t\t\t\t<\/div>\n\t\t\t\t<\/div>\n\t\t\t\t<\/div>\n\t\t","protected":false},"excerpt":{"rendered":"<p><span>Es un material para pisos de ambulancias a base de poliuretano con funci\u00f3n de autodifusi\u00f3n, que se produce para su uso en los pisos de transporte de pacientes (tipo A1), auxilios de emergencia (tipo B), veh\u00edculos de ambulancia de cuidados intensivos (tipo C). Tiene una alta resistencia qu\u00edmica y mec\u00e1nica y forma una pel\u00edcula r\u00edgida. Debido a que no contiene solventes, no hay riesgo de incendio. La superficie de la pel\u00edcula es brillante y antideslizante. Es el material preferido para pisos de ambulancias porque es f\u00e1cil de limpiar. no contiene bacterias, no contiene polvo y no da\u00f1a la salud.<\/span><\/p>\n","protected":false},"featured_media":49361,"template":"","meta":[],"product_cat":[62],"product_tag":[],"_links":{"self":[{"href":"https:\/\/www.kenncoat.com\/ESPANOL\/wp-json\/wp\/v2\/product\/49294"}],"collection":[{"href":"https:\/\/www.kenncoat.com\/ESPANOL\/wp-json\/wp\/v2\/product"}],"about":[{"href":"https:\/\/www.kenncoat.com\/ESPANOL\/wp-json\/wp\/v2\/types\/product"}],"version-history":[{"count":5,"href":"https:\/\/www.kenncoat.com\/ESPANOL\/wp-json\/wp\/v2\/product\/49294\/revisions"}],"predecessor-version":[{"id":49502,"href":"https:\/\/www.kenncoat.com\/ESPANOL\/wp-json\/wp\/v2\/product\/49294\/revisions\/49502"}],"wp:featuredmedia":[{"embeddable":true,"href":"https:\/\/www.kenncoat.com\/ESPANOL\/wp-json\/wp\/v2\/media\/49361"}],"wp:attachment":[{"href":"https:\/\/www.kenncoat.com\/ESPANOL\/wp-json\/wp\/v2\/media?parent=49294"}],"wp:term":[{"taxonomy":"product_cat","embeddable":true,"href":"https:\/\/www.kenncoat.com\/ESPANOL\/wp-json\/wp\/v2\/product_cat?post=49294"},{"taxonomy":"product_tag","embeddable":true,"href":"https:\/\/www.kenncoat.com\/ESPANOL\/wp-json\/wp\/v2\/product_tag?post=49294"}],"curies":[{"name":"wp","href":"https:\/\/api.w.org\/{rel}","templated":true}]}}