{"id":49279,"date":"2024-03-23T19:04:54","date_gmt":"2024-03-23T19:04:54","guid":{"rendered":"https:\/\/www.kenncoat.com\/ESPANOL\/?post_type=product&#038;p=49279"},"modified":"2024-03-28T17:36:30","modified_gmt":"2024-03-28T17:36:30","slug":"glosscoat","status":"publish","type":"product","link":"https:\/\/www.kenncoat.com\/ESPANOL\/product\/glosscoat\/","title":{"rendered":"ABRIGO"},"content":{"rendered":"\t\t<div data-elementor-type=\"product-post\" data-elementor-id=\"49279\" class=\"elementor elementor-49279\" data-elementor-post-type=\"product\">\n\t\t\t\t<div class=\"elementor-element elementor-element-25b8cf2d e-flex e-con-boxed e-con e-parent\" data-id=\"25b8cf2d\" data-element_type=\"container\" data-settings=\"{&quot;content_width&quot;:&quot;boxed&quot;}\" data-core-v316-plus=\"true\">\n\t\t\t\t\t<div class=\"e-con-inner\">\n\t\t\t\t\t<\/div>\n\t\t\t\t<\/div>\n\t\t<div class=\"elementor-element elementor-element-6ca873c e-con-full e-flex e-con e-parent\" data-id=\"6ca873c\" data-element_type=\"container\" data-settings=\"{&quot;content_width&quot;:&quot;full&quot;}\" data-core-v316-plus=\"true\">\n\t\t\t\t<div class=\"elementor-element elementor-element-539d90e elementor-widget elementor-widget-tm-ele-accordion\" data-id=\"539d90e\" data-element_type=\"widget\" data-widget_type=\"tm-ele-accordion.skin-gradient\">\n\t\t\t\t<div class=\"elementor-widget-container\">\n\t\t\t\t\t<div id=\"accordion-holder-257911\" class=\"tm-accordion skin-gradient\">\r\n\t\r\n  <div class=\"card active\">\r\n    <div class=\"card-header p-0\" id=\"heading411\">\r\n      <h5 class=\"title \" data-bs-toggle=\"collapse\" data-bs-target=\"#collapse411\" aria-expanded=\"true\" aria-controls=\"collapse411\">\r\n        <span class=\"text\">Informaci\u00f3n del Producto<\/span>\r\n        <span class=\"accordion-controls-icon\"><svg class=\"e-font-icon-svg e-fas-chevron-down\" viewBox=\"0 0 448 512\" xmlns=\"http:\/\/www.w3.org\/2000\/svg\"><path d=\"M207.029 381.476L12.686 187.132c-9.373-9.373-9.373-24.569 0-33.941l22.667-22.667c9.357-9.357 24.522-9.375 33.901-.04L224 284.505l154.745-154.021c9.379-9.335 24.544-9.317 33.901.04l22.667 22.667c9.373 9.373 9.373 24.569 0 33.941L240.971 381.476c-9.373 9.372-24.569 9.372-33.942 0z\"><\/path><\/svg><\/span>\r\n      <\/h5>\r\n    <\/div>\r\n    <div id=\"collapse411\" class=\"collapse show\" aria-labelledby=\"heading411\" data-bs-parent=\"#accordion-holder-257911\">\r\n      <div class=\"card-body\">\r\n              <\/div>\r\n    <\/div>\r\n  <\/div>\r\n\r\n  <div class=\"card \">\r\n    <div class=\"card-header p-0\" id=\"heading412\">\r\n      <h5 class=\"title collapsed\" data-bs-toggle=\"collapse\" data-bs-target=\"#collapse412\" aria-expanded=\"false\" aria-controls=\"collapse412\">\r\n        <span class=\"text\">Ventajas<\/span>\r\n        <span class=\"accordion-controls-icon\"><svg class=\"e-font-icon-svg e-fas-chevron-down\" viewBox=\"0 0 448 512\" xmlns=\"http:\/\/www.w3.org\/2000\/svg\"><path d=\"M207.029 381.476L12.686 187.132c-9.373-9.373-9.373-24.569 0-33.941l22.667-22.667c9.357-9.357 24.522-9.375 33.901-.04L224 284.505l154.745-154.021c9.379-9.335 24.544-9.317 33.901.04l22.667 22.667c9.373 9.373 9.373 24.569 0 33.941L240.971 381.476c-9.373 9.372-24.569 9.372-33.942 0z\"><\/path><\/svg><\/span>\r\n      <\/h5>\r\n    <\/div>\r\n    <div id=\"collapse412\" class=\"collapse \" aria-labelledby=\"heading412\" data-bs-parent=\"#accordion-holder-257911\">\r\n      <div class=\"card-body\">\r\n              <\/div>\r\n    <\/div>\r\n  <\/div>\r\n\r\n  <div class=\"card \">\r\n    <div class=\"card-header p-0\" id=\"heading413\">\r\n      <h5 class=\"title collapsed\" data-bs-toggle=\"collapse\" data-bs-target=\"#collapse413\" aria-expanded=\"false\" aria-controls=\"collapse413\">\r\n        <span class=\"text\">Advertencias y recomendaciones<\/span>\r\n        <span class=\"accordion-controls-icon\"><svg class=\"e-font-icon-svg e-fas-chevron-down\" viewBox=\"0 0 448 512\" xmlns=\"http:\/\/www.w3.org\/2000\/svg\"><path d=\"M207.029 381.476L12.686 187.132c-9.373-9.373-9.373-24.569 0-33.941l22.667-22.667c9.357-9.357 24.522-9.375 33.901-.04L224 284.505l154.745-154.021c9.379-9.335 24.544-9.317 33.901.04l22.667 22.667c9.373 9.373 9.373 24.569 0 33.941L240.971 381.476c-9.373 9.372-24.569 9.372-33.942 0z\"><\/path><\/svg><\/span>\r\n      <\/h5>\r\n    <\/div>\r\n    <div id=\"collapse413\" class=\"collapse \" aria-labelledby=\"heading413\" data-bs-parent=\"#accordion-holder-257911\">\r\n      <div class=\"card-body\">\r\n              <\/div>\r\n    <\/div>\r\n  <\/div>\r\n\r\n  <div class=\"card \">\r\n    <div class=\"card-header p-0\" id=\"heading414\">\r\n      <h5 class=\"title collapsed\" data-bs-toggle=\"collapse\" data-bs-target=\"#collapse414\" aria-expanded=\"false\" aria-controls=\"collapse414\">\r\n        <span class=\"text\">documentaci\u00f3n t\u00e9cnica<\/span>\r\n        <span class=\"accordion-controls-icon\"><svg class=\"e-font-icon-svg e-fas-chevron-down\" viewBox=\"0 0 448 512\" xmlns=\"http:\/\/www.w3.org\/2000\/svg\"><path d=\"M207.029 381.476L12.686 187.132c-9.373-9.373-9.373-24.569 0-33.941l22.667-22.667c9.357-9.357 24.522-9.375 33.901-.04L224 284.505l154.745-154.021c9.379-9.335 24.544-9.317 33.901.04l22.667 22.667c9.373 9.373 9.373 24.569 0 33.941L240.971 381.476c-9.373 9.372-24.569 9.372-33.942 0z\"><\/path><\/svg><\/span>\r\n      <\/h5>\r\n    <\/div>\r\n    <div id=\"collapse414\" class=\"collapse \" aria-labelledby=\"heading414\" data-bs-parent=\"#accordion-holder-257911\">\r\n      <div class=\"card-body\">\r\n              <\/div>\r\n    <\/div>\r\n  <\/div>\r\n\t\t<\/div>\r\n\t\t\t<\/div>\n\t\t\t\t<\/div>\n\t\t\t\t<\/div>\n\t\t\t\t<\/div>\n\t\t","protected":false},"excerpt":{"rendered":"<p><span>En los sistemas de pisos acr\u00edlicos, se puede usar preferiblemente para hacer que el piso se vea m\u00e1s brillante y proporcionar una resistencia adicional a los rayos UV contra la decoloraci\u00f3n del sol despu\u00e9s de que se complete toda la aplicaci\u00f3n. Dado que nuestras pinturas acr\u00edlicas para pisos producidas en nuestra empresa se producen con resinas resistentes a los rayos UV, no se vuelven amarillas ni se desvanecen con el sol. Por lo tanto, se prefiere el uso de Extra Glosscoat.<\/span><\/p>\n","protected":false},"featured_media":49316,"template":"","meta":[],"product_cat":[60],"product_tag":[],"_links":{"self":[{"href":"https:\/\/www.kenncoat.com\/ESPANOL\/wp-json\/wp\/v2\/product\/49279"}],"collection":[{"href":"https:\/\/www.kenncoat.com\/ESPANOL\/wp-json\/wp\/v2\/product"}],"about":[{"href":"https:\/\/www.kenncoat.com\/ESPANOL\/wp-json\/wp\/v2\/types\/product"}],"version-history":[{"count":5,"href":"https:\/\/www.kenncoat.com\/ESPANOL\/wp-json\/wp\/v2\/product\/49279\/revisions"}],"predecessor-version":[{"id":49452,"href":"https:\/\/www.kenncoat.com\/ESPANOL\/wp-json\/wp\/v2\/product\/49279\/revisions\/49452"}],"wp:featuredmedia":[{"embeddable":true,"href":"https:\/\/www.kenncoat.com\/ESPANOL\/wp-json\/wp\/v2\/media\/49316"}],"wp:attachment":[{"href":"https:\/\/www.kenncoat.com\/ESPANOL\/wp-json\/wp\/v2\/media?parent=49279"}],"wp:term":[{"taxonomy":"product_cat","embeddable":true,"href":"https:\/\/www.kenncoat.com\/ESPANOL\/wp-json\/wp\/v2\/product_cat?post=49279"},{"taxonomy":"product_tag","embeddable":true,"href":"https:\/\/www.kenncoat.com\/ESPANOL\/wp-json\/wp\/v2\/product_tag?post=49279"}],"curies":[{"name":"wp","href":"https:\/\/api.w.org\/{rel}","templated":true}]}}