{"id":49556,"date":"2025-05-30T14:08:52","date_gmt":"2025-05-30T14:08:52","guid":{"rendered":"https:\/\/www.kenncoat.com\/ARABIC\/?page_id=49556"},"modified":"2025-05-30T14:14:22","modified_gmt":"2025-05-30T14:14:22","slug":"ekibimiz","status":"publish","type":"page","link":"https:\/\/www.kenncoat.com\/ARABIC\/ekibimiz\/","title":{"rendered":"\u0641\u0631\u064a\u0642\u0646\u0627"},"content":{"rendered":"\t\t<div data-elementor-type=\"wp-page\" data-elementor-id=\"49556\" class=\"elementor elementor-49556\" data-elementor-post-type=\"page\">\n\t\t\t\t<div class=\"elementor-element elementor-element-adf59d2 e-flex e-con-boxed e-con e-parent\" data-id=\"adf59d2\" data-element_type=\"container\" data-settings=\"{&quot;content_width&quot;:&quot;boxed&quot;}\" data-core-v316-plus=\"true\">\n\t\t\t\t\t<div class=\"e-con-inner\">\n\t\t<div class=\"elementor-element elementor-element-9ea0039 e-con-full e-flex e-con e-child\" data-id=\"9ea0039\" data-element_type=\"container\" data-settings=\"{&quot;content_width&quot;:&quot;full&quot;}\">\n\t\t\t\t<\/div>\n\t\t<div class=\"elementor-element elementor-element-1a03e05 e-con-full e-flex e-con e-child\" data-id=\"1a03e05\" data-element_type=\"container\" data-settings=\"{&quot;content_width&quot;:&quot;full&quot;}\">\n\t\t\t\t<div class=\"elementor-element elementor-element-05cbbb0 elementor-widget elementor-widget-image\" data-id=\"05cbbb0\" data-element_type=\"widget\" data-widget_type=\"image.default\">\n\t\t\t\t<div class=\"elementor-widget-container\">\n\t\t\t<style>\/*! elementor - v3.19.0 - 28-02-2024 *\/\n.elementor-widget-image{text-align:center}.elementor-widget-image a{display:inline-block}.elementor-widget-image a img[src$=\".svg\"]{width:48px}.elementor-widget-image img{vertical-align:middle;display:inline-block}<\/style>\t\t\t\t\t\t\t\t\t\t<img fetchpriority=\"high\" decoding=\"async\" width=\"400\" height=\"532\" src=\"https:\/\/www.kenncoat.com\/ARABIC\/wp-content\/uploads\/2025\/05\/fed7b5a2-2d4a-4a0b-9b52-b5d9b2f11b51-scaled-1-400x532.jpg\" class=\"attachment-amiso_thumbnail_height_400 size-amiso_thumbnail_height_400 wp-image-49559\" alt=\"\" srcset=\"https:\/\/www.kenncoat.com\/ARABIC\/wp-content\/uploads\/2025\/05\/fed7b5a2-2d4a-4a0b-9b52-b5d9b2f11b51-scaled-1-400x532.jpg 400w, https:\/\/www.kenncoat.com\/ARABIC\/wp-content\/uploads\/2025\/05\/fed7b5a2-2d4a-4a0b-9b52-b5d9b2f11b51-scaled-1-600x800.jpg 600w\" sizes=\"(max-width: 400px) 100vw, 400px\" \/>\t\t\t\t\t\t\t\t\t\t\t\t\t<\/div>\n\t\t\t\t<\/div>\n\t\t\t\t<div class=\"elementor-element elementor-element-acf1b36 elementor-widget elementor-widget-text-editor\" data-id=\"acf1b36\" data-element_type=\"widget\" data-widget_type=\"text-editor.default\">\n\t\t\t\t<div class=\"elementor-widget-container\">\n\t\t\t<style>\/*! elementor - v3.19.0 - 28-02-2024 *\/\n.elementor-widget-text-editor.elementor-drop-cap-view-stacked .elementor-drop-cap{background-color:#69727d;color:#fff}.elementor-widget-text-editor.elementor-drop-cap-view-framed .elementor-drop-cap{color:#69727d;border:3px solid;background-color:transparent}.elementor-widget-text-editor:not(.elementor-drop-cap-view-default) .elementor-drop-cap{margin-top:8px}.elementor-widget-text-editor:not(.elementor-drop-cap-view-default) .elementor-drop-cap-letter{width:1em;height:1em}.elementor-widget-text-editor .elementor-drop-cap{float:left;text-align:center;line-height:1;font-size:50px}.elementor-widget-text-editor .elementor-drop-cap-letter{display:inline-block}<\/style>\t\t\t\t<p style=\"text-align: center;\"><strong>Nejat PEHL\u0130VAN<\/strong><br \/>\u0645\u062f\u064a\u0631\u0648 \u0634\u0631\u0643\u0629 \u0628\u0631\u064a\u0633\u064a\u062f\u0627\u062a\u064a\u0644 \u0633\u0648\u0641\u064a\u062a\u0627<\/p>\t\t\t\t\t\t<\/div>\n\t\t\t\t<\/div>\n\t\t\t\t<\/div>\n\t\t<div class=\"elementor-element elementor-element-0411e35 e-con-full e-flex e-con e-child\" data-id=\"0411e35\" data-element_type=\"container\" data-settings=\"{&quot;content_width&quot;:&quot;full&quot;}\">\n\t\t\t\t<\/div>\n\t\t\t\t\t<\/div>\n\t\t\t\t<\/div>\n\t\t<div class=\"elementor-element elementor-element-a03a7d2 e-flex e-con-boxed e-con e-parent\" data-id=\"a03a7d2\" data-element_type=\"container\" data-settings=\"{&quot;content_width&quot;:&quot;boxed&quot;}\" data-core-v316-plus=\"true\">\n\t\t\t\t\t<div class=\"e-con-inner\">\n\t\t<div class=\"elementor-element elementor-element-ce5208b e-con-full e-flex e-con e-child\" data-id=\"ce5208b\" data-element_type=\"container\" data-settings=\"{&quot;content_width&quot;:&quot;full&quot;}\">\n\t\t\t\t<div class=\"elementor-element elementor-element-238d9e9 elementor-widget elementor-widget-image\" data-id=\"238d9e9\" data-element_type=\"widget\" data-widget_type=\"image.default\">\n\t\t\t\t<div class=\"elementor-widget-container\">\n\t\t\t\t\t\t\t\t\t\t\t\t\t<img decoding=\"async\" width=\"400\" height=\"532\" src=\"https:\/\/www.kenncoat.com\/ARABIC\/wp-content\/uploads\/2025\/05\/aafa307e-496c-49ed-87a2-1b71414ad12a-scaled-1-400x532.jpg\" class=\"attachment-amiso_thumbnail_height_400 size-amiso_thumbnail_height_400 wp-image-49560\" alt=\"\" srcset=\"https:\/\/www.kenncoat.com\/ARABIC\/wp-content\/uploads\/2025\/05\/aafa307e-496c-49ed-87a2-1b71414ad12a-scaled-1-400x532.jpg 400w, https:\/\/www.kenncoat.com\/ARABIC\/wp-content\/uploads\/2025\/05\/aafa307e-496c-49ed-87a2-1b71414ad12a-scaled-1-225x300.jpg 225w, https:\/\/www.kenncoat.com\/ARABIC\/wp-content\/uploads\/2025\/05\/aafa307e-496c-49ed-87a2-1b71414ad12a-scaled-1-768x1024.jpg 768w, https:\/\/www.kenncoat.com\/ARABIC\/wp-content\/uploads\/2025\/05\/aafa307e-496c-49ed-87a2-1b71414ad12a-scaled-1-1152x1536.jpg 1152w, https:\/\/www.kenncoat.com\/ARABIC\/wp-content\/uploads\/2025\/05\/aafa307e-496c-49ed-87a2-1b71414ad12a-scaled-1-1536x2048.jpg 1536w, https:\/\/www.kenncoat.com\/ARABIC\/wp-content\/uploads\/2025\/05\/aafa307e-496c-49ed-87a2-1b71414ad12a-scaled-1-600x800.jpg 600w, https:\/\/www.kenncoat.com\/ARABIC\/wp-content\/uploads\/2025\/05\/aafa307e-496c-49ed-87a2-1b71414ad12a-scaled-1.jpg 1920w\" sizes=\"(max-width: 400px) 100vw, 400px\" \/>\t\t\t\t\t\t\t\t\t\t\t\t\t<\/div>\n\t\t\t\t<\/div>\n\t\t\t\t<div class=\"elementor-element elementor-element-292af18 elementor-widget elementor-widget-text-editor\" data-id=\"292af18\" data-element_type=\"widget\" data-widget_type=\"text-editor.default\">\n\t\t\t\t<div class=\"elementor-widget-container\">\n\t\t\t\t\t\t\t<p style=\"text-align: center;\"><strong>Bar\u0131\u015f BA\u015eARAN<\/strong><br \/>\u062a\u0645 \u062a\u0637\u0648\u064a\u0631 \u0627\u0644\u062a\u0635\u0646\u064a\u0639<\/p>\t\t\t\t\t\t<\/div>\n\t\t\t\t<\/div>\n\t\t\t\t<\/div>\n\t\t<div class=\"elementor-element elementor-element-eeca2bc e-con-full e-flex e-con e-child\" data-id=\"eeca2bc\" data-element_type=\"container\" data-settings=\"{&quot;content_width&quot;:&quot;full&quot;}\">\n\t\t\t\t<div class=\"elementor-element elementor-element-82fdce8 elementor-widget elementor-widget-image\" data-id=\"82fdce8\" data-element_type=\"widget\" data-widget_type=\"image.default\">\n\t\t\t\t<div class=\"elementor-widget-container\">\n\t\t\t\t\t\t\t\t\t\t\t\t\t<img decoding=\"async\" width=\"400\" height=\"532\" src=\"https:\/\/www.kenncoat.com\/ARABIC\/wp-content\/uploads\/2025\/05\/21b78478-c443-4ce4-8256-0c71701cd9d0-scaled-1-400x532.jpg\" class=\"attachment-amiso_thumbnail_height_400 size-amiso_thumbnail_height_400 wp-image-49561\" alt=\"\" srcset=\"https:\/\/www.kenncoat.com\/ARABIC\/wp-content\/uploads\/2025\/05\/21b78478-c443-4ce4-8256-0c71701cd9d0-scaled-1-400x532.jpg 400w, https:\/\/www.kenncoat.com\/ARABIC\/wp-content\/uploads\/2025\/05\/21b78478-c443-4ce4-8256-0c71701cd9d0-scaled-1-225x300.jpg 225w, https:\/\/www.kenncoat.com\/ARABIC\/wp-content\/uploads\/2025\/05\/21b78478-c443-4ce4-8256-0c71701cd9d0-scaled-1-768x1024.jpg 768w, https:\/\/www.kenncoat.com\/ARABIC\/wp-content\/uploads\/2025\/05\/21b78478-c443-4ce4-8256-0c71701cd9d0-scaled-1-1152x1536.jpg 1152w, https:\/\/www.kenncoat.com\/ARABIC\/wp-content\/uploads\/2025\/05\/21b78478-c443-4ce4-8256-0c71701cd9d0-scaled-1-1536x2048.jpg 1536w, https:\/\/www.kenncoat.com\/ARABIC\/wp-content\/uploads\/2025\/05\/21b78478-c443-4ce4-8256-0c71701cd9d0-scaled-1-600x800.jpg 600w, https:\/\/www.kenncoat.com\/ARABIC\/wp-content\/uploads\/2025\/05\/21b78478-c443-4ce4-8256-0c71701cd9d0-scaled-1.jpg 1920w\" sizes=\"(max-width: 400px) 100vw, 400px\" \/>\t\t\t\t\t\t\t\t\t\t\t\t\t<\/div>\n\t\t\t\t<\/div>\n\t\t\t\t<div class=\"elementor-element elementor-element-4f6b024 elementor-widget elementor-widget-text-editor\" data-id=\"4f6b024\" data-element_type=\"widget\" data-widget_type=\"text-editor.default\">\n\t\t\t\t<div class=\"elementor-widget-container\">\n\t\t\t\t\t\t\t<p style=\"text-align: center;\"><strong>Meltem PEHL\u0130VAN<\/strong><br \/>\u0645\u062f\u064a\u0631 \u0634\u062e\u0635\u064a<\/p>\t\t\t\t\t\t<\/div>\n\t\t\t\t<\/div>\n\t\t\t\t<\/div>\n\t\t<div class=\"elementor-element elementor-element-7d9e296 e-con-full e-flex e-con e-child\" data-id=\"7d9e296\" data-element_type=\"container\" data-settings=\"{&quot;content_width&quot;:&quot;full&quot;}\">\n\t\t\t\t<div class=\"elementor-element elementor-element-ca17b5f elementor-widget elementor-widget-image\" data-id=\"ca17b5f\" data-element_type=\"widget\" data-widget_type=\"image.default\">\n\t\t\t\t<div class=\"elementor-widget-container\">\n\t\t\t\t\t\t\t\t\t\t\t\t\t<img loading=\"lazy\" decoding=\"async\" width=\"400\" height=\"532\" src=\"https:\/\/www.kenncoat.com\/ARABIC\/wp-content\/uploads\/2025\/05\/e7e5694b-ab2d-459b-a678-c3d285323dce-scaled-1-400x532.jpg\" class=\"attachment-amiso_thumbnail_height_400 size-amiso_thumbnail_height_400 wp-image-49562\" alt=\"\" srcset=\"https:\/\/www.kenncoat.com\/ARABIC\/wp-content\/uploads\/2025\/05\/e7e5694b-ab2d-459b-a678-c3d285323dce-scaled-1-400x532.jpg 400w, https:\/\/www.kenncoat.com\/ARABIC\/wp-content\/uploads\/2025\/05\/e7e5694b-ab2d-459b-a678-c3d285323dce-scaled-1-225x300.jpg 225w, https:\/\/www.kenncoat.com\/ARABIC\/wp-content\/uploads\/2025\/05\/e7e5694b-ab2d-459b-a678-c3d285323dce-scaled-1-768x1024.jpg 768w, https:\/\/www.kenncoat.com\/ARABIC\/wp-content\/uploads\/2025\/05\/e7e5694b-ab2d-459b-a678-c3d285323dce-scaled-1-1152x1536.jpg 1152w, https:\/\/www.kenncoat.com\/ARABIC\/wp-content\/uploads\/2025\/05\/e7e5694b-ab2d-459b-a678-c3d285323dce-scaled-1-1536x2048.jpg 1536w, https:\/\/www.kenncoat.com\/ARABIC\/wp-content\/uploads\/2025\/05\/e7e5694b-ab2d-459b-a678-c3d285323dce-scaled-1-600x800.jpg 600w, https:\/\/www.kenncoat.com\/ARABIC\/wp-content\/uploads\/2025\/05\/e7e5694b-ab2d-459b-a678-c3d285323dce-scaled-1.jpg 1920w\" sizes=\"(max-width: 400px) 100vw, 400px\" \/>\t\t\t\t\t\t\t\t\t\t\t\t\t<\/div>\n\t\t\t\t<\/div>\n\t\t\t\t<div class=\"elementor-element elementor-element-ce412cf elementor-widget elementor-widget-text-editor\" data-id=\"ce412cf\" data-element_type=\"widget\" data-widget_type=\"text-editor.default\">\n\t\t\t\t<div class=\"elementor-widget-container\">\n\t\t\t\t\t\t\t<p style=\"text-align: center;\"><strong>Nagihan KORKMAZ<\/strong><br \/>\u0645\u062f\u064a\u0631 \u0645\u0627\u0644\u064a<\/p>\t\t\t\t\t\t<\/div>\n\t\t\t\t<\/div>\n\t\t\t\t<\/div>\n\t\t\t\t\t<\/div>\n\t\t\t\t<\/div>\n\t\t<div class=\"elementor-element elementor-element-7c93d56 e-flex e-con-boxed e-con e-parent\" data-id=\"7c93d56\" data-element_type=\"container\" data-settings=\"{&quot;content_width&quot;:&quot;boxed&quot;}\" data-core-v316-plus=\"true\">\n\t\t\t\t\t<div class=\"e-con-inner\">\n\t\t<div class=\"elementor-element elementor-element-136744d e-con-full e-flex e-con e-child\" data-id=\"136744d\" data-element_type=\"container\" data-settings=\"{&quot;content_width&quot;:&quot;full&quot;}\">\n\t\t\t\t<div class=\"elementor-element elementor-element-31edeeb elementor-widget elementor-widget-image\" data-id=\"31edeeb\" data-element_type=\"widget\" data-widget_type=\"image.default\">\n\t\t\t\t<div class=\"elementor-widget-container\">\n\t\t\t\t\t\t\t\t\t\t\t\t\t<img loading=\"lazy\" decoding=\"async\" width=\"400\" height=\"532\" src=\"https:\/\/www.kenncoat.com\/ARABIC\/wp-content\/uploads\/2025\/05\/c32fa839-e843-47c8-8409-2bd4cccbbad9-scaled-1-400x532.jpg\" class=\"attachment-amiso_thumbnail_height_400 size-amiso_thumbnail_height_400 wp-image-49563\" alt=\"\" srcset=\"https:\/\/www.kenncoat.com\/ARABIC\/wp-content\/uploads\/2025\/05\/c32fa839-e843-47c8-8409-2bd4cccbbad9-scaled-1-400x532.jpg 400w, https:\/\/www.kenncoat.com\/ARABIC\/wp-content\/uploads\/2025\/05\/c32fa839-e843-47c8-8409-2bd4cccbbad9-scaled-1-225x300.jpg 225w, https:\/\/www.kenncoat.com\/ARABIC\/wp-content\/uploads\/2025\/05\/c32fa839-e843-47c8-8409-2bd4cccbbad9-scaled-1-768x1024.jpg 768w, https:\/\/www.kenncoat.com\/ARABIC\/wp-content\/uploads\/2025\/05\/c32fa839-e843-47c8-8409-2bd4cccbbad9-scaled-1-1152x1536.jpg 1152w, https:\/\/www.kenncoat.com\/ARABIC\/wp-content\/uploads\/2025\/05\/c32fa839-e843-47c8-8409-2bd4cccbbad9-scaled-1-1536x2048.jpg 1536w, https:\/\/www.kenncoat.com\/ARABIC\/wp-content\/uploads\/2025\/05\/c32fa839-e843-47c8-8409-2bd4cccbbad9-scaled-1-600x800.jpg 600w, https:\/\/www.kenncoat.com\/ARABIC\/wp-content\/uploads\/2025\/05\/c32fa839-e843-47c8-8409-2bd4cccbbad9-scaled-1.jpg 1920w\" sizes=\"(max-width: 400px) 100vw, 400px\" \/>\t\t\t\t\t\t\t\t\t\t\t\t\t<\/div>\n\t\t\t\t<\/div>\n\t\t\t\t<div class=\"elementor-element elementor-element-8df1bf5 elementor-widget elementor-widget-text-editor\" data-id=\"8df1bf5\" data-element_type=\"widget\" data-widget_type=\"text-editor.default\">\n\t\t\t\t<div class=\"elementor-widget-container\">\n\t\t\t\t\t\t\t<p style=\"text-align: center;\"><strong>Kayra PEHL\u0130VAN<\/strong><br \/>\u0645\u062f\u064a\u0631<\/p>\t\t\t\t\t\t<\/div>\n\t\t\t\t<\/div>\n\t\t\t\t<\/div>\n\t\t<div class=\"elementor-element elementor-element-1be1c74 e-con-full e-flex e-con e-child\" data-id=\"1be1c74\" data-element_type=\"container\" data-settings=\"{&quot;content_width&quot;:&quot;full&quot;}\">\n\t\t\t\t<div class=\"elementor-element elementor-element-eee200f elementor-widget elementor-widget-image\" data-id=\"eee200f\" data-element_type=\"widget\" data-widget_type=\"image.default\">\n\t\t\t\t<div class=\"elementor-widget-container\">\n\t\t\t\t\t\t\t\t\t\t\t\t\t<img loading=\"lazy\" decoding=\"async\" width=\"400\" height=\"532\" src=\"https:\/\/www.kenncoat.com\/ARABIC\/wp-content\/uploads\/2025\/05\/63d2eb3d-20d3-489b-ae8b-3cf321cc0dc3-scaled-1-400x532.jpg\" class=\"attachment-amiso_thumbnail_height_400 size-amiso_thumbnail_height_400 wp-image-49564\" alt=\"\" srcset=\"https:\/\/www.kenncoat.com\/ARABIC\/wp-content\/uploads\/2025\/05\/63d2eb3d-20d3-489b-ae8b-3cf321cc0dc3-scaled-1-400x532.jpg 400w, https:\/\/www.kenncoat.com\/ARABIC\/wp-content\/uploads\/2025\/05\/63d2eb3d-20d3-489b-ae8b-3cf321cc0dc3-scaled-1-225x300.jpg 225w, https:\/\/www.kenncoat.com\/ARABIC\/wp-content\/uploads\/2025\/05\/63d2eb3d-20d3-489b-ae8b-3cf321cc0dc3-scaled-1-768x1024.jpg 768w, https:\/\/www.kenncoat.com\/ARABIC\/wp-content\/uploads\/2025\/05\/63d2eb3d-20d3-489b-ae8b-3cf321cc0dc3-scaled-1-1152x1536.jpg 1152w, https:\/\/www.kenncoat.com\/ARABIC\/wp-content\/uploads\/2025\/05\/63d2eb3d-20d3-489b-ae8b-3cf321cc0dc3-scaled-1-1536x2048.jpg 1536w, https:\/\/www.kenncoat.com\/ARABIC\/wp-content\/uploads\/2025\/05\/63d2eb3d-20d3-489b-ae8b-3cf321cc0dc3-scaled-1-600x800.jpg 600w, https:\/\/www.kenncoat.com\/ARABIC\/wp-content\/uploads\/2025\/05\/63d2eb3d-20d3-489b-ae8b-3cf321cc0dc3-scaled-1.jpg 1920w\" sizes=\"(max-width: 400px) 100vw, 400px\" \/>\t\t\t\t\t\t\t\t\t\t\t\t\t<\/div>\n\t\t\t\t<\/div>\n\t\t\t\t<div class=\"elementor-element elementor-element-4039c76 elementor-widget elementor-widget-text-editor\" data-id=\"4039c76\" data-element_type=\"widget\" data-widget_type=\"text-editor.default\">\n\t\t\t\t<div class=\"elementor-widget-container\">\n\t\t\t\t\t\t\t<p style=\"text-align: center;\"><strong>Metin MEDEN\u0130<\/strong><br \/>\u0645\u062f\u064a\u0631 \u0648\u0643\u0630\u0644\u0643 \u0627\u0644\u0631\u064a\u0627\u0636\u0627\u062a \u0627\u0644\u0625\u0644\u0643\u062a\u0631\u0648\u0646\u064a\u0629<\/p>\t\t\t\t\t\t<\/div>\n\t\t\t\t<\/div>\n\t\t\t\t<\/div>\n\t\t<div class=\"elementor-element elementor-element-a187181 e-con-full e-flex e-con e-child\" data-id=\"a187181\" data-element_type=\"container\" data-settings=\"{&quot;content_width&quot;:&quot;full&quot;}\">\n\t\t\t\t<div class=\"elementor-element elementor-element-95a5dee elementor-widget elementor-widget-image\" data-id=\"95a5dee\" data-element_type=\"widget\" data-widget_type=\"image.default\">\n\t\t\t\t<div class=\"elementor-widget-container\">\n\t\t\t\t\t\t\t\t\t\t\t\t\t<img loading=\"lazy\" decoding=\"async\" width=\"400\" height=\"532\" src=\"https:\/\/www.kenncoat.com\/ARABIC\/wp-content\/uploads\/2025\/05\/ee28afd6-cf68-443c-b27b-bbb27db6c1da-scaled-1-400x532.jpg\" class=\"attachment-amiso_thumbnail_height_400 size-amiso_thumbnail_height_400 wp-image-49565\" alt=\"\" srcset=\"https:\/\/www.kenncoat.com\/ARABIC\/wp-content\/uploads\/2025\/05\/ee28afd6-cf68-443c-b27b-bbb27db6c1da-scaled-1-400x532.jpg 400w, https:\/\/www.kenncoat.com\/ARABIC\/wp-content\/uploads\/2025\/05\/ee28afd6-cf68-443c-b27b-bbb27db6c1da-scaled-1-225x300.jpg 225w, https:\/\/www.kenncoat.com\/ARABIC\/wp-content\/uploads\/2025\/05\/ee28afd6-cf68-443c-b27b-bbb27db6c1da-scaled-1-768x1024.jpg 768w, https:\/\/www.kenncoat.com\/ARABIC\/wp-content\/uploads\/2025\/05\/ee28afd6-cf68-443c-b27b-bbb27db6c1da-scaled-1-1152x1536.jpg 1152w, https:\/\/www.kenncoat.com\/ARABIC\/wp-content\/uploads\/2025\/05\/ee28afd6-cf68-443c-b27b-bbb27db6c1da-scaled-1-1536x2048.jpg 1536w, https:\/\/www.kenncoat.com\/ARABIC\/wp-content\/uploads\/2025\/05\/ee28afd6-cf68-443c-b27b-bbb27db6c1da-scaled-1-600x800.jpg 600w, https:\/\/www.kenncoat.com\/ARABIC\/wp-content\/uploads\/2025\/05\/ee28afd6-cf68-443c-b27b-bbb27db6c1da-scaled-1.jpg 1920w\" sizes=\"(max-width: 400px) 100vw, 400px\" \/>\t\t\t\t\t\t\t\t\t\t\t\t\t<\/div>\n\t\t\t\t<\/div>\n\t\t\t\t<div class=\"elementor-element elementor-element-23682e2 elementor-widget elementor-widget-text-editor\" data-id=\"23682e2\" data-element_type=\"widget\" data-widget_type=\"text-editor.default\">\n\t\t\t\t<div class=\"elementor-widget-container\">\n\t\t\t\t\t\t\t<p style=\"text-align: center;\"><strong>Ece DEDE<\/strong><br \/>\u0627\u0644\u0645\u062e\u062a\u0628\u0631\u0627\u062a \/ \u0627\u0644\u0636\u0648\u0627\u0628\u0637<\/p>\t\t\t\t\t\t<\/div>\n\t\t\t\t<\/div>\n\t\t\t\t<\/div>\n\t\t\t\t\t<\/div>\n\t\t\t\t<\/div>\n\t\t<div class=\"elementor-element elementor-element-e1e1a51 e-flex e-con-boxed e-con e-parent\" data-id=\"e1e1a51\" data-element_type=\"container\" data-settings=\"{&quot;content_width&quot;:&quot;boxed&quot;}\" data-core-v316-plus=\"true\">\n\t\t\t\t\t<div class=\"e-con-inner\">\n\t\t<div class=\"elementor-element elementor-element-ac6b7a3 e-con-full e-flex e-con e-child\" data-id=\"ac6b7a3\" data-element_type=\"container\" data-settings=\"{&quot;content_width&quot;:&quot;full&quot;}\">\n\t\t\t\t<div class=\"elementor-element elementor-element-bd8c7fe elementor-widget elementor-widget-image\" data-id=\"bd8c7fe\" data-element_type=\"widget\" data-widget_type=\"image.default\">\n\t\t\t\t<div class=\"elementor-widget-container\">\n\t\t\t\t\t\t\t\t\t\t\t\t\t<img loading=\"lazy\" decoding=\"async\" width=\"400\" height=\"532\" src=\"https:\/\/www.kenncoat.com\/ARABIC\/wp-content\/uploads\/2025\/05\/98076d8e-186a-4147-86a7-5ea0b17bbcfd-scaled-1-400x532.jpg\" class=\"attachment-amiso_thumbnail_height_400 size-amiso_thumbnail_height_400 wp-image-49566\" alt=\"\" srcset=\"https:\/\/www.kenncoat.com\/ARABIC\/wp-content\/uploads\/2025\/05\/98076d8e-186a-4147-86a7-5ea0b17bbcfd-scaled-1-400x532.jpg 400w, https:\/\/www.kenncoat.com\/ARABIC\/wp-content\/uploads\/2025\/05\/98076d8e-186a-4147-86a7-5ea0b17bbcfd-scaled-1-225x300.jpg 225w, https:\/\/www.kenncoat.com\/ARABIC\/wp-content\/uploads\/2025\/05\/98076d8e-186a-4147-86a7-5ea0b17bbcfd-scaled-1-768x1024.jpg 768w, https:\/\/www.kenncoat.com\/ARABIC\/wp-content\/uploads\/2025\/05\/98076d8e-186a-4147-86a7-5ea0b17bbcfd-scaled-1-1152x1536.jpg 1152w, https:\/\/www.kenncoat.com\/ARABIC\/wp-content\/uploads\/2025\/05\/98076d8e-186a-4147-86a7-5ea0b17bbcfd-scaled-1-1536x2048.jpg 1536w, https:\/\/www.kenncoat.com\/ARABIC\/wp-content\/uploads\/2025\/05\/98076d8e-186a-4147-86a7-5ea0b17bbcfd-scaled-1-600x800.jpg 600w, https:\/\/www.kenncoat.com\/ARABIC\/wp-content\/uploads\/2025\/05\/98076d8e-186a-4147-86a7-5ea0b17bbcfd-scaled-1.jpg 1920w\" sizes=\"(max-width: 400px) 100vw, 400px\" \/>\t\t\t\t\t\t\t\t\t\t\t\t\t<\/div>\n\t\t\t\t<\/div>\n\t\t\t\t<div class=\"elementor-element elementor-element-2eeb147 elementor-widget elementor-widget-text-editor\" data-id=\"2eeb147\" data-element_type=\"widget\" data-widget_type=\"text-editor.default\">\n\t\t\t\t<div class=\"elementor-widget-container\">\n\t\t\t\t\t\t\t<p style=\"text-align: center;\"><strong>Nejat Emre PEHL\u0130VAN<\/strong><br \/>\u0645\u062f\u064a\u0631 \u0627\u0644\u0628\u062d\u062b \u0648\u0627\u0644\u062a\u0637\u0648\u064a\u0631<\/p>\t\t\t\t\t\t<\/div>\n\t\t\t\t<\/div>\n\t\t\t\t<\/div>\n\t\t<div class=\"elementor-element elementor-element-afd8967 e-con-full e-flex e-con e-child\" data-id=\"afd8967\" data-element_type=\"container\" data-settings=\"{&quot;content_width&quot;:&quot;full&quot;}\">\n\t\t\t\t<div class=\"elementor-element elementor-element-8369100 elementor-widget elementor-widget-image\" data-id=\"8369100\" data-element_type=\"widget\" data-widget_type=\"image.default\">\n\t\t\t\t<div class=\"elementor-widget-container\">\n\t\t\t\t\t\t\t\t\t\t\t\t\t<img loading=\"lazy\" decoding=\"async\" width=\"400\" height=\"532\" src=\"https:\/\/www.kenncoat.com\/ARABIC\/wp-content\/uploads\/2025\/05\/b73dd40c-54ff-4b1a-87f7-a22f01c7dd64-scaled-1-400x532.jpg\" class=\"attachment-amiso_thumbnail_height_400 size-amiso_thumbnail_height_400 wp-image-49567\" alt=\"\" srcset=\"https:\/\/www.kenncoat.com\/ARABIC\/wp-content\/uploads\/2025\/05\/b73dd40c-54ff-4b1a-87f7-a22f01c7dd64-scaled-1-400x532.jpg 400w, https:\/\/www.kenncoat.com\/ARABIC\/wp-content\/uploads\/2025\/05\/b73dd40c-54ff-4b1a-87f7-a22f01c7dd64-scaled-1-600x800.jpg 600w\" sizes=\"(max-width: 400px) 100vw, 400px\" \/>\t\t\t\t\t\t\t\t\t\t\t\t\t<\/div>\n\t\t\t\t<\/div>\n\t\t\t\t<div class=\"elementor-element elementor-element-e245d59 elementor-widget elementor-widget-text-editor\" data-id=\"e245d59\" data-element_type=\"widget\" data-widget_type=\"text-editor.default\">\n\t\t\t\t<div class=\"elementor-widget-container\">\n\t\t\t\t\t\t\t<p style=\"text-align: center;\"><strong>M\u00fcmtaz \u015eIKLAR<\/strong><br \/>\u0645\u062f\u064a\u0631 \u0627\u0644\u0625\u0646\u062a\u0627\u062c<\/p>\t\t\t\t\t\t<\/div>\n\t\t\t\t<\/div>\n\t\t\t\t<\/div>\n\t\t<div class=\"elementor-element elementor-element-c10bd54 e-con-full e-flex e-con e-child\" data-id=\"c10bd54\" data-element_type=\"container\" data-settings=\"{&quot;content_width&quot;:&quot;full&quot;}\">\n\t\t\t\t<\/div>\n\t\t\t\t\t<\/div>\n\t\t\t\t<\/div>\n\t\t\t\t<\/div>\n\t\t","protected":false},"excerpt":{"rendered":"<p>Nejat PEHL\u0130VAN \u0645\u062f\u064a\u0631\u0648 \u0634\u0631\u0643\u0629 \u0628\u0631\u064a\u0633\u064a\u062f\u0627\u062a\u064a\u0644 \u0633\u0648\u0641\u064a\u062a\u0627 Bar\u0131\u015f BA\u015eARAN \u062a\u0645 \u062a\u0637\u0648\u064a\u0631 \u0627\u0644\u062a\u0635\u0646\u064a\u0639 Meltem PEHL\u0130VAN \u0645\u062f\u064a\u0631 \u0634\u062e\u0635\u064a Nagihan KORKMAZ \u0645\u062f\u064a\u0631 \u0645\u0627\u0644\u064a Kayra&#8230;<\/p>\n","protected":false},"author":1,"featured_media":0,"parent":0,"menu_order":0,"comment_status":"closed","ping_status":"closed","template":"","meta":{"footnotes":""},"_links":{"self":[{"href":"https:\/\/www.kenncoat.com\/ARABIC\/wp-json\/wp\/v2\/pages\/49556"}],"collection":[{"href":"https:\/\/www.kenncoat.com\/ARABIC\/wp-json\/wp\/v2\/pages"}],"about":[{"href":"https:\/\/www.kenncoat.com\/ARABIC\/wp-json\/wp\/v2\/types\/page"}],"author":[{"embeddable":true,"href":"https:\/\/www.kenncoat.com\/ARABIC\/wp-json\/wp\/v2\/users\/1"}],"replies":[{"embeddable":true,"href":"https:\/\/www.kenncoat.com\/ARABIC\/wp-json\/wp\/v2\/comments?post=49556"}],"version-history":[{"count":8,"href":"https:\/\/www.kenncoat.com\/ARABIC\/wp-json\/wp\/v2\/pages\/49556\/revisions"}],"predecessor-version":[{"id":49574,"href":"https:\/\/www.kenncoat.com\/ARABIC\/wp-json\/wp\/v2\/pages\/49556\/revisions\/49574"}],"wp:attachment":[{"href":"https:\/\/www.kenncoat.com\/ARABIC\/wp-json\/wp\/v2\/media?parent=49556"}],"curies":[{"name":"wp","href":"https:\/\/api.w.org\/{rel}","templated":true}]}}